{"id":11713,"date":"2020-04-08T17:50:36","date_gmt":"2020-04-08T17:50:36","guid":{"rendered":"http:\/\/spboguchwala.pl\/?page_id=11713"},"modified":"2025-11-27T20:00:19","modified_gmt":"2025-11-27T20:00:19","slug":"nauczyciele","status":"publish","type":"page","link":"https:\/\/spboguchwala.pl\/?page_id=11713","title":{"rendered":"Nauczyciele"},"content":{"rendered":"\n<figure class=\"wp-block-table\"><table><tbody><tr><td><strong>Artur Bilski &#8211; dyrektor szko\u0142y<\/strong><br><strong>Nauczany<\/strong>&nbsp;<strong>przedmiot:&nbsp;<\/strong>wychowanie fizyczne<br><strong>Kwalifikacje zawodowe:<\/strong>&nbsp;absolwent wychowania fizycznego i turystyki (WSP Rzesz\u00f3w); studia podyplomowe w zakresie Zarz\u0105dzanie o\u015bwiat\u0105 (Wy\u017csza Szko\u0142a Informatyki i Zarz\u0105dzania w Rzeszowie); instruktor sportu z: pi\u0142ki no\u017cnej, lekkoatletyki, p\u0142ywania i narciarstwa zjazdowego. Uko\u0144czony kurs z przepis\u00f3w lekkiej atletyki, upowa\u017cniaj\u0105cy do s\u0119dziowania zawod\u00f3w lekkoatletycznych; kurs dla kierownik\u00f3w wycieczek szkolnych; kurs \u201eKierownik wypoczynku\u201d.<br><strong>Motto:<\/strong>&nbsp;<em>\u201eCzerp z innych, ale nie kopiuj ich. B\u0105d\u017a sob\u0105.\u201d<\/em>&nbsp;\/Michel Quoist\/<\/td><\/tr><tr><td><strong>Anna Bo\u017cek<\/strong><br><strong>Nauczane przedmioty:<\/strong>&nbsp;fizyka, matematyka<br><strong>Wychowawstwo: <\/strong>klasa Va<br><strong>Kwalifikacje zawodowe:&nbsp;<\/strong>absolwentka kierunku fizyka z matematyk\u0105 (Wy\u017csza Szko\u0142a Pedagogiczna w Rzeszowie); studia podyplomowe \u201eInformatyka w kszta\u0142ceniu\u201d oraz studia podyplomowe na wydziale ekonomicznym \u2013 finanse i rachunkowo\u015b\u0107<br><strong>Motto:<\/strong>&nbsp;<em>\u201eCz\u0142owiek jest wielki nie przez to co posiada, lecz przez to, kim jest, nie przez to, co ma lecz przez to czym dzieli si\u0119 z innymi.\u201d<\/em>&nbsp;\/Jan Pawe\u0142 II\/<br><strong>Pasje:<\/strong>&nbsp;w\u0119dr\u00f3wki po g\u00f3rach oraz podr\u00f3\u017ce (zar\u00f3wno te ma\u0142e, jak i du\u017ce), dobra ksi\u0105\u017cka, kt\u00f3ra pomaga oderwa\u0107 si\u0119 od rzeczywisto\u015bci i zrelaksowa\u0107 si\u0119; wolny czas sp\u0119dzony z przyjaci\u00f3\u0142mi i rodzin\u0105<\/td><\/tr><tr><td><strong>Anna Chru\u015bciel<\/strong><br><strong>Nauczany przedmiot:<\/strong>&nbsp;plastyka<br><strong>Wychowawstwo: <\/strong>klasa Vb<br><strong>Kwalifikacje zawodowe:<\/strong>&nbsp;edukacja artystyczna w zakresie sztuk plastycznych, studia podyplomowe: grafika komputerowa, rewalidacja&nbsp;<br><strong>Motto:<\/strong>&nbsp;<em>\u201eJe\u015bli jeste\u015b w swoim \u017cywiole, czujesz, \u017ce robisz to co powiniene\u015b robi\u0107 i jeste\u015b tym, kim powiniene\u015b by\u0107.\u201d<\/em>&nbsp;\/K.Robinson\/&nbsp;<br><strong>Pasje:<\/strong>&nbsp;sztuka, animacja spo\u0142eczna, relacje<br><br><strong>Joanna D\u0105browiecka<\/strong><br><strong>Nauczany przedmiot<\/strong>: j\u0119zyk polski<\/td><\/tr><tr><td><strong>Agata Drogo\u0144-Mul<\/strong><br><strong>Nauczany przedmiot:<\/strong>&nbsp;edukacja wczesnoszkolna<br>Pedagog szkolny<br><strong>Wychowawstwo:<\/strong>&nbsp;klasa Ic<\/td><\/tr><tr><td><strong>Irena Frankiewicz<br>Nauczane przedmioty:&nbsp;<\/strong>edukacja wczesnoszkolna, etyka<br><strong>Wychowawstwo:<\/strong>&nbsp;klasa IIb<br><strong>Kwalifikacje zawodowe:&nbsp;<\/strong>absolwentka WSP w Rzeszowie&nbsp;i Kolegium Teologicznego w Rzeszowie<br><strong>Pasje:<\/strong>&nbsp;podr\u00f3\u017ce, ogr\u00f3d, praca z dzie\u0107mi<\/td><\/tr><tr><td><strong>Sylwia G\u0105sior<\/strong><br><strong>Nauczany przedmiot:<\/strong> j\u0119zyk angielski<br><strong>Wychowawstwo:<\/strong>&nbsp;klasa VIIc<br><strong>Kwalifikacje zawodowe:<\/strong> absolwentka filologii angielskiej i rosyjskiej (Uniwersytet \u0141\u00f3dzki i Rzeszowski)<br><strong>Motto:<\/strong> <em>\u201eNiekt\u00f3rzy ludzie \u017cyj\u0105 w \u015bwiecie marze\u0144. Inni \u2013 patrz\u0105 na rzeczywisto\u015b\u0107. S\u0105 te\u017c tacy, kt\u00f3rzy zmieniaj\u0105 jedno w drugie.\u201d<\/em> \/Douglas Everett\/<br><strong>Pasje: <\/strong>sport (rower, narty), podr\u00f3\u017ce, muzyka, ogrodnictwo<\/td><\/tr><tr><td><strong>Anna G\u00f3rka<\/strong><br><strong>Nauczany przedmiot:<\/strong> chemia<br><br><strong>Zuzanna G\u00f3rka<\/strong><br><strong>Nauczany przedmiot:<\/strong> chemia, matematyka<br><strong>Wychowawstwo:<\/strong>&nbsp;klasa IVa<\/td><\/tr><tr><td><strong>Katarzyna Guzy<\/strong><br><strong>Nauczane przedmioty: <\/strong>edukacja wczesnoszkolna, przyroda<br><strong>Wychowawstwo: <\/strong>klasa IIIa<br><strong>Kwalifikacje zawodowe: <\/strong>absolwentka kierunku pedagogika opieku\u0144czo &#8211; wychowawcza, specjalno\u015b\u0107 resocjalizacja (WSP w Rzeszowie); studia podyplomowe w zakresie edukacji wczesnoszkolnej&nbsp;i przedszkolnej oraz&nbsp;studia podyplomowe w kierunku nauczania przedmiotu przyroda<\/td><\/tr><tr><td><strong>Magdalena Hudzicka-Ko\u0142ek<\/strong><br><strong>Nauczany przedmiot: <\/strong>biologia<br><strong>Kwalifikacje zawodowe:<\/strong> absolwentka Uniwersytetu \u0141\u00f3dzkiego (magister biofizyki, kierunek biologiczny)<br><strong>Motto:<\/strong><em> \u201eCierpliwo\u015b\u0107, wytrwa\u0142o\u015b\u0107 i pot tworz\u0105 niepokonan\u0105 kombinacj\u0119 sukcesu.\u201d <\/em>\/Napoleon Bonaparte\/<br><strong>Pasje: <\/strong>dobra ksi\u0105\u017cka, podr\u00f3\u017ce i sport<\/td><\/tr><tr><td><strong>Magdalena Kami\u0144ska-St\u0105cel &#8211; wicedyrektor szko\u0142y<\/strong><br><strong>Nauczany przedmiot:<\/strong> j\u0119zyk angielski<\/td><\/tr><tr><td><strong>Jacek Korab<br>Nauczane przedmioty:<\/strong> informatyka, technika<br><strong>Wychowawstwo: <\/strong>klasa Vc<\/td><\/tr><tr><td><strong>Paulina Kubicz<\/strong><br><strong>Nauczany przedmiot:<\/strong> edukacja wczesnoszkolna<br><strong>Wychowawstwo: <\/strong>klasa IIIb<br><strong>Kwalifikacje zawodowe:<\/strong> studia I i II st. z Edukacji przedszkolnej i wczesnoszkolnej na Uniwersytecie Rzeszowskim; studia I st. Edukacji artystycznej w zakresie sztuki muzycznej; studia podyplomowe z Edukacji informatycznej dla nauczycieli edukacji wczesnoszkolnej na Uniwersytecie Rzeszowskim<br><strong>Motto:<\/strong><em> ,,To jak cz\u0142owiek traktuje innych ludzi, jest zawsze odbiciem tego, kim sam jest&#8221;<\/em><br><strong>Pasje:<\/strong> sztuka i ksi\u0105\u017cki<\/td><\/tr><tr><td><strong>Lidia Lesiak<\/strong><br><strong>Nauczany przedmiot:<\/strong> j\u0119zyk polski<br><strong>Kwalifikacje zawodowe:<\/strong> absolwentka filologii polskiej (WSP Rzesz\u00f3w); studia podyplomowe z logopedii korekcyjnej (UMCS Lublin); historia (Uniwersytet Rzeszowski)<br><strong>Motto:<\/strong> <em>\u201eW \u017cyciu jest wiele rzeczy, kt\u00f3re przemijaj\u0105.&nbsp;Jednak ka\u017cda z nich pozostawia po sobie jaki\u015b \u015blad.\u201d<\/em><br><strong>Pasje:<\/strong> literatura, podr\u00f3\u017ce, jazda na rowerze<\/td><\/tr><tr><td><strong>Renata Ludera<\/strong><br><strong>Nauczane przedmioty:<\/strong> wychowanie fizyczne, wychowanie do \u017cycia w rodzinie<br><strong>Wychowawstwo: <\/strong>klasa VIIIa<br><strong>Kwalifikacje zawodowe: <\/strong>absolwentka wychowania fizycznego (Wy\u017csza Szko\u0142a Pedagogiczna w Rzeszowie); instruktor p\u0142ywania, instruktor pi\u0142ki siatkowej, instruktor rekreacji ruchowej o specjalno\u015bci fitness<\/td><\/tr><tr><td><strong>Bo\u017cena Materna<\/strong><br><strong>Nauczany przedmiot:<\/strong> edukacja wczesnoszkolna<br><strong>Wychowawstwo: <\/strong>klasa IIa<\/td><\/tr><tr><td><strong>Mariusz Mi\u0105sik<\/strong><br><strong>Nauczane przedmioty: <\/strong>wychowanie fizyczne, edukacja dla bezpiecze\u0144stwa<br><strong>Wychowawstwo: <\/strong>klasa VIIIb<br><strong>Kwalifikacje zawodowe: <\/strong>absolwent Akademii Wychowania Fizycznego w Krakowie; studia podyplomowe z edukacji dla bezpiecze\u0144stwa i zarz\u0105dzania bezpiecze\u0144stwem (Uniwersytet Rzeszowski); trener p\u0142ywania, instruktor koszyk\u00f3wki<br><strong>Motto: <\/strong><em>\u201eWiedz\u0119 mo\u017cemy zdobywa\u0107 od innych, ale m\u0105dro\u015bci musimy nauczy\u0107 si\u0119 sami.\u201d<\/em><br><strong>Pasje:<\/strong> turystyka i podr\u00f3\u017ce, dobry film, hokej na lodzie, jazda na rowerze<\/td><\/tr><tr><td><strong>Monika Mla\u015b-Bieniasz<\/strong><br><strong>Nauczany przedmiot:<\/strong> matematyka<br>Nauczyciel bibliotekarz<br><strong>Wychowawstwo: <\/strong>klasa IVb<br><strong>Kwalifikacje zawodowe:<\/strong> absolwentka matematyki (Uniwersytet Rzeszowski); studia podyplomowe z bibliotekoznawstwa (Wy\u017csza Szko\u0142a Kszta\u0142cenia Zawodowego w Przemy\u015blu)<br><strong>Motto:<\/strong> <em>\u201ePotykaj\u0105c si\u0119, mo\u017cna zaj\u015b\u0107 daleko. Nie wolno tylko upa\u015b\u0107 i nie podnie\u015b\u0107 si\u0119.\u201d <\/em>\/Goethe\/<br><strong>Pasje:<\/strong> dobry film, fotografia, kulinaria<\/td><\/tr><tr><td><strong>Karolina Olszewska<\/strong><br><strong>Nauczane przedmioty:<\/strong> historia, WOS, zaj\u0119cia rewalidacyjne<br><strong>Wychowawstwo:<\/strong> klasa IVc<br><strong>Kwalifikacje zawodowe: <\/strong>absolwentka historii (Uniwersytet Rzeszowski); studia podyplomowe z zakresu edukacji i potrzeb rewalidacyjnych os\u00f3b z niepe\u0142nosprawno\u015bci\u0105 intelektualn\u0105 (Uniwersytet Rzeszowski); plastyka (UMCS w Lublinie); terapia pedagogiczna (Uniwersytet Rzeszowski)<br><strong>Motto:<\/strong> <em>\u201eNie wa\u017cne kim jeste\u015b, tylko jaki jeste\u015b.\u201d<\/em><br><strong>Pasje:<\/strong> historia, dobra ksi\u0105\u017cka, muzyka i podr\u00f3\u017ce<\/td><\/tr><tr><td><strong>Ewelina Ostrowska<\/strong><br><strong>Nauczany przedmiot:<\/strong> edukacja wczesnoszkolna<br><strong>Wychowawstwo: <\/strong>klasa IId<\/td><\/tr><tr><td><strong>Anna Pa\u015bko<\/strong><br><strong>Nauczany przedmiot:<\/strong> edukacja wczesnoszkolna<br><strong>Wychowawstwo: <\/strong>klasa IIIc<\/td><\/tr><tr><td><strong>Renata Pierzcha\u0142a<\/strong><br><strong>Nauczany przedmiot:<\/strong> matematyka<br><strong>Wychowawstwo:<\/strong> klasa VIIa<\/td><\/tr><tr><td><strong>Agata Piskorz &#8211; siostra Tobiasza<\/strong><br><strong>Nauczany przedmiot: <\/strong>religia<\/td><\/tr><tr><td><strong>Bernadetta Porada<\/strong><br>Psycholog<\/td><\/tr><tr><td><strong>Agata R\u0105pa\u0142a<\/strong><br><strong>Nauczane przedmioty:<\/strong> j\u0119zyk angielski, doradztwo zawodowe<br><strong>Wychowawstwo:<\/strong> klasa VIIIc<\/td><\/tr><tr><td><strong>Izabella Rejment<\/strong><br><strong>Nauczany przedmiot:<\/strong> edukacja wczesnoszkolna<br><strong>Wychowawstwo: <\/strong>klasa IIc<br><strong>Kwalifikacje zawodowe:<\/strong> absolwentka WSP w Rzeszowie<br><strong>Pasje: <\/strong>tenis ziemny, siatk\u00f3wka<\/td><\/tr><tr><td><strong>Natalia Rokosz<\/strong><br><strong>Nauczany przedmiot:<\/strong> wychowanie fizyczne<br><strong>Wychowawstwo: <\/strong>klasa VIb<\/td><\/tr><tr><td><strong>ks. Ryszard Sowa<\/strong><strong><br>Nauczany przedmiot: <\/strong>religia<\/td><\/tr><tr><td><strong>Krzysztof Syniec<\/strong><br><strong>Nauczany przedmiot:<\/strong> geografia<br><strong>Kwalifikacje zawodowe:<\/strong> absolwent kierunku wychowania fizycznego (Wydzia\u0142 Pedagogiczny) Wy\u017csza Szko\u0142a Pedagogiczna w Rzeszowie, studia podyplomowe na kierunku geografia (Wydzia\u0142 Medyczny) Wy\u017csza Szko\u0142a Informatyki i Zarz\u0105dzania w Rzeszowie, instruktor pi\u0142ki no\u017cnej i wrotkarstwa (\u0142y\u017cworolki)<br><strong>Motto: <\/strong><em>&#8222;Bogactwem cz\u0142owieka s\u0105: u\u015bmiech, przyjazny gest, pogodne s\u0142owo.&#8221;<\/em> \/Phil Bosmans\/<br><strong>Pasje:<\/strong> sport, podr\u00f3\u017ce, film, muzyka<\/td><\/tr><tr><td><strong>Anna Szawara<\/strong><br><strong>Nauczany przedmiot:<\/strong> edukacja wczesnoszkolna<br><strong>Wychowawstwo: <\/strong>klasa Id<\/td><\/tr><tr><td><strong>Marzena \u015awider<br>Nauczany przedmiot:<\/strong> biologia<\/td><\/tr><tr><td><strong>Lidia Ta\u0144czowska-Majchrowicz<\/strong><br><strong>Nauczany przedmiot:<\/strong> j\u0119zyk polski<br><strong>Kwalifikacje zawodowe:<\/strong> absolwentka filologii polskiej; studia podyplomowe na kierunku historia; studia podyplomowe na kierunku terapia pedagogiczna<br><strong>Motto: <em>\u201e<\/em><\/strong><em>Nauka i my\u015bl jest po\u017cywieniem umys\u0142u.\u201d<\/em><br><strong>Pasje: <\/strong>Dobra ksi\u0105\u017cka i film, wycieczki piesze, opieka nad bezdomnymi zwierz\u0119tami (koty, psy)<\/td><\/tr><tr><td><strong>Beata Turek<\/strong><br><strong>Nauczane przedmioty: <\/strong>edukacja wczesnoszkolna, j\u0119zyk hiszpa\u0144ski<br><strong>Wychowawstwo: <\/strong>klasa Ia<br><strong>Kwalifikacje zawodowe: <\/strong>absolwentka filologii hiszpa\u0144skiej (WSJO Pozna\u0144); studia podyplomowe w zakresie edukacji wczesnoszkolnej i wychowania przedszkolnego (KUL Stalowa Wola)<br><strong>Motto:<\/strong>&nbsp;<em>\u201eBy\u0107 radosnym, dobrze czyni\u0107 i wr\u00f3blom pozwoli\u0107 \u0107wierka\u0107 &#8211; to najlepsza filozofia.\u201d<\/em> \/Jan Bosco\/<br><strong>Pasje:<\/strong>&nbsp;muzyka, ochrona i prawa zwierz\u0105t, kuchnia wegetaria\u0144ska<\/td><\/tr><tr><td><strong>Agnieszka Uryniak<\/strong><br><strong>Nauczany przedmiot: <\/strong>j\u0119zyk polski<br><strong>Wychowawstwo: <\/strong>klasa VIIb<br><strong>Kwalifikacje zawodowe: <\/strong>absolwentka filologii polskiej (Akademia Pedagogiczna w Rzeszowie); studia podyplomowe z przyrody (Uniwersytet Rzeszowski)<br><strong>Motto: <\/strong><em>\u201eNie wa\u017cne ile masz lat, starcem zostaje ten, kto przestaje si\u0119 rozwija\u0107.\u201d<\/em> \/Henry Ford\/<br><strong>Pasje:<\/strong> dobra ksi\u0105\u017cka, podr\u00f3\u017ce ma\u0142e i du\u017ce<\/td><\/tr><tr><td><strong>Paulina Wzi\u0105tka<\/strong><br><strong>Nauczany przedmiot:<\/strong> j\u0119zyk niemiecki<\/td><\/tr><tr><td><strong>Agata Zegar-Drozdowska<\/strong><br>Pedagog specjalny<\/td><\/tr><tr><td><strong>Grzegorz Ziobro<\/strong><br><strong>Nauczane<\/strong> <strong>przedmioty:<\/strong> muzyka, edukacja wczesnoszkolna<br><strong>Wychowawstwo: <\/strong>klasa Ib<br><strong>Kwalifikacje zawodowe:<\/strong> absolwent Instytutu Muzyki Uniwersytetu Rzeszowskiego na kierunku \u201eEdukacja artystyczna w zakresie sztuki muzycznej\u201d; studia podyplomowe na Uniwersytecie Rzeszowskiem o specjalno\u015bci &#8222;Edukacja wczesnoszkolna i dziecka sze\u015bcioletniego\u201d<br><strong>Motto: <\/strong><em>\u201eNigdy nie oceniaj wysoko\u015bci g\u00f3ry, dop\u00f3ki nie osi\u0105gniesz jej szczytu. Wtedy zobaczysz, jak by\u0142a niska.\u201d <\/em>\/Dag Hammarskj\u00f6ld\/<br><strong>Pasje: <\/strong>najnowsze techniki kompozytorskie, muzyka XIX wieku, podr\u00f3\u017ce, fotografia<\/td><\/tr><tr><td><strong>Ewa Ziobrowska-Bichaj\u0142o<\/strong><br><strong>Nauczany przedmiot:<\/strong> j\u0119zyk angielski<br><strong>Wychowawstwo: <\/strong>klasa VIa<br><br><strong>Dominik \u017bak<\/strong><br><strong>Nauczany przedmiot:<\/strong> historia, WOS<\/td><\/tr><\/tbody><\/table><\/figure>\n","protected":false},"excerpt":{"rendered":"<p>Artur Bilski &#8211; dyrektor szko\u0142yNauczany&nbsp;przedmiot:&nbsp;wychowanie fizyczneKwalifikacje zawodowe:&nbsp;absolwent wychowania fizycznego i turystyki (WSP Rzesz\u00f3w); studia podyplomowe w zakresie Zarz\u0105dzanie o\u015bwiat\u0105 (Wy\u017csza Szko\u0142a Informatyki i Zarz\u0105dzania w Rzeszowie); instruktor sportu z: pi\u0142ki no\u017cnej, lekkoatletyki, p\u0142ywania i narciarstwa zjazdowego. Uko\u0144czony kurs z przepis\u00f3w lekkiej atletyki, upowa\u017cniaj\u0105cy do s\u0119dziowania zawod\u00f3w lekkoatletycznych; kurs dla kierownik\u00f3w wycieczek szkolnych; kurs \u201eKierownik wypoczynku\u201d.Motto:&nbsp;\u201eCzerp&#8230;<\/p>\n","protected":false},"author":2,"featured_media":12399,"parent":0,"menu_order":0,"comment_status":"closed","ping_status":"closed","template":"","meta":{"ngg_post_thumbnail":0,"footnotes":""},"class_list":["post-11713","page","type-page","status-publish","has-post-thumbnail","hentry"],"_links":{"self":[{"href":"https:\/\/spboguchwala.pl\/index.php?rest_route=\/wp\/v2\/pages\/11713","targetHints":{"allow":["GET"]}}],"collection":[{"href":"https:\/\/spboguchwala.pl\/index.php?rest_route=\/wp\/v2\/pages"}],"about":[{"href":"https:\/\/spboguchwala.pl\/index.php?rest_route=\/wp\/v2\/types\/page"}],"author":[{"embeddable":true,"href":"https:\/\/spboguchwala.pl\/index.php?rest_route=\/wp\/v2\/users\/2"}],"replies":[{"embeddable":true,"href":"https:\/\/spboguchwala.pl\/index.php?rest_route=%2Fwp%2Fv2%2Fcomments&post=11713"}],"version-history":[{"count":32,"href":"https:\/\/spboguchwala.pl\/index.php?rest_route=\/wp\/v2\/pages\/11713\/revisions"}],"predecessor-version":[{"id":42501,"href":"https:\/\/spboguchwala.pl\/index.php?rest_route=\/wp\/v2\/pages\/11713\/revisions\/42501"}],"wp:featuredmedia":[{"embeddable":true,"href":"https:\/\/spboguchwala.pl\/index.php?rest_route=\/wp\/v2\/media\/12399"}],"wp:attachment":[{"href":"https:\/\/spboguchwala.pl\/index.php?rest_route=%2Fwp%2Fv2%2Fmedia&parent=11713"}],"curies":[{"name":"wp","href":"https:\/\/api.w.org\/{rel}","templated":true}]}}