{"id":11723,"date":"2020-05-14T20:13:19","date_gmt":"2020-05-14T20:13:19","guid":{"rendered":"http:\/\/spboguchwala.pl\/?page_id=11723"},"modified":"2025-09-08T19:46:05","modified_gmt":"2025-09-08T19:46:05","slug":"przedmioty","status":"publish","type":"page","link":"https:\/\/spboguchwala.pl\/?page_id=11723","title":{"rendered":"Przedmioty"},"content":{"rendered":"\n<figure class=\"wp-block-table\"><table><tbody><tr><td><strong>STANOWISKO\/<\/strong>   <strong>PRZEDMIOT<\/strong>   <\/td><td><strong>NAUCZYCIELE<\/strong>   <\/td><\/tr><tr><td>Dyrektor   <\/td><td>Bilski Artur<\/td><\/tr><tr><td>Wicedyrektor   <\/td><td>Kami\u0144ska-St\u0105cel Magdalena<\/td><\/tr><tr><td>Edukacja   wczesnoszkolna   <\/td><td>Drogo\u0144-Mul Agata, Frankiewicz Irena, Guzy Katarzyna, Kubicz Paulina, Materna Bo\u017cena, Ostrowska Ewelina, Pa\u015bko Anna, Rejment Izabella, Szawara Anna, Turek Beata, Ziobro Grzegorz<\/td><\/tr><tr><td>J\u0119zyk polski   <\/td><td>D\u0105browiecka Joanna, Lesiak Lidia, Ta\u0144czowska-Majchrowicz Lidia, Uryniak Agnieszka<\/td><\/tr><tr><td>J\u0119zyk angielski   <\/td><td>G\u0105sior Sylwia, Kami\u0144ska-St\u0105cel Magdalena, R\u0105pa\u0142a Agata, Ziobrowska-Bichaj\u0142o Ewa<\/td><\/tr><tr><td>J\u0119zyk niemiecki   <\/td><td>Wzi\u0105tka Paulina<\/td><\/tr><tr><td>J\u0119zyk hiszpa\u0144ski   <\/td><td>Turek Beata   <\/td><\/tr><tr><td>Historia   <\/td><td>Olszewska Karolina, \u017bak Dominik&nbsp;    <\/td><\/tr><tr><td>Matematyka   <\/td><td>Bo\u017cek Anna, G\u00f3rka Zuzanna, Mla\u015b-Bieniasz Monika, Pierzcha\u0142a Renata<\/td><\/tr><tr><td>Informatyka   <\/td><td>Korab Jacek<\/td><\/tr><tr><td>Technika   <\/td><td>Korab Jacek<\/td><\/tr><tr><td>Przyroda   <\/td><td>Guzy Katarzyna<\/td><\/tr><tr><td>Biologia   <\/td><td>Hudzicka-Ko\u0142ek Magdalena\/\u015awider Marzena<\/td><\/tr><tr><td>Geografia   <\/td><td>Syniec Krzysztof<\/td><\/tr><tr><td>Chemia   <\/td><td>G\u00f3rka Anna\/G\u00f3rka Zuzanna<\/td><\/tr><tr><td>Fizyka   <\/td><td>Bo\u017cek Anna<\/td><\/tr><tr><td>Wychowanie fizyczne   <\/td><td>Bilski Artur, Ludera Renata, Mi\u0105sik Mariusz, Rokosz Natalia, Syniec Krzysztof<\/td><\/tr><tr><td>Plastyka   <\/td><td>Chru\u015bciel Anna   <\/td><\/tr><tr><td>Edukacja dla bezpiecze\u0144stwa   <\/td><td>Mi\u0105sik Mariusz   <\/td><\/tr><tr><td>Edukacja zdrowotna<\/td><td>Ludera Renata<\/td><\/tr><tr><td>Doradztwo zawodowe   <\/td><td>R\u0105pa\u0142a Agata <\/td><\/tr><tr><td>Muzyka   <\/td><td>Ziobro Grzegorz<\/td><\/tr><tr><td>Religia   <\/td><td>Piskorz Agata &#8211; s. Tobiasza, ks. Sowa Ryszard<\/td><\/tr><tr><td>GDDW   <\/td><td>Bo\u017cek Anna, Chru\u015bciel Anna, G\u0105sior Sylwia, G\u00f3rka Zuzanna, Korab Jacek, Ludera Renata, Mi\u0105sik Mariusz, Mla\u015b-Bieniasz Monika, Olszewska Karolina, Pierzcha\u0142a Renata, R\u0105pa\u0142a Agata, Rokosz Natalia, Uryniak Agnieszka, Ziobrowska-Bichaj\u0142o Ewa<\/td><\/tr><tr><td>Pedagog, Psycholog<\/td><td>Drogo\u0144-Mul Agata, Zegar-Drozdowska Agata, Porada Bernadetta<\/td><\/tr><tr><td>Bibliotekarka   <\/td><td>Mla\u015b-Bieniasz Monika   <\/td><\/tr><tr><td>Rewalidacja   <\/td><td>Chru\u015bciel Anna, Olszewska Karolina, Ta\u0144czowska-Majchrowicz Lidia<\/td><\/tr><tr><td>Logopedia   <\/td><td>Lesiak Lidia, Pa\u015bko Anna<\/td><\/tr><tr><td>Gimnastyka korekcyjna   <\/td><td>Ludera Renata<\/td><\/tr><tr><td>Wychowawca \u015bwietlicy szkolnej <\/td><td>Chru\u015bciel Anna, Frankiewicz Irena, Kubicz Paulina, Materna Bo\u017cena, Rejment Izabella, Rokosz Natalia, Ta\u0144czowska-Majchrowicz Lidia, \u017bak Dominik<\/td><\/tr><\/tbody><\/table><\/figure>\n","protected":false},"excerpt":{"rendered":"<p>STANOWISKO\/ PRZEDMIOT NAUCZYCIELE Dyrektor Bilski Artur Wicedyrektor Kami\u0144ska-St\u0105cel Magdalena Edukacja wczesnoszkolna Drogo\u0144-Mul Agata, Frankiewicz Irena, Guzy Katarzyna, Kubicz Paulina, Materna Bo\u017cena, Ostrowska Ewelina, Pa\u015bko Anna, Rejment Izabella, Szawara Anna, Turek Beata, Ziobro Grzegorz J\u0119zyk polski D\u0105browiecka Joanna, Lesiak Lidia, Ta\u0144czowska-Majchrowicz Lidia, Uryniak Agnieszka J\u0119zyk angielski G\u0105sior Sylwia, Kami\u0144ska-St\u0105cel Magdalena, R\u0105pa\u0142a Agata, Ziobrowska-Bichaj\u0142o Ewa J\u0119zyk niemiecki&#8230;<\/p>\n","protected":false},"author":2,"featured_media":12401,"parent":0,"menu_order":0,"comment_status":"closed","ping_status":"closed","template":"","meta":{"ngg_post_thumbnail":0,"footnotes":""},"class_list":["post-11723","page","type-page","status-publish","has-post-thumbnail","hentry"],"_links":{"self":[{"href":"https:\/\/spboguchwala.pl\/index.php?rest_route=\/wp\/v2\/pages\/11723","targetHints":{"allow":["GET"]}}],"collection":[{"href":"https:\/\/spboguchwala.pl\/index.php?rest_route=\/wp\/v2\/pages"}],"about":[{"href":"https:\/\/spboguchwala.pl\/index.php?rest_route=\/wp\/v2\/types\/page"}],"author":[{"embeddable":true,"href":"https:\/\/spboguchwala.pl\/index.php?rest_route=\/wp\/v2\/users\/2"}],"replies":[{"embeddable":true,"href":"https:\/\/spboguchwala.pl\/index.php?rest_route=%2Fwp%2Fv2%2Fcomments&post=11723"}],"version-history":[{"count":11,"href":"https:\/\/spboguchwala.pl\/index.php?rest_route=\/wp\/v2\/pages\/11723\/revisions"}],"predecessor-version":[{"id":40825,"href":"https:\/\/spboguchwala.pl\/index.php?rest_route=\/wp\/v2\/pages\/11723\/revisions\/40825"}],"wp:featuredmedia":[{"embeddable":true,"href":"https:\/\/spboguchwala.pl\/index.php?rest_route=\/wp\/v2\/media\/12401"}],"wp:attachment":[{"href":"https:\/\/spboguchwala.pl\/index.php?rest_route=%2Fwp%2Fv2%2Fmedia&parent=11723"}],"curies":[{"name":"wp","href":"https:\/\/api.w.org\/{rel}","templated":true}]}}