{"id":12352,"date":"2020-05-12T22:50:53","date_gmt":"2020-05-12T22:50:53","guid":{"rendered":"http:\/\/spboguchwala.pl\/?page_id=12352"},"modified":"2025-09-25T15:10:19","modified_gmt":"2025-09-25T15:10:19","slug":"prezydium-samorzadu-uczniowskiego","status":"publish","type":"page","link":"https:\/\/spboguchwala.pl\/?page_id=12352","title":{"rendered":"Prezydium Samorz\u0105du Uczniowskiego"},"content":{"rendered":"\n<p class=\"has-text-align-center\" style=\"font-size:28px\"><strong>Sk\u0142ad Samorz\u0105du Uczniowskiego 2025\/2026:<\/strong><\/p>\n\n\n\n<p class=\"has-text-align-center has-medium-font-size\">Przewodnicz\u0105ca: Maria Mul<\/p>\n\n\n\n<p class=\"has-text-align-center has-medium-font-size\">Zast\u0119pczyni przewodnicz\u0105cej: Martyna Marcinkowska<\/p>\n\n\n\n<p class=\"has-text-align-center has-medium-font-size\">Cz\u0142onkinie: Emila Mazur i Jagoda Wawrzaszek<\/p>\n","protected":false},"excerpt":{"rendered":"<p>Sk\u0142ad Samorz\u0105du Uczniowskiego 2025\/2026: Przewodnicz\u0105ca: Maria Mul Zast\u0119pczyni przewodnicz\u0105cej: Martyna Marcinkowska Cz\u0142onkinie: Emila Mazur i Jagoda Wawrzaszek<\/p>\n","protected":false},"author":2,"featured_media":13150,"parent":0,"menu_order":0,"comment_status":"closed","ping_status":"closed","template":"","meta":{"ngg_post_thumbnail":0,"footnotes":""},"class_list":["post-12352","page","type-page","status-publish","has-post-thumbnail","hentry"],"_links":{"self":[{"href":"https:\/\/spboguchwala.pl\/index.php?rest_route=\/wp\/v2\/pages\/12352","targetHints":{"allow":["GET"]}}],"collection":[{"href":"https:\/\/spboguchwala.pl\/index.php?rest_route=\/wp\/v2\/pages"}],"about":[{"href":"https:\/\/spboguchwala.pl\/index.php?rest_route=\/wp\/v2\/types\/page"}],"author":[{"embeddable":true,"href":"https:\/\/spboguchwala.pl\/index.php?rest_route=\/wp\/v2\/users\/2"}],"replies":[{"embeddable":true,"href":"https:\/\/spboguchwala.pl\/index.php?rest_route=%2Fwp%2Fv2%2Fcomments&post=12352"}],"version-history":[{"count":17,"href":"https:\/\/spboguchwala.pl\/index.php?rest_route=\/wp\/v2\/pages\/12352\/revisions"}],"predecessor-version":[{"id":41219,"href":"https:\/\/spboguchwala.pl\/index.php?rest_route=\/wp\/v2\/pages\/12352\/revisions\/41219"}],"wp:featuredmedia":[{"embeddable":true,"href":"https:\/\/spboguchwala.pl\/index.php?rest_route=\/wp\/v2\/media\/13150"}],"wp:attachment":[{"href":"https:\/\/spboguchwala.pl\/index.php?rest_route=%2Fwp%2Fv2%2Fmedia&parent=12352"}],"curies":[{"name":"wp","href":"https:\/\/api.w.org\/{rel}","templated":true}]}}