{"id":12356,"date":"2020-05-12T23:09:08","date_gmt":"2020-05-12T23:09:08","guid":{"rendered":"http:\/\/spboguchwala.pl\/?page_id=12356"},"modified":"2025-11-20T15:48:16","modified_gmt":"2025-11-20T15:48:16","slug":"plan-pracy-samorzadu-uczniowskiego","status":"publish","type":"page","link":"https:\/\/spboguchwala.pl\/?page_id=12356","title":{"rendered":"Plan pracy Samorz\u0105du Uczniowskiego"},"content":{"rendered":"\n<p class=\"has-text-align-center has-medium-font-size\"><strong>PLAN PRACY SAMORZ\u0104DU UCZNIOWSKIEGO 2025\/2026<\/strong><\/p>\n\n\n\n<figure class=\"wp-block-table\"><table class=\"has-fixed-layout\"><tbody><tr><td><strong>Termin<\/strong><strong><\/strong><\/td><td><strong>Zadania<\/strong><strong><\/strong><\/td><td><strong>Formy realizacji<\/strong><strong><\/strong><\/td><\/tr><tr><td>Wrzesie\u0144<\/td><td>Wybory do SU<\/td><td>Wybory przedstawicieli do samorz\u0105du przez poszczeg\u00f3lne klasy. Kampania wyborcza i wybory do samorz\u0105du wed\u0142ug ustalonego regulaminu. Przedstawienie wybranego sk\u0142adu SU.<\/td><\/tr><tr><td><\/td><td>Opracowanie planu pracy Samorz\u0105du Uczniowskiego<\/td><td>Zebranie samorz\u0105du. Wpisanie propozycji zg\u0142aszanych przez przedstawicieli poszczeg\u00f3lnych klas. Ustalenie harmonogramu zada\u0144 i okre\u015blenie terminu ich realizacji.<\/td><\/tr><tr><td>Pa\u017adziernik<\/td><td>Obchody Dnia Edukacji Narodowej<\/td><td>Pomoc w organizacji uroczysto\u015bci DEN w szkole. Udzia\u0142 pocztu sztandarowego w uroczysto\u015bciach szkolnych.<\/td><\/tr><tr><td><\/td><td>Przygotowanie do uroczysto\u015bci Wszystkich \u015awi\u0119tych, Zaduszek<\/td><td>Wyj\u015bcie na cmentarz, zapalenie zniczy na grobach i lokalnych miejscach pami\u0119ci.<\/td><\/tr><tr><td>Listopad<\/td><td>Obchody Narodowego \u015awi\u0119ta Niepodleg\u0142o\u015bci<\/td><td>Udzia\u0142 Pocztu Sztandarowego i przedstawicieli SU w uroczysto\u015bciach szkolnych oraz \u015brodowiskowych (ods\u0142oni\u0119cie pomnika).<\/td><\/tr><tr><td>&nbsp;<\/td><td>Zbi\u00f3rka karmy dla schroniska dla zwierz\u0105t<\/td><td>&nbsp;<\/td><\/tr><tr><td>&nbsp;<\/td><td>Zabawa andrzejkowa<\/td><td>Przygotowanie i prowadzenie zabawy.<\/td><\/tr><tr><td>Grudzie\u0144<\/td><td>Dzie\u0144 Pi\u017camy<\/td><td>5 grudnia<\/td><\/tr><tr><td>&nbsp;<\/td><td>Miko\u0142ajki<\/td><td>8 grudnia klasowe miko\u0142ajki Dzie\u0144 koloru czerwonego (miko\u0142ajkowe akcenty)<\/td><\/tr><tr><td>&nbsp;<\/td><td>Przygotowanie do uroczysto\u015bci Dnia Patrona Szko\u0142y<\/td><td>Udzia\u0142 Pocztu Sztandarowego i przedstawicieli SU<\/td><\/tr><tr><td>&nbsp;<\/td><td>Koncert Bo\u017conarodzeniowy, Jase\u0142ka<\/td><td>Udzia\u0142 Pocztu Sztandarowego i przedstawicieli SU<\/td><\/tr><tr><td>Stycze\u0144<\/td><td>Zabawa Karnawa\u0142owa<\/td><td>Organizacja zabawy, muzyki, nag\u0142o\u015bnienia, przygotowanie zabaw. Og\u0142oszenie konkursu na kr\u00f3la i kr\u00f3low\u0105 balu<\/td><\/tr><tr><td>Luty<\/td><td>Walentynki<\/td><td>Poczta Walentynkowa \u2013 obdarowywanie koleg\u00f3w i kole\u017canki kartkami. Przygotowanie \u015bcianki tematycznej<\/td><\/tr><tr><td>Marzec<\/td><td>Dzie\u0144 Wiosny<\/td><td>Og\u0142oszenie i przes\u0142anie planu dnia.<\/td><\/tr><tr><td>&nbsp;<\/td><td>Dzie\u0144 Szalonej Fryzurty<\/td><td><\/td><\/tr><tr><td>Maj<\/td><td>\u015awi\u0119to Konstytucji 3 Maja<\/td><td>Udzia\u0142 pocztu sztandarowego oraz przedstawicieli SU w uroczysto\u015bciach szkolnych oraz lokalnych<\/td><\/tr><tr><td>Czerwiec<\/td><td>Dzie\u0144 Dziecka<\/td><td>Dzie\u0144 Sportu Szkolnego<\/td><\/tr><tr><td>&nbsp;<\/td><td>Dzie\u0144 bez plecaka<\/td><td>&nbsp;<\/td><\/tr><tr><td>&nbsp;<\/td><td>Uroczyste Zako\u0144czenie Roku Szkolnego 2025\/2026<\/td><td>Udzia\u0142 pocztu oraz przedstawicieli SU<\/td><\/tr><\/tbody><\/table><\/figure>\n","protected":false},"excerpt":{"rendered":"<p>PLAN PRACY SAMORZ\u0104DU UCZNIOWSKIEGO 2025\/2026 Termin Zadania Formy realizacji Wrzesie\u0144 Wybory do SU Wybory przedstawicieli do samorz\u0105du przez poszczeg\u00f3lne klasy. Kampania wyborcza i wybory do samorz\u0105du wed\u0142ug ustalonego regulaminu. Przedstawienie wybranego sk\u0142adu SU. Opracowanie planu pracy Samorz\u0105du Uczniowskiego Zebranie samorz\u0105du. Wpisanie propozycji zg\u0142aszanych przez przedstawicieli poszczeg\u00f3lnych klas. Ustalenie harmonogramu zada\u0144 i okre\u015blenie terminu ich realizacji&#8230;.<\/p>\n","protected":false},"author":2,"featured_media":8576,"parent":0,"menu_order":0,"comment_status":"closed","ping_status":"closed","template":"","meta":{"ngg_post_thumbnail":0,"footnotes":""},"class_list":["post-12356","page","type-page","status-publish","has-post-thumbnail","hentry"],"_links":{"self":[{"href":"https:\/\/spboguchwala.pl\/index.php?rest_route=\/wp\/v2\/pages\/12356","targetHints":{"allow":["GET"]}}],"collection":[{"href":"https:\/\/spboguchwala.pl\/index.php?rest_route=\/wp\/v2\/pages"}],"about":[{"href":"https:\/\/spboguchwala.pl\/index.php?rest_route=\/wp\/v2\/types\/page"}],"author":[{"embeddable":true,"href":"https:\/\/spboguchwala.pl\/index.php?rest_route=\/wp\/v2\/users\/2"}],"replies":[{"embeddable":true,"href":"https:\/\/spboguchwala.pl\/index.php?rest_route=%2Fwp%2Fv2%2Fcomments&post=12356"}],"version-history":[{"count":6,"href":"https:\/\/spboguchwala.pl\/index.php?rest_route=\/wp\/v2\/pages\/12356\/revisions"}],"predecessor-version":[{"id":42337,"href":"https:\/\/spboguchwala.pl\/index.php?rest_route=\/wp\/v2\/pages\/12356\/revisions\/42337"}],"wp:featuredmedia":[{"embeddable":true,"href":"https:\/\/spboguchwala.pl\/index.php?rest_route=\/wp\/v2\/media\/8576"}],"wp:attachment":[{"href":"https:\/\/spboguchwala.pl\/index.php?rest_route=%2Fwp%2Fv2%2Fmedia&parent=12356"}],"curies":[{"name":"wp","href":"https:\/\/api.w.org\/{rel}","templated":true}]}}