{"id":12390,"date":"2020-05-14T19:38:21","date_gmt":"2020-05-14T19:38:21","guid":{"rendered":"http:\/\/spboguchwala.pl\/?page_id=12390"},"modified":"2021-10-11T20:53:01","modified_gmt":"2021-10-11T20:53:01","slug":"procedury-szkolne","status":"publish","type":"page","link":"https:\/\/spboguchwala.pl\/?page_id=12390","title":{"rendered":"Zarz\u0105dzenia 2021"},"content":{"rendered":"\n<div class=\"wp-block-file\"><a href=\"https:\/\/spboguchwala.pl\/wp-content\/uploads\/2021\/01\/Zarzadzenie-nr-01-04.01.2021-P\u00f3lkolonia-procedury-bezpiecze\u0144stwa.pdf\" target=\"_blank\" rel=\"noreferrer noopener\">04.01.2021  Zarz\u0105dzenie 01\/2021  P\u00f3\u0142kolonia &#8211; procedury bezpiecze\u0144stwa<\/a><\/div>\n\n\n\n<div class=\"wp-block-file\"><a href=\"https:\/\/spboguchwala.pl\/wp-content\/uploads\/2021\/01\/Zarz\u0105dzenie-nr-02-15.01.2021-Procedura-bezpieczenstwa-covid-I-III.pdf\" target=\"_blank\" rel=\"noreferrer noopener\">15.01.2021 Zarz\u0105dzenie 02\/2021 Procedura bezpiecze\u0144stwa Covid I-III<\/a><\/div>\n\n\n\n<div class=\"wp-block-file\"><a href=\"https:\/\/spboguchwala.pl\/wp-content\/uploads\/2021\/02\/nr-05-11.02-2021-Regulamin-rekrutacja-klasa-VII-dwujezyczna.pdf\" target=\"_blank\" rel=\"noreferrer noopener\">11.02.2021 Zarz\u0105dzenie 05\/2021 Regulamin rekrutacja klasa VII dwuj\u0119zyczna<\/a><\/div>\n\n\n\n<div class=\"wp-block-file\"><a href=\"https:\/\/spboguchwala.pl\/wp-content\/uploads\/2021\/02\/nr-06-11.02-2021-Komisja-rekrutacyjna-kl-VII-dwujezyczna.pdf\" target=\"_blank\" rel=\"noreferrer noopener\">11.02.2021 Zarz\u0105dzenie 06\/2021 Komisja rekrutacyjna kl. VII dwuj\u0119zyczna<\/a><\/div>\n\n\n\n<div class=\"wp-block-file\"><a href=\"https:\/\/spboguchwala.pl\/wp-content\/uploads\/2021\/04\/nr-07-15.02.2021-media-z-SRO.pdf\" target=\"_blank\" rel=\"noreferrer noopener\">15.02.2021 Zarz\u0105dzenie 07\/2021 Media z SRO<\/a><\/div>\n\n\n\n<div class=\"wp-block-file\"><a href=\"https:\/\/spboguchwala.pl\/wp-content\/uploads\/2021\/04\/nr-08-04.03.2021Kryteria-zwolnien-nauczycieli.pdf\" target=\"_blank\" rel=\"noreferrer noopener\">04.03.2021 Zarz\u0105dzenie 08\/2021 Kryteria zwolnie\u0144 nauczycieli<\/a><\/div>\n\n\n\n<div class=\"wp-block-file\"><a href=\"https:\/\/spboguchwala.pl\/wp-content\/uploads\/2021\/04\/nr-09-30.03.2021-Komisja-rekrutacyjna-kl.I.pdf\" target=\"_blank\" rel=\"noreferrer noopener\">30.03.2021 Zarz\u0105dzenie 09\/2021 Komisja rekrutacyjna kl. I<\/a><\/div>\n\n\n\n<div class=\"wp-block-file\"><a href=\"https:\/\/spboguchwala.pl\/wp-content\/uploads\/2021\/04\/nr-10-26.04.2021-Wytyczne-bezpieczenstwo-covid-hybrydowe-I-III.pdf\" target=\"_blank\" rel=\"noreferrer noopener\">26.04.2021 Zarz\u0105dzenie 10\/2021 Wytyczne bezpiecze\u0144stwo Covid nauczanie hybrydowe kl. I-III<\/a><\/div>\n\n\n\n<div class=\"wp-block-file\"><a href=\"https:\/\/spboguchwala.pl\/wp-content\/uploads\/2021\/05\/nr-11-06.05.2021-zarzadzenie_krajowy_system_cyberbezpieczenstwa.pdf\" target=\"_blank\" rel=\"noreferrer noopener\">06.05.2021 Zarz\u0105dzenie 11\/2021 Krajowy system cyberbezpiecze\u0144stwa<\/a><\/div>\n\n\n\n<div class=\"wp-block-file\"><a href=\"https:\/\/spboguchwala.pl\/wp-content\/uploads\/2021\/05\/nr-12-13.05.2021-Wytyczne-bezpieczenstwo-covid-hybrydowe-IV-VIII.pdf\" target=\"_blank\" rel=\"noreferrer noopener\">13.05.2021 Zarz\u0105dzenie 12\/2021 Wytyczne bezpiecze\u0144stwo Covid nauczanie hybrydowe IV-VIII<\/a><\/div>\n\n\n\n<div class=\"wp-block-file\"><a href=\"https:\/\/spboguchwala.pl\/wp-content\/uploads\/2021\/05\/nr-13-18.05.2021-komisja-rekrutacyjna-klasy-I-podzial.pdf\" target=\"_blank\" rel=\"noreferrer noopener\">18.05.2021 Zarz\u0105dzenie 13\/2021 Komisja rekrutacyjna klasy I podzia\u0142<\/a><\/div>\n\n\n\n<div class=\"wp-block-file\"><a href=\"https:\/\/spboguchwala.pl\/wp-content\/uploads\/2021\/05\/nr-14-18.05.2021-procedury-egzamin-VIII.pdf\" target=\"_blank\" rel=\"noreferrer noopener\">18.05.2021 Zarz\u0105dzenie 14\/2021 Procedury egzamin kl. VIII<\/a><\/div>\n\n\n\n<div class=\"wp-block-file\"><a href=\"https:\/\/spboguchwala.pl\/wp-content\/uploads\/2021\/10\/nr-15-26.05.2021-regulamin-konkurs-nauczyciele.pdf\" target=\"_blank\" rel=\"noreferrer noopener\">26.05.2021 Zarz\u0105dzenie 15\/2021 Regulamin konkurs nauczyciele<\/a><\/div>\n\n\n\n<div class=\"wp-block-file\"><a href=\"https:\/\/spboguchwala.pl\/wp-content\/uploads\/2021\/10\/nr-16-31.05-2021-Zdalne-ocenianie-drugi-covid-odwolanie.pdf\" target=\"_blank\" rel=\"noreferrer noopener\">31.05.2021 Zarz\u0105dzenie 16\/2021 Zdalne ocenianie drugi covid &#8211; odwo\u0142anie<\/a><\/div>\n\n\n\n<div class=\"wp-block-file\"><a href=\"https:\/\/spboguchwala.pl\/wp-content\/uploads\/2021\/10\/nr-17-31.08-2021-Procedura-bezpieczenstwa-covid19.pdf\" target=\"_blank\" rel=\"noreferrer noopener\">31.08.2021 Zarz\u0105dzenie 17\/2021 Procedura bezpiecze\u0144stwa &#8211; covid19<\/a><\/div>\n\n\n\n<div class=\"wp-block-file\"><a href=\"https:\/\/spboguchwala.pl\/wp-content\/uploads\/2021\/10\/nr-18-31.08-2021-Organizacja-pracy-szkoly.pdf\" target=\"_blank\" rel=\"noreferrer noopener\">31.08.2021 Zarz\u0105dzenie 18\/2021 Organizacja pracy szko\u0142y<\/a><\/div>\n\n\n\n<div class=\"wp-block-file\"><a href=\"https:\/\/spboguchwala.pl\/wp-content\/uploads\/2021\/10\/nr-19-23.09-2021-Przydzial-prac-stalych-i-dodatkowych.pdf\" target=\"_blank\" rel=\"noreferrer noopener\">23.09.2021 Zarz\u0105dzenie 19\/2021 Przydzia\u0142 prac sta\u0142ych i dodatkowych<\/a><\/div>\n\n\n\n<div class=\"wp-block-file\"><a href=\"https:\/\/spboguchwala.pl\/wp-content\/uploads\/2021\/10\/nr-20-28.09-2021-bezpieczenstwo-uczniowie.pdf\" target=\"_blank\" rel=\"noreferrer noopener\">28.09.2021 Zarz\u0105dzenie 20\/2021 Bezpiecze\u0144stwo uczniowie<\/a><\/div>\n\n\n\n<div class=\"wp-block-file\"><a href=\"https:\/\/spboguchwala.pl\/wp-content\/uploads\/2021\/10\/nr-21-30.09-2021-Zarz.-dni-wolne.pdf\" target=\"_blank\" rel=\"noreferrer noopener\">30.09.2021 Zarz\u0105dzenie 21\/2021 Dni wolne<\/a><\/div>\n","protected":false},"excerpt":{"rendered":"04.01.2021 Zarz\u0105dzenie 01\/2021 P\u00f3\u0142kolonia - procedury bezpiecze\u0144stwa 15.01.2021 Zarz\u0105dzenie 02\/2021 Procedura bezpiecze\u0144stwa Covid I-III 11.02.2021 Zarz\u0105dzenie 05\/2021 Regulamin rekrutacja klasa VII dwuj\u0119zyczna 11.02.2021 Zarz\u0105dzenie 06\/2021 Komisja rekrutacyjna kl. VII dwuj\u0119zyczna 15.02.2021 Zarz\u0105dzenie 07\/2021 Media z SRO 04.03.2021 Zarz\u0105dzenie 08\/2021 Kryteria zwolnie\u0144 nauczycieli 30.03.2021 Zarz\u0105dzenie 09\/2021 Komisja rekrutacyjna kl. I 26.04.2021 Zarz\u0105dzenie 10\/2021 Wytyczne bezpiecze\u0144stwo Covid...","protected":false},"author":2,"featured_media":8576,"parent":0,"menu_order":0,"comment_status":"closed","ping_status":"closed","template":"","meta":{"ngg_post_thumbnail":0,"footnotes":""},"class_list":["post-12390","page","type-page","status-publish","has-post-thumbnail","hentry"],"_links":{"self":[{"href":"https:\/\/spboguchwala.pl\/index.php?rest_route=\/wp\/v2\/pages\/12390","targetHints":{"allow":["GET"]}}],"collection":[{"href":"https:\/\/spboguchwala.pl\/index.php?rest_route=\/wp\/v2\/pages"}],"about":[{"href":"https:\/\/spboguchwala.pl\/index.php?rest_route=\/wp\/v2\/types\/page"}],"author":[{"embeddable":true,"href":"https:\/\/spboguchwala.pl\/index.php?rest_route=\/wp\/v2\/users\/2"}],"replies":[{"embeddable":true,"href":"https:\/\/spboguchwala.pl\/index.php?rest_route=%2Fwp%2Fv2%2Fcomments&post=12390"}],"version-history":[{"count":38,"href":"https:\/\/spboguchwala.pl\/index.php?rest_route=\/wp\/v2\/pages\/12390\/revisions"}],"predecessor-version":[{"id":18534,"href":"https:\/\/spboguchwala.pl\/index.php?rest_route=\/wp\/v2\/pages\/12390\/revisions\/18534"}],"wp:featuredmedia":[{"embeddable":true,"href":"https:\/\/spboguchwala.pl\/index.php?rest_route=\/wp\/v2\/media\/8576"}],"wp:attachment":[{"href":"https:\/\/spboguchwala.pl\/index.php?rest_route=%2Fwp%2Fv2%2Fmedia&parent=12390"}],"curies":[{"name":"wp","href":"https:\/\/api.w.org\/{rel}","templated":true}]}}