{"id":12403,"date":"2020-05-14T20:39:13","date_gmt":"2020-05-14T20:39:13","guid":{"rendered":"http:\/\/spboguchwala.pl\/?page_id=12403"},"modified":"2020-05-14T20:59:36","modified_gmt":"2020-05-14T20:59:36","slug":"trzymaj-forme","status":"publish","type":"page","link":"https:\/\/spboguchwala.pl\/?page_id=12403","title":{"rendered":"Trzymaj form\u0119"},"content":{"rendered":"\n<p>Og\u00f3lnopolski Program Edukacyjny\n\u201eTrzymaj Form\u0119!&#8221; wsp\u00f3\u0142organizowany jest&nbsp;&nbsp;przez G\u0142\u00f3wny\nInspektorat Sanitarny&nbsp;oraz Polsk\u0105 Federacj\u0119 Producent\u00f3w \u017bywno\u015bci Zwi\u0105zek\nPracodawc\u00f3w w ramach&nbsp;realizacji strategii WHO dotycz\u0105cej diety, aktywno\u015bci\nfizycznej i zdrowia.<br>\nCelem\nprogramu &#8222;Trzymaj Form\u0119!&#8221; jest edukacja w zakresie trwa\u0142ego\nkszta\u0142towania prozdrowotnych nawyk\u00f3w w\u015br\u00f3d m\u0142odzie\u017cy szkolnej poprzez promocj\u0119\nzasad aktywnego stylu \u017cycia i zbilansowanej diety . Program\n&#8222;Trzymaj Form\u0119!&#8221;&nbsp; realizowany jest metod\u0105 projektu, dzi\u0119ki\nczemu&nbsp;wykracza poza podstaw\u0119 programow\u0105 i programy nauczania szko\u0142y. <\/p>\n\n\n\n<div class=\"wp-block-image\"><figure class=\"aligncenter size-large is-resized\"><img loading=\"lazy\" decoding=\"async\" src=\"https:\/\/spboguchwala.pl\/wp-content\/uploads\/2020\/05\/trzymaj-forme.jpg\" alt=\"\" class=\"wp-image-12417\" width=\"463\" height=\"218\" srcset=\"https:\/\/spboguchwala.pl\/wp-content\/uploads\/2020\/05\/trzymaj-forme.jpg 1000w, https:\/\/spboguchwala.pl\/wp-content\/uploads\/2020\/05\/trzymaj-forme-300x142.jpg 300w, https:\/\/spboguchwala.pl\/wp-content\/uploads\/2020\/05\/trzymaj-forme-768x362.jpg 768w\" sizes=\"auto, (max-width: 463px) 100vw, 463px\" \/><\/figure><\/div>\n\n\n\n<p>W ramach realizacji dzia\u0142a\u0144 w naszej szkole zosta\u0142y opracowane mikrodzia\u0142ania wpisuj\u0105ce si\u0119 w za\u0142o\u017cenia programu:<\/p>\n\n\n\n<ol class=\"wp-block-list\"><li>Poznajemy rol\u0119 aktywno\u015bci fizycznej kl. 5 \u2013 prezentacja \u201eRuszaj nog\u0105, ruszaj g\u0142ow\u0105\u201d \u2013 quiz dla uczni\u00f3w<\/li><li>\u00a0\u201eDzie\u0144 sportu rodzinnego\u201d \u2013 podczas pikniku \u201e\u015awi\u0119to Szko\u0142y\u201d<\/li><li>Spotkanie z przedszkolakami na temat \u201eRuch jest \u0142atwy\u201d \u2013 jak zamienia\u0107 bierno\u015b\u0107 na aktywno\u015b\u0107? &#8211;\u00a0podczas Dnia Otwartej Szko\u0142y<\/li><li>Szkolne Mistrzostwa w Pi\u0142ce No\u017cnej i Siatk\u00f3wce \u2013 podczas Dnia Dziecka<\/li><li>Nauka jazdy na \u0142y\u017cwach w sezonie zimowym<\/li><li>\u201eP\u0142ywa\u0107 ka\u017cdy mo\u017ce\u201d \u2013 nauka p\u0142ywania kl. 3 \u2013 rok szkolny 2019\/20<\/li><li>Prowadzenie akcji \u201eRowerem do szko\u0142y\u201d\u00a0&#8211;\u00a0przy odpowiednich warunkach pogodowych<\/li><li>\u201e Anoreksja \u015bmier\u0107 na raty\u201d &#8211; poznajemy fakty i mity o odchudzaniu kl. 6<\/li><li>Rozkodowujemy etykiety i jeste\u015bmy \u015bwiadomymi konsumentami kl. 4<\/li><li>Odkrywamy cia\u0142o jako budowl\u0119 skonstruowan\u0105 ze sk\u0142adnik\u00f3w pokarmowych kl. 7<\/li><li>Racjonalne od\u017cywianie \u2013 konkurs plastyczny \u201ePiramida zdrowia\u201d kl. 4<\/li><li>Warsztaty edukacyjne \u201eDzi\u0119kuj\u0119, nie pal\u0119\u201d kl. 8<\/li><li>Zdrowy styl \u017cycia \u2013 wybory \u017cywieniowe kl. 6 i 7<\/li><li>\u201eCzyste r\u0119ce \u2013 zdrowia wi\u0119cej\u201d- choroby brudnych r\u0105k kl. 5<\/li><li>\u201eCiesz si\u0119 \u017cyciem \u2013 walcz z cukrzyc\u0105 kl. 6 i 7<\/li><li>Jak zaplanowa\u0107 swoje zdrowe \u017cycie (tworzymy healthplan) kl. 5 i 6<\/li><li>Akcja \u201e\u015aniadanie daje moc\u201d kl. 5-8<\/li><li>\u201eHealthy habits&#8221; \u2013\u00a0 projekty j\u0119zykowe kl. 7<\/li><li>\u201eMy healthy daily routines \u2013 konkurs \u2013 prezentacje w Power Point kl. 8<\/li><li>M\u00f3j pami\u0119tnik &#8211;\u00a0\u201eMiesi\u0105c fit\u201d \u2013 ch\u0119tni uczniowie z klas 5-8<\/li><\/ol>\n\n\n\n<p> <\/p>\n","protected":false},"excerpt":{"rendered":"<p>Og\u00f3lnopolski Program Edukacyjny \u201eTrzymaj Form\u0119!&#8221; wsp\u00f3\u0142organizowany jest&nbsp;&nbsp;przez G\u0142\u00f3wny Inspektorat Sanitarny&nbsp;oraz Polsk\u0105 Federacj\u0119 Producent\u00f3w \u017bywno\u015bci Zwi\u0105zek Pracodawc\u00f3w w ramach&nbsp;realizacji strategii WHO dotycz\u0105cej diety, aktywno\u015bci fizycznej i zdrowia. Celem programu &#8222;Trzymaj Form\u0119!&#8221; jest edukacja w zakresie trwa\u0142ego kszta\u0142towania prozdrowotnych nawyk\u00f3w w\u015br\u00f3d m\u0142odzie\u017cy szkolnej poprzez promocj\u0119 zasad aktywnego stylu \u017cycia i zbilansowanej diety . Program &#8222;Trzymaj Form\u0119!&#8221;&nbsp; realizowany&#8230;<\/p>\n","protected":false},"author":2,"featured_media":12417,"parent":0,"menu_order":0,"comment_status":"closed","ping_status":"closed","template":"","meta":{"ngg_post_thumbnail":0,"footnotes":""},"class_list":["post-12403","page","type-page","status-publish","has-post-thumbnail","hentry"],"_links":{"self":[{"href":"https:\/\/spboguchwala.pl\/index.php?rest_route=\/wp\/v2\/pages\/12403","targetHints":{"allow":["GET"]}}],"collection":[{"href":"https:\/\/spboguchwala.pl\/index.php?rest_route=\/wp\/v2\/pages"}],"about":[{"href":"https:\/\/spboguchwala.pl\/index.php?rest_route=\/wp\/v2\/types\/page"}],"author":[{"embeddable":true,"href":"https:\/\/spboguchwala.pl\/index.php?rest_route=\/wp\/v2\/users\/2"}],"replies":[{"embeddable":true,"href":"https:\/\/spboguchwala.pl\/index.php?rest_route=%2Fwp%2Fv2%2Fcomments&post=12403"}],"version-history":[{"count":3,"href":"https:\/\/spboguchwala.pl\/index.php?rest_route=\/wp\/v2\/pages\/12403\/revisions"}],"predecessor-version":[{"id":12419,"href":"https:\/\/spboguchwala.pl\/index.php?rest_route=\/wp\/v2\/pages\/12403\/revisions\/12419"}],"wp:featuredmedia":[{"embeddable":true,"href":"https:\/\/spboguchwala.pl\/index.php?rest_route=\/wp\/v2\/media\/12417"}],"wp:attachment":[{"href":"https:\/\/spboguchwala.pl\/index.php?rest_route=%2Fwp%2Fv2%2Fmedia&parent=12403"}],"curies":[{"name":"wp","href":"https:\/\/api.w.org\/{rel}","templated":true}]}}