{"id":12405,"date":"2020-05-14T20:39:36","date_gmt":"2020-05-14T20:39:36","guid":{"rendered":"http:\/\/spboguchwala.pl\/?page_id=12405"},"modified":"2020-11-23T10:51:40","modified_gmt":"2020-11-23T10:51:40","slug":"polski-zloty-ma-100-lat","status":"publish","type":"page","link":"https:\/\/spboguchwala.pl\/?page_id=12405","title":{"rendered":"Polski Z\u0141OTY ma sto lat!"},"content":{"rendered":"\n<p>Projekt realizowany z Narodowym Bankiem Polskim w ramach programu edukacji ekonomicznej.<\/p>\n\n\n\n<p>Celem projektu jest zainteresowanie uczni\u00f3w Szko\u0142y Podstawowej w Boguchwale histori\u0105 polskiego pieni\u0105dza oraz wskazanie na warto\u015b\u0107 pieni\u0105dza, podstawy ekonomii i zarz\u0105dzania finansami. Projekt zak\u0142ada poznanie przez uczestnik\u00f3w&nbsp; kontekstu historycznego zmieniaj\u0105cej si\u0119 polskiej waluty, zapoznanie z postaciami, kt\u00f3rych wizerunki by\u0142y zamieszczane na polskich banknotach i rol\u0105 w\u0142asnej waluty dla niepodleg\u0142o\u015bci Polski. Podczas trwania projektu, uczniowie b\u0119d\u0105 uczestniczy\u0107 w lekcjach muzealnych i bankowych, warsztatach historycznych i dotycz\u0105cych przedsi\u0119biorczo\u015bci. Celem projektu jest r\u00f3wnie\u017c wskazanie uczniom warto\u015bci korzystania z zaj\u0119\u0107 edukacyjnych oferowanych przez NBP, Muzeum Historyczne i Etnograficzne w Rzeszowie oraz zapoznanie si\u0119 z ofert\u0105&nbsp; tych instytucji jak r\u00f3wnie\u017c&nbsp; zach\u0119cenie do prezentacji zdobytej przez siebie wiedzy.<\/p>\n\n\n\n<p class=\"has-medium-font-size\"><strong>Formy realizacji projektu: <\/strong><\/p>\n\n\n\n<p>1. Szkolne warsztaty edukacyjne &#8211; forma warsztatowa w\u0142\u0105cza uczni\u00f3w w dzia\u0142anie, bezpo\u015brednio anga\u017cuj\u0105c ich w szukanie materia\u0142\u00f3w:<\/p>\n\n\n\n<p>1.1. Historyczne &#8211; dotycz\u0105ce historii polskiego pieni\u0105dza\ni wizerunk\u00f3w na banknotach <\/p>\n\n\n\n<p>1.2 Zaj\u0119cia z podstaw przedsi\u0119biorczo\u015bci \u2013&nbsp; gry i zabawy edukacyjne, rozwi\u0105zywanie zada\u0144 dotycz\u0105cych zarz\u0105dzania finansami<\/p>\n\n\n\n<p>2. Lekcje bankowe w Oddziale&nbsp;Okr\u0119gowym NBP w Rzeszowie \u2013 uczestnictwo w zaj\u0119ciach w Oddziale NBP w Rzeszowie, umo\u017cliwi odbiorcom poznanie instytucji od \u015brodka, jej funkcjonowania oraz poznanie jej historii i roli.<\/p>\n\n\n\n<p>3. Warsztaty edukacyjne \u201eJak to z tym pieni\u0105dzem by\u0142o \u2013 czyli historia pieni\u0105dza dla maluch\u00f3w\u201d w Muzeum Historii Miasta Rzeszowa.<\/p>\n\n\n\n<p>4. Warsztaty edukacyjne \u201eEtnobiznes dla mieszka\u0144c\u00f3w Podkarpacia\u201d w Muzeum Etnograficznym w Rzeszowie &#8211; udzia\u0142 w grze dydaktycznej.<\/p>\n\n\n\n<p>5. Tworzenie makiet polskich banknot\u00f3w \u2013 praca warsztatowa. Uczniowie stworz\u0105 makiety banknot\u00f3w, a nast\u0119pnie zaprezentuj\u0105 je na zorganizowanej przez siebie wystawie. <\/p>\n\n\n\n<p>6. Wystawa podsumowuj\u0105ca realizacj\u0119 projektu w szkole, na kt\u00f3rej zostan\u0105 zaprezentowane wykonane przez uczni\u00f3w makiety banknot\u00f3w i przygotowane na warsztatach historycznych materia\u0142y.<\/p>\n\n\nngg_shortcode_0_placeholder\n","protected":false},"excerpt":{"rendered":"<p>Projekt realizowany z Narodowym Bankiem Polskim w ramach programu edukacji ekonomicznej. Celem projektu jest zainteresowanie uczni\u00f3w Szko\u0142y Podstawowej w Boguchwale histori\u0105 polskiego pieni\u0105dza oraz wskazanie na warto\u015b\u0107 pieni\u0105dza, podstawy ekonomii i zarz\u0105dzania finansami. Projekt zak\u0142ada poznanie przez uczestnik\u00f3w&nbsp; kontekstu historycznego zmieniaj\u0105cej si\u0119 polskiej waluty, zapoznanie z postaciami, kt\u00f3rych wizerunki by\u0142y zamieszczane na polskich banknotach i&#8230;<\/p>\n","protected":false},"author":2,"featured_media":10580,"parent":0,"menu_order":0,"comment_status":"closed","ping_status":"closed","template":"","meta":{"ngg_post_thumbnail":0,"footnotes":""},"class_list":["post-12405","page","type-page","status-publish","has-post-thumbnail","hentry"],"_links":{"self":[{"href":"https:\/\/spboguchwala.pl\/index.php?rest_route=\/wp\/v2\/pages\/12405","targetHints":{"allow":["GET"]}}],"collection":[{"href":"https:\/\/spboguchwala.pl\/index.php?rest_route=\/wp\/v2\/pages"}],"about":[{"href":"https:\/\/spboguchwala.pl\/index.php?rest_route=\/wp\/v2\/types\/page"}],"author":[{"embeddable":true,"href":"https:\/\/spboguchwala.pl\/index.php?rest_route=\/wp\/v2\/users\/2"}],"replies":[{"embeddable":true,"href":"https:\/\/spboguchwala.pl\/index.php?rest_route=%2Fwp%2Fv2%2Fcomments&post=12405"}],"version-history":[{"count":4,"href":"https:\/\/spboguchwala.pl\/index.php?rest_route=\/wp\/v2\/pages\/12405\/revisions"}],"predecessor-version":[{"id":13924,"href":"https:\/\/spboguchwala.pl\/index.php?rest_route=\/wp\/v2\/pages\/12405\/revisions\/13924"}],"wp:featuredmedia":[{"embeddable":true,"href":"https:\/\/spboguchwala.pl\/index.php?rest_route=\/wp\/v2\/media\/10580"}],"wp:attachment":[{"href":"https:\/\/spboguchwala.pl\/index.php?rest_route=%2Fwp%2Fv2%2Fmedia&parent=12405"}],"curies":[{"name":"wp","href":"https:\/\/api.w.org\/{rel}","templated":true}]}}