{"id":12407,"date":"2020-05-14T20:39:57","date_gmt":"2020-05-14T20:39:57","guid":{"rendered":"http:\/\/spboguchwala.pl\/?page_id=12407"},"modified":"2020-05-21T17:55:17","modified_gmt":"2020-05-21T17:55:17","slug":"multisport","status":"publish","type":"page","link":"https:\/\/spboguchwala.pl\/?page_id=12407","title":{"rendered":"\u201eSZKOLNY KLUB SPORTOWY\u201d, wcze\u015bniej Multisport"},"content":{"rendered":"\n<p>Program&nbsp;<strong>\u201eSzkolny\nKlub Sportowy\u201d&nbsp;<\/strong>jest skierowany do uczni\u00f3w szk\u00f3\u0142 bez wzgl\u0119du na\nwiek, p\u0142e\u0107 oraz sprawno\u015b\u0107 fizyczn\u0105. Program ma na celu umo\u017cliwienie\npodejmowania dodatkowej aktywno\u015bci fizycznej realizowanej w formie zaj\u0119\u0107\nsportowych i rekreacyjnych pod opiek\u0105 nauczyciela prowadz\u0105cego zaj\u0119cia\nwychowania fizycznego w szkole.<\/p>\n\n\n\n<p>Znaj\u0105c potrzeby rozwojowe uczni\u00f3w naszej szko\u0142y, ich zainteresowania i predyspozycje oraz warunki, jakimi dysponuje szko\u0142a, wybrali\u015bmy zaj\u0119cia z gier zespo\u0142owych (zim\u0105 \u0142y\u017cwiarstwo) jako te, kt\u00f3re dostarczaj\u0105 dzieciom najwi\u0119cej rado\u015bci i satysfakcji. Program swoimi za\u0142o\u017ceniami przybli\u017ca uczniom gr\u0119 m.in. w pi\u0142k\u0119 no\u017cn\u0105, pi\u0142k\u0119 siatkow\u0105 i koszyk\u00f3wk\u0119.<br>Wed\u0142ug za\u0142o\u017ce\u0144 programu, zaj\u0119cia s\u0105 prowadzone z uczniami w ramach zaj\u0119\u0107 pozalekcyjnych w wymiarze 2 godzin tygodniowo. Odbywaj\u0105 si\u0119 one w sali gimnastycznej lub na boisku. Na zaj\u0119ciach &nbsp;realizowane s\u0105 tre\u015bci z proponowanych gier zespo\u0142owych, jednej, dw\u00f3ch lub wszystkich, w zale\u017cno\u015bci od zainteresowa\u0144 uczestnik\u00f3w tych zaj\u0119\u0107. W czasie zaj\u0119\u0107 uczniowie poznaj\u0105, doskonal\u0105 podstawowe elementy techniki i taktyki gier zespo\u0142owych, a tak\u017ce&nbsp; rozwijaj\u0105 w sobie zasad\u0119 \u201efair play\u201d. Uczniowie, uczestnicz\u0105c w tych zaj\u0119ciach&nbsp; kszta\u0142tuj\u0105 postaw\u0119 prozdrowotn\u0105, polegaj\u0105c\u0105 na czynnym wypoczynku, dlatego udzia\u0142 w zaj\u0119ciach jest dobrowolny, ale systematyczny.<br>Udzia\u0142 w zaj\u0119ciach sportowych regeneruje si\u0142y fizyczne i psychiczne dziecka, rozwija sprawno\u015b\u0107 psychomotoryczn\u0105, kszta\u0142tuje postaw\u0119 wsp\u00f3\u0142dzia\u0142ania zespo\u0142owego i wzajemnej odpowiedzialno\u015bci.<\/p>\n\n\n\n<p><strong>CELE PROGRAMU<\/strong><\/p>\n\n\n\n<ol class=\"wp-block-list\"><li>stymulowanie i kszta\u0142towanie nawyku podejmowania aktywno\u015bci fizycznej przez\ndzieci i m\u0142odzie\u017c;<\/li><li>poprawa sprawno\u015bci fizycznej, stanu zdrowia oraz jako\u015bci \u017cycia dzieci i\nm\u0142odzie\u017cy, w tym profilaktyka nadwagi i oty\u0142o\u015bci;<\/li><li>promocja zdrowego i aktywnego stylu \u017cycia w\u015br\u00f3d dzieci i m\u0142odzie\u017cy;<\/li><li>zwi\u0119kszenie oferty og\u00f3lnodost\u0119pnych, bezp\u0142atnych zaj\u0119\u0107 sportowo-rekreacyjnych\ndla dzieci i m\u0142odzie\u017cy;<\/li><li>stymulowanie podejmowania aktywno\u015bci fizycznej w\u015br\u00f3d dzieci i m\u0142odzie\u017cy\nmniej aktywnych i mniej sprawnych fizycznie, ze szczeg\u00f3lnym uwzgl\u0119dnieniem\ndziewcz\u0105t;<\/li><li>tworzenie warunk\u00f3w dla rozwoju talent\u00f3w oraz zainteresowa\u0144 sportowych dzieci\ni m\u0142odzie\u017cy;<\/li><li>optymalizacja wykorzystania lokalnej infrastruktury sportowej, w tym\ninfrastruktury przyszkolnej;<\/li><li>promocja r\u00f3\u017cnorodnych sport\u00f3w w\u015br\u00f3d dzieci i m\u0142odzie\u017cy;<\/li><li>wsparcie kadr pracuj\u0105cych z dzie\u0107mi i m\u0142odzie\u017c\u0105 w obszarze sportu.<\/li><\/ol>\n\n\nngg_shortcode_0_placeholder\n","protected":false},"excerpt":{"rendered":"<p>Program&nbsp;\u201eSzkolny Klub Sportowy\u201d&nbsp;jest skierowany do uczni\u00f3w szk\u00f3\u0142 bez wzgl\u0119du na wiek, p\u0142e\u0107 oraz sprawno\u015b\u0107 fizyczn\u0105. Program ma na celu umo\u017cliwienie podejmowania dodatkowej aktywno\u015bci fizycznej realizowanej w formie zaj\u0119\u0107 sportowych i rekreacyjnych pod opiek\u0105 nauczyciela prowadz\u0105cego zaj\u0119cia wychowania fizycznego w szkole. Znaj\u0105c potrzeby rozwojowe uczni\u00f3w naszej szko\u0142y, ich zainteresowania i predyspozycje oraz warunki, jakimi dysponuje szko\u0142a,&#8230;<\/p>\n","protected":false},"author":2,"featured_media":12555,"parent":0,"menu_order":0,"comment_status":"closed","ping_status":"closed","template":"","meta":{"ngg_post_thumbnail":0,"footnotes":""},"class_list":["post-12407","page","type-page","status-publish","has-post-thumbnail","hentry"],"_links":{"self":[{"href":"https:\/\/spboguchwala.pl\/index.php?rest_route=\/wp\/v2\/pages\/12407","targetHints":{"allow":["GET"]}}],"collection":[{"href":"https:\/\/spboguchwala.pl\/index.php?rest_route=\/wp\/v2\/pages"}],"about":[{"href":"https:\/\/spboguchwala.pl\/index.php?rest_route=\/wp\/v2\/types\/page"}],"author":[{"embeddable":true,"href":"https:\/\/spboguchwala.pl\/index.php?rest_route=\/wp\/v2\/users\/2"}],"replies":[{"embeddable":true,"href":"https:\/\/spboguchwala.pl\/index.php?rest_route=%2Fwp%2Fv2%2Fcomments&post=12407"}],"version-history":[{"count":3,"href":"https:\/\/spboguchwala.pl\/index.php?rest_route=\/wp\/v2\/pages\/12407\/revisions"}],"predecessor-version":[{"id":12564,"href":"https:\/\/spboguchwala.pl\/index.php?rest_route=\/wp\/v2\/pages\/12407\/revisions\/12564"}],"wp:featuredmedia":[{"embeddable":true,"href":"https:\/\/spboguchwala.pl\/index.php?rest_route=\/wp\/v2\/media\/12555"}],"wp:attachment":[{"href":"https:\/\/spboguchwala.pl\/index.php?rest_route=%2Fwp%2Fv2%2Fmedia&parent=12407"}],"curies":[{"name":"wp","href":"https:\/\/api.w.org\/{rel}","templated":true}]}}