{"id":13021,"date":"2020-09-03T15:49:52","date_gmt":"2020-09-03T15:49:52","guid":{"rendered":"http:\/\/spboguchwala.pl\/?page_id=13021"},"modified":"2026-02-10T14:53:39","modified_gmt":"2026-02-10T14:53:39","slug":"pedagog-szkolny","status":"publish","type":"page","link":"https:\/\/spboguchwala.pl\/?page_id=13021","title":{"rendered":"Pedagodzy i Psycholog"},"content":{"rendered":"\n<p class=\"has-text-align-center has-medium-font-size\"><strong><span style=\"color:#f01115\" class=\"has-inline-color\">GODZINY PRACY PEDAGOGA SPECJALNEGO<\/span><br><\/strong>w roku szkolnym 2025\/2026<\/p>\n\n\n\n<p class=\"has-text-align-center has-medium-font-size\"><strong>Agata Zegar-Drozdowska (s.123, I pi\u0119tro)<\/strong><\/p>\n\n\n\n<figure class=\"wp-block-table\"><table class=\"has-fixed-layout\"><tbody><tr><td class=\"has-text-align-center\" data-align=\"center\"><strong>Poniedzia\u0142ek<\/strong><\/td><td class=\"has-text-align-center\" data-align=\"center\"><strong>Wtorek<\/strong><\/td><td class=\"has-text-align-center\" data-align=\"center\"><strong>\u015aroda<\/strong><\/td><td class=\"has-text-align-center\" data-align=\"center\"><strong>Czwartek<\/strong><\/td><td class=\"has-text-align-center\" data-align=\"center\"><strong>Pi\u0105tek<\/strong><\/td><\/tr><tr><td class=\"has-text-align-center\" data-align=\"center\">&nbsp; 8.30-13.30<\/td><td class=\"has-text-align-center\" data-align=\"center\">&nbsp; 8.30-14.30<\/td><td class=\"has-text-align-center\" data-align=\"center\">&nbsp; &#8212;<\/td><td class=\"has-text-align-center\" data-align=\"center\">&nbsp; 8.30-14.30 &nbsp;<\/td><td class=\"has-text-align-center\" data-align=\"center\">&nbsp; 8.30-13.30<\/td><\/tr><\/tbody><\/table><\/figure>\n\n\n\n<p class=\"has-text-align-center has-medium-font-size\"><strong><span style=\"color:#f01115\" class=\"has-inline-color\">GODZINY PRACY PEDAGOGA SZKOLNEGO<\/span><br><\/strong>w roku szkolnym 2025\/2026<\/p>\n\n\n\n<p class=\"has-text-align-center has-medium-font-size\"><strong>Agata Drogo\u0144-Mul (s. 106, skrzyd\u0142o)<\/strong><\/p>\n\n\n\n<figure class=\"wp-block-table\"><table class=\"has-fixed-layout\"><tbody><tr><td class=\"has-text-align-center\" data-align=\"center\"><strong>Poniedzia\u0142ek<\/strong><\/td><td class=\"has-text-align-center\" data-align=\"center\"><strong>Wtorek<\/strong><\/td><td class=\"has-text-align-center\" data-align=\"center\"><strong>\u015aroda<\/strong><\/td><td class=\"has-text-align-center\" data-align=\"center\"><strong>Czwartek<\/strong><\/td><td class=\"has-text-align-center\" data-align=\"center\"><strong>Pi\u0105tek<\/strong><\/td><\/tr><tr><td class=\"has-text-align-center\" data-align=\"center\">&nbsp; 10.35-14.45 <strong>&nbsp;<\/strong><\/td><td class=\"has-text-align-center\" data-align=\"center\">&nbsp; 10.35-14.35<\/td><td class=\"has-text-align-center\" data-align=\"center\">&nbsp; 8.45-10.35<\/td><td class=\"has-text-align-center\" data-align=\"center\">&nbsp; 11.45-13.45 &nbsp;<\/td><td class=\"has-text-align-center\" data-align=\"center\">&nbsp; 7.55-8.55<\/td><\/tr><\/tbody><\/table><\/figure>\n\n\n\n<p class=\"has-text-align-center has-medium-font-size\"><strong><span style=\"color:#f01115\" class=\"has-inline-color\">GODZINY PRACY PSYCHOLOGA<\/span><br><\/strong>w roku szkolnym 2025\/2026<\/p>\n\n\n\n<p class=\"has-text-align-center has-medium-font-size\"><strong>Bernadetta Porada<\/strong> <strong>(s. 123, I pi\u0119tro)<\/strong><\/p>\n\n\n\n<figure class=\"wp-block-table\"><table class=\"has-fixed-layout\"><tbody><tr><td class=\"has-text-align-center\" data-align=\"center\"><strong>Poniedzia\u0142ek<\/strong><\/td><td class=\"has-text-align-center\" data-align=\"center\"><strong>Wtorek<\/strong><\/td><td class=\"has-text-align-center\" data-align=\"center\"><strong>\u015aroda<\/strong><\/td><td class=\"has-text-align-center\" data-align=\"center\"><strong>Czwartek<\/strong><\/td><td class=\"has-text-align-center\" data-align=\"center\"><strong>Pi\u0105tek<\/strong><\/td><\/tr><tr><td class=\"has-text-align-center\" data-align=\"center\">\u00a0 8.00-13.00 <strong>\u00a0<\/strong><\/td><td class=\"has-text-align-center\" data-align=\"center\">&nbsp; &#8212;<\/td><td class=\"has-text-align-center\" data-align=\"center\">\u00a0 8.00-14.30<\/td><td class=\"has-text-align-center\" data-align=\"center\">&nbsp; &#8212; &nbsp;<\/td><td class=\"has-text-align-center\" data-align=\"center\">\u00a0 8.00-14.30<\/td><\/tr><\/tbody><\/table><\/figure>\n\n\n\n<p><\/p>\n","protected":false},"excerpt":{"rendered":"<p>GODZINY PRACY PEDAGOGA SPECJALNEGOw roku szkolnym 2025\/2026 Agata Zegar-Drozdowska (s.123, I pi\u0119tro) Poniedzia\u0142ek Wtorek \u015aroda Czwartek Pi\u0105tek &nbsp; 8.30-13.30 &nbsp; 8.30-14.30 &nbsp; &#8212; &nbsp; 8.30-14.30 &nbsp; &nbsp; 8.30-13.30 GODZINY PRACY PEDAGOGA SZKOLNEGOw roku szkolnym 2025\/2026 Agata Drogo\u0144-Mul (s. 106, skrzyd\u0142o) Poniedzia\u0142ek Wtorek \u015aroda Czwartek Pi\u0105tek &nbsp; 10.35-14.45 &nbsp; &nbsp; 10.35-14.35 &nbsp; 8.45-10.35 &nbsp; 11.45-13.45 &nbsp;&#8230;<\/p>\n","protected":false},"author":2,"featured_media":13025,"parent":0,"menu_order":0,"comment_status":"closed","ping_status":"closed","template":"","meta":{"ngg_post_thumbnail":0,"footnotes":""},"class_list":["post-13021","page","type-page","status-publish","has-post-thumbnail","hentry"],"_links":{"self":[{"href":"https:\/\/spboguchwala.pl\/index.php?rest_route=\/wp\/v2\/pages\/13021","targetHints":{"allow":["GET"]}}],"collection":[{"href":"https:\/\/spboguchwala.pl\/index.php?rest_route=\/wp\/v2\/pages"}],"about":[{"href":"https:\/\/spboguchwala.pl\/index.php?rest_route=\/wp\/v2\/types\/page"}],"author":[{"embeddable":true,"href":"https:\/\/spboguchwala.pl\/index.php?rest_route=\/wp\/v2\/users\/2"}],"replies":[{"embeddable":true,"href":"https:\/\/spboguchwala.pl\/index.php?rest_route=%2Fwp%2Fv2%2Fcomments&post=13021"}],"version-history":[{"count":29,"href":"https:\/\/spboguchwala.pl\/index.php?rest_route=\/wp\/v2\/pages\/13021\/revisions"}],"predecessor-version":[{"id":44490,"href":"https:\/\/spboguchwala.pl\/index.php?rest_route=\/wp\/v2\/pages\/13021\/revisions\/44490"}],"wp:featuredmedia":[{"embeddable":true,"href":"https:\/\/spboguchwala.pl\/index.php?rest_route=\/wp\/v2\/media\/13025"}],"wp:attachment":[{"href":"https:\/\/spboguchwala.pl\/index.php?rest_route=%2Fwp%2Fv2%2Fmedia&parent=13021"}],"curies":[{"name":"wp","href":"https:\/\/api.w.org\/{rel}","templated":true}]}}