{"id":13057,"date":"2020-09-09T17:56:08","date_gmt":"2020-09-09T17:56:08","guid":{"rendered":"http:\/\/spboguchwala.pl\/?page_id=13057"},"modified":"2025-09-08T19:28:55","modified_gmt":"2025-09-08T19:28:55","slug":"dni-wolne-od-zajec-dydaktycznych-2020-2021","status":"publish","type":"page","link":"https:\/\/spboguchwala.pl\/?page_id=13057","title":{"rendered":"Dni wolne od zaj\u0119\u0107 dydaktycznych 2025\/2026"},"content":{"rendered":"\n<p class=\"has-text-align-center has-medium-font-size\"><strong><span style=\"color:#ee1040\" class=\"has-inline-color\">Dni wolne od zaj\u0119\u0107 dydaktycznych w roku szkolnym 2025\/2026:<\/span><\/strong><\/p>\n\n\n\n<p class=\"has-medium-font-size\">&#8211; 10.11.2025<br>&#8211; 02.01.2026<br>&#8211; 05.01.2026<br>&#8211; 11-13.05.2026 &#8211; Egzamin \u00f3smoklasisty<br>&#8211; 05.06.2026<br>&#8211; 25.06.2026<\/p>\n\n\n\n<p class=\"has-medium-font-size\">W tych dniach szko\u0142a organizuje zaj\u0119cia wychowawczo-opieku\u0144cze.<\/p>\n","protected":false},"excerpt":{"rendered":"<p>Dni wolne od zaj\u0119\u0107 dydaktycznych w roku szkolnym 2025\/2026: &#8211; 10.11.2025&#8211; 02.01.2026&#8211; 05.01.2026&#8211; 11-13.05.2026 &#8211; Egzamin \u00f3smoklasisty&#8211; 05.06.2026&#8211; 25.06.2026 W tych dniach szko\u0142a organizuje zaj\u0119cia wychowawczo-opieku\u0144cze.<\/p>\n","protected":false},"author":2,"featured_media":8576,"parent":0,"menu_order":0,"comment_status":"closed","ping_status":"closed","template":"","meta":{"ngg_post_thumbnail":0,"footnotes":""},"class_list":["post-13057","page","type-page","status-publish","has-post-thumbnail","hentry"],"_links":{"self":[{"href":"https:\/\/spboguchwala.pl\/index.php?rest_route=\/wp\/v2\/pages\/13057","targetHints":{"allow":["GET"]}}],"collection":[{"href":"https:\/\/spboguchwala.pl\/index.php?rest_route=\/wp\/v2\/pages"}],"about":[{"href":"https:\/\/spboguchwala.pl\/index.php?rest_route=\/wp\/v2\/types\/page"}],"author":[{"embeddable":true,"href":"https:\/\/spboguchwala.pl\/index.php?rest_route=\/wp\/v2\/users\/2"}],"replies":[{"embeddable":true,"href":"https:\/\/spboguchwala.pl\/index.php?rest_route=%2Fwp%2Fv2%2Fcomments&post=13057"}],"version-history":[{"count":11,"href":"https:\/\/spboguchwala.pl\/index.php?rest_route=\/wp\/v2\/pages\/13057\/revisions"}],"predecessor-version":[{"id":40816,"href":"https:\/\/spboguchwala.pl\/index.php?rest_route=\/wp\/v2\/pages\/13057\/revisions\/40816"}],"wp:featuredmedia":[{"embeddable":true,"href":"https:\/\/spboguchwala.pl\/index.php?rest_route=\/wp\/v2\/media\/8576"}],"wp:attachment":[{"href":"https:\/\/spboguchwala.pl\/index.php?rest_route=%2Fwp%2Fv2%2Fmedia&parent=13057"}],"curies":[{"name":"wp","href":"https:\/\/api.w.org\/{rel}","templated":true}]}}