{"id":13084,"date":"2020-09-10T18:34:16","date_gmt":"2020-09-10T18:34:16","guid":{"rendered":"http:\/\/spboguchwala.pl\/?page_id=13084"},"modified":"2025-08-29T11:12:53","modified_gmt":"2025-08-29T11:12:53","slug":"swietlica-szkolna","status":"publish","type":"page","link":"https:\/\/spboguchwala.pl\/?page_id=13084","title":{"rendered":"\u015awietlica szkolna"},"content":{"rendered":"\n<div class=\"wp-block-file\"><a id=\"wp-block-file--media-da873c13-3b79-486a-bcef-ca03814b31e4\" href=\"https:\/\/spboguchwala.pl\/wp-content\/uploads\/2025\/08\/Karta-zapisu-do-swietlicy-szkolnej.docx\" target=\"_blank\" rel=\"noreferrer noopener\">Karta zapisu do \u015bwietlicy szkolnej 2025 2026<\/a><\/div>\n\n\n\n<div class=\"wp-block-file\"><a id=\"wp-block-file--media-f3667d1c-eb16-4570-91ba-1d2bde52e13a\" href=\"https:\/\/spboguchwala.pl\/wp-content\/uploads\/2025\/08\/karta-do-swietlicy-MCK.docx\" target=\"_blank\" rel=\"noreferrer noopener\">Karta zapisu do \u015bwietlicy MCK 2025 2026<\/a><\/div>\n\n\n\n<div class=\"wp-block-file\"><a href=\"https:\/\/spboguchwala.pl\/wp-content\/uploads\/2021\/11\/Regulamin-swietlicy-szkolnej.pdf\" target=\"_blank\" rel=\"noreferrer noopener\">Regulamin \u015bwietlicy szkolnej<\/a><\/div>\n\n\n\n<div class=\"wp-block-file\"><a id=\"wp-block-file--media-1967d92b-0c58-4945-a434-08dd08df1cba\" href=\"https:\/\/spboguchwala.pl\/wp-content\/uploads\/2025\/08\/regulamin-swietlicy-mck.docx\" target=\"_blank\" rel=\"noreferrer noopener\">Regulamin \u015bwietlicy MCK<\/a><\/div>\n\n\n\n<div class=\"wp-block-file\"><a href=\"https:\/\/spboguchwala.pl\/wp-content\/uploads\/2023\/04\/Opieka-w-dni-wolne-od-zajec.pdf\" target=\"_blank\" rel=\"noreferrer noopener\">WNIOSEK rodzica o obj\u0119cie dziecka opiek\u0105 w dniach wolnych od zaj\u0119\u0107 dydaktycznych<\/a><\/div>\n\n\n\n<div class=\"wp-block-file\"><a href=\"https:\/\/spboguchwala.pl\/wp-content\/uploads\/2022\/09\/Zgoda-na-samodzielny-jednorazowy-powrot-dziecka-ze-swietlicy-szkolnej..pdf\" target=\"_blank\" rel=\"noreferrer noopener\">Zgoda na samodzielny jednorazowy powr\u00f3t dziecka ze \u015bwietlicy szkolnej<\/a><\/div>\n\n\n\n<div class=\"wp-block-file\"><a href=\"https:\/\/spboguchwala.pl\/wp-content\/uploads\/2022\/09\/Swietlica-zgoda-na-samodzielny-powrot-do-domu..pdf\" target=\"_blank\" rel=\"noreferrer noopener\">\u015awietlica zgoda na samodzielny powr\u00f3t do domu<\/a><\/div>\n\n\n\n<div class=\"wp-block-file\"><a href=\"https:\/\/spboguchwala.pl\/wp-content\/uploads\/2025\/04\/14.12-Wniosek-Rodzica-opieka-swietlica.pdf\" target=\"_blank\" rel=\"noreferrer noopener\">14.12 Wniosek Rodzica opieka \u015bwietlicowa NAUCZANIE ZDALNE<\/a><\/div>\n","protected":false},"excerpt":{"rendered":"Karta zapisu do \u015bwietlicy szkolnej 2025 2026 Karta zapisu do \u015bwietlicy MCK 2025 2026 Regulamin \u015bwietlicy szkolnej Regulamin \u015bwietlicy MCK WNIOSEK rodzica o obj\u0119cie dziecka opiek\u0105 w dniach wolnych od zaj\u0119\u0107 dydaktycznych Zgoda na samodzielny jednorazowy powr\u00f3t dziecka ze \u015bwietlicy szkolnej \u015awietlica zgoda na samodzielny powr\u00f3t do domu 14.12 Wniosek Rodzica opieka \u015bwietlicowa NAUCZANIE ZDALNE","protected":false},"author":2,"featured_media":9390,"parent":0,"menu_order":0,"comment_status":"closed","ping_status":"closed","template":"","meta":{"ngg_post_thumbnail":0,"footnotes":""},"class_list":["post-13084","page","type-page","status-publish","has-post-thumbnail","hentry"],"_links":{"self":[{"href":"https:\/\/spboguchwala.pl\/index.php?rest_route=\/wp\/v2\/pages\/13084","targetHints":{"allow":["GET"]}}],"collection":[{"href":"https:\/\/spboguchwala.pl\/index.php?rest_route=\/wp\/v2\/pages"}],"about":[{"href":"https:\/\/spboguchwala.pl\/index.php?rest_route=\/wp\/v2\/types\/page"}],"author":[{"embeddable":true,"href":"https:\/\/spboguchwala.pl\/index.php?rest_route=\/wp\/v2\/users\/2"}],"replies":[{"embeddable":true,"href":"https:\/\/spboguchwala.pl\/index.php?rest_route=%2Fwp%2Fv2%2Fcomments&post=13084"}],"version-history":[{"count":23,"href":"https:\/\/spboguchwala.pl\/index.php?rest_route=\/wp\/v2\/pages\/13084\/revisions"}],"predecessor-version":[{"id":40770,"href":"https:\/\/spboguchwala.pl\/index.php?rest_route=\/wp\/v2\/pages\/13084\/revisions\/40770"}],"wp:featuredmedia":[{"embeddable":true,"href":"https:\/\/spboguchwala.pl\/index.php?rest_route=\/wp\/v2\/media\/9390"}],"wp:attachment":[{"href":"https:\/\/spboguchwala.pl\/index.php?rest_route=%2Fwp%2Fv2%2Fmedia&parent=13084"}],"curies":[{"name":"wp","href":"https:\/\/api.w.org\/{rel}","templated":true}]}}