{"id":13128,"date":"2020-09-14T19:48:52","date_gmt":"2020-09-14T19:48:52","guid":{"rendered":"http:\/\/spboguchwala.pl\/?page_id=13128"},"modified":"2026-02-06T21:08:18","modified_gmt":"2026-02-06T21:08:18","slug":"biblioteka","status":"publish","type":"page","link":"https:\/\/spboguchwala.pl\/?page_id=13128","title":{"rendered":"Biblioteka"},"content":{"rendered":"<div class=\"wp-block-image is-resized\">\n<figure class=\"aligncenter size-large\"><img loading=\"lazy\" decoding=\"async\" width=\"600\" height=\"176\" src=\"https:\/\/spboguchwala.pl\/wp-content\/uploads\/2020\/06\/biblioteka.jpg\" alt=\"\" class=\"wp-image-12746\" srcset=\"https:\/\/spboguchwala.pl\/wp-content\/uploads\/2020\/06\/biblioteka.jpg 600w, https:\/\/spboguchwala.pl\/wp-content\/uploads\/2020\/06\/biblioteka-300x88.jpg 300w\" sizes=\"auto, (max-width: 600px) 100vw, 600px\" \/><\/figure><\/div>\n\n<div class=\"wp-block-image\">\n<figure class=\"aligncenter size-large\"><img loading=\"lazy\" decoding=\"async\" width=\"1024\" height=\"576\" src=\"https:\/\/spboguchwala.pl\/wp-content\/uploads\/2026\/02\/Biblioteka-II-polrocze-1024x576.jpg\" alt=\"\" class=\"wp-image-44320\" srcset=\"https:\/\/spboguchwala.pl\/wp-content\/uploads\/2026\/02\/Biblioteka-II-polrocze-1024x576.jpg 1024w, https:\/\/spboguchwala.pl\/wp-content\/uploads\/2026\/02\/Biblioteka-II-polrocze-300x169.jpg 300w, https:\/\/spboguchwala.pl\/wp-content\/uploads\/2026\/02\/Biblioteka-II-polrocze-768x432.jpg 768w, https:\/\/spboguchwala.pl\/wp-content\/uploads\/2026\/02\/Biblioteka-II-polrocze-1536x864.jpg 1536w, https:\/\/spboguchwala.pl\/wp-content\/uploads\/2026\/02\/Biblioteka-II-polrocze.jpg 1920w\" sizes=\"auto, (max-width: 1024px) 100vw, 1024px\" \/><\/figure><\/div>\n\n\n<p class=\"has-text-align-center has-large-font-size\"><strong>Regulamin Biblioteki Szkolnej<\/strong><\/p>\n\n\n\n<p class=\"has-text-align-center has-medium-font-size\"><strong>obowi\u0105zuj\u0105cy w Szkole\nPodstawowej<\/strong><\/p>\n\n\n\n<p class=\"has-text-align-center has-medium-font-size\"><strong>im. gen. Stanis\u0142awa\nMaczka w Boguchwale<\/strong><\/p>\n\n\n\n<p class=\"has-text-align-center\">Biblioteka szkolna jest mi\u0119dzyprzedmiotow\u0105 pracowni\u0105 i szkolnym o\u015brodkiem informacji s\u0142u\u017c\u0105cym uczniom, <br>pracownikom szko\u0142y i rodzicom.<\/p>\n\n\n\n<p class=\"has-text-align-center\">Na terenie biblioteki obowi\u0105zuje cisza i zakaz spo\u017cywania posi\u0142k\u00f3w, picia\nnapoj\u00f3w oraz korzystania z telefon\u00f3w kom\u00f3rkowych.<\/p>\n\n\n\n<p><strong>Celem dzia\u0142alno\u015bci biblioteki szkolnej\njest:<\/strong><\/p>\n\n\n\n<ol class=\"wp-block-list\">\n<li>Wypo\u017cyczanie ksi\u0105\u017cek, czasopism, materia\u0142\u00f3w dydaktycznych oraz udost\u0119pnianie swych zbior\u00f3w na miejscu.<\/li>\n\n\n\n<li>Gromadzenie, opracowywanie i udost\u0119pnianie informacji \u2013 pe\u0142nienie roli szkolnego centrum informacji.<\/li>\n\n\n\n<li>Prowadzenie zaj\u0119\u0107 bibliotecznych rozwijaj\u0105cych wra\u017cliwo\u015b\u0107 kulturow\u0105 i spo\u0142eczn\u0105, indywidualne zainteresowania uczni\u00f3w, promuj\u0105ce czytelnictwo.<\/li>\n\n\n\n<li>Przygotowanie uczni\u00f3w do samodzielnego wyszukiwania informacji, samokszta\u0142cenia oraz korzystania z r\u00f3\u017cnego rodzaju zbior\u00f3w na dalszych etapach edukacji.<\/li>\n\n\n\n<li>Rozwijanie kreatywno\u015bci uczni\u00f3w.<\/li>\n\n\n\n<li>Kszta\u0142cenie umiej\u0119tno\u015bci efektywnego pos\u0142ugiwania si\u0119 technologi\u0105 informacyjn\u0105.<\/li>\n\n\n\n<li>Wspieranie realizacji zada\u0144 dydaktycznych, wychowawczych i opieku\u0144czych szko\u0142y.<\/li>\n\n\n\n<li>Rozwijanie wsp\u00f3\u0142pracy z uczniami, nauczycielami, rodzicami i innymi bibliotekami szkolnymi i publicznymi w najbli\u017cszej okolicy.<\/li>\n<\/ol>\n\n\n\n<p><strong>Zbiory biblioteczne:<\/strong><\/p>\n\n\n\n<p>Biblioteka gromadzi:<\/p>\n\n\n\n<ul class=\"wp-block-list\">\n<li>wydawnictwa informacyjne,<\/li>\n\n\n\n<li>podr\u0119czniki i programy nauczania,<\/li>\n\n\n\n<li>wydawnictwa z zakresu psychologii, pedagogiki i<br>dydaktyki, edukacyjne dokumenty audiowizualne i multimedialne,<\/li>\n\n\n\n<li>lektury obowi\u0105zkowe i uzupe\u0142niaj\u0105ce,<\/li>\n\n\n\n<li>beletrystyk\u0119 pozalekturow\u0105,<\/li>\n\n\n\n<li>literatur\u0119 naukow\u0105 i popularnonaukow\u0105 zgodnie z<br>potrzebami szko\u0142y, wydawnictwa zwi\u0105zane z regionem.<\/li>\n<\/ul>\n\n\n\n<p><strong>Zasady korzystania z biblioteki:<\/strong><\/p>\n\n\n\n<ol class=\"wp-block-list\">\n<li>Biblioteka jest czynna w ustalonych i podanych do wiadomo\u015bci godzinach.<\/li>\n\n\n\n<li>Z ksi\u0119gozbioru bibliotecznego mog\u0105 korzysta\u0107 wszyscy uczniowie i pracownicy szko\u0142y.<\/li>\n\n\n\n<li>Czytelnicy maj\u0105 prawo do bezp\u0142atnego korzystania ze zbior\u00f3w biblioteki.<\/li>\n\n\n\n<li>Wypo\u017cycza\u0107 ksi\u0105\u017cki wolno tylko na swoje nazwisko.<\/li>\n\n\n\n<li>Dokonuj\u0105c zwrot\u00f3w ksi\u0105\u017cek nale\u017cy poda\u0107 swoje nazwisko, imi\u0119 i klas\u0119.<\/li>\n\n\n\n<li>Wypo\u017cycze\u0144 dla nauczycieli dokonuje si\u0119 indywidualnie w godzinach pracy biblioteki.<\/li>\n\n\n\n<li>Ze zbioru podr\u0119cznego uczniowie korzystaj\u0105 wy\u0142\u0105cznie na miejscu.<\/li>\n\n\n\n<li>Ksi\u0105\u017cki i materia\u0142y dydaktyczne mog\u0105 by\u0107 wypo\u017cyczane nauczycielom na lekcje. Cz\u0119\u015b\u0107 ksi\u0119gozbioru mo\u017cna przekaza\u0107 do u\u017cytku w pracowniach przedmiotowych. W\u00f3wczas odpowiedzialno\u015b\u0107 materialna za zbi\u00f3r spoczywa na nauczycielu przedmiotu.<\/li>\n\n\n\n<li>Maksymalny czas wypo\u017cycze\u0144 ksi\u0105\u017cki to 2 tygodnie. Za zgod\u0105 nauczyciela bibliotekarza mo\u017cna go wyd\u0142u\u017cy\u0107 \/z wyj\u0105tkiem lektur\/ na kolejny okres.<\/li>\n\n\n\n<li>Ucze\u0144 mo\u017ce posiada\u0107 na swoim koncie jedynie 4 ksi\u0105\u017cki. W wyj\u0105tkowych sytuacjach <br>o wi\u0119kszej ilo\u015bci ksi\u0105\u017cek decyduje nauczyciel-bibliotekarz.<\/li>\n\n\n\n<li>Ucze\u0144 przygotowuj\u0105cy si\u0119 do konkurs\u00f3w ma prawo do wypo\u017cyczenia wi\u0119kszej ilo\u015bci ksi\u0105\u017cek jednorazowo.<\/li>\n\n\n\n<li>Ucze\u0144, kt\u00f3ry ma nieoddan\u0105 w terminie ksi\u0105\u017ck\u0119, nie mo\u017ce korzysta\u0107 z ksi\u0119gozbioru bibliotecznego.<\/li>\n\n\n\n<li>Czytelnik zobowi\u0105zany jest do szanowania wypo\u017cyczonych ksi\u0105\u017cek.<\/li>\n\n\n\n<li>Czytelnik, kt\u00f3ry zgubi lub zniszczy wypo\u017cyczon\u0105 ksi\u0105\u017ck\u0119 zobowi\u0105zany jest do niezw\u0142ocznego odkupienia takiej samej ksi\u0105\u017cki lub innej wskazanej przez nauczyciela-bibliotekarza. Do momentu, gdy tego nie uczyni, jest zawieszony w prawach korzystania <br>z biblioteki.<\/li>\n\n\n\n<li>Nie wolno samemu bra\u0107 ksi\u0105\u017cek z ksi\u0119gozbioru podr\u0119cznego.<\/li>\n\n\n\n<li>Na dwa tygodnie przed zako\u0144czeniem roku szkolnego ka\u017cdy czytelnik ma obowi\u0105zek odda\u0107 wszystkie wypo\u017cyczone ksi\u0105\u017cki.<\/li>\n\n\n\n<li>Ka\u017cdy czytelnik zobowi\u0105zany jest do zaznajomienia si\u0119 z niniejszym regulaminem i do bezwzgl\u0119dnego przestrzegania go.<\/li>\n<\/ol>\n\n\n\n<p class=\"has-text-align-center\"><strong>Aneks do regulaminu\ndotycz\u0105cy pracy biblioteki w czasie zagro\u017cenia epidemiologicznego<\/strong><\/p>\n\n\n\n<p class=\"has-text-align-center\"><strong>Zasady zachowania bezpiecze\u0144stwa i\nfunkcjonowania biblioteki szkolnej Szko\u0142y Podstawowej w Boguchwale w okresie\nzagro\u017cenia epidemicznego COVID-19:<\/strong><\/p>\n\n\n\n<ol class=\"wp-block-list\">\n<li>Z zasob\u00f3w biblioteki mog\u0105 korzysta\u0107 tylko osoby zdrowe, nieobj\u0119te kwarantann\u0105.<\/li>\n\n\n\n<li>Przed wej\u015bciem do biblioteki nale\u017cy zdezynfekowa\u0107 r\u0119ce.<\/li>\n\n\n\n<li>Zaleca si\u0119 aby nauczyciel\/bibliotekarz zakrywa\u0142 usta i nos podczas wykonywania swoich obowi\u0105zk\u00f3w \/kontaktu z czytelnikiem\/. Czytelnikom tak\u017ce zaleca si\u0119 zakrywa\u0107 usta i nos podczas wypo\u017cycze\u0144 i zwrot\u00f3w ksi\u0105\u017cek.<\/li>\n\n\n\n<li>Zaleca si\u0119 aby uczniowie wypo\u017cyczaj\u0105cy\/oddaj\u0105cy ksi\u0105\u017cki\/podr\u0119czniki nie wchodzili do pomieszcze\u0144 bibliotecznych, lecz obs\u0142ugiwani byli przez otwarte drzwi do biblioteki i wypo\u017cyczalni podr\u0119cznik\u00f3w.<\/li>\n\n\n\n<li>Zaleca si\u0119 by czytelnicy nie korzystali z wolnego dost\u0119pu do ksi\u0105\u017cek. Najlepiej je\u015bli ksi\u0105\u017cki podaje nauczyciel\/bibliotekarz.<\/li>\n\n\n\n<li>Przyj\u0119te ksi\u0105\u017cki powinny zosta\u0107 od\u0142o\u017cone na okres minimum 2 dni w wydzielone miejsce i po tym okresie w\u0142\u0105czone ponownie do u\u017cytkowania.<\/li>\n\n\n\n<li>W czasie przerwy w bezpo\u015bredniej obs\u0142udze u\u017cytkownik\u00f3w, pracownicy szko\u0142y <br>w porozumieniu z nauczycielem\/bibliotekarzem powinni do\u0142o\u017cy\u0107 wszelkich stara\u0144, aby stanowiska pracy by\u0142y czyste i higieniczne, szczeg\u00f3lnie po zako\u0144czonym dniu pracy.<\/li>\n\n\n\n<li>Procedura zwrotu podr\u0119cznik\u00f3w zostanie przedstawiona pod koniec roku szkolnego, z uwzgl\u0119dnieniem sytuacji epidemicznej.<\/li>\n<\/ol>\n\n\n\n<p>Regulamin opracowa\u0142: <\/p>\n\n\n\n<p>Nauczyciel-bibliotekarz<\/p>\n\n\n\n<p>mgr Monika Mla\u015b-Bieniasz <\/p>\n\n\n\n<p class=\"has-text-align-right\">zatwierdzam:<\/p>\n\n\n\n<p class=\"has-text-align-right\">\/-\/ mgr Bart\u0142omiej\nWisz<\/p>\n\n\n\n<p class=\"has-text-align-right\">Dyrektor szko\u0142y<\/p>\n\n\n\n<p class=\"has-text-align-right\">Boguchwa\u0142a ,\n01.09.2020r.<\/p>\n","protected":false},"excerpt":{"rendered":"<p>Regulamin Biblioteki Szkolnej obowi\u0105zuj\u0105cy w Szkole Podstawowej im. gen. Stanis\u0142awa Maczka w Boguchwale Biblioteka szkolna jest mi\u0119dzyprzedmiotow\u0105 pracowni\u0105 i szkolnym o\u015brodkiem informacji s\u0142u\u017c\u0105cym uczniom, pracownikom szko\u0142y i rodzicom. Na terenie biblioteki obowi\u0105zuje cisza i zakaz spo\u017cywania posi\u0142k\u00f3w, picia napoj\u00f3w oraz korzystania z telefon\u00f3w kom\u00f3rkowych. Celem dzia\u0142alno\u015bci biblioteki szkolnej jest: Zbiory biblioteczne: Biblioteka gromadzi: Zasady korzystania&#8230;<\/p>\n","protected":false},"author":2,"featured_media":13129,"parent":0,"menu_order":0,"comment_status":"closed","ping_status":"closed","template":"","meta":{"ngg_post_thumbnail":0,"footnotes":""},"class_list":["post-13128","page","type-page","status-publish","has-post-thumbnail","hentry"],"_links":{"self":[{"href":"https:\/\/spboguchwala.pl\/index.php?rest_route=\/wp\/v2\/pages\/13128","targetHints":{"allow":["GET"]}}],"collection":[{"href":"https:\/\/spboguchwala.pl\/index.php?rest_route=\/wp\/v2\/pages"}],"about":[{"href":"https:\/\/spboguchwala.pl\/index.php?rest_route=\/wp\/v2\/types\/page"}],"author":[{"embeddable":true,"href":"https:\/\/spboguchwala.pl\/index.php?rest_route=\/wp\/v2\/users\/2"}],"replies":[{"embeddable":true,"href":"https:\/\/spboguchwala.pl\/index.php?rest_route=%2Fwp%2Fv2%2Fcomments&post=13128"}],"version-history":[{"count":36,"href":"https:\/\/spboguchwala.pl\/index.php?rest_route=\/wp\/v2\/pages\/13128\/revisions"}],"predecessor-version":[{"id":44321,"href":"https:\/\/spboguchwala.pl\/index.php?rest_route=\/wp\/v2\/pages\/13128\/revisions\/44321"}],"wp:featuredmedia":[{"embeddable":true,"href":"https:\/\/spboguchwala.pl\/index.php?rest_route=\/wp\/v2\/media\/13129"}],"wp:attachment":[{"href":"https:\/\/spboguchwala.pl\/index.php?rest_route=%2Fwp%2Fv2%2Fmedia&parent=13128"}],"curies":[{"name":"wp","href":"https:\/\/api.w.org\/{rel}","templated":true}]}}