{"id":13139,"date":"2020-09-15T19:53:52","date_gmt":"2020-09-15T19:53:52","guid":{"rendered":"http:\/\/spboguchwala.pl\/?page_id=13139"},"modified":"2023-09-26T17:49:39","modified_gmt":"2023-09-26T17:49:39","slug":"regulamin-samorzadu-uczniowskiego","status":"publish","type":"page","link":"https:\/\/spboguchwala.pl\/?page_id=13139","title":{"rendered":"Regulamin Samorz\u0105du Uczniowskiego"},"content":{"rendered":"\n<p class=\"has-text-align-center\"><strong>Regulamin Samorz\u0105du Uczniowskiego<\/strong><br><strong>Szko\u0142y Podstawowej w Boguchwale<\/strong><br><strong>2023\/2024<\/strong><\/p>\n\n\n\n<p><strong>Podstawa prawna i postanowienia og\u00f3lne:<\/strong><\/p>\n\n\n\n<ol class=\"wp-block-list\" type=\"1\"><li>Samorz\u0105d Uczniowski Szko\u0142y Podstawowej w Boguchwale im. gen. Stanis\u0142awa Maczka, zwany tak\u017ce Samorz\u0105dem Szkolnym dzia\u0142a na podstawie:<br>\u2013 art. 55 ustawy o systemie o\u015bwiaty z dnia 1991 r. \/Dz.U. z 1991 r. Nr 95, poz. 425\/<br>\u2013 Karty nauczyciela z dnia 26 stycznia 1982 r. art. 6a ust.5.<br>\u2013 Statutu Szko\u0142y Podstawowej im. gen. Stanis\u0142awa Maczka w Boguchwale.<\/li><li>Terenem dzia\u0142ania jest Szko\u0142a Podstawowa w Boguchwale im. gen. Stanis\u0142awa Maczka.<\/li><li>Samorz\u0105d reprezentuje interesy uczni\u00f3w wobec Dyrekcji, nauczycieli, rodzic\u00f3w oraz administracji o\u015bwiatowej.<\/li><li>Samorz\u0105d jest organizacj\u0105 demokratyczn\u0105. Uczniowie sami wybieraj\u0105 swoich przedstawicieli do Rady Samorz\u0105du Szkolnego, aby uczestniczy\u0107 w tworzeniu i realizacji programu pracy samorz\u0105du.<\/li><li>Zadania Rady Samorz\u0105du Uczniowskiego zosta\u0142y okre\u015blone w Statucie Szko\u0142y.<\/li><\/ol>\n\n\n\n<p><strong>Rada Samorz\u0105du Szkolnego:<\/strong><\/p>\n\n\n\n<ol class=\"wp-block-list\" type=\"1\"><li>Rada Samorz\u0105du powo\u0142ywana jest na roczn\u0105 kadencj\u0119.<\/li><li>W sk\u0142ad Rady Samorz\u0105du wchodz\u0105:<br>-przewodnicz\u0105cy<br>-zast\u0119pca przewodnicz\u0105cego<br>-sekretarz<\/li><li>Rada Samorz\u0105du wnioskuje i opiniuje w tych sprawach, kt\u00f3re dotycz\u0105 realizacji podstawowych praw ucznia.<\/li><li>Kieruje bie\u017c\u0105c\u0105 prac\u0105 Samorz\u0105du.<\/li><li>Reprezentuje Samorz\u0105d Szkolny.<\/li><li>Dba o dobre imi\u0119 i honor szko\u0142y, kultywuje i wzbogaca jej tradycje.<\/li><\/ol>\n\n\n\n<p><strong>Wybory do Rady Samorz\u0105du Szkolnego:<\/strong><\/p>\n\n\n\n<ol class=\"wp-block-list\" type=\"1\"><li>Nie p\u00f3\u017aniej ni\u017c do 30 wrze\u015bnia ka\u017cdego roku szkolnego wybiera si\u0119 Rad\u0119 Samorz\u0105du Szkolnego tj. przewodnicz\u0105cego, jego zast\u0119pc\u0119 oraz sekretarza.<\/li><li>Rady Samorz\u0105d\u00f3w Klasowych po wcze\u015bniejszych konsultacjach ze swoimi zespo\u0142ami klasowymi na godzinach wychowawczych, zg\u0142aszaj\u0105 opiekunowi samorz\u0105du swojego kandydata do Rady Samorz\u0105du Uczniowskiego. Musz\u0105 to by\u0107 osoby wyr\u00f3\u017cniaj\u0105ce si\u0119 zdyscyplinowaniem oraz wysok\u0105 kultur\u0105 osobist\u0105. Kandydaci powinni r\u00f3wnie\u017c cechowa\u0107 si\u0119 nienagann\u0105 opini\u0105 w\u015br\u00f3d uczni\u00f3w i nauczycieli potwierdzon\u0105 minimum dobr\u0105 ocen\u0105 z zachowania.<\/li><li>Na pierwszym spotkaniu wyborczym reprezentant\u00f3w klas, po zg\u0142oszeniu wszystkich kandydatur nast\u0119puje g\u0142osowanie tajne. Czterech uczni\u00f3w z najwi\u0119ksz\u0105 ilo\u015bci\u0105 g\u0142os\u00f3w bierze udzia\u0142 w kampanii wyborczej, jako kandydaci do Prezydium Samorz\u0105du Uczniowskiego.<\/li><li>Spo\u015br\u00f3d pozosta\u0142ych delegat\u00f3w klas wybierani s\u0105 drog\u0105 g\u0142osowania jawnego:<br>-sekretarz SU<br>-przewodnicz\u0105cy oraz cz\u0142onkowie sekcji: dekoracyjnej, organizacji imprez i porz\u0105dkowej<br>-cz\u0142onkowie Komisji Wyborczej<\/li><li>Wybrani w g\u0142osowaniu tajnym kandydaci zobowi\u0105zani s\u0105 do zaprezentowania swojej kandydatury i programu wyborczego w formie plakatu lub spotu wyborczego. Szczeg\u00f3\u0142owy termin prezentacji program\u00f3w wyborczych oraz wybor\u00f3w okre\u015bla si\u0119 na og\u00f3lnoszkolnym zebraniu przedstawicieli samorz\u0105d\u00f3w klasowych.<\/li><li>Wszystkie plakaty wyborcze kandydat\u00f3w wywieszane s\u0105 na parterze szko\u0142y.<\/li><li>W trakcie kampanii przedwyborczej niedopuszczalne jest:<br>-zrywanie, niszczenie, dopiski na plakatach wyborczych innych kandydat\u00f3w,<br>-publiczne wy\u015bmiewanie, obra\u017canie kontrkandydat\u00f3w;<\/li><li>Wybory do Rady Samorz\u0105du Uczniowskiego odbywaj\u0105 si\u0119 po og\u00f3lnoszkolnej kampanii wyborczej. Na karcie do g\u0142osowania nale\u017cy umie\u015bci\u0107 imi\u0119 i nazwisko wybranego kandydata. G\u0142osy z kilkoma nazwiskami, puste lub porysowane uznane zostan\u0105 za niewa\u017cne.<\/li><li>Wybory s\u0105 powszechne, r\u00f3wne oraz tajne.<\/li><li>Nad prawid\u0142owym przebiegiem wybor\u00f3w i kampanii przedwyborczej czuwa Komisja Wyborcza. W sk\u0142ad komisji wchodzi opiekun samorz\u0105du oraz trzech wybranych uczni\u00f3w z klas IV-VIII.<\/li><li>Po zako\u0144czeniu akcji Komisja Wyborcza, w obecno\u015bci opiekuna Samorz\u0105du Uczniowskiego &nbsp;liczy g\u0142osy.<\/li><li>Po zapoznaniu z wynikami wybor\u00f3w ustala si\u0119 przydzia\u0142 r\u00f3l kandydat\u00f3w w SU:&nbsp; &nbsp;&nbsp;&nbsp;<br>-kandydat z najwy\u017csz\u0105 liczb\u0105 g\u0142os\u00f3w zostaje mianowany przewodnicz\u0105cym SU<br>-kandydat z drug\u0105 w kolejno\u015bci liczb\u0105 g\u0142os\u00f3w zostaje mianowany zast\u0119pc\u0105 przewodnicz\u0105cego SU<br>-kandydaci z trzeci\u0105 \u2013 sekretarzem<br>-kandydat z czwart\u0105 w kolejno\u015bci liczb\u0105 g\u0142os\u00f3w zostaje mianowany na cz\u0142onka SU<\/li><li>Wybrany w powy\u017cszy spos\u00f3b Samorz\u0105d Szko\u0142y pe\u0142ni swoj\u0105 funkcj\u0119 od tego momentu przez ca\u0142y bie\u017c\u0105cy rok szkolny.<\/li><li>O wynikach wybor\u00f3w Komisja Wyborcza powiadamia pisemnie grono uczniowskie w formie plakatu w holu i na tablicy SU.<\/li><li>Kadencja Rady&nbsp; trwa jeden rok szkolny.<\/li><li>Opiekun Samorz\u0105du Uczniowskiego wybierany jest przez&nbsp; Dyrektora Szko\u0142y.<\/li><\/ol>\n\n\n\n<p><strong>Prawa i obowi\u0105zki samorz\u0105du:<\/strong><\/p>\n\n\n\n<ol class=\"wp-block-list\" type=\"1\"><li>Prawo do zapoznania si\u0119 z programem nauczania, z jego tre\u015bci\u0105, celem i stawianymi wymaganiami.<\/li><li>Prawo do jawnej i umotywowanej oceny post\u0119p\u00f3w w nauce i zachowaniu.<\/li><li>Prawo do organizacji \u017cycia szkolnego, umo\u017cliwiaj\u0105ce zachowanie w\u0142a\u015bciwych proporcji mi\u0119dzy wysi\u0142kiem szkolnym, a mo\u017cliwo\u015bci\u0105 rozwijania i zaspokajania w\u0142asnych zainteresowa\u0144,<\/li><li>Prawo powo\u0142ania rzecznika obrony praw uczniowskich.<\/li><li>Prawo organizowania dzia\u0142alno\u015bci kulturalnej, o\u015bwiatowej, sportowej oraz rozrywkowej zgodnie z w\u0142asnymi potrzebami i mo\u017cliwo\u015bciami organizacyjnymi w porozumieniu z Dyrektorem szko\u0142y.<\/li><li>Opiekun samorz\u0105du udziela pomocy organizacyjnej i merytorycznej samorz\u0105dowi, s\u0142u\u017cy mu do\u015bwiadczeniem i rad\u0105, szczeg\u00f3lnie w zakresie przestrzegania regu\u0142 demokracji szkolnej.<\/li><li>Opiekun samorz\u0105du ma obowi\u0105zek wys\u0142uchania wniosk\u00f3w i zapyta\u0144 samorz\u0105du, przekazywania ich adresatom.<\/li><li>Samorz\u0105d ma obowi\u0105zek:<br>-wsp\u00f3\u0142dzia\u0142a\u0107 z innymi organami szko\u0142y: Dyrektorem, Rad\u0105 Pedagogiczn\u0105, Rad\u0105 Rodzic\u00f3w,<br>-pe\u0142ni\u0107 rol\u0119 rzecznika praw i interes\u00f3w ucznia,<br>-inicjowa\u0107 r\u00f3\u017cnorodne formy aktywno\u015bci pozalekcyjnej rozwijaj\u0105cej zainteresowania naukowe, sportowe, turystyczno\u2013krajoznawcze i inne,<br>-uczestniczy\u0107 w akcjach charytatywnych na terenie szko\u0142y,<br>-w\u0142\u0105cza\u0107 si\u0119 w dzia\u0142ania okre\u015blone w szkolnym planie wychowawczym i szkolnym planie profilaktyki.<\/li><\/ol>\n\n\n\n<p><strong>G\u0142\u00f3wne cele dzia\u0142alno\u015bci Samorz\u0105du Uczniowskiego:<\/strong><\/p>\n\n\n\n<ol class=\"wp-block-list\" type=\"1\"><li>Reprezentowanie ca\u0142ej spo\u0142eczno\u015bci uczniowskiej szko\u0142y.<\/li><li>Tworzenie warunk\u00f3w samorz\u0105dno\u015bci, partnerstwa, demokratycznych form wsp\u00f3\u0142\u017cycia i wsp\u00f3\u0142odpowiedzialno\u015bci za funkcjonowanie szko\u0142y.<\/li><li>Pobudzanie i organizowanie r\u00f3\u017cnych form aktywno\u015bci uczni\u00f3w w porozumieniu z Rad\u0105 Pedagogiczn\u0105 i Dyrektorem szko\u0142y.<\/li><li>Praca na rzecz innych i pomoc potrzebuj\u0105cym.<\/li><li>Organizowanie konkurs\u00f3w oraz r\u00f3\u017cnorodnych akcji na terenie szko\u0142y.<\/li><li>Organizacja dyskotek i zabaw szkolnych.<\/li><li>Przygotowanie pocztu sztandarowego, kt\u00f3ry reprezentuje spo\u0142eczno\u015b\u0107 uczniowsk\u0105 na uroczysto\u015bciach szkolnych i pa\u0144stwowych.<\/li><li>Budowanie w\u015br\u00f3d uczni\u00f3w poczucia w\u0142asnej warto\u015bci i przydatno\u015bci dzia\u0142ania na rzecz szko\u0142y.<\/li><\/ol>\n\n\n\n<p><strong>Za\u0142o\u017cenia na rok szkolny 2023\/2024:<\/strong><\/p>\n\n\n\n<ol class=\"wp-block-list\" type=\"1\"><li>Przygotowanie uczni\u00f3w do \u015bwiadomego i odpowiedzialnego uczestnictwa w \u017cyciu spo\u0142ecznym;<\/li><li>Stwarzanie sytuacji daj\u0105cych mo\u017cliwo\u015b\u0107 wykazania inicjatywy samorz\u0105dowej w bezinteresownym dzia\u0142aniu na rzecz szko\u0142y i \u015brodowiska;<\/li><li>Ukazywanie sensu praw i obowi\u0105zk\u00f3w, zasad i regu\u0142, nakaz\u00f3w i zakaz\u00f3w obowi\u0105zuj\u0105cych w \u017cyciu spo\u0142ecznym;<\/li><li>Integrowanie wychowawczych dzia\u0142a\u0144 szko\u0142y i rodziny oraz \u015brodowiska lokalnego;<\/li><li>Kultywowanie tradycji i obrz\u0119d\u00f3w szkolnych;<\/li><li>Rozwijanie prawid\u0142owych zachowa\u0144 sprzyjaj\u0105cych bezpiecze\u0144stwu w r\u00f3\u017cnych sytuacjach.<\/li><\/ol>\n\n\n\n<p><strong>Prace w ci\u0105gu roku szkolnego:<\/strong><\/p>\n\n\n\n<ol class=\"wp-block-list\" type=\"1\"><li>organizowanie zebra\u0144 samorz\u0105du uczniowskiego<\/li><li>wsp\u00f3\u0142dzia\u0142anie z w\u0142adzami szkolnymi i wychowawcami klas<\/li><li>prowadzenie gazetki \u015bciennej samorz\u0105du uczniowskiego<\/li><li>udzia\u0142 w akcjach charytatywnych<\/li><li>wsp\u00f3\u0142udzia\u0142 w uroczysto\u015bciach szkolnych, ko\u015bcielnych i \u015brodowiskowych (udzia\u0142 Pocztu Sztandarowego)<\/li><li>wsp\u00f3\u0142praca z dyrekcj\u0105 szko\u0142y, wychowawcami klas,<\/li><li>pomoc przy organizacji uroczysto\u015bci szkolnych<\/li><li>prowadzenie zbierania inicjatyw uczniowskich (ankiety klas, skrzynka inicjatyw dla SU, rozmowy z uczniami)<\/li><li>prowadzenie Kolorowych Dni Bez Pytania (uczniowie posiadaj\u0105cy trzy rzeczy ubioru w wyznaczonym kolorze, lub dwie rzeczy w ubiorze i inny element (ozdoba, \u201emakija\u017c\u201d, gad\u017cet nawi\u0105zuj\u0105cy do tematu dnia uzyskuje prawo do zwolnienia z pytania w tym dniu bez konsekwencji)<\/li><\/ol>\n\n\n\n<p>.<\/p>\n\n\n\n<p class=\"has-text-align-right\">&nbsp;&nbsp;&nbsp;&nbsp;&nbsp;&nbsp;&nbsp;&nbsp;&nbsp;&nbsp;&nbsp;&nbsp;&nbsp;&nbsp;&nbsp;&nbsp;&nbsp;&nbsp;&nbsp;&nbsp;&nbsp;&nbsp;&nbsp;&nbsp;&nbsp;&nbsp;&nbsp;&nbsp;&nbsp;&nbsp;&nbsp;&nbsp;&nbsp;&nbsp;&nbsp;&nbsp;&nbsp;&nbsp;&nbsp;&nbsp;&nbsp;&nbsp;&nbsp;&nbsp;&nbsp;&nbsp;&nbsp;&nbsp;&nbsp;&nbsp;&nbsp;&nbsp;&nbsp;&nbsp;&nbsp;&nbsp;&nbsp;&nbsp;&nbsp;&nbsp;&nbsp;&nbsp;&nbsp;&nbsp;&nbsp;&nbsp;&nbsp;&nbsp;&nbsp;&nbsp;&nbsp;&nbsp;&nbsp;&nbsp;&nbsp;&nbsp;<strong><em>Opiekun SU: Beata Turek<\/em><\/strong><\/p>\n","protected":false},"excerpt":{"rendered":"<p>Regulamin Samorz\u0105du UczniowskiegoSzko\u0142y Podstawowej w Boguchwale2023\/2024 Podstawa prawna i postanowienia og\u00f3lne: Samorz\u0105d Uczniowski Szko\u0142y Podstawowej w Boguchwale im. gen. Stanis\u0142awa Maczka, zwany tak\u017ce Samorz\u0105dem Szkolnym dzia\u0142a na podstawie:\u2013 art. 55 ustawy o systemie o\u015bwiaty z dnia 1991 r. \/Dz.U. z 1991 r. Nr 95, poz. 425\/\u2013 Karty nauczyciela z dnia 26 stycznia 1982 r. art&#8230;.<\/p>\n","protected":false},"author":2,"featured_media":13150,"parent":0,"menu_order":0,"comment_status":"closed","ping_status":"closed","template":"","meta":{"ngg_post_thumbnail":0,"footnotes":""},"class_list":["post-13139","page","type-page","status-publish","has-post-thumbnail","hentry"],"_links":{"self":[{"href":"https:\/\/spboguchwala.pl\/index.php?rest_route=\/wp\/v2\/pages\/13139","targetHints":{"allow":["GET"]}}],"collection":[{"href":"https:\/\/spboguchwala.pl\/index.php?rest_route=\/wp\/v2\/pages"}],"about":[{"href":"https:\/\/spboguchwala.pl\/index.php?rest_route=\/wp\/v2\/types\/page"}],"author":[{"embeddable":true,"href":"https:\/\/spboguchwala.pl\/index.php?rest_route=\/wp\/v2\/users\/2"}],"replies":[{"embeddable":true,"href":"https:\/\/spboguchwala.pl\/index.php?rest_route=%2Fwp%2Fv2%2Fcomments&post=13139"}],"version-history":[{"count":5,"href":"https:\/\/spboguchwala.pl\/index.php?rest_route=\/wp\/v2\/pages\/13139\/revisions"}],"predecessor-version":[{"id":29551,"href":"https:\/\/spboguchwala.pl\/index.php?rest_route=\/wp\/v2\/pages\/13139\/revisions\/29551"}],"wp:featuredmedia":[{"embeddable":true,"href":"https:\/\/spboguchwala.pl\/index.php?rest_route=\/wp\/v2\/media\/13150"}],"wp:attachment":[{"href":"https:\/\/spboguchwala.pl\/index.php?rest_route=%2Fwp%2Fv2%2Fmedia&parent=13139"}],"curies":[{"name":"wp","href":"https:\/\/api.w.org\/{rel}","templated":true}]}}