{"id":13146,"date":"2020-09-16T16:34:44","date_gmt":"2020-09-16T16:34:44","guid":{"rendered":"http:\/\/spboguchwala.pl\/?page_id=13146"},"modified":"2026-04-13T18:54:22","modified_gmt":"2026-04-13T18:54:22","slug":"konkursy-kuratoryjne-i-olimpiady","status":"publish","type":"page","link":"https:\/\/spboguchwala.pl\/?page_id=13146","title":{"rendered":"Konkursy kuratoryjne i olimpiady"},"content":{"rendered":"\n<p class=\"has-text-align-center has-large-font-size\"><span style=\"color:#f6081c\" class=\"has-inline-color\"><strong>ROK SZKOLNY 2025\/2026<\/strong><\/span><\/p>\n\n\n\n<p class=\"has-text-align-left has-medium-font-size\"><strong>Emilia Mazur<\/strong> i <strong>Paulina Przywara<\/strong> uczennice klasy VIIIb &#8211; LAUREATKI PRZEDMIOTOWEGO KONKURSU Z J\u0118ZYKA POLSKIEGO<br>Organizator: Kuratorium O\u015bwiaty w Rzeszowie<br>Nauczyciel przygotowuj\u0105cy: Agnieszka Uryniak<span style=\"color:#f6081c\" class=\"has-inline-color\"><br><\/span><\/p>\n\n\n\n<p class=\"has-text-align-center has-large-font-size\"><span style=\"color:#f6081c\" class=\"has-inline-color\"><strong>ROK SZKOLNY 2023\/2024<\/strong><\/span><\/p>\n\n\n\n<p class=\"has-medium-font-size\"><strong>Fabian Gos\u0142awski<\/strong> ucze\u0144 klasy VIIb i<strong> Szymon Wilk<\/strong> ucze\u0144 klasy VIIa &#8211; zakwalifikowani do etapu rejonowego przedmiotowego konkursu z geografii<br>Organizator: Kuratorium O\u015bwiaty w Rzeszowie<br>Nauczyciel przygotowuj\u0105cy: Krzysztof Syniec<\/p>\n\n\n\n<p class=\"has-medium-font-size\"><strong>Alan K\u0105kol<\/strong> ucze\u0144 klasy VIb &#8211; zakwalifikowany do etapu rejonowego przedmiotowego konkursu z historii<br>Organizator: Kuratorium O\u015bwiaty w Rzeszowie<br>Nauczyciel przygotowuj\u0105cy: Karolina Olszewska<\/p>\n\n\n\n<p class=\"has-medium-font-size\"><strong>Dominik Sadecki<\/strong> ucze\u0144 klasy VIIIa &#8211; zakwalifikowany do etapu rejonowego przedmiotowego konkursu z j\u0119zyka angielskiego<br>Organizator: Kuratorium O\u015bwiaty w Rzeszowie<br>Nauczyciel przygotowuj\u0105cy: Sylwia G\u0105sior<\/p>\n\n\n\n<p class=\"has-text-align-center has-large-font-size\"><strong><span style=\"color:#f6081c\" class=\"has-inline-color\">ROK SZKOLNY 2022\/2023<\/span><\/strong><\/p>\n\n\n\n<p class=\"has-medium-font-size\"><strong>Anhelina Chernetska <\/strong>uczennica klasy VIIIc &#8211; LAUREATKA PRZEDMIOTOWEGO KONKURSU Z J\u0118ZYKA UKRAI\u0143SKIEGO<br>Organizator: Kuratorium O\u015bwiaty w Rzeszowie<\/p>\n\n\n\n<p class=\"has-medium-font-size\"><strong>Anhelina Chernetska <\/strong>uczennica klasy VIIIc &#8211; FINALISTKA PRZEDMIOTOWEGO KONKURSU Z J\u0118ZYKA NIEMIECKIEGO<br>Organizator: Kuratorium O\u015bwiaty w Rzeszowie<br>Nauczyciel przygotowuj\u0105cy: Paulina Wzi\u0105tka<\/p>\n\n\n\n<p class=\"has-text-align-center has-large-font-size\"><strong><span style=\"color:#f6081c\" class=\"has-inline-color\">ROK SZKOLNY 2021\/2022<\/span><\/strong><\/p>\n\n\n\n<p class=\"has-medium-font-size\"><strong>Igor \u017bar\u00f3w<\/strong> ucze\u0144 klasy VIIIb &#8211; LAUREAT PRZEDMIOTOWEGO KONKURSU Z HISTORII<br>Organizator: Kuratorium O\u015bwiaty w Rzeszowie<br>Nauczyciel przygotowuj\u0105cy: Lidia Ta\u0144czowska-Majchrowicz i Karolina Olszewska<\/p>\n\n\n\n<p class=\"has-medium-font-size\"><strong>Olaf Drozd<\/strong> ucze\u0144 klasy VIIIb &#8211; FINALISTA PRZEDMIOTOWEGO KONKURSU Z GEOGRAFII<br>Organizator: Kuratorium O\u015bwiaty w Rzeszowie<br>Nauczyciel przygotowuj\u0105cy: Krzysztof Syniec<\/p>\n\n\n\n<p class=\"has-text-align-center has-large-font-size\"><strong><span style=\"color:#f6081c\" class=\"has-inline-color\">ROK SZKOLNY 2020\/2021<\/span><\/strong><\/p>\n\n\n\n<p class=\"has-medium-font-size\"><strong>Magdalena Byjo\u015b <\/strong>uczennica klasy VIIIb &#8211; FINALISTKA PRZEDMIOTOWEGO KONKURSU Z HISTORII<br>Organizator: Kuratorium O\u015bwiaty w Rzeszowie<br>Nauczyciel przygotowuj\u0105cy: Karolina Olszewska<\/p>\n\n\n\n<p class=\"has-text-align-center has-large-font-size\"><strong><span style=\"color:#f6081c\" class=\"has-inline-color\">ROK SZKOLNY 2019\/2020<\/span><\/strong><\/p>\n\n\n\n<p class=\"has-medium-font-size\"><strong>Magdalena Byjo\u015b <\/strong>uczennica klasy VIIb &#8211; LAUREATKA PRZEDMIOTOWEGO KONKURSU Z J\u0118ZYKA POLSKIEGO<br>Organizator: Kuratorium O\u015bwiaty w Rzeszowie<br>Nauczyciel przygotowuj\u0105cy: Barbara \u017bak<\/p>\n\n\n\n<p class=\"has-medium-font-size\"><strong>Oliwia Solecka<\/strong> uczennica klasy VIIIa &#8211;  FINALISTKA PRZEDMIOTOWEGO KONKURSU Z BIOLOGII<br>Organizator: Kuratorium O\u015bwiaty w Rzeszowie<br>Nauczyciel przygotowuj\u0105cy: Magdalena Hudzicka-Ko\u0142ek<\/p>\n\n\n<p><!--EndFragment--><\/p>","protected":false},"excerpt":{"rendered":"<p>ROK SZKOLNY 2025\/2026 Emilia Mazur i Paulina Przywara uczennice klasy VIIIb &#8211; LAUREATKI PRZEDMIOTOWEGO KONKURSU Z J\u0118ZYKA POLSKIEGOOrganizator: Kuratorium O\u015bwiaty w RzeszowieNauczyciel przygotowuj\u0105cy: Agnieszka Uryniak ROK SZKOLNY 2023\/2024 Fabian Gos\u0142awski ucze\u0144 klasy VIIb i Szymon Wilk ucze\u0144 klasy VIIa &#8211; zakwalifikowani do etapu rejonowego przedmiotowego konkursu z geografiiOrganizator: Kuratorium O\u015bwiaty w RzeszowieNauczyciel przygotowuj\u0105cy: Krzysztof Syniec&#8230;<\/p>\n","protected":false},"author":2,"featured_media":9718,"parent":0,"menu_order":0,"comment_status":"closed","ping_status":"closed","template":"","meta":{"ngg_post_thumbnail":0,"footnotes":""},"class_list":["post-13146","page","type-page","status-publish","has-post-thumbnail","hentry"],"_links":{"self":[{"href":"https:\/\/spboguchwala.pl\/index.php?rest_route=\/wp\/v2\/pages\/13146","targetHints":{"allow":["GET"]}}],"collection":[{"href":"https:\/\/spboguchwala.pl\/index.php?rest_route=\/wp\/v2\/pages"}],"about":[{"href":"https:\/\/spboguchwala.pl\/index.php?rest_route=\/wp\/v2\/types\/page"}],"author":[{"embeddable":true,"href":"https:\/\/spboguchwala.pl\/index.php?rest_route=\/wp\/v2\/users\/2"}],"replies":[{"embeddable":true,"href":"https:\/\/spboguchwala.pl\/index.php?rest_route=%2Fwp%2Fv2%2Fcomments&post=13146"}],"version-history":[{"count":11,"href":"https:\/\/spboguchwala.pl\/index.php?rest_route=\/wp\/v2\/pages\/13146\/revisions"}],"predecessor-version":[{"id":45462,"href":"https:\/\/spboguchwala.pl\/index.php?rest_route=\/wp\/v2\/pages\/13146\/revisions\/45462"}],"wp:featuredmedia":[{"embeddable":true,"href":"https:\/\/spboguchwala.pl\/index.php?rest_route=\/wp\/v2\/media\/9718"}],"wp:attachment":[{"href":"https:\/\/spboguchwala.pl\/index.php?rest_route=%2Fwp%2Fv2%2Fmedia&parent=13146"}],"curies":[{"name":"wp","href":"https:\/\/api.w.org\/{rel}","templated":true}]}}