{"id":13437,"date":"2020-10-03T18:08:30","date_gmt":"2020-10-03T18:08:30","guid":{"rendered":"http:\/\/spboguchwala.pl\/?page_id=13437"},"modified":"2020-10-03T18:08:31","modified_gmt":"2020-10-03T18:08:31","slug":"gramy-w-reczna","status":"publish","type":"page","link":"https:\/\/spboguchwala.pl\/?page_id=13437","title":{"rendered":"Gramy w r\u0119czn\u0105"},"content":{"rendered":"\n<div class=\"wp-block-image\"><figure class=\"aligncenter size-large is-resized\"><img loading=\"lazy\" decoding=\"async\" src=\"https:\/\/spboguchwala.pl\/wp-content\/uploads\/2020\/10\/gramy-w-r\u0119czn\u0105.jpg\" alt=\"\" class=\"wp-image-13436\" width=\"529\" height=\"222\" srcset=\"https:\/\/spboguchwala.pl\/wp-content\/uploads\/2020\/10\/gramy-w-r\u0119czn\u0105.jpg 732w, https:\/\/spboguchwala.pl\/wp-content\/uploads\/2020\/10\/gramy-w-r\u0119czn\u0105-300x126.jpg 300w\" sizes=\"auto, (max-width: 529px) 100vw, 529px\" \/><\/figure><\/div>\n\n\n\n<p>Program \u201eBawi\u0119 si\u0119 pi\u0142k\u0105 r\u0119czn\u0105\u201d kierowany jest do zorganizowanych grup dzieci z klas I \u2013 III szko\u0142y podstawowej (7 \u2013 10 lat), i ma na celu podnoszenie poziomu sprawno\u015bci fizycznej najm\u0142odszych uczni\u00f3w w oparciu o systematyczne, zaplanowane i przemy\u015blane dzia\u0142ania nauczyciela\/trenera. Program stanowi propozycj\u0119 rozwijania sprawno\u015bci fizycznej dziecka w oparciu o gry i zabawy ukierunkowane na pi\u0142k\u0119 r\u0119czn\u0105. Celem programu jest zaspokojenie potrzeb dzieci w zakresie aktywno\u015bci ruchowej oraz ukierunkowanie ich zainteresowa\u0144 na sport, a w szczeg\u00f3lno\u015bci &#8211; na pi\u0142k\u0119 r\u0119czn\u0105. <\/p>\n\n\n\n<p>ZAK\u0141ADANE REZULTATY PO ZAKO\u0143CZENIU REALIZACJI PROGRAMU:<\/p>\n\n\n\n<ol class=\"wp-block-list\"><li>Wzrost poziomu sprawno\u015bci fizycznej dzieci bior\u0105cych udzia\u0142 w\nzaj\u0119ciach programowych, g\u0142\u00f3wnie w zakresie koordynacji przestrzenno \u2013 ruchowej\ni elementarnych umiej\u0119tno\u015bci ruchowych. <\/li><li>Ukszta\u0142towanie konkretnych, specjalnych umiej\u0119tno\u015bci ruchowych (np. w\nzakresie zwinnego i szybkiego pokonywania r\u00f3\u017cnych tor\u00f3w przeszk\u00f3d, chwyt\u00f3w,\nrzut\u00f3w, poda\u0144). <\/li><li>Pokazanie dziecku mo\u017cliwo\u015bci sp\u0119dzania czasu wolnego w spos\u00f3b daj\u0105cy\nsatysfakcj\u0119. <\/li><\/ol>\n\n\n\n<p>ZAK\u0141ADANE REZULTATY ODROCZONE W CZASIE:<\/p>\n\n\n\n<ol class=\"wp-block-list\"><li>Wzrost liczby m\u0142odzie\u017cy uprawiaj\u0105cych systematycznie \u0107wiczenia fizyczne w spos\u00f3b zorganizowany (w szko\u0142ach i w klubach). <\/li><li>Wzrost liczby m\u0142odzie\u017cy uprawiaj\u0105cej pi\u0142k\u0119 r\u0119czn\u0105 jako sportu swojego \u017cycia. <\/li><li>Ukszta\u0142towanie umiej\u0119tno\u015bci spo\u0142ecznych &#8211; wsp\u00f3\u0142pracy w grupie i skutecznego komunikowania si\u0119. <\/li><li>Ukszta\u0142towanie przekonania o konieczno\u015bci i zasadno\u015bci aktywno\u015bci fizycznej i podejmowanie przez m\u0142odzie\u017c r\u00f3\u017cnorodnych form sp\u0119dzania czasu wolnego.<\/li><\/ol>\n\n\n\n<div class=\"wp-block-image\"><figure class=\"aligncenter size-large is-resized\"><img loading=\"lazy\" decoding=\"async\" src=\"https:\/\/spboguchwala.pl\/wp-content\/uploads\/2020\/10\/ZPRP-logo-1024x576.jpg\" alt=\"\" class=\"wp-image-13438\" width=\"578\" height=\"325\" srcset=\"https:\/\/spboguchwala.pl\/wp-content\/uploads\/2020\/10\/ZPRP-logo-1024x576.jpg 1024w, https:\/\/spboguchwala.pl\/wp-content\/uploads\/2020\/10\/ZPRP-logo-300x169.jpg 300w, https:\/\/spboguchwala.pl\/wp-content\/uploads\/2020\/10\/ZPRP-logo-768x432.jpg 768w, https:\/\/spboguchwala.pl\/wp-content\/uploads\/2020\/10\/ZPRP-logo.jpg 1040w\" sizes=\"auto, (max-width: 578px) 100vw, 578px\" \/><\/figure><\/div>\n","protected":false},"excerpt":{"rendered":"<p>Program \u201eBawi\u0119 si\u0119 pi\u0142k\u0105 r\u0119czn\u0105\u201d kierowany jest do zorganizowanych grup dzieci z klas I \u2013 III szko\u0142y podstawowej (7 \u2013 10 lat), i ma na celu podnoszenie poziomu sprawno\u015bci fizycznej najm\u0142odszych uczni\u00f3w w oparciu o systematyczne, zaplanowane i przemy\u015blane dzia\u0142ania nauczyciela\/trenera. Program stanowi propozycj\u0119 rozwijania sprawno\u015bci fizycznej dziecka w oparciu o gry i zabawy ukierunkowane&#8230;<\/p>\n","protected":false},"author":2,"featured_media":13436,"parent":0,"menu_order":0,"comment_status":"closed","ping_status":"closed","template":"","meta":{"ngg_post_thumbnail":0,"footnotes":""},"class_list":["post-13437","page","type-page","status-publish","has-post-thumbnail","hentry"],"_links":{"self":[{"href":"https:\/\/spboguchwala.pl\/index.php?rest_route=\/wp\/v2\/pages\/13437","targetHints":{"allow":["GET"]}}],"collection":[{"href":"https:\/\/spboguchwala.pl\/index.php?rest_route=\/wp\/v2\/pages"}],"about":[{"href":"https:\/\/spboguchwala.pl\/index.php?rest_route=\/wp\/v2\/types\/page"}],"author":[{"embeddable":true,"href":"https:\/\/spboguchwala.pl\/index.php?rest_route=\/wp\/v2\/users\/2"}],"replies":[{"embeddable":true,"href":"https:\/\/spboguchwala.pl\/index.php?rest_route=%2Fwp%2Fv2%2Fcomments&post=13437"}],"version-history":[{"count":1,"href":"https:\/\/spboguchwala.pl\/index.php?rest_route=\/wp\/v2\/pages\/13437\/revisions"}],"predecessor-version":[{"id":13439,"href":"https:\/\/spboguchwala.pl\/index.php?rest_route=\/wp\/v2\/pages\/13437\/revisions\/13439"}],"wp:featuredmedia":[{"embeddable":true,"href":"https:\/\/spboguchwala.pl\/index.php?rest_route=\/wp\/v2\/media\/13436"}],"wp:attachment":[{"href":"https:\/\/spboguchwala.pl\/index.php?rest_route=%2Fwp%2Fv2%2Fmedia&parent=13437"}],"curies":[{"name":"wp","href":"https:\/\/api.w.org\/{rel}","templated":true}]}}