{"id":13986,"date":"2020-12-01T19:11:44","date_gmt":"2020-12-01T19:11:44","guid":{"rendered":"http:\/\/spboguchwala.pl\/?page_id=13986"},"modified":"2020-12-01T19:11:45","modified_gmt":"2020-12-01T19:11:45","slug":"przystan-w-sieci","status":"publish","type":"page","link":"https:\/\/spboguchwala.pl\/?page_id=13986","title":{"rendered":"Przysta\u0144 w sieci"},"content":{"rendered":"\n<p><strong>Przysta\u0144 w sieci<\/strong> to projekt edukacyjny, kt\u00f3ry powsta\u0142 z inicjatywy Facebooka, NASK PIB i UNICEF Polska. Zosta\u0142 stworzony z my\u015bl\u0105 o uczniach, nauczycielach, psychologach, pedagogach i bibliotekarzach, poszukuj\u0105cych odpowiedzi na pytania dotycz\u0105ce odpowiedzialnego korzystania z Internetu, ochrony w\u0142asnego wizerunku w sieci i bezpiecze\u0144stwa online. Projekt obj\u0119ty jest honorowym patronatem Prezesa Rady Ministr\u00f3w Mateusza Morawieckiego. <\/p>\n\n\n\n<div class=\"wp-block-image\"><figure class=\"aligncenter size-large is-resized\"><img loading=\"lazy\" decoding=\"async\" src=\"https:\/\/spboguchwala.pl\/wp-content\/uploads\/2020\/12\/przysta\u0144-w-sieci.jpg\" alt=\"\" class=\"wp-image-13987\" width=\"438\" height=\"438\" srcset=\"https:\/\/spboguchwala.pl\/wp-content\/uploads\/2020\/12\/przysta\u0144-w-sieci.jpg 820w, https:\/\/spboguchwala.pl\/wp-content\/uploads\/2020\/12\/przysta\u0144-w-sieci-300x300.jpg 300w, https:\/\/spboguchwala.pl\/wp-content\/uploads\/2020\/12\/przysta\u0144-w-sieci-150x150.jpg 150w, https:\/\/spboguchwala.pl\/wp-content\/uploads\/2020\/12\/przysta\u0144-w-sieci-768x768.jpg 768w, https:\/\/spboguchwala.pl\/wp-content\/uploads\/2020\/12\/przysta\u0144-w-sieci-60x60.jpg 60w\" sizes=\"auto, (max-width: 438px) 100vw, 438px\" \/><\/figure><\/div>\n","protected":false},"excerpt":{"rendered":"<p>Przysta\u0144 w sieci to projekt edukacyjny, kt\u00f3ry powsta\u0142 z inicjatywy Facebooka, NASK PIB i UNICEF Polska. Zosta\u0142 stworzony z my\u015bl\u0105 o uczniach, nauczycielach, psychologach, pedagogach i bibliotekarzach, poszukuj\u0105cych odpowiedzi na pytania dotycz\u0105ce odpowiedzialnego korzystania z Internetu, ochrony w\u0142asnego wizerunku w sieci i bezpiecze\u0144stwa online. Projekt obj\u0119ty jest honorowym patronatem Prezesa Rady Ministr\u00f3w Mateusza Morawieckiego.<\/p>\n","protected":false},"author":2,"featured_media":13988,"parent":0,"menu_order":0,"comment_status":"closed","ping_status":"closed","template":"","meta":{"ngg_post_thumbnail":0,"footnotes":""},"class_list":["post-13986","page","type-page","status-publish","has-post-thumbnail","hentry"],"_links":{"self":[{"href":"https:\/\/spboguchwala.pl\/index.php?rest_route=\/wp\/v2\/pages\/13986","targetHints":{"allow":["GET"]}}],"collection":[{"href":"https:\/\/spboguchwala.pl\/index.php?rest_route=\/wp\/v2\/pages"}],"about":[{"href":"https:\/\/spboguchwala.pl\/index.php?rest_route=\/wp\/v2\/types\/page"}],"author":[{"embeddable":true,"href":"https:\/\/spboguchwala.pl\/index.php?rest_route=\/wp\/v2\/users\/2"}],"replies":[{"embeddable":true,"href":"https:\/\/spboguchwala.pl\/index.php?rest_route=%2Fwp%2Fv2%2Fcomments&post=13986"}],"version-history":[{"count":1,"href":"https:\/\/spboguchwala.pl\/index.php?rest_route=\/wp\/v2\/pages\/13986\/revisions"}],"predecessor-version":[{"id":13989,"href":"https:\/\/spboguchwala.pl\/index.php?rest_route=\/wp\/v2\/pages\/13986\/revisions\/13989"}],"wp:featuredmedia":[{"embeddable":true,"href":"https:\/\/spboguchwala.pl\/index.php?rest_route=\/wp\/v2\/media\/13988"}],"wp:attachment":[{"href":"https:\/\/spboguchwala.pl\/index.php?rest_route=%2Fwp%2Fv2%2Fmedia&parent=13986"}],"curies":[{"name":"wp","href":"https:\/\/api.w.org\/{rel}","templated":true}]}}