{"id":14980,"date":"2021-02-16T19:04:42","date_gmt":"2021-02-16T19:04:42","guid":{"rendered":"http:\/\/spboguchwala.pl\/?page_id=14980"},"modified":"2021-07-02T08:52:23","modified_gmt":"2021-07-02T08:52:23","slug":"oddzial-dwujezyczny","status":"publish","type":"page","link":"https:\/\/spboguchwala.pl\/?page_id=14980","title":{"rendered":"Oddzia\u0142 dwuj\u0119zyczny 2021"},"content":{"rendered":"\n<div class=\"wp-block-file\"><a href=\"https:\/\/spboguchwala.pl\/wp-content\/uploads\/2021\/01\/21.01-Za\u0142\u0105cznik-nr-1-Wniosek-o-przyj\u0119cie-kandydata-do-klasy-dwuj\u0119zycznej.pdf\" target=\"_blank\" rel=\"noreferrer noopener\">21.01.2021 Za\u0142\u0105cznik nr 1 Wniosek o przyj\u0119cie kandydata do klasy dwuj\u0119zycznej<\/a><\/div>\n\n\n\n<div class=\"wp-block-file\"><a href=\"https:\/\/spboguchwala.pl\/wp-content\/uploads\/2021\/02\/11.02-Regulamin-rekrutacji-do-klasy-siodmej-dwujezycznej-na-r.szk_.-20212022.pdf\" target=\"_blank\" rel=\"noreferrer noopener\">11.02.2021 Regulamin rekrutacji do klasy si\u00f3dmej dwuj\u0119zycznej na r. szk. 2021 2022<\/a><\/div>\n\n\n\n<div class=\"wp-block-file\"><a href=\"https:\/\/spboguchwala.pl\/wp-content\/uploads\/2021\/02\/11.02-Informacja-o-zasadach-przetwarzania-danych-os..pdf\" target=\"_blank\" rel=\"noreferrer noopener\">11.02.2021 Informacja o zasadach przetwarzania danych osobowych<\/a><\/div>\n\n\n\n<div class=\"wp-block-file\"><a href=\"https:\/\/spboguchwala.pl\/wp-content\/uploads\/2021\/02\/11.02-Artykul-16-zasady-przetwarzania-danych-os..pdf\" target=\"_blank\" rel=\"noreferrer noopener\">11.02.2021 Artyku\u0142 16 zasady przetwarzania danych os.<\/a><\/div>\n\n\n\n<div class=\"wp-block-file\"><a href=\"https:\/\/spboguchwala.pl\/wp-content\/uploads\/2021\/02\/11.02-Klasa-dwujezyczna-informacje-uzupelniajace.pdf\" target=\"_blank\" rel=\"noreferrer noopener\">11.02.2021 Klasa dwuj\u0119zyczna informacje uzupe\u0142niaj\u0105ce<\/a><\/div>\n\n\n\n<div class=\"wp-block-file\"><a href=\"https:\/\/spboguchwala.pl\/wp-content\/uploads\/2021\/02\/16.02.2021-Przykladowy-sprawdzian-predyspozycji-jezykowych.pdf\" target=\"_blank\" rel=\"noreferrer noopener\">16.02.2021 Przyk\u0142adowy sprawdzian predyspozycji j\u0119zykowych<\/a><\/div>\n\n\n\n<div class=\"wp-block-file\"><a href=\"https:\/\/spboguchwala.pl\/wp-content\/uploads\/2021\/02\/22.02-Lista-kandydatow-do-klasy-siodmej-klasy-dwujezycznej.pdf\" target=\"_blank\" rel=\"noreferrer noopener\">22.02.2021 Lista kandydat\u00f3w do klasy si\u00f3dmej &#8211; klasy dwuj\u0119zycznej<\/a><\/div>\n\n\n\n<div class=\"wp-block-file\"><a href=\"https:\/\/spboguchwala.pl\/wp-content\/uploads\/2021\/06\/klasa-dwujezyczna-wynik-poz-egzaminu.pdf\" target=\"_blank\" rel=\"noreferrer noopener\">26.05.2021 Lista kandydat\u00f3w do klasy si\u00f3dmej dwuj\u0119zycznej &#8211; pozytywny wynik spr. predyspozycji j\u0119zykowych<\/a><\/div>\n\n\n\n<div class=\"wp-block-file\"><a href=\"https:\/\/spboguchwala.pl\/wp-content\/uploads\/2021\/06\/Lista-kandydatow-zakwalifikowanych-do-klasy-siodmej-dwujezycznej.pdf\" target=\"_blank\" rel=\"noreferrer noopener\">29.06.2021 Lista kandydat\u00f3w zakwalifikowanych do klasy si\u00f3dmej dwuj\u0119zycznej<\/a><\/div>\n\n\n\n<div class=\"wp-block-file\"><a href=\"https:\/\/spboguchwala.pl\/wp-content\/uploads\/2021\/07\/Lista-kandydatow-przyjetych-do-klasy-siodmej-dwujezycznej.pdf\" target=\"_blank\" rel=\"noreferrer noopener\">2.07.2021 Lista kandydat\u00f3w przyj\u0119tych do klasy si\u00f3dmej dwuj\u0119zycznej<\/a><\/div>\n\n\n\n<div class=\"wp-block-file\"><a href=\"https:\/\/spboguchwala.pl\/wp-content\/uploads\/2021\/07\/Listy-uczniow-klas-siodmych-z-podzialem-na-oddzialy.pdf\" target=\"_blank\" rel=\"noreferrer noopener\">2.07.2021 Listy uczni\u00f3w klas si\u00f3dmych z podzia\u0142em na oddzia\u0142y<\/a><\/div>\n","protected":false},"excerpt":{"rendered":"21.01.2021 Za\u0142\u0105cznik nr 1 Wniosek o przyj\u0119cie kandydata do klasy dwuj\u0119zycznej 11.02.2021 Regulamin rekrutacji do klasy si\u00f3dmej dwuj\u0119zycznej na r. szk. 2021 2022 11.02.2021 Informacja o zasadach przetwarzania danych osobowych 11.02.2021 Artyku\u0142 16 zasady przetwarzania danych os. 11.02.2021 Klasa dwuj\u0119zyczna informacje uzupe\u0142niaj\u0105ce 16.02.2021 Przyk\u0142adowy sprawdzian predyspozycji j\u0119zykowych 22.02.2021 Lista kandydat\u00f3w do klasy si\u00f3dmej - klasy...","protected":false},"author":2,"featured_media":11446,"parent":0,"menu_order":0,"comment_status":"closed","ping_status":"closed","template":"","meta":{"ngg_post_thumbnail":0,"footnotes":""},"class_list":["post-14980","page","type-page","status-publish","has-post-thumbnail","hentry"],"_links":{"self":[{"href":"https:\/\/spboguchwala.pl\/index.php?rest_route=\/wp\/v2\/pages\/14980","targetHints":{"allow":["GET"]}}],"collection":[{"href":"https:\/\/spboguchwala.pl\/index.php?rest_route=\/wp\/v2\/pages"}],"about":[{"href":"https:\/\/spboguchwala.pl\/index.php?rest_route=\/wp\/v2\/types\/page"}],"author":[{"embeddable":true,"href":"https:\/\/spboguchwala.pl\/index.php?rest_route=\/wp\/v2\/users\/2"}],"replies":[{"embeddable":true,"href":"https:\/\/spboguchwala.pl\/index.php?rest_route=%2Fwp%2Fv2%2Fcomments&post=14980"}],"version-history":[{"count":12,"href":"https:\/\/spboguchwala.pl\/index.php?rest_route=\/wp\/v2\/pages\/14980\/revisions"}],"predecessor-version":[{"id":17003,"href":"https:\/\/spboguchwala.pl\/index.php?rest_route=\/wp\/v2\/pages\/14980\/revisions\/17003"}],"wp:featuredmedia":[{"embeddable":true,"href":"https:\/\/spboguchwala.pl\/index.php?rest_route=\/wp\/v2\/media\/11446"}],"wp:attachment":[{"href":"https:\/\/spboguchwala.pl\/index.php?rest_route=%2Fwp%2Fv2%2Fmedia&parent=14980"}],"curies":[{"name":"wp","href":"https:\/\/api.w.org\/{rel}","templated":true}]}}