{"id":15056,"date":"2021-02-23T19:31:54","date_gmt":"2021-02-23T19:31:54","guid":{"rendered":"http:\/\/spboguchwala.pl\/?page_id=15056"},"modified":"2021-02-23T19:31:54","modified_gmt":"2021-02-23T19:31:54","slug":"zdrowy-styl-zycia-myslimy-globalnie-dzialamy-lokalnie","status":"publish","type":"page","link":"https:\/\/spboguchwala.pl\/?page_id=15056","title":{"rendered":"\u201eZdrowy styl \u017cycia &#8211; my\u015blimy globalnie dzia\u0142amy lokalnie\u201d"},"content":{"rendered":"\n<div class=\"wp-block-image\"><figure class=\"aligncenter size-large\"><img loading=\"lazy\" decoding=\"async\" width=\"1024\" height=\"288\" src=\"https:\/\/spboguchwala.pl\/wp-content\/uploads\/2021\/02\/baner3-1024x288.jpg\" alt=\"\" class=\"wp-image-15051\" srcset=\"https:\/\/spboguchwala.pl\/wp-content\/uploads\/2021\/02\/baner3-1024x288.jpg 1024w, https:\/\/spboguchwala.pl\/wp-content\/uploads\/2021\/02\/baner3-300x84.jpg 300w, https:\/\/spboguchwala.pl\/wp-content\/uploads\/2021\/02\/baner3-768x216.jpg 768w, https:\/\/spboguchwala.pl\/wp-content\/uploads\/2021\/02\/baner3-1536x432.jpg 1536w, https:\/\/spboguchwala.pl\/wp-content\/uploads\/2021\/02\/baner3.jpg 1920w\" sizes=\"auto, (max-width: 1024px) 100vw, 1024px\" \/><\/figure><\/div>\n\n\n\n<div class=\"wp-block-image\"><figure class=\"aligncenter size-large is-resized\"><img loading=\"lazy\" decoding=\"async\" src=\"https:\/\/spboguchwala.pl\/wp-content\/uploads\/2021\/02\/Zdrowy-Styl-Zycia-1024x724.jpg\" alt=\"\" class=\"wp-image-15047\" width=\"474\" height=\"334\" srcset=\"https:\/\/spboguchwala.pl\/wp-content\/uploads\/2021\/02\/Zdrowy-Styl-Zycia-1024x724.jpg 1024w, https:\/\/spboguchwala.pl\/wp-content\/uploads\/2021\/02\/Zdrowy-Styl-Zycia-300x212.jpg 300w, https:\/\/spboguchwala.pl\/wp-content\/uploads\/2021\/02\/Zdrowy-Styl-Zycia-768x543.jpg 768w, https:\/\/spboguchwala.pl\/wp-content\/uploads\/2021\/02\/Zdrowy-Styl-Zycia-1536x1086.jpg 1536w, https:\/\/spboguchwala.pl\/wp-content\/uploads\/2021\/02\/Zdrowy-Styl-Zycia-2048x1448.jpg 2048w\" sizes=\"auto, (max-width: 474px) 100vw, 474px\" \/><\/figure><\/div>\n\n\n\n<p><strong>O projekcie<\/strong><\/p>\n\n\n\n<p>Projekt <strong>\u201eZdrowy styl \u017cycia &#8211; my\u015blimy globalnie dzia\u0142amy lokalnie\u201d<\/strong> realizowany w ramach Mechanizmu Finansowego Europejskiego Obszaru Gospodarczego (Fundacja Rozwoju Systemu Edukacji) skierowany jest do szk\u00f3\u0142 podstawowych i ponadpodstawowych realizuj\u0105cych program \u201dSzko\u0142a promuj\u0105ca zdrowie\u201d. Szko\u0142y promuj\u0105ce zdrowie to plac\u00f3wki realizuj\u0105ce systemowe dzia\u0142ania z promocji zdrowia oparte na wieloaspektowym podej\u015bciu do zdrowia (aspekt fizyczny, psychiczny, spo\u0142eczny i duchowy). Grup\u0105 docelow\u0105 projektu s\u0105 szko\u0142y posiadaj\u0105ce Krajowy Certyfikat Szko\u0142y Promuj\u0105cej Zdrowie otrzymany za wieloletnie dzia\u0142anie z promocji zdrowia (30 szk\u00f3\u0142). Dokonana w powy\u017cszych szko\u0142ach diagnoza w zakresie doskonalenia (2018\/2019) wskaza\u0142a potrzeb\u0119 przeprowadzenia szkole\u0144 w zakresie zdrowego \u017cywienia i r\u00f3\u017cnych form aktywno\u015bci ruchowej na bazie praktycznych rozwi\u0105za\u0144 w norweskim systemie szkolnictwa.<\/p>\n\n\n\n<div class=\"wp-block-image\"><figure class=\"aligncenter size-large is-resized\"><img loading=\"lazy\" decoding=\"async\" src=\"https:\/\/spboguchwala.pl\/wp-content\/uploads\/2021\/02\/Obraz3.jpg\" alt=\"\" class=\"wp-image-15048\" width=\"541\" height=\"350\"\/><\/figure><\/div>\n\n\n\n<p><strong>Cele projektu<\/strong><\/p>\n\n\n\n<p><strong>Rozw\u00f3j zawodowy uczestnik\u00f3w:<\/strong><\/p>\n\n\n\n<ol class=\"wp-block-list\"><li>wzrost wiedzy i \u015bwiadomo\u015bci uczestnik\u00f3w w zakresie realizacji edukacji \u017cywieniowej i fizycznej dzieci i m\u0142odzie\u017cy w szkole,<\/li><li>kreacja zmiany postaw &#8211; ubogacenie uczestnik\u00f3w o nowe przyk\u0142ady i rozwi\u0105zania z systemu szkolnictwa norweskiego,<\/li><li>wprowadzenie zmian w szko\u0142ach w oparciu o rozwi\u0105zania praktyczne realizowane w norweskim systemie szkolnictwa.<\/li><\/ol>\n\n\n\n<p><strong>Rozw\u00f3j instytucji uczestnicz\u0105cych:<\/strong><\/p>\n\n\n\n<ol class=\"wp-block-list\"><li>przeszkolenie dyrektor\u00f3w i nauczycieli w zakresie realizacji edukacji \u017cywieniowej i fizycznej dzieci i m\u0142odzie\u017cy w szkole,<\/li><li>przygotowanie uczestnik\u00f3w do wprowadzenia zmian w szko\u0142ach w oparciu o rozwi\u0105zania praktyczne realizowane w norweskim systemie szkolnictwa.<\/li><\/ol>\n\n\n\n<p><strong>Inne grupy docelowe:<\/strong><\/p>\n\n\n\n<ol class=\"wp-block-list\"><li>szko\u0142y w wojew\u00f3dztwie podkarpackim. Przygotowanie uczestnik\u00f3w do upowszechniania zmian w szko\u0142ach w oparciu o rozwi\u0105zania praktyczne realizowane w norweskim systemie szkolnictwa.<\/li><\/ol>\n\n\n\n<div class=\"wp-block-image\"><figure class=\"aligncenter size-large\"><img loading=\"lazy\" decoding=\"async\" width=\"869\" height=\"389\" src=\"https:\/\/spboguchwala.pl\/wp-content\/uploads\/2021\/02\/rekomendacje.jpg\" alt=\"\" class=\"wp-image-15049\" srcset=\"https:\/\/spboguchwala.pl\/wp-content\/uploads\/2021\/02\/rekomendacje.jpg 869w, https:\/\/spboguchwala.pl\/wp-content\/uploads\/2021\/02\/rekomendacje-300x134.jpg 300w, https:\/\/spboguchwala.pl\/wp-content\/uploads\/2021\/02\/rekomendacje-768x344.jpg 768w\" sizes=\"auto, (max-width: 869px) 100vw, 869px\" \/><\/figure><\/div>\n\n\n\n<p><\/p>\n\n\n\n<p class=\"has-text-align-center\"><strong><span style=\"color:#dc0e2a\" class=\"has-inline-color\">1. \u201eRADO\u015a\u0106 Z RUCHU PRZEZ CA\u0141E \u017bYCIE\u201d<\/span> <\/strong>\u00a0&#8211; <br>propagowanie aktywnego sp\u0119dzania czasu na \u015bwie\u017cym powietrzu w r\u00f3\u017cnych porach roku<\/p>\n\n\n\n<p><strong>1. Zaplanowanie kampanii informacyjnej dla rodzic\u00f3w, nauczycieli i uczni\u00f3w.<\/strong><\/p>\n\n\n\n<ol class=\"wp-block-list\" type=\"a\"><li>przedstawienie wynik\u00f3w bada\u0144 socjologicznych, neurodydaktycznych rodzicom w formie prezentacji multimedialnej, filmu, ulotek &#8211; zaprezentowanie na zebraniach, stronie szko\u0142y, tablicach informacyjnych<\/li><li>wys\u0142uchanie propozycji oferty rodzic\u00f3w dotycz\u0105cych wsp\u00f3lnych dzia\u0142a\u0144<\/li><\/ol>\n\n\n\n<p><strong>2. Opracowanie planu dzia\u0142a\u0144<\/strong><\/p>\n\n\n\n<ol class=\"wp-block-list\" type=\"a\"><li>okre\u015blenie cykliczno\u015bci projektu, przydzia\u0142 zada\u0144<\/li><li>uwzgl\u0119dnienie korelacji mi\u0119dzyprzedmiotowej<\/li><li>anga\u017cowanie ca\u0142ej spo\u0142eczno\u015bci szkolnej<\/li><li>pozyskiwanie sojusznik\u00f3w, przyjaci\u00f3\u0142, instytucji wspieraj\u0105cych<\/li><\/ol>\n\n\n\n<p><strong>3. Wdra\u017canie zaplanowanych dzia\u0142a\u0144<\/strong><\/p>\n\n\n\n<p>Przyk\u0142ady dobrych praktyk (z Norwegii i nie tylko)<\/p>\n\n\n\n<ol class=\"wp-block-list\" type=\"a\"><li>&nbsp;\u201eGodzinki dla rodzinki\u201d \u2013 zaj\u0119cia pozalekcyjne dla dzieci z udzia\u0142em rodzic\u00f3w, lekcje otwarte<\/li><li>pomoc rodzic\u00f3w podczas wyst\u0119p\u00f3w, zawod\u00f3w sportowych (przygotowanie stroj\u00f3w, opieka)<\/li><li>\u201crodzic jako ekspert\u201d<\/li><li>\u201crodzinne aktywno\u015bci\u201d &#8211; promocja na stronie szko\u0142y, portalach spo\u0142eczno\u015bciowych, lokalnych mediach<\/li><li>tworzenie fotokroniki, galerii zdj\u0119\u0107<\/li><\/ol>\n\n\n\n<p class=\"has-text-align-center\"><strong><span style=\"color:#dc0e2a\" class=\"has-inline-color\">2. \u201eNIE MA Z\u0141EJ POGODY, JEST Z\u0141E UBRANIE\u201d <\/span>\u2013 <\/strong><br>propagowanie aktywno\u015bci fizycznej przez ca\u0142y rok z naciskiem na dostosowanie odpowiedniego ubioru do pogody (rodzice, nauczyciele i uczniowie).<\/p>\n\n\n\n<ol class=\"wp-block-list\" type=\"a\"><li><strong>Organizowanie tematycznych kampanii spo\u0142ecznych<\/strong><br>&#8211; Przygotowanie z dzie\u0107mi plakat\u00f3w, gazetek na temat wp\u0142ywu aktywno\u015bci ruchowej na zdrowie<br>&#8211; Organizowanie podczas wywiad\u00f3wek cyklicznych akcji informacyjno-edukacyjnych w formie ulotek, broszur zach\u0119caj\u0105cych do aktywno\u015bci fizycznej wsp\u00f3lnie z dzieckiem<br>&#8211; Opracowanie zak\u0142adki na stronie szko\u0142y na temat aktualnych form aktywno\u015bci, realizowanego projektu<\/li><li><strong>wypracowanie korelacji mi\u0119dzyprzedmiotowej i prowadzenie lekcji na \u015bwie\u017cym powietrzu<\/strong><\/li><li><strong>zaproszenie do wsp\u00f3\u0142pracy ekspert\u00f3w, instytucji lokalnych i organizacji pozarz\u0105dowych<\/strong><br> &#8211; Organizowanie spotka\u0144 ze sportowcami, dietetykiem, lekarzem itp. (rodzic jako ekspert)<br>&#8211; Wsp\u00f3\u0142praca z organem prowadz\u0105cym, domem kultury, klubem sportowym itp.<br>&#8211; Pozyskanie wsparcia w organizacjach pozarz\u0105dowych<\/li><\/ol>\n\n\n\n<p>&nbsp;<strong><em>Hart ducha, hart cia\u0142a &#8211; polsko-norweska wsp\u00f3\u0142praca doskona\u0142a!<\/em><\/strong><\/p>\n\n\n\n<p class=\"has-text-align-center\"><strong><span style=\"color:#dc0e2a\" class=\"has-inline-color\">3. PROPOZYCJE PROGRAM\u00d3W I PROJEKT\u00d3W OPRACOWANYCH W OPARCIU O NORWESKIE PRZYK\u0141ADY<\/span><\/strong><\/p>\n\n\n\n<ol class=\"wp-block-list\"><li><em>Szko\u0142a na \u015bwie\u017cym powietrzu<\/em><\/li><li><em>Liderzy aktywnych przerw<\/em><\/li><li><em>Happening szkolny \u201c\u017byj zdrowo i aktywnie\u201d<\/em><\/li><\/ol>\n\n\n\n<div class=\"wp-block-file\"><a href=\"https:\/\/spboguchwala.pl\/wp-content\/uploads\/2021\/02\/Aktywnosc-fizyczna-prezentacja-PP.pdf\" target=\"_blank\" rel=\"noreferrer noopener\">Aktywno\u015b\u0107 fizyczna &#8211; prezentacja<\/a><\/div>\n","protected":false},"excerpt":{"rendered":"<p>O projekcie Projekt \u201eZdrowy styl \u017cycia &#8211; my\u015blimy globalnie dzia\u0142amy lokalnie\u201d realizowany w ramach Mechanizmu Finansowego Europejskiego Obszaru Gospodarczego (Fundacja Rozwoju Systemu Edukacji) skierowany jest do szk\u00f3\u0142 podstawowych i ponadpodstawowych realizuj\u0105cych program \u201dSzko\u0142a promuj\u0105ca zdrowie\u201d. Szko\u0142y promuj\u0105ce zdrowie to plac\u00f3wki realizuj\u0105ce systemowe dzia\u0142ania z promocji zdrowia oparte na wieloaspektowym podej\u015bciu do zdrowia (aspekt fizyczny, psychiczny,&#8230;<\/p>\n","protected":false},"author":2,"featured_media":15047,"parent":0,"menu_order":0,"comment_status":"closed","ping_status":"closed","template":"","meta":{"ngg_post_thumbnail":0,"footnotes":""},"class_list":["post-15056","page","type-page","status-publish","has-post-thumbnail","hentry"],"_links":{"self":[{"href":"https:\/\/spboguchwala.pl\/index.php?rest_route=\/wp\/v2\/pages\/15056","targetHints":{"allow":["GET"]}}],"collection":[{"href":"https:\/\/spboguchwala.pl\/index.php?rest_route=\/wp\/v2\/pages"}],"about":[{"href":"https:\/\/spboguchwala.pl\/index.php?rest_route=\/wp\/v2\/types\/page"}],"author":[{"embeddable":true,"href":"https:\/\/spboguchwala.pl\/index.php?rest_route=\/wp\/v2\/users\/2"}],"replies":[{"embeddable":true,"href":"https:\/\/spboguchwala.pl\/index.php?rest_route=%2Fwp%2Fv2%2Fcomments&post=15056"}],"version-history":[{"count":1,"href":"https:\/\/spboguchwala.pl\/index.php?rest_route=\/wp\/v2\/pages\/15056\/revisions"}],"predecessor-version":[{"id":15057,"href":"https:\/\/spboguchwala.pl\/index.php?rest_route=\/wp\/v2\/pages\/15056\/revisions\/15057"}],"wp:featuredmedia":[{"embeddable":true,"href":"https:\/\/spboguchwala.pl\/index.php?rest_route=\/wp\/v2\/media\/15047"}],"wp:attachment":[{"href":"https:\/\/spboguchwala.pl\/index.php?rest_route=%2Fwp%2Fv2%2Fmedia&parent=15056"}],"curies":[{"name":"wp","href":"https:\/\/api.w.org\/{rel}","templated":true}]}}