{"id":15694,"date":"2021-05-03T19:39:10","date_gmt":"2021-05-03T19:39:10","guid":{"rendered":"http:\/\/spboguchwala.pl\/?page_id=15694"},"modified":"2021-05-03T22:15:13","modified_gmt":"2021-05-03T22:15:13","slug":"rok-2020","status":"publish","type":"page","link":"https:\/\/spboguchwala.pl\/?page_id=15694","title":{"rendered":"Zarz\u0105dzenia 2020"},"content":{"rendered":"\n<div class=\"wp-block-file\"><a href=\"https:\/\/spboguchwala.pl\/wp-content\/uploads\/2020\/03\/24.03-nr-05-2020-Zarz\u0105dzenie-Dyrektora-organizacja-zaj\u0119\u0107-koronawirus.pdf\" target=\"_blank\" rel=\"noreferrer noopener\">24.03.2020 Zarz\u0105dzenie 05\/2020 Organizacja zaj\u0119\u0107 &#8211; koronawirus<\/a><\/div>\n\n\n\n<div class=\"wp-block-file\"><a href=\"https:\/\/spboguchwala.pl\/wp-content\/uploads\/2020\/03\/25.03-nr-06-2020-Zarz\u0105dzenie-Dyrektora-zasady-naliczania-godzin.pdf\" target=\"_blank\" rel=\"noreferrer noopener\">25.03.2020 Zarz\u0105dzenie 06\/2020 Zasady naliczania godzin<\/a><\/div>\n\n\n\n<div class=\"wp-block-file\"><a href=\"https:\/\/spboguchwala.pl\/wp-content\/uploads\/2020\/03\/25.03-Zarzadzenie-07-2020.pdf\" target=\"_blank\" rel=\"noreferrer noopener\">25.03.2020 Zarz\u0105dzenie 07\/2020 Dokumentowanie pracy zdalnej<\/a><\/div>\n\n\n\n<div class=\"wp-block-file\"><a href=\"https:\/\/spboguchwala.pl\/wp-content\/uploads\/2020\/04\/Zarzadzenie-08-20192020-zdalne-ocenianie.pdf\" target=\"_blank\" rel=\"noreferrer noopener\">02.04.2020 Zarz\u0105dzenie 08\/2020 Zdalne ocenianie<\/a><\/div>\n\n\n\n<div class=\"wp-block-file\"><a href=\"https:\/\/spboguchwala.pl\/wp-content\/uploads\/2020\/04\/Zarzadzenie-09-20192020.pdf\" target=\"_blank\" rel=\"noreferrer noopener\">03.04.2020 Zarz\u0105dzenie 09\/2019 Komisja rekrutacyjna<\/a><\/div>\n\n\n\n<div class=\"wp-block-file\"><a href=\"https:\/\/spboguchwala.pl\/wp-content\/uploads\/2020\/05\/18.05-Szko\u0142a-Podstawowa-COVID19-Bezpiecze\u0144stwo-Procedura.pdf\" target=\"_blank\" rel=\"noreferrer noopener\">18.05.2020 Zarz\u0105dzenie 11\/2020 COVID19 Bezpiecze\u0144stwo<\/a><\/div>\n\n\n\n<div class=\"wp-block-file\"><a href=\"https:\/\/spboguchwala.pl\/wp-content\/uploads\/2020\/05\/Za\u0142\u0105czniki-do-pobrania-O\u015bwiadczenia-rodzic\u00f3w-COVID-19.docx\" target=\"_blank\" rel=\"noreferrer noopener\">18.05.2020 O\u015bwiadczenia rodzic\u00f3w COVID19 z Zarz\u0105dzenia 11\/2020 &#8211; Za\u0142\u0105czniki do pobrania <\/a><\/div>\n\n\n\n<div class=\"wp-block-file\"><a href=\"https:\/\/spboguchwala.pl\/wp-content\/uploads\/2020\/06\/Zarz\u0105dzenie-13-2020.pdf\" target=\"_blank\" rel=\"noreferrer noopener\">02.06.2020 Zarz\u0105dzenie 13\/2020 Procedury post\u0119powania w czasie egzaminu \u00f3smoklasisty<\/a><\/div>\n\n\n\n<div class=\"wp-block-file\"><a href=\"https:\/\/spboguchwala.pl\/wp-content\/uploads\/2020\/06\/nr-14-15.06-2020-Zarz\u0105dzenie-procedura-organizacji-zako\u0144czenia-roku.pdf\" target=\"_blank\" rel=\"noreferrer noopener\">15.06.2020 Zarz\u0105dzenie 14\/2020 Procedura organizacji zako\u0144czenia roku<\/a><\/div>\n\n\n\n<div class=\"wp-block-file\"><a href=\"https:\/\/spboguchwala.pl\/wp-content\/uploads\/2020\/08\/Zarz\u0105dzenie-Covid19.pdf\" target=\"_blank\" rel=\"noreferrer noopener\">31.08.2020 Zarz\u0105dzenie 18\/2020 Covid19 Nowelizacja<\/a><\/div>\n\n\n\n<div class=\"wp-block-file\"><a href=\"https:\/\/spboguchwala.pl\/wp-content\/uploads\/2020\/10\/nr-24-16.10-covid-czerwona-strefa.jpg\" target=\"_blank\" rel=\"noreferrer noopener\">16.10.2020 Zarz\u0105dzenie 24\/2020 Covid19 &#8211; czerwona strefa<\/a><\/div>\n\n\n\n<div class=\"wp-block-file\"><a href=\"https:\/\/spboguchwala.pl\/wp-content\/uploads\/2020\/10\/nr-25-26.10-2020-Zdalne-ocenianie-drugi-covid.pdf\" target=\"_blank\" rel=\"noreferrer noopener\">26.10.2020 Zarz\u0105dzenie 25\/2020 Zdalne ocenianie<\/a><\/div>\n\n\n\n<div class=\"wp-block-file\"><a href=\"https:\/\/spboguchwala.pl\/wp-content\/uploads\/2020\/12\/nr-26-26.10.2020-Zarz\u0105dzenie-Praca-zdalna.pdf\" target=\"_blank\" rel=\"noreferrer noopener\">26.10.2020 Zarz\u0105dzenie 26\/2020 Praca zdalna<\/a><\/div>\n\n\n\n<div class=\"wp-block-file\"><a href=\"https:\/\/spboguchwala.pl\/wp-content\/uploads\/2020\/11\/nr-27-09.11.2020-Opieka-\u015bwietlicowa.pdf\" target=\"_blank\" rel=\"noreferrer noopener\">09.11.2020 Zarz\u0105dzenie 27\/2020 Opieka \u015bwietlicowa<\/a><\/div>\n\n\n\n<p><\/p>\n","protected":false},"excerpt":{"rendered":"24.03.2020 Zarz\u0105dzenie 05\/2020 Organizacja zaj\u0119\u0107 - koronawirus 25.03.2020 Zarz\u0105dzenie 06\/2020 Zasady naliczania godzin 25.03.2020 Zarz\u0105dzenie 07\/2020 Dokumentowanie pracy zdalnej 02.04.2020 Zarz\u0105dzenie 08\/2020 Zdalne ocenianie 03.04.2020 Zarz\u0105dzenie 09\/2019 Komisja rekrutacyjna 18.05.2020 Zarz\u0105dzenie 11\/2020 COVID19 Bezpiecze\u0144stwo 18.05.2020 O\u015bwiadczenia rodzic\u00f3w COVID19 z Zarz\u0105dzenia 11\/2020 - Za\u0142\u0105czniki do pobrania 02.06.2020 Zarz\u0105dzenie 13\/2020 Procedury post\u0119powania w czasie egzaminu \u00f3smoklasisty 15.06.2020...","protected":false},"author":2,"featured_media":8576,"parent":0,"menu_order":0,"comment_status":"closed","ping_status":"closed","template":"","meta":{"ngg_post_thumbnail":0,"footnotes":""},"class_list":["post-15694","page","type-page","status-publish","has-post-thumbnail","hentry"],"_links":{"self":[{"href":"https:\/\/spboguchwala.pl\/index.php?rest_route=\/wp\/v2\/pages\/15694","targetHints":{"allow":["GET"]}}],"collection":[{"href":"https:\/\/spboguchwala.pl\/index.php?rest_route=\/wp\/v2\/pages"}],"about":[{"href":"https:\/\/spboguchwala.pl\/index.php?rest_route=\/wp\/v2\/types\/page"}],"author":[{"embeddable":true,"href":"https:\/\/spboguchwala.pl\/index.php?rest_route=\/wp\/v2\/users\/2"}],"replies":[{"embeddable":true,"href":"https:\/\/spboguchwala.pl\/index.php?rest_route=%2Fwp%2Fv2%2Fcomments&post=15694"}],"version-history":[{"count":8,"href":"https:\/\/spboguchwala.pl\/index.php?rest_route=\/wp\/v2\/pages\/15694\/revisions"}],"predecessor-version":[{"id":15782,"href":"https:\/\/spboguchwala.pl\/index.php?rest_route=\/wp\/v2\/pages\/15694\/revisions\/15782"}],"wp:featuredmedia":[{"embeddable":true,"href":"https:\/\/spboguchwala.pl\/index.php?rest_route=\/wp\/v2\/media\/8576"}],"wp:attachment":[{"href":"https:\/\/spboguchwala.pl\/index.php?rest_route=%2Fwp%2Fv2%2Fmedia&parent=15694"}],"curies":[{"name":"wp","href":"https:\/\/api.w.org\/{rel}","templated":true}]}}