{"id":15803,"date":"2021-05-03T22:38:03","date_gmt":"2021-05-03T22:38:03","guid":{"rendered":"http:\/\/spboguchwala.pl\/?page_id=15803"},"modified":"2021-11-22T19:42:48","modified_gmt":"2021-11-22T19:42:48","slug":"etwinning","status":"publish","type":"page","link":"https:\/\/spboguchwala.pl\/?page_id=15803","title":{"rendered":"Memories for the Present"},"content":{"rendered":"\n<p>Zadanie w ramach projektu eTwinning \u2018Memories for the Present &#8211; WW2 hero\u2019<\/p>\n\n\n\n<div class=\"wp-block-image\"><figure class=\"aligncenter size-large is-resized\"><img decoding=\"async\" src=\"https:\/\/spboguchwala.pl\/wp-content\/uploads\/2021\/05\/logo-1.jpg\" alt=\"\" class=\"wp-image-15834\" width=\"-263\" height=\"-270\" srcset=\"https:\/\/spboguchwala.pl\/wp-content\/uploads\/2021\/05\/logo-1.jpg 614w, https:\/\/spboguchwala.pl\/wp-content\/uploads\/2021\/05\/logo-1-292x300.jpg 292w\" sizes=\"(max-width: 614px) 100vw, 614px\" \/><\/figure><\/div>\n\n\n\n<p><strong><em>&#8222;Serce drgn\u0119\u0142o, gdy zobaczy\u0142em ojca, \u017ce mog\u0119 usi\u0105\u015b\u0107 ko\u0142o niego. To by\u0142o bardzo niezwyk\u0142e. (&#8230;) On by nie chcia\u0142 by\u0107 (na piedestale); gdyby go postawi\u0107 na jakim\u015b kamieniu, to by si\u0119 na to nie zgodzi\u0142&#8221;&nbsp;<\/em><\/strong><\/p>\n\n\n\n<p>Te wzruszaj\u0105ce s\u0142owa zosta\u0142y wypowiedziane przez Andrew Maczka &#8211; syna patrona naszej szko\u0142y &#8211; podczas uroczysto\u015bci ods\u0142oni\u0119cia s\u0142ynnego edynburskiego pomnika genera\u0142a. Wykonany z br\u0105zu pomnik przedstawiaj\u0105cy siedz\u0105cego na \u0142awce genera\u0142a Stanis\u0142awa Maczka jest jedynym na g\u0142\u00f3wnym dziedzi\u0144cu ratusza stolicy Szkocji.&nbsp;<\/p>\n\n\n\n<p>Zainspirowana niecodzienn\u0105 form\u0105 pomnika dru\u017cyna eTwinners z 7b wykorzysta\u0142a ten element jako pocz\u0105tek kr\u00f3tkiego filmu o wybranym bohaterze II wojny \u015bwiatowej. Przypominamy, \u017ce taki by\u0142 temat zadania w ramach projektu mi\u0119dzynarodowego <em>Memories for the Present<\/em>. W filmie wykorzystali\u015bmy wykonane w\u0142asnor\u0119cznie kukie\u0142ki (Michalina Chru\u015bciel, Zofia G\u00f3rka, Milena Szuba), kt\u00f3rym g\u0142osu udzielili Igor \u017bar\u00f3w i ponownie Michalina. Re\u017cyserka zadania Maja Krasowska decyduj\u0105c o maksymalnej d\u0142ugo\u015bci filmu 5 min &#8211; postawi\u0142a nie lada wyzwanie przed autorem tekstu. Bo jak w tak kr\u00f3tkim czasie zawrze\u0107 bogat\u0105 histori\u0119 tak wielkiego cz\u0142owieka? Pasjonat historii, Igor \u017bar\u00f3w dokona\u0142 samodzielnie wyboru fakt\u00f3w z \u017cycia genera\u0142a Maczka i przet\u0142umaczy\u0142 tekst na j\u0119zyk angielski, tak aby nasi europejscy koledzy mogli pozna\u0107 i doceni\u0107 t\u0119 posta\u0107. Celowo\u015b\u0107 tego zabiegu niech\u017ce wyt\u0142umacz\u0105 poni\u017csze s\u0142owa Archiego Mckaya (by\u0142ego doradcy Lorda Frasera, inicjatora budowy pomnika)<strong>. <\/strong>Zastrzeg\u0142, \u017ce opowie\u015b\u0107<em> &#8222;nie ko\u0144czy si\u0119 z ods\u0142oni\u0119ciem tej \u0142aweczki (&#8230;) To dopiero pocz\u0105tek, bo musimy zadba\u0107 o to, aby przysz\u0142e pokolenia dowiedzia\u0142y si\u0119 o tych po\u015bwi\u0119ceniach (&#8230;), a tak\u017ce aby nigdy nie powt\u00f3rzy\u0142y b\u0142\u0119d\u00f3w, kt\u00f3re doprowadzi\u0142y do tych dramatycznych wydarze\u0144&#8221;.&nbsp;<\/em><\/p>\n\n\n\n<p>Nawi\u0105zanie do pandemii na pocz\u0105tku filmu jest r\u00f3wnie\u017c celowym zabiegiem, bo od kogo mo\u017cemy nauczy\u0107 si\u0119, \u017ce nawet najgorsze okoliczno\u015bci nie zwalniaj\u0105 z BYCIA uczciwym, honorowym, odwa\u017cnym, my\u015bl\u0105cym o drugim cz\u0142owieku?&nbsp;&nbsp;<\/p>\n\n\n\n<p><strong><em>&#8222;Zawsze, gdy rodzice odejd\u0105, to dopiero wtedy przychodz\u0105 my\u015bli: dlaczego nie zapyta\u0142em o to czy tamto. Du\u017co z nim znikn\u0119\u0142o, ale jednak jest pami\u0119\u0107 o nim&#8221; &#8211; To ponownie s\u0142owa syna genera\u0142a Andrew Maczka.<\/em><\/strong><\/p>\n\n\n\n<p>Pytajmy wi\u0119c \u2026 Taki jest cel naszego projektu, dlatego bardzo pomocne okaza\u0142y si\u0119 wskaz\u00f3wki otrzymane od Przemys\u0142awa Kubicza, studenta historii Uniwersytetu Rzeszowskiego. 29 marca przeprowadzi\u0142 <strong>lekcj\u0119 online <\/strong><strong><em>II wojna \u015bwiatowa &#8211; wspomnienia \u015bwiadk\u00f3w<\/em><\/strong><strong> <\/strong>dla uczni\u00f3w klasy 7b. Lekcja (na potrzeby projektu eTwinning <em>Memories for the Present<\/em>) mia\u0142a na celu u\u015bwiadomienie potrzeby zapisu \u017cyj\u0105cych jeszcze \u015bwiadk\u00f3w zdarze\u0144 z przesz\u0142o\u015bci, jak i wskazanie m\u0142odzie\u017cy, w jaki spos\u00f3b przeprowadzi\u0107 rozmow\u0119 ze starsz\u0105 osob\u0105. Cz\u0119\u015b\u0107 merytoryczn\u0105 zobrazowa\u0142 nagrany przez studenta wywiad z przedstawicielk\u0105 tego pokolenia ze swojej rodziny. Spos\u00f3b prowadzenia lekcji, opowiadania i prezentowania tre\u015bci spotka\u0142 si\u0119 z du\u017cym uznaniem uczni\u00f3w.<\/p>\n\n\n\n<p>Pe\u0142en ten artyku\u0142 cytat\u00f3w, ale nie spos\u00f3b przej\u015b\u0107 oboj\u0119tnie obok wielkich ludzi i ich pi\u0119knych s\u0142\u00f3w (zr\u00f3d\u0142o cytat\u00f3w Dzieje.pl Portal Historyczny publikacja 3.11.2018).<\/p>\n\n\n\n<p>Zapraszamy do obejrzenia filmiku:&nbsp;<a rel=\"noreferrer noopener\" href=\"https:\/\/www.facebook.com\/SPBoguchwala\/videos\/788064382096049\" target=\"_blank\">https:\/\/www.facebook.com\/SPBoguchwala\/videos\/788064382096049<\/a><\/p>\n\n\n\n<p class=\"has-text-align-right\">zesp\u00f3\u0142 eTwinning SP Boguchwa\u0142a<\/p>\n\n\n\n<p>Zajrzyjcie na stron\u0119 naszego projektu. S\u0105 tam r\u00f3wnie\u017c efekty pracy zespo\u0142\u00f3w z W\u0142och i Francji. Sprawd\u017acie kim by\u0142 Michel Picon i przeczytajcie pi\u0119kne wiersze w\u0142oskich uczni\u00f3w o tematyce wojennej.&nbsp;<\/p>\n\n\n\n<p><a rel=\"noreferrer noopener\" href=\"https:\/\/twinspace.etwinning.net\/122104\/home\" target=\"_blank\">https:\/\/twinspace.etwinning.net\/122104\/home<\/a><\/p>\n\n\n\n<div class=\"wp-block-image\"><figure class=\"aligncenter size-large is-resized\"><img loading=\"lazy\" decoding=\"async\" src=\"https:\/\/spboguchwala.pl\/wp-content\/uploads\/2021\/05\/etwinners-w-akcji-1024x724.jpg\" alt=\"\" class=\"wp-image-15835\" width=\"696\" height=\"491\" srcset=\"https:\/\/spboguchwala.pl\/wp-content\/uploads\/2021\/05\/etwinners-w-akcji-1024x724.jpg 1024w, https:\/\/spboguchwala.pl\/wp-content\/uploads\/2021\/05\/etwinners-w-akcji-300x212.jpg 300w, https:\/\/spboguchwala.pl\/wp-content\/uploads\/2021\/05\/etwinners-w-akcji-768x543.jpg 768w, https:\/\/spboguchwala.pl\/wp-content\/uploads\/2021\/05\/etwinners-w-akcji-2048x1449.jpg 2048w\" sizes=\"auto, (max-width: 696px) 100vw, 696px\" \/><figcaption>etwinners w akcji&#8230;<\/figcaption><\/figure><\/div>\n\n\n\n<p><\/p>\n\n\n\n<p>Ostatni miesi\u0105c realizacji naszego projektu eTwinning&nbsp;<em>Memories for the present&nbsp;<\/em>okaza\u0142 si\u0119 dla nas bardzo pracowity. Po nieco wcze\u015bniejszym powrocie w\u0142oskich i francuskich uczni\u00f3w do nauczania stacjonarnego, na Twinspace pojawi\u0142y nowe materia\u0142y, m.in. wiersze w\u0142oskich koleg\u00f3w na temat II wojny \u015bwiatowej (w j\u0119zyku angielskim). Ich mocna i&nbsp;wzruszaj\u0105ca tre\u015b\u0107 zainspirowa\u0142a nas do wykonania dodatkowego zadania. Postanowili\u015bmy wyrecytowa\u0107 te wiersze&nbsp;i nagrania umie\u015bci\u0107 na padlecie. Us\u0142yszycie tam recytacj\u0119: Julii Olejasz, Mileny Szudrowicz, Aleksandry Dykiel, Magdaleny Byjo\u015b, Anny Furtek, Anny Drozd, Oliwii Wolan. Dzi\u0119kujemy za Wasz\u0105 prac\u0119 i tw\u00f3rcze podej\u015bcie do zadania. Mamy wi\u0119c kolejny produkt, kt\u00f3rym mo\u017cemy si\u0119 pochwali\u0107, a jednocze\u015bnie jest to co\u015b, co wzmacnia nasz poziom wsp\u00f3\u0142pracy mi\u0119dzynarodowej.&nbsp;<\/p>\n\n\n\n<p>Link do naszego padletu:<em>&nbsp;War in young people\u2019s words<\/em>:&nbsp;<a rel=\"noreferrer noopener\" href=\"https:\/\/padlet.com\/agatara16\/r7w5ha1p9wmnb3h7\" target=\"_blank\">https:\/\/padlet.com\/agatara16\/r7w5ha1p9wmnb3h7<\/a><\/p>\n\n\n\n<p>Sprawili\u015bmy tym ogromn\u0105 przyjemno\u015b\u0107 autorom wierszy, a niekt\u00f3rych mogli\u015bmy pozna\u0107 podczas spotkania online w czwartek, 13 maja. Spotkanie zaplanowane zosta\u0142o przez koordynator\u00f3w szk\u00f3\u0142 z W\u0142och, Francji i naszej oczywi\u015bcie. Uczestniczy\u0142o w nim ponad 30 os\u00f3b \u2013 uczni\u00f3w szk\u00f3\u0142 partnerskich i 4 nauczycieli. Omawiali\u015bmy kwestie dotycz\u0105ce finalnego produktu naszego projektu, a pod koniec godzinnego spotkania opowiadali\u015bmy sobie o naszych szko\u0142ach. Nie by\u0142o \u0142atwo rozmawia\u0107 w j\u0119zyku angielskim przed tak szerokim gronem, ale poradzili\u015bmy sobie i nawet wykazali\u015bmy si\u0119 inicjatyw\u0105 za\u0142o\u017cenia grupy na Instagramie, w celu wsp\u00f3lnej pracy nad eBookiem. Dzi\u0119kujemy Magdzie Byjo\u015b za szybkie dzia\u0142anie i doceniamy jej zdolno\u015bci kierowania zespo\u0142em (self-appointed leader).<\/p>\n\n\n\n<p>Poza tym w spotkaniu nasz\u0105 szko\u0142\u0119 reprezentowali: Julia Bielenda, Maksymilian Gola, Kamil Ciosek, Tymoteusz Byjo\u015b, Julia Olejasz, Anna Drozd i Igor \u017bar\u00f3w.<\/p>\n\n\n\n<p>Dodatkowa korzy\u015b\u0107 jest taka, \u017ce mo\u017cemy swobodnie \u0107wiczy\u0107 angielski, bo grupa na Instagramie jest du\u017ca i jej aktywno\u015b\u0107 r\u00f3wnie\u017c (zalet\u0105 jest to, \u017ce nie ma tam nauczycieli&nbsp;&nbsp;<\/p>\n\n\n\n<p>Na TwinSpace projektu znajdziecie te\u017c wiersze francuskich koleg\u00f3w (pojawi\u0142y si\u0119 dopiero 12 maja, wi\u0119c nie by\u0142o ju\u017c czasu na ich wyrecytowanie i nagranie. Zawsze mo\u017cemy nad nimi popracowa\u0107 na lekcjach angielskiego).<\/p>\n\n\n\n<p class=\"has-text-align-right\">&nbsp; &nbsp; &nbsp; &nbsp; &nbsp; &nbsp; &nbsp; &nbsp; &nbsp; zesp\u00f3\u0142 eTwinning, SP Boguchwa\u0142a<\/p>\n\n\n\n<p>P.S. Z ostatniej chwili: Po czwartkowym spotkaniu otrzymali\u015bmy wspania\u0142y prezent od francuskich koleg\u00f3w \u2013 video, na kt\u00f3rym prezentuj\u0105 swoj\u0105 szko\u0142\u0105 i przedstawiaj\u0105 si\u0119 (tak, na ko\u0144cu projektu, bo dopiero teraz uda\u0142o im si\u0119 to zrobi\u0107, ale cieszymy si\u0119, \u017ce do nas w ko\u0144cu do\u0142\u0105czyli i mo\u017cemy si\u0119 cieszy\u0107 efektami naszej wsp\u00f3\u0142pracy).<\/p>\n\n\n\n<figure class=\"wp-block-embed is-type-video is-provider-vimeo wp-block-embed-vimeo wp-embed-aspect-16-9 wp-has-aspect-ratio\"><div class=\"wp-block-embed__wrapper\">\n<iframe loading=\"lazy\" title=\"3e Euro Podensac 2\" src=\"https:\/\/player.vimeo.com\/video\/549583496?dnt=1&amp;app_id=122963&amp;h=f4acd1ccec\" width=\"640\" height=\"360\" frameborder=\"0\" allow=\"autoplay; fullscreen; picture-in-picture\" allowfullscreen><\/iframe>\n<\/div><\/figure>\n\n\n\n<figure class=\"wp-block-embed is-type-video is-provider-vimeo wp-block-embed-vimeo wp-embed-aspect-16-9 wp-has-aspect-ratio\"><div class=\"wp-block-embed__wrapper\">\n<iframe loading=\"lazy\" title=\"3e Euro Podensac 1\" src=\"https:\/\/player.vimeo.com\/video\/549582917?dnt=1&amp;app_id=122963&amp;h=6677f75aed\" width=\"640\" height=\"360\" frameborder=\"0\" allow=\"autoplay; fullscreen; picture-in-picture\" allowfullscreen><\/iframe>\n<\/div><\/figure>\n\n\n\n<div class=\"wp-block-image\"><figure class=\"aligncenter size-large is-resized\"><img loading=\"lazy\" decoding=\"async\" src=\"https:\/\/spboguchwala.pl\/wp-content\/uploads\/2021\/05\/Zrzut-ekranu-81-1024x576.jpg\" alt=\"\" class=\"wp-image-15937\" width=\"820\" height=\"461\" srcset=\"https:\/\/spboguchwala.pl\/wp-content\/uploads\/2021\/05\/Zrzut-ekranu-81-1024x576.jpg 1024w, https:\/\/spboguchwala.pl\/wp-content\/uploads\/2021\/05\/Zrzut-ekranu-81-300x169.jpg 300w, https:\/\/spboguchwala.pl\/wp-content\/uploads\/2021\/05\/Zrzut-ekranu-81-768x432.jpg 768w, https:\/\/spboguchwala.pl\/wp-content\/uploads\/2021\/05\/Zrzut-ekranu-81.jpg 1366w\" sizes=\"auto, (max-width: 820px) 100vw, 820px\" \/><\/figure><\/div>\n\n\n\n<div class=\"wp-block-image\"><figure class=\"aligncenter size-large is-resized\"><img loading=\"lazy\" decoding=\"async\" src=\"https:\/\/spboguchwala.pl\/wp-content\/uploads\/2021\/05\/padlet-eTwinning-poems-804x1024.jpg\" alt=\"\" class=\"wp-image-15938\" width=\"652\" height=\"827\"\/><\/figure><\/div>\n\n\n\n<p><\/p>\n\n\n\n<p>To ju\u017c fina\u0142 naszego projektu eTwinning Memories for the Present. Wynikiem intensywnej pracy ostatnich dw\u00f3ch tygodni jest<strong> eBook <\/strong>(projekt graficzny i koordynacja: <strong>Magdalena Byjo\u015b<\/strong>). Sk\u0142ada si\u0119 z 5 cz\u0119\u015bci, kt\u00f3rych zawarto\u015b\u0107 to wypracowane wsp\u00f3lnie materia\u0142y. Do nas nale\u017ca\u0142o opracowanie rozdzia\u0142\u00f3w: <em>Memories hidden in our families (Wspomnienia ukryte w historiach naszych rodzin)<\/em> oraz <em>Fashion &#8211; not only vanity. <\/em>Przygotowali\u015bmy video, o kt\u00f3rego warto\u015bci decyduj\u0105 autentyczne materia\u0142y udost\u0119pnione dla nas przez rodzin\u0119 <strong>Radka Kami\u0144skiego,<\/strong> za co bardzo dzi\u0119kujemy. Przeprowadzi\u0142 on wywiad ze swoim tat\u0105 na temat jego wuja Feliksa Kami\u0144skiego &#8211; postaci, kt\u00f3rej wczesna m\u0142odo\u015b\u0107 przypad\u0142a na ci\u0119\u017ckie czasy wojny i zdeterminowa\u0142a jego dalsze losy. T\u0142umaczenie wywiadu na j\u0119zyk angielski wykona\u0142a<strong> Anna Furtek,<\/strong> <strong>Tymek Byjo\u015b<\/strong> pom\u00f3g\u0142 w opracowaniu technicznym.<\/p>\n\n\n\n<p>Druga cz\u0119\u015b\u0107 video to opis wspomnie\u0144 prababci <strong>Basi Rusinek<\/strong>. To bardzo wa\u017cne, \u017ceby pyta\u0107, pami\u0119ta\u0107, przekazywa\u0107. To wiele nas uczy, bo trudno poj\u0105\u0107 ogrom cierpienia, poziom trudu codzienno\u015bci tego okresu. Nauczymy si\u0119 i przeka\u017cemy przysz\u0142ym pokoleniom jak sobie radzi\u0107, jak pozosta\u0107 \u2018cz\u0142owiekiem\u2019 w warunkach degraduj\u0105cych wszelkie warto\u015bci.<\/p>\n\n\n\n<p>Do eBooka do\u0142\u0105czymy te\u017c polskie piosenki wykonane m.in. przez <strong>Noemi Plut\u0119 z klasy 5a <\/strong>(dzi\u0119ki wsp\u00f3\u0142pracy z panem Grzegorzem Ziobro &#8211; nauczycielem muzyki). Wykonanie utworu <em>Deszcz, jesienny deszcz<\/em> jest tak pi\u0119kne, \u017ce udost\u0119pniamy je ju\u017c dzisiaj. Brawo Noemi!<\/p>\n\n\n\n<p>Do zadania o modzie z czas\u00f3w okupacji uda\u0142o nam si\u0119 pozyska\u0107 pomoc <strong>pani Moniki So\u0142oduszkiewicz,<\/strong> pe\u0142ni\u0105cej funkcj\u0119 G\u0142\u00f3wnego Specjalisty Dzia\u0142u Zbior\u00f3w Muzeum II Wojny \u015awiatowej w Gda\u0144sku. Szukaj\u0105c materia\u0142\u00f3w do tego tematu, natkn\u0119li\u015bmy si\u0119 na ciekawe artyku\u0142y jej autorstwa. Korespondencja mailowa przynios\u0142a efekt w postaci udzielenia licencji naszej szkole na wykorzystanie cyfrowej wersji cz\u0119\u015bci zbior\u00f3w.<\/p>\n\n\n\n<p>Jeste\u015bmy za to bardzo wdzi\u0119czni, bo opracowany materia\u0142 zyska\u0142 profesjonaln\u0105 opraw\u0119 merytoryczn\u0105.<\/p>\n\n\n\n<p>Autentyczne zdj\u0119cia, wycinki prasowe z lat 40-tych zainspirowa\u0142y nas do przygotowania stylizacji i ich zapisu cyfrowego. Do tego zadania zaanga\u017cowali si\u0119: <strong>Maja Krasowska <\/strong>&#8211; re\u017cyser pokazu; <strong>Julia Bielenda &#8211;<\/strong> autorka zdj\u0119\u0107; modele i modelki: <strong>Zofia G\u00f3rka<\/strong>, <strong>Barbara Rusinek<\/strong>, <strong>Nadia Kaczmarska<\/strong>, <strong>Aleksandra Salamak,<\/strong> <strong>Sebastian Szczepan<\/strong> i <strong>Kamil Ciosek<\/strong>. <strong>Magdalena Byjo\u015b <\/strong>jest autork\u0105 projektu oraztekstu o modzie z czas\u00f3w okupacji w j\u0119zyku angielskim, kt\u00f3ra stanowi cz\u0119\u015b\u0107 teoretyczn\u0105 do przygotowanej infografiki <em>Fashion &#8211; not only vanity. <\/em>Magda umie\u015bci\u0142a na ko\u0144cu pi\u0119kny cytat, kt\u00f3ry pi\u0119knie podsumowuje tre\u015b\u0107 naszego projektu: <em>Memories can be our worst enemy, yet closest friend.<\/em><\/p>\n\n\n\n<p>Zapraszamy do obejrzenia: <a rel=\"noreferrer noopener\" href=\"https:\/\/www.canva.com\/design\/DAEf2NUNkNU\/jRXVxQCwkU6abm-gNuD5dg\/watch?utm_content=DAEf2NUNkNU&amp;utm_campaign=designshare&amp;utm_medium=link&amp;utm_source=sharebutton\" target=\"_blank\">Fashion &#8211; not only vanity<\/a><\/p>\n\n\n\n<p>Wywiad Radka z tat\u0105: <a rel=\"noreferrer noopener\" href=\"https:\/\/www.youtube.com\/watch?v=aOtPv7vDLxo\" target=\"_blank\">https:\/\/www.youtube.com\/watch?v=aOtPv7vDLxo<\/a><\/p>\n\n\n\n<p>eBook (piosenk\u0119 &#8222;Deszcze jesienny deszcz&#8221; wykonuje Noemi Pluta z kl. Va): <a rel=\"noreferrer noopener\" href=\"https:\/\/www.canva.com\/design\/DAEfIKxzdPU\/PBhpchcQphXpF-V0-Spd8g\/watch?utm_content=DAEfIKxzdPU&amp;utm_campaign=designshare&amp;utm_medium=link&amp;utm_source=sharebutton\" target=\"_blank\">eBook<\/a><\/p>\n\n\n\n<p><\/p>\n\n\n\n<p>Nasze ostatnie zadanie projektowe, czyli moda lat 40-tych sta\u0142o si\u0119 dla m\u0142odych ludzi inspiracj\u0105 do nagrania pokazu mody. Tak jak wspomnieli\u015bmy w ostatniej ods\u0142onie naszej relacji eTwinningowej, dzi\u0119ki zyczliwo\u015bci Pani Moniki So\u0142oduszkiewicz z Dzia\u0142u Zbior\u00f3w Muzeum II Wojny \u015awiatowej w Gda\u0144sku, mogli\u015bmy (klasa 8b) opracowa\u0107 tematyczn\u0105 infografik\u0119 wzbogacon\u0105 cyfrow\u0105 wersj\u0105 autentycznych eksponat\u00f3w. Do\u0142\u0105czyli\u015bmy r\u00f3wnie\u017c zdj\u0119cia stylizowane i inspirowane mod\u0105 z czasu wojny. W roli modeli mogli\u015bcie zobaczy\u0107 uczni\u00f3w z klasy 7b i 8b.&nbsp;<\/p>\n\n\n\n<p>Wsp\u00f3\u0142praca nie zako\u0144czy\u0142a si\u0119 na tym, bo inicjatyw\u0119 przej\u0119\u0142a Maja Krasowska, 7b i wraz z Zosi\u0105 G\u00f3rk\u0105 stworzy\u0142y scenariusz pokazu mody. Zaprosi\u0142y do wsp\u00f3\u0142pracy koleg\u0119 i kole\u017canki&nbsp; z klasy Sebastiana Szczepana, Nadi\u0119 Kaczmarsk\u0105, Milen\u0119 Szub\u0119 (d\u0142ugo namawiali\u015bmy t\u0119 dziewczyn\u0119:) oraz Basi\u0119 Rusinek i Ol\u0119 Salamak z 8b. Asystentki modeli i osoby czuwaj\u0105ce nad sprawnym przebiegiem pokazu to: Julia Bielenda, Milena Szudrowicz, Ola Dykiel i Magda Byjo\u015b z 8b. Mi\u0142o by\u0142o patrze\u0107 na t\u0119 wsp\u00f3\u0142prac\u0119, cho\u0107 czasami powia\u0142o groz\u0105\u2026 Ale re\u017cyser pokazu musi nad wszystkim panowa\u0107, a nie by\u0142o \u0142atwo. Dotkn\u0119\u0142a nas tzw. z\u0142o\u015bliwo\u015b\u0107 rzeczy martwych, czyli z\u0142o\u015bliwo\u015b\u0107 aparatu fotograficznego- nie chcia\u0142 nas nagrywa\u0107. Za to dzi\u0119ki wyrozumia\u0142o\u015bci nauczycieli, szczeg\u00f3lnie wychowania fizycznego, uda\u0142o si\u0119 nagra\u0107 4 ods\u0142ony pokazu: dwie wsp\u00f3\u0142czesne i dwie inspirowane mod\u0105 lat 40-tych. Brawo Pani Re\u017cyser! Kt\u00f3\u017c to? Majka Krasowska. Jest co ogl\u0105da\u0107, wi\u0119c nie wahajcie si\u0119 i zwr\u00f3\u0107cie uwag\u0119 na to jak wiele wsp\u00f3\u0142czesna moda czerpie z tamtych lat: lu\u017ane spodnie z wysokim stanem, obszerne(za du\u017ce marynarki), nakrycia g\u0142owy, chustki wplecione we w\u0142osy, trencz, szmizjerka, d\u0142ugo\u015b\u0107 sp\u00f3dnic i sukienek, ko\u0142nierzyki, kr\u00f3j bluzki, letnie zwiewne kobiece sukienki. Dodatkowo zastanawia nas fakt, \u017ce w tamtych czasach i dzi\u015b propagowany by\u0142 recykling ubra\u0144. Inne przyczyny? A mo\u017ce jest tu jaka\u015b analogia? Pomy\u015blcie\u2026&nbsp;<\/p>\n\n\n\n<p>My\u015bl\u0119, \u017ce mamy gotowy temat na przysz\u0142oroczny projekt!<\/p>\n\n\n\n<p>Jako koordynator projektu <em>Memories for the Present <\/em>dzi\u0119kuj\u0119 fantastycznym m\u0142odym ludziom za prac\u0119&nbsp; i dystans do siebie. Ciesz\u0119 si\u0119, \u017ce mogli\u015bcie zaprezentowa\u0107 tak pi\u0119knie swoje talenty, urod\u0119 i rado\u015b\u0107. Wasza energia promieniuje! Dzi\u0119kuj\u0119:)<\/p>\n\n\n\n<p class=\"has-text-align-right\">&nbsp;&nbsp;&nbsp;&nbsp;&nbsp;&nbsp;&nbsp;&nbsp;&nbsp;&nbsp;&nbsp;&nbsp;&nbsp;&nbsp;&nbsp;&nbsp;&nbsp;&nbsp;&nbsp;&nbsp;&nbsp;&nbsp;&nbsp;&nbsp;&nbsp;&nbsp;&nbsp;&nbsp;&nbsp;&nbsp;&nbsp;&nbsp;&nbsp;&nbsp;&nbsp;&nbsp;&nbsp;&nbsp;&nbsp;&nbsp;&nbsp;&nbsp;&nbsp;&nbsp;&nbsp;&nbsp;&nbsp;&nbsp;&nbsp;&nbsp;&nbsp;&nbsp;&nbsp;&nbsp;&nbsp;&nbsp;&nbsp;&nbsp;&nbsp;&nbsp;&nbsp;&nbsp;&nbsp;&nbsp;&nbsp;&nbsp;&nbsp;&nbsp;&nbsp;&nbsp;&nbsp;&nbsp;&nbsp;&nbsp;&nbsp;&nbsp;&nbsp;&nbsp;&nbsp;&nbsp;&nbsp;&nbsp;&nbsp;&nbsp;&nbsp;&nbsp;&nbsp;&nbsp;&nbsp;&nbsp;&nbsp;&nbsp;Agata R\u0105pa\u0142a<\/p>\n\n\n\n<p>Zapraszamy do obejrzenia: <a rel=\"noreferrer noopener\" href=\"https:\/\/youtu.be\/F9-BgUf-VPA\" target=\"_blank\">fashion show 'WW2 inspirations&#8217;<\/a>&nbsp;<\/p>\n\n\n\n<p><\/p>\n\n\n\n<p class=\"has-text-align-center has-medium-font-size\"><strong>Krajowa Odznaka Jako\u015bci eTwinning dla naszej szko\u0142y!<\/strong><\/p>\n\n\n\n<p>Mamy nadziej\u0119, \u017ce spo\u0142eczno\u015b\u0107 szkolna przyjmie z rado\u015bci\u0105 informacj\u0119 o nagrodzeniu naszego ubieg\u0142orocznego projektu&nbsp; eTwinning&nbsp;<strong>\u2018Memories for the Present\u2019&nbsp;<\/strong>Krajow\u0105&nbsp;<strong>Odznak\u0105 Jako\u015bci<\/strong>&nbsp;eTwinning przyznan\u0105 przez Narodow\u0105 Agencj\u0119 FRSE&nbsp; (Fundacja Rozwoju Systemu Edukacji).<\/p>\n\n\n\n<div class=\"wp-block-image\"><figure class=\"aligncenter size-large is-resized\"><img loading=\"lazy\" decoding=\"async\" src=\"https:\/\/spboguchwala.pl\/wp-content\/uploads\/2021\/09\/0001-1024x724.jpg\" alt=\"\" class=\"wp-image-17500\" width=\"615\" height=\"434\" srcset=\"https:\/\/spboguchwala.pl\/wp-content\/uploads\/2021\/09\/0001-1024x724.jpg 1024w, https:\/\/spboguchwala.pl\/wp-content\/uploads\/2021\/09\/0001-300x212.jpg 300w, https:\/\/spboguchwala.pl\/wp-content\/uploads\/2021\/09\/0001-768x543.jpg 768w, https:\/\/spboguchwala.pl\/wp-content\/uploads\/2021\/09\/0001-1536x1086.jpg 1536w, https:\/\/spboguchwala.pl\/wp-content\/uploads\/2021\/09\/0001-2048x1447.jpg 2048w\" sizes=\"auto, (max-width: 615px) 100vw, 615px\" \/><\/figure><\/div>\n\n\n\n<p><a rel=\"noreferrer noopener\" href=\"https:\/\/www.canva.com\/design\/DAEfIKxzdPU\/PBhpchcQphXpF-V0-Spd8g\/watch?utm_content=DAEfIKxzdPU&amp;utm_campaign=designshare&amp;utm_medium=link&amp;utm_source=sharebutton\" target=\"_blank\">&nbsp;&nbsp;&nbsp;&nbsp;&nbsp;&nbsp;&nbsp;&nbsp;&nbsp;&nbsp;&nbsp;&nbsp;&nbsp;&nbsp;&nbsp;&nbsp;&nbsp;&nbsp;&nbsp;&nbsp;&nbsp;&nbsp;&nbsp;&nbsp;&nbsp;&nbsp;&nbsp;&nbsp;&nbsp;&nbsp;&nbsp;&nbsp;&nbsp;&nbsp;&nbsp;&nbsp;&nbsp;&nbsp;&nbsp;&nbsp;&nbsp;&nbsp;&nbsp;&nbsp;&nbsp;&nbsp;&nbsp;&nbsp;&nbsp;&nbsp;&nbsp;&nbsp;&nbsp;&nbsp;&nbsp;&nbsp;&nbsp;&nbsp;&nbsp;&nbsp;&nbsp;&nbsp;&nbsp;&nbsp;&nbsp;&nbsp;&nbsp;&nbsp;&nbsp;&nbsp;&nbsp;&nbsp;&nbsp;&nbsp;&nbsp;&nbsp;&nbsp;<\/a><\/p>\n\n\n\n<p>Rezultaty pracy zespo\u0142\u00f3w z klas 7b i 8b mo\u017cna wci\u0105\u017c obejrze\u0107 korzystaj\u0105c z link\u00f3w umieszczonych na szkolnej stronie internetowej&nbsp;<a rel=\"noreferrer noopener\" href=\"http:\/\/www.spboguchwala.pl\/\" target=\"_blank\">www.spboguchwala.pl<\/a>&nbsp;w zak\u0142adce Projekty mi\u0119dzynarodowe.<\/p>\n\n\n\n<div class=\"wp-block-image\"><figure class=\"aligncenter size-large is-resized\"><img decoding=\"async\" src=\"https:\/\/spboguchwala.pl\/wp-content\/uploads\/2021\/09\/list-gratulacyjny-768x1024.jpg\" alt=\"\" class=\"wp-image-17499\" width=\"-191\" height=\"-255\" srcset=\"https:\/\/spboguchwala.pl\/wp-content\/uploads\/2021\/09\/list-gratulacyjny-768x1024.jpg 768w, https:\/\/spboguchwala.pl\/wp-content\/uploads\/2021\/09\/list-gratulacyjny-225x300.jpg 225w, https:\/\/spboguchwala.pl\/wp-content\/uploads\/2021\/09\/list-gratulacyjny-1152x1536.jpg 1152w, https:\/\/spboguchwala.pl\/wp-content\/uploads\/2021\/09\/list-gratulacyjny-1536x2048.jpg 1536w, https:\/\/spboguchwala.pl\/wp-content\/uploads\/2021\/09\/list-gratulacyjny-scaled.jpg 1920w\" sizes=\"(max-width: 768px) 100vw, 768px\" \/><\/figure><\/div>\n","protected":false},"excerpt":{"rendered":"<p>Zadanie w ramach projektu eTwinning \u2018Memories for the Present &#8211; WW2 hero\u2019 &#8222;Serce drgn\u0119\u0142o, gdy zobaczy\u0142em ojca, \u017ce mog\u0119 usi\u0105\u015b\u0107 ko\u0142o niego. To by\u0142o bardzo niezwyk\u0142e. (&#8230;) On by nie chcia\u0142 by\u0107 (na piedestale); gdyby go postawi\u0107 na jakim\u015b kamieniu, to by si\u0119 na to nie zgodzi\u0142&#8221;&nbsp; Te wzruszaj\u0105ce s\u0142owa zosta\u0142y wypowiedziane przez Andrew Maczka&#8230;<\/p>\n","protected":false},"author":2,"featured_media":14731,"parent":0,"menu_order":0,"comment_status":"closed","ping_status":"closed","template":"","meta":{"ngg_post_thumbnail":0,"footnotes":""},"class_list":["post-15803","page","type-page","status-publish","has-post-thumbnail","hentry"],"_links":{"self":[{"href":"https:\/\/spboguchwala.pl\/index.php?rest_route=\/wp\/v2\/pages\/15803","targetHints":{"allow":["GET"]}}],"collection":[{"href":"https:\/\/spboguchwala.pl\/index.php?rest_route=\/wp\/v2\/pages"}],"about":[{"href":"https:\/\/spboguchwala.pl\/index.php?rest_route=\/wp\/v2\/types\/page"}],"author":[{"embeddable":true,"href":"https:\/\/spboguchwala.pl\/index.php?rest_route=\/wp\/v2\/users\/2"}],"replies":[{"embeddable":true,"href":"https:\/\/spboguchwala.pl\/index.php?rest_route=%2Fwp%2Fv2%2Fcomments&post=15803"}],"version-history":[{"count":12,"href":"https:\/\/spboguchwala.pl\/index.php?rest_route=\/wp\/v2\/pages\/15803\/revisions"}],"predecessor-version":[{"id":19228,"href":"https:\/\/spboguchwala.pl\/index.php?rest_route=\/wp\/v2\/pages\/15803\/revisions\/19228"}],"wp:featuredmedia":[{"embeddable":true,"href":"https:\/\/spboguchwala.pl\/index.php?rest_route=\/wp\/v2\/media\/14731"}],"wp:attachment":[{"href":"https:\/\/spboguchwala.pl\/index.php?rest_route=%2Fwp%2Fv2%2Fmedia&parent=15803"}],"curies":[{"name":"wp","href":"https:\/\/api.w.org\/{rel}","templated":true}]}}