{"id":15808,"date":"2021-05-03T22:43:51","date_gmt":"2021-05-03T22:43:51","guid":{"rendered":"http:\/\/spboguchwala.pl\/?page_id=15808"},"modified":"2022-02-04T17:07:56","modified_gmt":"2022-02-04T17:07:56","slug":"2021-2022","status":"publish","type":"page","link":"https:\/\/spboguchwala.pl\/?page_id=15808","title":{"rendered":"2021\/2022"},"content":{"rendered":"\n<div class=\"wp-block-image\"><figure class=\"aligncenter size-large is-resized\"><img loading=\"lazy\" decoding=\"async\" src=\"https:\/\/spboguchwala.pl\/wp-content\/uploads\/2021\/02\/Rekrutacja-1024x683.jpg\" alt=\"\" class=\"wp-image-14636\" width=\"343\" height=\"228\" srcset=\"https:\/\/spboguchwala.pl\/wp-content\/uploads\/2021\/02\/Rekrutacja-1024x683.jpg 1024w, https:\/\/spboguchwala.pl\/wp-content\/uploads\/2021\/02\/Rekrutacja-300x200.jpg 300w, https:\/\/spboguchwala.pl\/wp-content\/uploads\/2021\/02\/Rekrutacja-768x512.jpg 768w, https:\/\/spboguchwala.pl\/wp-content\/uploads\/2021\/02\/Rekrutacja-1536x1024.jpg 1536w, https:\/\/spboguchwala.pl\/wp-content\/uploads\/2021\/02\/Rekrutacja-2048x1365.jpg 2048w\" sizes=\"auto, (max-width: 343px) 100vw, 343px\" \/><\/figure><\/div>\n\n\n\n<div class=\"wp-block-file\"><a href=\"https:\/\/spboguchwala.pl\/wp-content\/uploads\/2022\/02\/kl-I.pdf\" target=\"_blank\" rel=\"noreferrer noopener\">Przydzia\u0142 dzieci do klas I<\/a><\/div>\n\n\n\n<div class=\"wp-block-file\"><a href=\"https:\/\/spboguchwala.pl\/wp-content\/uploads\/2022\/02\/Lista-kandydatow-przyjetych-i-nieprzyjetych-w-postepowaniu-rekrutacyjnym-do-kl.-I.pdf\" target=\"_blank\" rel=\"noreferrer noopener\">Lista kandydat\u00f3w przyj\u0119tych i nieprzyj\u0119tych w post\u0119powaniu rekrutacyjnym do kl. I w roku szkolnym 2021\/2022<\/a><\/div>\n\n\n\n<div class=\"wp-block-file\"><a href=\"https:\/\/spboguchwala.pl\/wp-content\/uploads\/2022\/02\/Lista-uczniow-zakwalifikowanych-i-niezakwalifikowanych.pdf\" target=\"_blank\" rel=\"noreferrer noopener\">Lista uczni\u00f3w zakwalifikowanych i niezakwalifikowanych \u2013 rekrutacja 2021\/2022<\/a><\/div>\n\n\n\n<div class=\"wp-block-file\"><a href=\"https:\/\/spboguchwala.pl\/wp-content\/uploads\/2022\/02\/Regulamin-2021-2022.pdf\" target=\"_blank\" rel=\"noreferrer noopener\">REGULAMIN REKRUTACJI do klasy I na rok szkolny 2021\/2022<\/a><\/div>\n\n\n\n<div class=\"wp-block-file\"><a href=\"https:\/\/spboguchwala.pl\/wp-content\/uploads\/2021\/02\/Zarzadzenie-14.2021-nabor-burmistrz.pdf\" target=\"_blank\" rel=\"noreferrer noopener\">Zarz\u0105dzenie nr 14.2021 Burmistrza Boguchwa\u0142y dot. rekrutacji<\/a><\/div>\n\n\n\n<div class=\"wp-block-file\"><a href=\"https:\/\/spboguchwala.pl\/wp-content\/uploads\/2022\/02\/02.02-02.-Wniosek-o-przyjecie-do-kl.I-20212022.docx\" target=\"_blank\" rel=\"noreferrer noopener\">Wniosek o przyj\u0119cie dziecka do kl. I na rok szkolny 2021\/2022<\/a><\/div>\n\n\n\n<div class=\"wp-block-file\"><a href=\"https:\/\/spboguchwala.pl\/wp-content\/uploads\/2022\/02\/02.02-03.-Zgoda-wizerunek-dziecka-20212022.docx\" target=\"_blank\" rel=\"noreferrer noopener\">Zgoda &#8211; wizerunek dziecka 2021\/2022<\/a><\/div>\n\n\n\n<div class=\"wp-block-file\"><a href=\"https:\/\/spboguchwala.pl\/wp-content\/uploads\/2022\/02\/02.02-04.-Oswiadczenie-woli-religia-etyka-20212022.docx\" target=\"_blank\" rel=\"noreferrer noopener\">O\u015bwiadczenie woli religia\/etyka 2021\/2022<\/a><\/div>\n","protected":false},"excerpt":{"rendered":"Przydzia\u0142 dzieci do klas I Lista kandydat\u00f3w przyj\u0119tych i nieprzyj\u0119tych w post\u0119powaniu rekrutacyjnym do kl. I w roku szkolnym 2021\/2022 Lista uczni\u00f3w zakwalifikowanych i niezakwalifikowanych \u2013 rekrutacja 2021\/2022 REGULAMIN REKRUTACJI do klasy I na rok szkolny 2021\/2022 Zarz\u0105dzenie nr 14.2021 Burmistrza Boguchwa\u0142y dot. rekrutacji Wniosek o przyj\u0119cie dziecka do kl. I na rok szkolny 2021\/2022...","protected":false},"author":2,"featured_media":14636,"parent":0,"menu_order":0,"comment_status":"closed","ping_status":"closed","template":"","meta":{"ngg_post_thumbnail":0,"footnotes":""},"class_list":["post-15808","page","type-page","status-publish","has-post-thumbnail","hentry"],"_links":{"self":[{"href":"https:\/\/spboguchwala.pl\/index.php?rest_route=\/wp\/v2\/pages\/15808","targetHints":{"allow":["GET"]}}],"collection":[{"href":"https:\/\/spboguchwala.pl\/index.php?rest_route=\/wp\/v2\/pages"}],"about":[{"href":"https:\/\/spboguchwala.pl\/index.php?rest_route=\/wp\/v2\/types\/page"}],"author":[{"embeddable":true,"href":"https:\/\/spboguchwala.pl\/index.php?rest_route=\/wp\/v2\/users\/2"}],"replies":[{"embeddable":true,"href":"https:\/\/spboguchwala.pl\/index.php?rest_route=%2Fwp%2Fv2%2Fcomments&post=15808"}],"version-history":[{"count":10,"href":"https:\/\/spboguchwala.pl\/index.php?rest_route=\/wp\/v2\/pages\/15808\/revisions"}],"predecessor-version":[{"id":20033,"href":"https:\/\/spboguchwala.pl\/index.php?rest_route=\/wp\/v2\/pages\/15808\/revisions\/20033"}],"wp:featuredmedia":[{"embeddable":true,"href":"https:\/\/spboguchwala.pl\/index.php?rest_route=\/wp\/v2\/media\/14636"}],"wp:attachment":[{"href":"https:\/\/spboguchwala.pl\/index.php?rest_route=%2Fwp%2Fv2%2Fmedia&parent=15808"}],"curies":[{"name":"wp","href":"https:\/\/api.w.org\/{rel}","templated":true}]}}