{"id":15928,"date":"2021-05-18T18:22:09","date_gmt":"2021-05-18T18:22:09","guid":{"rendered":"http:\/\/spboguchwala.pl\/?page_id=15928"},"modified":"2021-05-18T18:22:10","modified_gmt":"2021-05-18T18:22:10","slug":"egzamin-klasa-viii","status":"publish","type":"page","link":"https:\/\/spboguchwala.pl\/?page_id=15928","title":{"rendered":"Egzamin klasa VIII"},"content":{"rendered":"\n<div class=\"wp-block-file\"><a href=\"https:\/\/spboguchwala.pl\/wp-content\/uploads\/2021\/05\/nr-14-18.05.2021-procedury-egzamin-VIII.pdf\" target=\"_blank\" rel=\"noreferrer noopener\">18.05.2021 Zarz\u0105dzenie 14\/2021 Procedury egzamin kl. VIII<\/a><\/div>\n\n\n\n<div class=\"wp-block-file\"><a href=\"https:\/\/spboguchwala.pl\/wp-content\/uploads\/2021\/05\/18.05-Zalacznik-1-Procedura-postepowania-w-czasie-egzaminu-osmoklasisty.pdf\" target=\"_blank\" rel=\"noreferrer noopener\">18.05.2021 Za\u0142\u0105cznik nr 1 &#8211; Procedura post\u0119powania w czasie egzaminu \u00f3smoklasisty<\/a><\/div>\n\n\n\n<div class=\"wp-block-file\"><a href=\"https:\/\/spboguchwala.pl\/wp-content\/uploads\/2021\/05\/18.05-Zalacznik-2-Egzamin-osmoklasisty-informacja-dla-rodzicow-i-uczniow.pdf\" target=\"_blank\" rel=\"noreferrer noopener\">18.05.2021 Za\u0142\u0105cznik nr 2 &#8211; Egzamin \u00f3smoklasisty informacja dla rodzic\u00f3w i uczni\u00f3w<\/a><\/div>\n\n\n\n<div class=\"wp-block-file\"><a href=\"https:\/\/spboguchwala.pl\/wp-content\/uploads\/2021\/05\/18.05-Zalacznik-nr-3-oswiadczenie-rodzica.pdf\" target=\"_blank\" rel=\"noreferrer noopener\">18.05.2021 Za\u0142\u0105cznik nr 3 &#8211; O\u015bwiadczenie rodzica<\/a><\/div>\n\n\n\n<div class=\"wp-block-file\"><a href=\"https:\/\/spboguchwala.pl\/wp-content\/uploads\/2021\/05\/18.05-Zalacznik-nr-4-oswiadczenie-nauczyciela.pdf\" target=\"_blank\" rel=\"noreferrer noopener\">18.05.2021 Za\u0142\u0105cznik nr 4 &#8211; O\u015bwiadczenie nauczyciela<\/a><\/div>\n","protected":false},"excerpt":{"rendered":"18.05.2021 Zarz\u0105dzenie 14\/2021 Procedury egzamin kl. VIII 18.05.2021 Za\u0142\u0105cznik nr 1 - Procedura post\u0119powania w czasie egzaminu \u00f3smoklasisty 18.05.2021 Za\u0142\u0105cznik nr 2 - Egzamin \u00f3smoklasisty informacja dla rodzic\u00f3w i uczni\u00f3w 18.05.2021 Za\u0142\u0105cznik nr 3 - O\u015bwiadczenie rodzica 18.05.2021 Za\u0142\u0105cznik nr 4 - O\u015bwiadczenie nauczyciela","protected":false},"author":2,"featured_media":15605,"parent":0,"menu_order":0,"comment_status":"closed","ping_status":"closed","template":"","meta":{"ngg_post_thumbnail":0,"footnotes":""},"class_list":["post-15928","page","type-page","status-publish","has-post-thumbnail","hentry"],"_links":{"self":[{"href":"https:\/\/spboguchwala.pl\/index.php?rest_route=\/wp\/v2\/pages\/15928","targetHints":{"allow":["GET"]}}],"collection":[{"href":"https:\/\/spboguchwala.pl\/index.php?rest_route=\/wp\/v2\/pages"}],"about":[{"href":"https:\/\/spboguchwala.pl\/index.php?rest_route=\/wp\/v2\/types\/page"}],"author":[{"embeddable":true,"href":"https:\/\/spboguchwala.pl\/index.php?rest_route=\/wp\/v2\/users\/2"}],"replies":[{"embeddable":true,"href":"https:\/\/spboguchwala.pl\/index.php?rest_route=%2Fwp%2Fv2%2Fcomments&post=15928"}],"version-history":[{"count":1,"href":"https:\/\/spboguchwala.pl\/index.php?rest_route=\/wp\/v2\/pages\/15928\/revisions"}],"predecessor-version":[{"id":15933,"href":"https:\/\/spboguchwala.pl\/index.php?rest_route=\/wp\/v2\/pages\/15928\/revisions\/15933"}],"wp:featuredmedia":[{"embeddable":true,"href":"https:\/\/spboguchwala.pl\/index.php?rest_route=\/wp\/v2\/media\/15605"}],"wp:attachment":[{"href":"https:\/\/spboguchwala.pl\/index.php?rest_route=%2Fwp%2Fv2%2Fmedia&parent=15928"}],"curies":[{"name":"wp","href":"https:\/\/api.w.org\/{rel}","templated":true}]}}