{"id":17486,"date":"2021-09-10T18:55:18","date_gmt":"2021-09-10T18:55:18","guid":{"rendered":"http:\/\/spboguchwala.pl\/?page_id=17486"},"modified":"2025-04-06T17:25:56","modified_gmt":"2025-04-06T17:25:56","slug":"mlegitymacja-szkolna","status":"publish","type":"page","link":"https:\/\/spboguchwala.pl\/?page_id=17486","title":{"rendered":"mLegitymacja szkolna"},"content":{"rendered":"\n<div class=\"wp-block-file\"><a href=\"https:\/\/spboguchwala.pl\/wp-content\/uploads\/2025\/04\/Co-to-jest-mLegitymacja-szkolna.pdf\" target=\"_blank\" rel=\"noreferrer noopener\">Co to jest mLegitymacja szkolna<\/a><\/div>\n\n\n\n<div class=\"wp-block-file\"><a href=\"https:\/\/spboguchwala.pl\/wp-content\/uploads\/2025\/04\/PROCEDURA-WYDAWANIA.pdf\" target=\"_blank\" rel=\"noreferrer noopener\">PROCEDURA WYDAWANIA<\/a><\/div>\n\n\n\n<div class=\"wp-block-file\"><a href=\"https:\/\/spboguchwala.pl\/wp-content\/uploads\/2025\/04\/Regulamin-uslugi-mLegitymacja-szkolna-w-Aplikacji-mObywatel.pdf\" target=\"_blank\" rel=\"noreferrer noopener\">Regulamin us\u0142ugi mLegitymacja szkolna w Aplikacji mObywatel<\/a><\/div>\n\n\n\n<div class=\"wp-block-file\"><a id=\"wp-block-file--media-6f421e15-ec56-4cc8-bd38-714a1cfd4854\" href=\"https:\/\/spboguchwala.pl\/wp-content\/uploads\/2024\/11\/Wniosek-o-wydanie-e-legitymacji-1.docx\" target=\"_blank\" rel=\"noreferrer noopener\">Wniosek o wydanie e-legitymacji<\/a><\/div>\n\n\n\n<h1 class=\"wp-block-heading alignfull has-text-align-center has-medium-font-size\">Bezp\u0142atny kreator zdj\u0119\u0107 do mLegitymacji<\/h1>\n\n\n\n<p>Wykonywanie zdj\u0119\u0107 do oficjalnych dokument\u00f3w wcale nie nale\u017cy do naj\u0142atwiejszych, zw\u0142aszcza kiedy chce si\u0119 je wykona\u0107 z domu. W odpowiedzi na t\u0119 w\u0142a\u015bnie potrzeb\u0119, powsta\u0142 bezp\u0142atny kreator zdj\u0119\u0107 do mLegitymacji, kt\u00f3ry w kr\u00f3tk\u0105 chwil\u0119 przeprowadzi Ci\u0119 przez proces tworzenia idealnych zdj\u0119\u0107 do twojej elektronicznej legitymacji \u2012 i to wszystko z poziomu smartfonu!<\/p>\n\n\n\n<p class=\"has-medium-font-size\"><strong>Wykonaj zdj\u0119cie w kilka sekund<\/strong><\/p>\n\n\n\n<p><a href=\"https:\/\/passport-photo.online\/pl\/zdjecie-do-mlegitymacji\" target=\"_blank\" rel=\"noreferrer noopener\">Generator zdj\u0119\u0107 do mLegitymacji<\/a> wykorzystuje technologi\u0119 sztucznej inteligencji i w przyk\u0142adny spos\u00f3b przekszta\u0142ci Twoje zdj\u0119cia zrobione smartfonem, w fotografie spe\u0142niaj\u0105ce wszystkie wymogi mLegitymacji.<\/p>\n\n\n\n<p>Twoim zadaniem jest przygotowanie zdj\u0119cia, kt\u00f3re mo\u017ce zrobi\u0107 kole\u017canka\/kolega lub cz\u0142onek Twojej rodziny. Przez ca\u0142y proces przygotowywania zdj\u0119cia mo\u017cesz przej\u015b\u0107 z poziomu twojego smartfona &#8211; wystarczy, \u017ce klikniesz w link i wejdziesz na stron\u0119 Kreatora, kt\u00f3ry poprowadzi Ci\u0119 krok po kroku. Nast\u0119pnie, oprogramowanie w kilka sekund przerobi twoj\u0105 fotografi\u0119, usuwaj\u0105c z niej t\u0142o, poprawiaj\u0105c o\u015bwietlenie i odpowiednio przycinaj\u0105c. W rezultacie otrzymasz gotow\u0105 do wys\u0142ania fotografi\u0119 do mLegitymacji, kt\u00f3ra spe\u0142nia wszystkie oficjalne kryteria.<\/p>\n\n\n\n<p>Podczas wykonywania zdj\u0119cia pami\u0119taj o nast\u0119puj\u0105cych zasadach:<\/p>\n\n\n\n<ol class=\"wp-block-list\">\n<li>Patrz prosto w obiektyw i nie przechylaj g\u0142owy na boki.<\/li>\n\n\n\n<li>St\u00f3j wyprostowany.<\/li>\n\n\n\n<li>Zadbaj o to, by na twojej twarzy nie by\u0142o \u017cadnych cieni &#8211; dobrym miejscem mo\u017ce by\u0107 \u015bciana na przeciwko okna.<\/li>\n\n\n\n<li>Miej zamkni\u0119te usta.<\/li>\n<\/ol>\n\n\n\n<p>Mo\u017cesz wgra\u0107 tyle zdj\u0119\u0107, ile tylko chcesz, a potem wybra\u0107 najkorzystniejsz\u0105 wersj\u0119.<\/p>\n\n\n\n<p>Teraz pa\u0142eczk\u0119 przejmuje Kreator, kt\u00f3ry automatycznie i w kilka sekund przygotowuje dla Ciebie bezp\u0142atnie zdj\u0119cia do legitymacji &#8211; ze stuprocentow\u0105 gwarancj\u0105 akceptacji.<\/p>\n\n\n\n<p class=\"has-medium-font-size\"><strong>Wystarczy tylko przes\u0142a\u0107 zdj\u0119cia do sekretariatu<\/strong><\/p>\n\n\n\n<p>Gdy Kreator zako\u0144czy swoje dzia\u0142anie, ty mo\u017cesz spokojnie zapisa\u0107 zdj\u0119cia na dysku, a nast\u0119pnie przes\u0142a\u0107 je do sekretariatu. I to wszystko &#8211; mo\u017cesz cieszy\u0107 si\u0119 swoj\u0105 now\u0105 legitymacj\u0105 elektroniczn\u0105.<\/p>\n\n\n\n<p>Twoje dane r\u00f3wnie\u017c s\u0105 bezpiecznie, poniewa\u017c na \u017cadnym etapie oprogramowanie nie zapisuje Twoich zdj\u0119\u0107, a po\u0142\u0105czenie dodatkowo jest szyfrowane z certyfikatami SSL.<\/p>\n\n\n\n<p class=\"has-medium-font-size\"><strong>Generator zdj\u0119\u0107 do mLegitymacji<\/strong><\/p>\n\n\n\n<p>Link do Kreatora znajdziesz tutaj: <a href=\"https:\/\/passport-photo.online\/pl\/zdjecie-do-mlegitymacji\" target=\"_blank\" rel=\"noreferrer noopener\">https:\/\/passport-photo.online\/pl\/zdjecie-do-mlegitymacji<\/a><\/p>\n\n\n\n<p>Post\u0119puj z instrukcjami dost\u0119pnymi na stronie.<\/p>\n\n\n<div class=\"wp-block-image\">\n<figure class=\"aligncenter size-full\"><img loading=\"lazy\" decoding=\"async\" width=\"768\" height=\"269\" src=\"https:\/\/spboguchwala.pl\/wp-content\/uploads\/2025\/04\/mlegitymacja_1-1024x358-1-768x269-1.jpg\" alt=\"\" class=\"wp-image-38441\" srcset=\"https:\/\/spboguchwala.pl\/wp-content\/uploads\/2025\/04\/mlegitymacja_1-1024x358-1-768x269-1.jpg 768w, https:\/\/spboguchwala.pl\/wp-content\/uploads\/2025\/04\/mlegitymacja_1-1024x358-1-768x269-1-300x105.jpg 300w\" sizes=\"auto, (max-width: 768px) 100vw, 768px\" \/><\/figure><\/div>","protected":false},"excerpt":{"rendered":"<p>Bezp\u0142atny kreator zdj\u0119\u0107 do mLegitymacji Wykonywanie zdj\u0119\u0107 do oficjalnych dokument\u00f3w wcale nie nale\u017cy do naj\u0142atwiejszych, zw\u0142aszcza kiedy chce si\u0119 je wykona\u0107 z domu. W odpowiedzi na t\u0119 w\u0142a\u015bnie potrzeb\u0119, powsta\u0142 bezp\u0142atny kreator zdj\u0119\u0107 do mLegitymacji, kt\u00f3ry w kr\u00f3tk\u0105 chwil\u0119 przeprowadzi Ci\u0119 przez proces tworzenia idealnych zdj\u0119\u0107 do twojej elektronicznej legitymacji \u2012 i to wszystko z&#8230;<\/p>\n","protected":false},"author":2,"featured_media":38441,"parent":0,"menu_order":0,"comment_status":"closed","ping_status":"closed","template":"","meta":{"ngg_post_thumbnail":0,"footnotes":""},"class_list":["post-17486","page","type-page","status-publish","has-post-thumbnail","hentry"],"_links":{"self":[{"href":"https:\/\/spboguchwala.pl\/index.php?rest_route=\/wp\/v2\/pages\/17486","targetHints":{"allow":["GET"]}}],"collection":[{"href":"https:\/\/spboguchwala.pl\/index.php?rest_route=\/wp\/v2\/pages"}],"about":[{"href":"https:\/\/spboguchwala.pl\/index.php?rest_route=\/wp\/v2\/types\/page"}],"author":[{"embeddable":true,"href":"https:\/\/spboguchwala.pl\/index.php?rest_route=\/wp\/v2\/users\/2"}],"replies":[{"embeddable":true,"href":"https:\/\/spboguchwala.pl\/index.php?rest_route=%2Fwp%2Fv2%2Fcomments&post=17486"}],"version-history":[{"count":9,"href":"https:\/\/spboguchwala.pl\/index.php?rest_route=\/wp\/v2\/pages\/17486\/revisions"}],"predecessor-version":[{"id":38492,"href":"https:\/\/spboguchwala.pl\/index.php?rest_route=\/wp\/v2\/pages\/17486\/revisions\/38492"}],"wp:featuredmedia":[{"embeddable":true,"href":"https:\/\/spboguchwala.pl\/index.php?rest_route=\/wp\/v2\/media\/38441"}],"wp:attachment":[{"href":"https:\/\/spboguchwala.pl\/index.php?rest_route=%2Fwp%2Fv2%2Fmedia&parent=17486"}],"curies":[{"name":"wp","href":"https:\/\/api.w.org\/{rel}","templated":true}]}}