{"id":18118,"date":"2021-10-01T21:46:01","date_gmt":"2021-10-01T21:46:01","guid":{"rendered":"http:\/\/spboguchwala.pl\/?page_id=18118"},"modified":"2024-11-18T20:37:56","modified_gmt":"2024-11-18T20:37:56","slug":"rada-rodzicow","status":"publish","type":"page","link":"https:\/\/spboguchwala.pl\/?page_id=18118","title":{"rendered":"Rada Rodzic\u00f3w"},"content":{"rendered":"\n<p class=\"has-text-align-center has-medium-font-size\"><strong>Prezydium Rady Rodzic\u00f3w na rok szkolny 2024\/2025:<\/strong><\/p>\n\n\n\n<ol class=\"wp-block-list\">\n<li class=\"has-medium-font-size\">Przewodnicz\u0105cy &#8211; p. Piotr Pustelny<\/li>\n\n\n\n<li class=\"has-medium-font-size\">Zast\u0119pca Przewodnicz\u0105cego &#8211; p. Szymon Hendzel<\/li>\n\n\n\n<li class=\"has-medium-font-size\">Sekretarz &#8211; p. Renata Madera<\/li>\n\n\n\n<li class=\"has-medium-font-size\">Skarbnik &#8211; p. Marzena Pustelak<\/li>\n\n\n\n<li class=\"has-medium-font-size\">Cz\u0142onkowie &#8211; p. Tomasz Goszty\u0142a, p. Janusz Lasota, p. Aleksandra Szary<\/li>\n<\/ol>\n\n\n\n<p class=\"has-text-align-center has-medium-font-size\"><strong>Komisja Rewizyjna:<\/strong><\/p>\n\n\n\n<p class=\"has-text-align-left has-medium-font-size\">1. Przewodnicz\u0105cy &#8211; p. Dariusz \u015awietlik<br>2. Sekretarz &#8211; p. Ma\u0142gorzata Jakson<br>3. Cz\u0142onkowie &#8211; p. Anna Bu\u017c, p. Anna Cyran, p. Ewa Czudec <\/p>\n","protected":false},"excerpt":{"rendered":"<p>Prezydium Rady Rodzic\u00f3w na rok szkolny 2024\/2025: Komisja Rewizyjna: 1. Przewodnicz\u0105cy &#8211; p. Dariusz \u015awietlik2. Sekretarz &#8211; p. Ma\u0142gorzata Jakson3. Cz\u0142onkowie &#8211; p. Anna Bu\u017c, p. Anna Cyran, p. Ewa Czudec<\/p>\n","protected":false},"author":2,"featured_media":18122,"parent":0,"menu_order":0,"comment_status":"closed","ping_status":"closed","template":"","meta":{"ngg_post_thumbnail":0,"footnotes":""},"class_list":["post-18118","page","type-page","status-publish","has-post-thumbnail","hentry"],"_links":{"self":[{"href":"https:\/\/spboguchwala.pl\/index.php?rest_route=\/wp\/v2\/pages\/18118","targetHints":{"allow":["GET"]}}],"collection":[{"href":"https:\/\/spboguchwala.pl\/index.php?rest_route=\/wp\/v2\/pages"}],"about":[{"href":"https:\/\/spboguchwala.pl\/index.php?rest_route=\/wp\/v2\/types\/page"}],"author":[{"embeddable":true,"href":"https:\/\/spboguchwala.pl\/index.php?rest_route=\/wp\/v2\/users\/2"}],"replies":[{"embeddable":true,"href":"https:\/\/spboguchwala.pl\/index.php?rest_route=%2Fwp%2Fv2%2Fcomments&post=18118"}],"version-history":[{"count":9,"href":"https:\/\/spboguchwala.pl\/index.php?rest_route=\/wp\/v2\/pages\/18118\/revisions"}],"predecessor-version":[{"id":35700,"href":"https:\/\/spboguchwala.pl\/index.php?rest_route=\/wp\/v2\/pages\/18118\/revisions\/35700"}],"wp:featuredmedia":[{"embeddable":true,"href":"https:\/\/spboguchwala.pl\/index.php?rest_route=\/wp\/v2\/media\/18122"}],"wp:attachment":[{"href":"https:\/\/spboguchwala.pl\/index.php?rest_route=%2Fwp%2Fv2%2Fmedia&parent=18118"}],"curies":[{"name":"wp","href":"https:\/\/api.w.org\/{rel}","templated":true}]}}