{"id":20000,"date":"2022-02-04T14:45:26","date_gmt":"2022-02-04T14:45:26","guid":{"rendered":"http:\/\/spboguchwala.pl\/?page_id=20000"},"modified":"2022-08-23T10:50:19","modified_gmt":"2022-08-23T10:50:19","slug":"2022-2023","status":"publish","type":"page","link":"https:\/\/spboguchwala.pl\/?page_id=20000","title":{"rendered":"2022\/2023"},"content":{"rendered":"\n<div class=\"wp-block-image\"><figure class=\"aligncenter size-large is-resized\"><img loading=\"lazy\" decoding=\"async\" src=\"https:\/\/spboguchwala.pl\/wp-content\/uploads\/2022\/02\/Rekrutacja-2022-2023-1024x683.jpg\" alt=\"\" class=\"wp-image-20001\" width=\"431\" height=\"287\" srcset=\"https:\/\/spboguchwala.pl\/wp-content\/uploads\/2022\/02\/Rekrutacja-2022-2023-1024x683.jpg 1024w, https:\/\/spboguchwala.pl\/wp-content\/uploads\/2022\/02\/Rekrutacja-2022-2023-300x200.jpg 300w, https:\/\/spboguchwala.pl\/wp-content\/uploads\/2022\/02\/Rekrutacja-2022-2023-768x512.jpg 768w, https:\/\/spboguchwala.pl\/wp-content\/uploads\/2022\/02\/Rekrutacja-2022-2023-1536x1024.jpg 1536w, https:\/\/spboguchwala.pl\/wp-content\/uploads\/2022\/02\/Rekrutacja-2022-2023-2048x1365.jpg 2048w\" sizes=\"auto, (max-width: 431px) 100vw, 431px\" \/><\/figure><\/div>\n\n\n\n<div class=\"wp-block-file\"><a href=\"https:\/\/spboguchwala.pl\/wp-content\/uploads\/2022\/08\/Klasy-I-2022-2023.pdf\" target=\"_blank\" rel=\"noreferrer noopener\">Przydzia\u0142 dzieci do klas I 2022\/2023<\/a><\/div>\n\n\n\n<div class=\"wp-block-file\"><a href=\"https:\/\/spboguchwala.pl\/wp-content\/uploads\/2022\/04\/Lista-kandydatow-przyjetych-i-nieprzyjetych-w-postepowaniu-rekrutacyjnym-do-kl.-I-w-roku-szkolnym-22-23.pdf\" target=\"_blank\" rel=\"noreferrer noopener\">Lista kandydat\u00f3w przyj\u0119tych i nieprzyj\u0119tych w post\u0119powaniu rekrutacyjnym do kl. I w roku szkolnym 2022\/2023<\/a><\/div>\n\n\n\n<div class=\"wp-block-file\"><a href=\"https:\/\/spboguchwala.pl\/wp-content\/uploads\/2022\/02\/04.02-Regulamin-Rekrutacji-2022-23.pdf\" target=\"_blank\" rel=\"noreferrer noopener\">04.02 REGULAMIN REKRUTACJI do kl. I na rok szkolny 2022\/2023<\/a><\/div>\n\n\n\n<div class=\"wp-block-file\"><a href=\"https:\/\/spboguchwala.pl\/wp-content\/uploads\/2022\/02\/zarzadzenie-Burmistrza.pdf\" target=\"_blank\" rel=\"noreferrer noopener\">Zarz\u0105dzenie Burmistrza Boguchwa\u0142y dot. rekrutacji<\/a><\/div>\n\n\n\n<div class=\"wp-block-file\"><a href=\"https:\/\/spboguchwala.pl\/wp-content\/uploads\/2022\/02\/04.02-Wniosek-o-przyjecie-do-kl.I-2022-2023.docx\" target=\"_blank\" rel=\"noreferrer noopener\">04.02 Wniosek o przyj\u0119cie dziecka do kl. I na rok szkolny 2022\/2023<\/a><\/div>\n\n\n\n<div class=\"wp-block-file\"><a href=\"https:\/\/spboguchwala.pl\/wp-content\/uploads\/2022\/02\/04.02-Zgoda-wizerunek-dziecka-2022-2023.docx\" target=\"_blank\" rel=\"noreferrer noopener\">04.02 Zgoda &#8211; wizerunek dziecka 2022\/2023<\/a><\/div>\n\n\n\n<div class=\"wp-block-file\"><a href=\"https:\/\/spboguchwala.pl\/wp-content\/uploads\/2022\/02\/04.02-Oswiadczenie-woli-religia-etyka-2022-2023.docx\" target=\"_blank\" rel=\"noreferrer noopener\">04.02 O\u015bwiadczenie woli religia\/etyka 2022\/2023<br><\/a><\/div>\n\n\n\n<div class=\"wp-block-image\"><figure class=\"aligncenter size-large is-resized\"><img decoding=\"async\" src=\"https:\/\/spboguchwala.pl\/wp-content\/uploads\/2022\/02\/Rekrutacja-plakat-724x1024.jpg\" alt=\"\" class=\"wp-image-20045\" width=\"-217\" height=\"-306\" srcset=\"https:\/\/spboguchwala.pl\/wp-content\/uploads\/2022\/02\/Rekrutacja-plakat-724x1024.jpg 724w, https:\/\/spboguchwala.pl\/wp-content\/uploads\/2022\/02\/Rekrutacja-plakat-212x300.jpg 212w, https:\/\/spboguchwala.pl\/wp-content\/uploads\/2022\/02\/Rekrutacja-plakat-768x1086.jpg 768w, https:\/\/spboguchwala.pl\/wp-content\/uploads\/2022\/02\/Rekrutacja-plakat-1086x1536.jpg 1086w, https:\/\/spboguchwala.pl\/wp-content\/uploads\/2022\/02\/Rekrutacja-plakat-1448x2048.jpg 1448w, https:\/\/spboguchwala.pl\/wp-content\/uploads\/2022\/02\/Rekrutacja-plakat.jpg 1587w\" sizes=\"(max-width: 724px) 100vw, 724px\" \/><\/figure><\/div>\n","protected":false},"excerpt":{"rendered":"Przydzia\u0142 dzieci do klas I 2022\/2023 Lista kandydat\u00f3w przyj\u0119tych i nieprzyj\u0119tych w post\u0119powaniu rekrutacyjnym do kl. I w roku szkolnym 2022\/2023 04.02 REGULAMIN REKRUTACJI do kl. I na rok szkolny 2022\/2023 Zarz\u0105dzenie Burmistrza Boguchwa\u0142y dot. rekrutacji 04.02 Wniosek o przyj\u0119cie dziecka do kl. I na rok szkolny 2022\/2023 04.02 Zgoda - wizerunek dziecka 2022\/2023 04.02...","protected":false},"author":2,"featured_media":20001,"parent":0,"menu_order":0,"comment_status":"closed","ping_status":"closed","template":"","meta":{"ngg_post_thumbnail":0,"footnotes":""},"class_list":["post-20000","page","type-page","status-publish","has-post-thumbnail","hentry"],"_links":{"self":[{"href":"https:\/\/spboguchwala.pl\/index.php?rest_route=\/wp\/v2\/pages\/20000","targetHints":{"allow":["GET"]}}],"collection":[{"href":"https:\/\/spboguchwala.pl\/index.php?rest_route=\/wp\/v2\/pages"}],"about":[{"href":"https:\/\/spboguchwala.pl\/index.php?rest_route=\/wp\/v2\/types\/page"}],"author":[{"embeddable":true,"href":"https:\/\/spboguchwala.pl\/index.php?rest_route=\/wp\/v2\/users\/2"}],"replies":[{"embeddable":true,"href":"https:\/\/spboguchwala.pl\/index.php?rest_route=%2Fwp%2Fv2%2Fcomments&post=20000"}],"version-history":[{"count":6,"href":"https:\/\/spboguchwala.pl\/index.php?rest_route=\/wp\/v2\/pages\/20000\/revisions"}],"predecessor-version":[{"id":22885,"href":"https:\/\/spboguchwala.pl\/index.php?rest_route=\/wp\/v2\/pages\/20000\/revisions\/22885"}],"wp:featuredmedia":[{"embeddable":true,"href":"https:\/\/spboguchwala.pl\/index.php?rest_route=\/wp\/v2\/media\/20001"}],"wp:attachment":[{"href":"https:\/\/spboguchwala.pl\/index.php?rest_route=%2Fwp%2Fv2%2Fmedia&parent=20000"}],"curies":[{"name":"wp","href":"https:\/\/api.w.org\/{rel}","templated":true}]}}