{"id":21228,"date":"2022-05-09T22:11:08","date_gmt":"2022-05-09T22:11:08","guid":{"rendered":"http:\/\/spboguchwala.pl\/?page_id=21228"},"modified":"2022-05-09T22:11:09","modified_gmt":"2022-05-09T22:11:09","slug":"2020-2021","status":"publish","type":"page","link":"https:\/\/spboguchwala.pl\/?page_id=21228","title":{"rendered":"2020\/2021"},"content":{"rendered":"\n<p class=\"has-medium-font-size\"><span style=\"color:#e70518\" class=\"has-inline-color\"><strong>\u015aWI\u0118TO PATRONA SZKO\u0141Y 2020 &#8211; KONKURSY<\/strong> <strong>ONLINE<\/strong><\/span><a href=\"https:\/\/spboguchwala.pl\/wp-admin\/edit.php?post_type=page\"><\/a><\/p>\n\n\n\n<p class=\"has-normal-font-size\">11 grudnia jest dniem pami\u0119ci o naszym Patronie. Na sta\u0142e w tradycji szko\u0142y zapisa\u0142y si\u0119 konkursy: wiedzy i plastyczny o tym wspania\u0142ym cz\u0142owieku i wybitnym dow\u00f3dcy.<br>W tym roku w konkursie wiedzy przeprowadzonym online 7 grudnia 2020 r. wzi\u0119\u0142o udzia\u0142 119 uczni\u00f3w.&nbsp;Najwy\u017cszy wynik 29 pkt uzyska\u0142o 5 uczni\u00f3w: Maja Lang kl. 4a, Oliwia Sier\u017c\u0119ga i Krzysztof Kornecki z kl. 8a oraz Julia Bielenda i Magdalena Byjo\u015b z kl. 8b.<br>W dniach od 24 listopada do 7 grudnia zosta\u0142 poprzedzony konkurs plastyczny o Patronie naszej szko\u0142y pt. \u201dMy od Maczka\u201d, kt\u00f3ry w tym roku r\u00f3wnie\u017c przybra\u0142 form\u0119 internetow\u0105. Zadaniem ch\u0119tnych uczni\u00f3w by\u0142o zrealizowanie dowolnej pracy plastycznej przedstawiaj\u0105cej \u201emak\u201d oraz wykonanie fotografii, na kt\u00f3rej autor prezentuje konkursow\u0105 prac\u0119 w stroju galowym. W konkursie wzi\u0119\u0142o udzia\u0142 31 uczni\u00f3w, prace by\u0142y oceniane w kategoriach wiekowych klas: 1-3, 4-5 i 6-8.&nbsp;Zg\u0142oszone prace by\u0142y bardzo r\u00f3\u017cnorodne i na wysokim poziomie artystycznym.<br>Wyr\u00f3\u017cnione prace:<br>\u2013 Zofia Majer kl. 1b<br>\u2013 Milena Karwat kl. 2a, Zofia Karnasiewicz kl. 2a, Karol Fita\u0142 kl. 2a<br>\u2013 Julian Krawiec kl. 3c<br>\u2013 Maria Klimczak kl. 3b<br>\u2013 Paulina Przywara kl. 3b<br>\u2013 Krystian Czuba kl. 4b<br>\u2013 Bartosz Wrzosek kl. 4a<br>\u2013 Szczepan Hendzel kl. 4a<br>\u2013 Hanna Tomkowicz kl. 6b<br>\u2013 Jakub W\u00f3jcik kl. 7a<br>\u2013 Sebastian Szczepan kl. 7b<br>\u2013 Julia Olejasz kl. 8b<br>Zapraszamy do obejrzenia galerii prac.<\/p>\n\n\n\nngg_shortcode_0_placeholder\n\n\n\n<p class=\"has-medium-font-size\"><strong><span style=\"color:#e70518\" class=\"has-inline-color\">KONKURS SZKOLNY Z J. NIEMIECKIEGO MEINE PFLICHTEN (MOJE OBOWI\u0104ZKI) W KLASIE VIII<\/span><\/strong><\/p>\n\n\n\n<p>WIR HABEN VIEL ZU TUN! Uczniowie klasy 8 s\u0105 bardzo pracowici i pomocni w domu, a przy okazji nie\u017ale m\u00f3wi\u0105 po niemiecku.<\/p>\n\n\n\n<p>Mi\u0142o nam przedstawi\u0107 nagrodzonych uczni\u00f3w w szkolnym konkursie MEINE PFLICHTEN (moje obowi\u0105zki). Jury w osobach pa\u0144 filolo\u017cek \u2013 p. Agaty R\u0105pa\u0142y, p. Beaty Turek oraz p. Pauliny Wzi\u0105tki przyzna\u0142o r\u00f3wnorz\u0119dne nagrody dla Julii Bielendy i Radka Kami\u0144skiego oraz dwa wyr\u00f3\u017cnienia dla Basi Rusinek i Oliwii Sier\u017c\u0119gi. Dyplomy i nagrody zostan\u0105 rozdane w mo\u017cliwym terminie.<br>GRATULUJEMY!<\/p>\n\n\n\n<p>Nagrania zwyci\u0119skich prac:&nbsp;<a rel=\"noreferrer noopener\" href=\"https:\/\/www.facebook.com\/SPBoguchwala\/videos\/457360185640306\" target=\"_blank\">https:\/\/www.facebook.com\/SPBoguchwala\/videos\/457360185640306<\/a><\/p>\n\n\n\n<p class=\"has-medium-font-size\"><strong><span style=\"color:#e70518\" class=\"has-inline-color\">WYNIKI KONKURSU SZKOLNEGO \u2013 OZDOBA WIELKANOCNA<\/span><\/strong><\/p>\n\n\n\n<p>Do dnia 22 marca 2021r. wp\u0142yn\u0119\u0142o do szko\u0142y 46 przepi\u0119knych i oryginalnych prac wykonanych przez uczni\u00f3w. Komisja konkursowa, na czele z pani\u0105 w-ce dyrektor Magdalen\u0105 Kami\u0144sk\u0105-St\u0105cel, po baaardzo d\u0142ugich obradach wy\u0142oni\u0142a zwyci\u0119zc\u00f3w w trzech kategoriach wiekowych.<\/p>\n\n\n\n<ul class=\"wp-block-list\"><li><strong>Klasy 1-3<\/strong>&nbsp;(26 prac zg\u0142oszonych)<\/li><\/ul>\n\n\n\n<p><strong>I miejsce:<\/strong>&nbsp;Balawender Szymon (3a), Klimczak Maria (3b)<br><strong>II miejsce:<\/strong>&nbsp;Warych Weronika (1b), Rzepka Julia (1b)<br><strong>III miejsce:<\/strong>&nbsp;Karnasiewicz Zofia (2a), Wilk Julia (2c)<br><em>Wyr\u00f3\u017cnienie: Jasku\u0142a Liliana (1a), Szelast Jan (1b), Wrzos Ewa (2b)<\/em><\/p>\n\n\n\n<ul class=\"wp-block-list\"><li><strong>Klasy 4-6<\/strong>&nbsp;(13 prac zg\u0142oszonych)<\/li><\/ul>\n\n\n\n<p><strong>I miejsce:<\/strong>&nbsp;Mac Gabriela (4a), Zdun Maja (6b)<br><strong>II miejsce:<\/strong>&nbsp;P\u0105czek Oliwia (6c)<br><strong>III miejsce:<\/strong>&nbsp;Rzucid\u0142o Bartosz (6c)<br><em>Wyr\u00f3\u017cnienie: Dziedzic Oliwia (6a)<\/em><\/p>\n\n\n\n<ul class=\"wp-block-list\"><li><strong>Klasy 7-8<\/strong>&nbsp;(7 prac zg\u0142oszonych)<\/li><\/ul>\n\n\n\n<p><strong>I miejsce:<\/strong>&nbsp;W\u00f3jcik Jakub (7b)<br><strong>II miejsce:<\/strong>&nbsp;Chru\u015bciel Michalina (7b)<br><strong>III miejsce:<\/strong>&nbsp;Dziekan Piotr (7b)<\/p>\n\n\n\n<p><strong>Wszystkim serdecznie GRATULUJEMY!<\/strong><\/p>\n\n\n\nngg_shortcode_1_placeholder\n\n\n\nngg_shortcode_2_placeholder\n\n\n\n<p class=\"has-medium-font-size\"><strong><span style=\"color:#e70518\" class=\"has-inline-color\">SZKOLNY KONKURS PI\u0118KNEGO CZYTANIA 2021<\/span><\/strong><\/p>\n\n\n\n<p>18 maja odby\u0142 si\u0119 w naszej szkole Konkurs Pi\u0119knego Czytania dla klas I-III.<\/p>\n\n\n\n<p>Jego celem by\u0142o uwra\u017cliwienie uczni\u00f3w na odbi\u00f3r s\u0142owa pisanego, rozbudzenie zainteresowa\u0144 czytelniczych oraz zach\u0119ta do regularnego czytania literatury. W konkursie wzi\u0119\u0142o udzia\u0142 16 uczni\u00f3w. Zaprezentowali oni fragmenty ksi\u0105\u017cki Barbary Kosmowskiej pt. \u201eDziewczynka z parku\u201d oraz \u201eWiersze\u201d Wandy Chotomskiej.<\/p>\n\n\n\n<p>Reprezentanci klas \u015bwietnie pokazali swoje umiej\u0119tno\u015bci czytelnicze. Z przyjemno\u015bci\u0105 s\u0142ucha\u0142o si\u0119 fragment\u00f3w prozy i wierszy. Komisja w sk\u0142adzie: przewodnicz\u0105ca pani Monika Mla\u015b-Bieniasz oraz pani Ma\u0142gorzata Porczak i pani Natalia Rokosz stworzy\u0142a mi\u0142\u0105 i przyjazn\u0105 atmosfer\u0119. Stwierdzi\u0142a r\u00f3wnie\u017c, \u017ce uczestnicy zaprezentowali bardzo wysoki i wyr\u00f3wnany poziom.<\/p>\n\n\n\n<p><strong>Jury konkursowe wy\u0142oni\u0142o zwyci\u0119zc\u00f3w:<\/strong><br><strong>I miejsce \u2013 Amelia Stolarska kl.3b i Wiktoria Wilk kl.3c<\/strong> <br><strong>II miejsce \u2013 Nina Kulanica kl.1a<\/strong><br><strong>III miejsce \u2013 Maria Mul kl.3a i Dawid Piela kl.1b<\/strong><br><strong>Wyr\u00f3\u017cnienie: Aleksander Ludwin kl.3c<\/strong><\/p>\n\n\n\n<p>Wszystkim uczestnikom, a w szczeg\u00f3lno\u015bci zwyci\u0119zcom GRATULUJEMY!<\/p>\n\n\n\nngg_shortcode_3_placeholder\n","protected":false},"excerpt":{"rendered":"<p>\u015aWI\u0118TO PATRONA SZKO\u0141Y 2020 &#8211; KONKURSY ONLINE 11 grudnia jest dniem pami\u0119ci o naszym Patronie. Na sta\u0142e w tradycji szko\u0142y zapisa\u0142y si\u0119 konkursy: wiedzy i plastyczny o tym wspania\u0142ym cz\u0142owieku i wybitnym dow\u00f3dcy.W tym roku w konkursie wiedzy przeprowadzonym online 7 grudnia 2020 r. wzi\u0119\u0142o udzia\u0142 119 uczni\u00f3w.&nbsp;Najwy\u017cszy wynik 29 pkt uzyska\u0142o 5 uczni\u00f3w: Maja&#8230;<\/p>\n","protected":false},"author":2,"featured_media":20990,"parent":0,"menu_order":0,"comment_status":"closed","ping_status":"closed","template":"","meta":{"ngg_post_thumbnail":0,"footnotes":""},"class_list":["post-21228","page","type-page","status-publish","has-post-thumbnail","hentry"],"_links":{"self":[{"href":"https:\/\/spboguchwala.pl\/index.php?rest_route=\/wp\/v2\/pages\/21228","targetHints":{"allow":["GET"]}}],"collection":[{"href":"https:\/\/spboguchwala.pl\/index.php?rest_route=\/wp\/v2\/pages"}],"about":[{"href":"https:\/\/spboguchwala.pl\/index.php?rest_route=\/wp\/v2\/types\/page"}],"author":[{"embeddable":true,"href":"https:\/\/spboguchwala.pl\/index.php?rest_route=\/wp\/v2\/users\/2"}],"replies":[{"embeddable":true,"href":"https:\/\/spboguchwala.pl\/index.php?rest_route=%2Fwp%2Fv2%2Fcomments&post=21228"}],"version-history":[{"count":1,"href":"https:\/\/spboguchwala.pl\/index.php?rest_route=\/wp\/v2\/pages\/21228\/revisions"}],"predecessor-version":[{"id":21229,"href":"https:\/\/spboguchwala.pl\/index.php?rest_route=\/wp\/v2\/pages\/21228\/revisions\/21229"}],"wp:featuredmedia":[{"embeddable":true,"href":"https:\/\/spboguchwala.pl\/index.php?rest_route=\/wp\/v2\/media\/20990"}],"wp:attachment":[{"href":"https:\/\/spboguchwala.pl\/index.php?rest_route=%2Fwp%2Fv2%2Fmedia&parent=21228"}],"curies":[{"name":"wp","href":"https:\/\/api.w.org\/{rel}","templated":true}]}}