{"id":21231,"date":"2022-05-09T22:14:03","date_gmt":"2022-05-09T22:14:03","guid":{"rendered":"http:\/\/spboguchwala.pl\/?page_id=21231"},"modified":"2022-05-09T22:14:04","modified_gmt":"2022-05-09T22:14:04","slug":"2019-2020","status":"publish","type":"page","link":"https:\/\/spboguchwala.pl\/?page_id=21231","title":{"rendered":"2019\/2020"},"content":{"rendered":"\n<p class=\"has-medium-font-size\"><strong><span style=\"color:#dd0925\" class=\"has-inline-color\">IV Regionalny Przegl\u0105d Latawc\u00f3w w Boguchwale ju\u017c za nami\u2026 \u201eJedno niebo dla wszystkich\u2026\u201d<\/span><\/strong><\/p>\n\n\n\n<p>28 wrze\u015bnia 2019 r. ju\u017c po raz czwarty Szko\u0142a Podstawowa im. gen. Stanis\u0142awa Maczka w Boguchwale wraz z Gminn\u0105 Bibliotek\u0105 Publiczn\u0105, Klubem 4-H \u201eFinezja SZTUKi\u201d oraz Podkarpackim O\u015brodkiem Doradztwa Rolniczego w Boguchwale, zorganizowa\u0142a IV Regionalny Przegl\u0105d Latawc\u00f3w pod corocznym has\u0142em&nbsp;<strong>\u201eJedno niebo dla wszystkich\u2026\u201d (\u201eOne Sky One World<\/strong>\u201d). W tegorocznym wydarzeniu wzi\u0119\u0142o udzia\u0142 ponad 40 m\u0142odych konstruktor\u00f3w latawc\u00f3w \u2013 uczni\u00f3w szk\u00f3\u0142 podstawowych Gminy Boguchwa\u0142a.<\/p>\n\n\n\n<p>Ka\u017cdy z uczestnik\u00f3w mia\u0142 za zadanie poza przygotowaniem latawca, r\u00f3wnie\u017c zaprezentowanie swojej pracy przed jury (w sk\u0142adzie p. Barbara Rajzauer, p. Anna Rydzik, p. Danuta Palim\u0105ka) oraz pozosta\u0142ymi uczestnikami Przegl\u0105du Latawc\u00f3w. Wszystkie zg\u0142oszone projekty by\u0142y bardzo ciekawe, by\u0142y wykonane r\u00f3\u017cnymi technikami \u2013 r\u0119cznie malowane, wyklejane, papierowe, z u\u017cyciem r\u00f3\u017cnych materia\u0142\u00f3w, dodatkowo nawi\u0105zywa\u0142y do r\u00f3\u017cnej tematyki \u2013 by\u0142y prace zwi\u0105zane z dzia\u0142alno\u015bci\u0105 biblioteki, klubem 4-H, histori\u0105 Polski, krajobrazami \u2013 pomys\u0142y m\u0142odych uczestnik\u00f3w zachwyca\u0142y wszystkich zebranych.<\/p>\n\n\n\n<p>Wszystkie prace oraz ich prezentacje zas\u0142ugiwa\u0142y na s\u0142owa uznania, tym samym utrudniaj\u0105c wyb\u00f3r 22 zwyci\u0119skich prac przez komisj\u0119 konkursow\u0105. Nagrody przydzielono w 3 kategoriach \u2013 uczniowie klas I-III, IV-VI oraz VII-VIII. W\u015br\u00f3d uczni\u00f3w&nbsp;<strong>klas I-III&nbsp;<\/strong>nagrod\u0119 otrzyma\u0142ucze\u0144 naszej szko\u0142ySzymon Ty\u015bnicki, za\u015b wyr\u00f3\u017cnienie otrzymali Oliwia Nazimek i Szczepan Hendzel (r\u00f3wnie\u017c reprezentuj\u0105cy nasz\u0105 szko\u0142\u0119). W drugiej kategorii \u2013&nbsp;<strong>uczniowie klas IV\u2013VI<\/strong>, komisja przyzna\u0142a sze\u015b\u0107 nagr\u00f3d, doceniaj\u0105c prezentacje Huberta Raka i Fabiana Borowca z Niechobrza, Tymona Hendzla, Nadii Kaczmarskiej i Igora \u017barowia (uczniowie naszej szko\u0142y) oraz Jakuba Ksi\u0105\u017cka z Rac\u0142aw\u00f3wki. Ponadto, komisja wyr\u00f3\u017cni\u0142a tak\u017ce prezentacje Jakuba W\u00f3jcika, Aleksandry Pytlas, Martyny Palak, Zuzanny Popek, Katarzyny G\u0142\u00f3d, Dominika Sadeckiego, Adrianny Siorek, Karola Rz\u0105sy, Emilii Weso\u0142owskiej i Karoliny Nazimek z Boguchwa\u0142y oraz Wiktorii Rzucid\u0142o i Dawida Ziobro z Niechobrza. W\u015br\u00f3d najstarszych uczestnik\u00f3w Przegl\u0105du Latawc\u00f3w nagrod\u0119 otrzyma\u0142a nasza uczennica \u2013 Julia Bielenda.<\/p>\n\n\n\n<p>Cieszymy si\u0119, \u017ce w\u015br\u00f3d nagrodzonych znalaz\u0142o si\u0119 tylu uczni\u00f3w z naszej szko\u0142y. Serdecznie gratulujemy pomys\u0142\u00f3w i \u017cyczymy dalszych sukces\u00f3w. Laureaci Przegl\u0105du Latawc\u00f3w zostali nagrodzeni pi\u0119knymi dyplomami pami\u0105tkowymi oraz upominkami ksi\u0105\u017ckowymi. Na zako\u0144czenie wszyscy uczestnicy zostali pocz\u0119stowani ciep\u0142\u0105 kie\u0142bask\u0105 z grilla. Tego dnia pogoda nas nie zawiod\u0142a i ka\u017cdy m\u00f3g\u0142 wypr\u00f3bowa\u0107, czy jego latawiec unosi si\u0119 na wietrze.<\/p>\n\n\n\n<p>Tradycj\u0119 puszczania latawc\u00f3w w Gminie Boguchwa\u0142a zapocz\u0105tkowa\u0142a m\u0142odzie\u017c z opiekunem p. Les\u0142awem Palim\u0105k\u0105 ju\u017c 5 lat temu nawi\u0105zuj\u0105c do og\u00f3lno\u015bwiatowej kampanii \u2013 One Sky One World, kt\u00f3ra jest corocznym wydarzeniem promuj\u0105cym przyja\u017a\u0144 i pok\u00f3j mi\u0119dzy lud\u017ami na ca\u0142ym \u015bwiecie. Ca\u0142kowicie zgadzamy si\u0119 z tym przes\u0142aniem i jeste\u015bmy pewni, \u017ce w przysz\u0142ym roku r\u00f3wnie\u017c przyst\u0105pimy do tej akcji.<\/p>\n\n\n\n<p>Serdecznie dzi\u0119kujemy sponsorom wydarzenia, w\u015br\u00f3d kt\u00f3rych znale\u017ali si\u0119: Podkarpacki O\u015brodek Doradztwa Rolniczego w Boguchwale, Bank Sp\u00f3\u0142dzielczy w Niechobrzu oraz Gminna Biblioteka Publiczna w Boguchwale.<\/p>\n\n\n\nngg_shortcode_0_placeholder\n\n\n\n<p class=\"has-medium-font-size\"><strong><span style=\"color:#dd0925\" class=\"has-inline-color\">II SZKOLNE DYKTANDO ORTOGRAFICZNE \u201eDLA NIEPODLEG\u0141EJ\u201d \u2013 12 listopada 2019<\/span><\/strong><\/p>\n\n\n\n<p><strong>OTO NAJLEPSI Z NAJLEPSZYCH!<\/strong><\/p>\n\n\n\n<p>Znamy ju\u017c nazwisko nowego Szkolnego Mistrza Ortografii!<\/p>\n\n\n\n<p>Z tekstem II Szkolnego Dyktanda Ortograficznego o charakterze patriotycznym najlepiej poradzi\u0142a sobie uczennica klasy VIa \u2013 Nadia Kaczmarska, kt\u00f3ra w niezwykle trudnym tek\u015bcie pope\u0142ni\u0142a zaledwie trzy b\u0142\u0119dy. Na II stopniu ortograficznego podium stan\u0119\u0142a Aleksandra Pytlas z klasy VIa, a na III \u2013 Olaf Drozd z klasy VIa i Maciej Chutkowski z klasy Va. W potyczkach ortograficznych wzi\u0119\u0142o udzia\u0142 14 ch\u0119tnych uczni\u00f3w z klas IV-VI.<\/p>\n\n\n\n<p>Wszystkim zwyci\u0119zcom gratulujemy i ju\u017c teraz zach\u0119camy do udzia\u0142u w kolejnej edycji.<\/p>\n\n\n\n<p class=\"has-medium-font-size\"><strong><span style=\"color:#dd0925\" class=\"has-inline-color\">KONKURS WIEDZY O PATRONIE SZKO\u0141Y &#8211; GEN. S. MACZKU<\/span><\/strong><\/p>\n\n\n\n<p>Jak co roku, pod koniec listopada, tu\u017c przed uroczystymi obchodami Dnia Patrona Szko\u0142y, odby\u0142 si\u0119 konkurs wiedzy o wybitnym generale, kt\u00f3ry nie przegra\u0142 \u017cadnej bitwy \u2013 Stanis\u0142awie Maczku.<br>Konkurs, kt\u00f3ry na sta\u0142e zago\u015bci\u0142 w szkolnym kalendarzu wydarze\u0144 i uroczysto\u015bci, skierowany jest do uczni\u00f3w klas IV \u2013 VIII, a jego celem jest propagowanie wiedzy na temat \u017cycia i dzia\u0142alno\u015bci gen. Stanis\u0142awa Maczka.<\/p>\n\n\n\n<p>W tegorocznym konkursie, po zaci\u0119tej walce, pierwsze miejsce zaj\u0119li Bartosz Kornecki z klasy VIII b i Oliwia Sier\u017c\u0119ga z kl. VII a \u2013 oboje mieli po 28 pkt. Na drugim miejscu uplasowa\u0142a si\u0119 Magdalena Byjo\u015b z kl. VII b, trzecie miejsce zaj\u0119li uczniowie klasy V b \u2013 Andrzej Murdza i Dominik Wr\u00f3blewski.<\/p>\n\n\n\n<p>Wyr\u00f3\u017cnienia otrzymali: Julia Olejasz, Rados\u0142aw Kami\u0144ski i Oliwia Wolan z klasy VII b.<\/p>\n\n\n\n<p>Na zwyci\u0119zc\u00f3w czekaj\u0105 nagrody rzeczowe ufundowane przez IPN w Rzeszowie i Rad\u0119 Rodzic\u00f3w przy Szkole Podstawowej w Boguchwale, kt\u00f3re zostan\u0105 wr\u0119czone po uroczystej akademii z okazji Dnia Patrona Szko\u0142y, kt\u00f3ra odb\u0119dzie si\u0119 9 grudnia 2019 r. Wszystkim uczestnikom serdecznie dzi\u0119kujemy za zaanga\u017cowanie i udzia\u0142 w konkursie.<\/p>\n\n\n\n<p class=\"has-medium-font-size\"><strong><span style=\"color:#dd0925\" class=\"has-inline-color\">KONKURS NA &#8222;\u015aWIETLICOW\u0104&#8221; GR\u0118 MATEMATYCZN\u0104<\/span><\/strong><\/p>\n\n\n\n<p>20 listopada na \u015bwietlicy szkolnej zosta\u0142 og\u0142oszony konkurs na wykonanie w\u0142asnej gry matematycznej. Uczniowie zaanga\u017cowali si\u0119 w tworzenie gier \u0107wicz\u0105cych dodawanie, odejmowanie, mno\u017cenie czy dzielenie. Powsta\u0142o kilka interesuj\u0105cych projekt\u00f3w, z kt\u00f3rych uczniowie korzystaj\u0105 przebywaj\u0105c na \u015bwietlicy szkolnej. Wygra\u0142a gra zaprojektowana przez Kamil\u0119 Tabak\u0119, Oliwi\u0119 Debrzak i Oliwi\u0119 Mazur. Zwyci\u0119zcom gratulujemy, a wszystkim uczestnikom dzi\u0119kujemy za zaanga\u017cowanie.<\/p>\n\n\n\nngg_shortcode_1_placeholder\n\n\n\n<p class=\"has-medium-font-size\"><strong><span style=\"color:#dd0925\" class=\"has-inline-color\">WYNIKI SZKOLNEGO KONKURSU PLASTYCZNEGO Z OKAZJI \u015aWI\u0118TA PATRONA SZKO\u0141Y<\/span><\/strong><\/p>\n\n\n\n<p>W bie\u017c\u0105cym roku tematem przewodnim konkursu plastycznego by\u0142 portret Patrona szko\u0142y \u2013 Genera\u0142a Stanis\u0142awa Maczka, a technika wykonania prac zaw\u0119\u017cona do o\u0142\u00f3wka, tuszu i w\u0119gla.<\/p>\n\n\n\n<p>Poni\u017cej wyniki konkursu w kategoriach wiekowych:<\/p>\n\n\n\n<p><strong>klasy 1 \u2013 3:<\/strong><br>I miejsce: Jagoda Kr\u0119cisz \u2013 kl. 2 a<br>II miejsce ex aequo: Wiktoria Bli\u017aniak \u2013 kl. 3 a oraz Emilia Mazur \u2013 kl. 2 b<br>wyr\u00f3\u017cnienie: Zofia Karnasiewicz kl. 1 a, Karol Pitera kl. 1 c<\/p>\n\n\n\n<p><strong>klasy 4 \u2013 5:<\/strong><br>I miejsce: Maja Zdun \u2013 kl. 5 b<br>II miejsce: Oliwia Dziedzic \u2013 kl. 5 a<br>III miejsce: Emilia Weso\u0142owska \u2013 kl. 5 b<\/p>\n\n\n\n<p><strong>klasy: 6 \u2013 8:<\/strong><br>I miejsce: Zuzanna Wydrzy\u0144ska \u2013 kl. 7 b<br>II miejsce: Barbara Rusinek \u2013 kl. 7 b<br>III miejsce: Julia Olejasz \u2013 kl. 7 b<\/p>\n\n\n\n<p>Konkurs organizowany by\u0142 pod Patronatem Rady Rodzic\u00f3w przy Szkole Podstawowej im. gen. St. Maczka w Boguchwale. Wr\u0119czenie nagr\u00f3d nast\u0105pi\u0142o podczas Akademii z okazji \u015awi\u0119ta Patrona Szko\u0142y w dniu 9 grudnia, a prace plastyczne bior\u0105ce udzia\u0142 w konkursie mo\u017cna zobaczy\u0107 w holu szko\u0142y. Wszystkim uczestnikom i zwyci\u0119zcom gratulujemy i \u017cyczymy dalszych tw\u00f3rczych sukces\u00f3w.<\/p>\n\n\n\n<p class=\"has-medium-font-size\"><strong><span style=\"color:#dd0925\" class=\"has-inline-color\">WYNIKI KONKURSU OZDOBA BO\u017bONARODZENIOWA<\/span><\/strong><\/p>\n\n\n\n<p>Konkurs na najpi\u0119kniejsz\u0105 ozdob\u0119 bo\u017conarodzeniow\u0105 rozstrzygni\u0119ty! 16 grudnia komisja oceni\u0142a 62 prace uczni\u00f3w. W zwi\u0105zku z tym, \u017ce wszystkie ozdoby by\u0142y pi\u0119kne, niepowtarzalne i kryj\u0105ce w sobie \u201educha rodziny\u201d, wyb\u00f3r by\u0142 bardzo trudny.<\/p>\n\n\n\n<p>JURY NAGRODZI\u0141O UCZNI\u00d3W W TRZECH KATEGORIACH WIEKOWYCH:<\/p>\n\n\n\n<p><strong>KLASY I-III:<\/strong><br><strong>I MIEJSCE<\/strong>&nbsp;\u2013 Jagoda Kr\u0119cisz (kl. IIa), Pawe\u0142 Garbowski (kl. IIb)<br><strong>II MIEJSCE<\/strong>&nbsp;\u2013 Mateusz Dziedzic (kl. Ib), Szymon Balawender (kl. IIa)<br><strong>III MIEJSCE<\/strong>&nbsp;\u2013 Maria Klimczak (kl. IIb), Oliwia K\u0105kol (kl. IIb), Oliwia Debrzak (kl. IIIb)<br>Wyr\u00f3\u017cnienie: Ewa Wrzos (kl. Ib), Jagoda Drozd (kl. IIa), Julia Gutkowska (kl. IIa), Wiktoria Ry\u015b (kl. IIa), Oliwia Nazimek (kl. IIa), Zofia Szelast (kl. IIb)<\/p>\n\n\n\n<p><strong>KLASY IV-VI:<\/strong><br><strong>I MIEJSCE<\/strong>&nbsp;\u2013 Maja Zdun (kl. Vb), Nadia Kaczmarska (kl. VIa), Jakub W\u00f3jcik (kl. VIb)<br><strong>II MIEJSCE<\/strong>&nbsp;\u2013 Hanna Tomkowicz (kl. Vb), Sebastian Szczepan (kl. VIa)<br><strong>III MIEJSCE<\/strong>&nbsp;\u2013 Tymon Hendzel (kl. Vc), Aleksandra Pytlas (kl. VIa)<br>Wyr\u00f3\u017cnienie: Amelia Bojda (kl. Vb)<\/p>\n\n\n\n<p><strong>KLASY VII-VIII:<\/strong><br><strong>I MIEJSCE<\/strong>&nbsp;\u2013 Julia Olejasz (kl. VIIb)<br><strong>II MIEJSCE<\/strong>&nbsp;\u2013 Oliwia Wolan (kl VIIb)<br><strong>III MIEJSCE<\/strong>&nbsp;\u2013 Julia Grabowska (kl. VIIa), Kamil Ciosek (kl. VIIb)<br>Wyr\u00f3\u017cnienie: Aleksandra Dykiel (kl. VIIb)<\/p>\n\n\n\n<p><strong>SERDECZNIE GRATULUJEMY!<\/strong><\/p>\n\n\n\nngg_shortcode_2_placeholder\n","protected":false},"excerpt":{"rendered":"<p>IV Regionalny Przegl\u0105d Latawc\u00f3w w Boguchwale ju\u017c za nami\u2026 \u201eJedno niebo dla wszystkich\u2026\u201d 28 wrze\u015bnia 2019 r. ju\u017c po raz czwarty Szko\u0142a Podstawowa im. gen. Stanis\u0142awa Maczka w Boguchwale wraz z Gminn\u0105 Bibliotek\u0105 Publiczn\u0105, Klubem 4-H \u201eFinezja SZTUKi\u201d oraz Podkarpackim O\u015brodkiem Doradztwa Rolniczego w Boguchwale, zorganizowa\u0142a IV Regionalny Przegl\u0105d Latawc\u00f3w pod corocznym has\u0142em&nbsp;\u201eJedno niebo dla&#8230;<\/p>\n","protected":false},"author":2,"featured_media":20990,"parent":0,"menu_order":0,"comment_status":"closed","ping_status":"closed","template":"","meta":{"ngg_post_thumbnail":0,"footnotes":""},"class_list":["post-21231","page","type-page","status-publish","has-post-thumbnail","hentry"],"_links":{"self":[{"href":"https:\/\/spboguchwala.pl\/index.php?rest_route=\/wp\/v2\/pages\/21231","targetHints":{"allow":["GET"]}}],"collection":[{"href":"https:\/\/spboguchwala.pl\/index.php?rest_route=\/wp\/v2\/pages"}],"about":[{"href":"https:\/\/spboguchwala.pl\/index.php?rest_route=\/wp\/v2\/types\/page"}],"author":[{"embeddable":true,"href":"https:\/\/spboguchwala.pl\/index.php?rest_route=\/wp\/v2\/users\/2"}],"replies":[{"embeddable":true,"href":"https:\/\/spboguchwala.pl\/index.php?rest_route=%2Fwp%2Fv2%2Fcomments&post=21231"}],"version-history":[{"count":1,"href":"https:\/\/spboguchwala.pl\/index.php?rest_route=\/wp\/v2\/pages\/21231\/revisions"}],"predecessor-version":[{"id":21233,"href":"https:\/\/spboguchwala.pl\/index.php?rest_route=\/wp\/v2\/pages\/21231\/revisions\/21233"}],"wp:featuredmedia":[{"embeddable":true,"href":"https:\/\/spboguchwala.pl\/index.php?rest_route=\/wp\/v2\/media\/20990"}],"wp:attachment":[{"href":"https:\/\/spboguchwala.pl\/index.php?rest_route=%2Fwp%2Fv2%2Fmedia&parent=21231"}],"curies":[{"name":"wp","href":"https:\/\/api.w.org\/{rel}","templated":true}]}}