{"id":21258,"date":"2022-05-10T20:20:42","date_gmt":"2022-05-10T20:20:42","guid":{"rendered":"http:\/\/spboguchwala.pl\/?page_id=21258"},"modified":"2022-06-13T19:21:26","modified_gmt":"2022-06-13T19:21:26","slug":"2021-2022-3","status":"publish","type":"page","link":"https:\/\/spboguchwala.pl\/?page_id=21258","title":{"rendered":"2021\/2022"},"content":{"rendered":"\n<p class=\"has-medium-font-size\"><strong><span style=\"color:#ef030e\" class=\"has-inline-color\">KAMPANIA\u2013 \u201e\u015aMIECI?! KTO TO WIDZIA\u0141?!\u201d<\/span><\/strong><\/p>\n\n\n\n<p>Z ogromn\u0105 przyjemno\u015bci\u0105 powiadamiamy o wygranej uczni\u00f3w naszej szko\u0142y w og\u00f3lnopolskim konkursie fotograficznym organizowanym przez Tatrza\u0144ski Park Narodowy w ramach kampanii \u201e\u015amieci?! Kto to widzia\u0142?!\u201d.<br>Zadaniem konkursowym by\u0142o wykonanie zdj\u0119cia ukazuj\u0105cego proekologiczne zachowania uczni\u00f3w, kt\u00f3re prowadz\u0105 do zmniejszenia ilo\u015bci wytwarzanych odpad\u00f3w.<br>Zdj\u0119cia nades\u0142ane przez Adama Gajdka (klasa 5b) oraz Zofi\u0119 Szelast (klasa 4b) zosta\u0142y wysoko ocenione przez jury konkursu.<br>Praca Adama otrzyma\u0142a nagrod\u0119 g\u0142\u00f3wn\u0105 \u2013 wspania\u0142y plecak Salewa, za\u015b praca Zosi zosta\u0142a wyr\u00f3\u017cniona nagrod\u0105 \u2013 bidonem Camelbak.<br>Zwyci\u0119zcom gratulujemy zdobytych nagr\u00f3d oraz dba\u0142o\u015bci o proekologiczne nawyki w codziennym \u017cyciu.<\/p>\n\n\n\nngg_shortcode_0_placeholder\n\n\n\n<p class=\"has-medium-font-size\"><strong><span style=\"color:#ef030e\" class=\"has-inline-color\">\u201eKONKURS Z KLAS\u0104\u201d- WYGRANA KLASY IIB W OG\u00d3LNOPOLSKIM KONKURSIE TATRZA\u0143SKIEGO PARKU NARODOWEGO<\/span><\/strong><\/p>\n\n\n\n<p>Klasa 2b Szko\u0142y Podstawowej im. gen S. Maczka w Boguchwale wraz z wychowawczyni\u0105 Katarzyn\u0105 Guzy postanowi\u0142a w\u0142\u0105czy\u0107 si\u0119 w akcj\u0119 \u201e\u015amieci?! Kto to widzia\u0142?!\u201d.<\/p>\n\n\n\n<p>Jak wykorzysta\u0107 nasze \u015bmieci i nada\u0107 im drugie \u017cycie? Do g\u0142owy przysz\u0142o nam stworzenie orkiestry wyposa\u017conej w instrumenty wykonane z odpad\u00f3w. Przygotowali\u015bmy tak\u017ce pokaz mody EKO.<\/p>\n\n\n\n<p>Przebrali\u015bmy si\u0119 w nasze stroje, u\u017cyli\u015bmy instrument\u00f3w i zrobili\u015bmy wiele ha\u0142asu, aby wszyscy us\u0142yszeli nasze klasowe przes\u0142anie \u2013&nbsp;<strong><em>STOP DLA \u015aMIECI!<\/em><\/strong><\/p>\n\n\n\n<p><strong><em><u>DLA KLASY WYGRALI\u015aMY WSPANIA\u0141\u0104 NAGROD\u0118 \u2013 OCZYSZCZACZ POWIETRZA!<\/u><\/em><\/strong><\/p>\n\n\n\n<div class=\"wp-block-image\"><figure class=\"aligncenter size-large\"><img loading=\"lazy\" decoding=\"async\" width=\"259\" height=\"194\" src=\"https:\/\/spboguchwala.pl\/wp-content\/uploads\/2021\/11\/plakat.jpeg\" alt=\"\" class=\"wp-image-19074\"\/><\/figure><\/div>\n\n\n\n<p><\/p>\n\n\n\n<p class=\"has-medium-font-size\"><strong><span style=\"color:#ef030e\" class=\"has-inline-color\">KONKURS PLASTYCZNY \u2013 NAGRODA DLA ADRIANNY SIOREK Z KL. VIA<\/span><\/strong><\/p>\n\n\n\n<p>Mi\u0142o nam poinformowa\u0107 o artystycznym sukcesie Adrianny Siorek \u2013 uczennicy kl. VI a, kt\u00f3ra otrzyma\u0142a nagrod\u0119 za najlepsz\u0105 prac\u0119 plastyczn\u0105 w organizowanym przez Stowarzyszenie na Rzecz Rozwoju i Promocji Podkarpacia \u201ePro Carpathia\u201d&nbsp;konkursie plastycznym dotycz\u0105cym dziedzictwa wo\u0142oskiego.<br>Serdecznie gratulujemy i \u017cyczymy kolejnych tw\u00f3rczych sukces\u00f3w!<\/p>\n\n\n\n<div class=\"wp-block-image\"><figure class=\"aligncenter size-large is-resized\"><img loading=\"lazy\" decoding=\"async\" src=\"https:\/\/spboguchwala.pl\/wp-content\/uploads\/2021\/12\/Ada-Siorek-731x1024.jpg\" alt=\"\" class=\"wp-image-19588\" width=\"234\" height=\"328\" srcset=\"https:\/\/spboguchwala.pl\/wp-content\/uploads\/2021\/12\/Ada-Siorek-731x1024.jpg 731w, https:\/\/spboguchwala.pl\/wp-content\/uploads\/2021\/12\/Ada-Siorek-214x300.jpg 214w, https:\/\/spboguchwala.pl\/wp-content\/uploads\/2021\/12\/Ada-Siorek-768x1075.jpg 768w, https:\/\/spboguchwala.pl\/wp-content\/uploads\/2021\/12\/Ada-Siorek-1097x1536.jpg 1097w, https:\/\/spboguchwala.pl\/wp-content\/uploads\/2021\/12\/Ada-Siorek-1463x2048.jpg 1463w, https:\/\/spboguchwala.pl\/wp-content\/uploads\/2021\/12\/Ada-Siorek-scaled.jpg 1829w\" sizes=\"auto, (max-width: 234px) 100vw, 234px\" \/><\/figure><\/div>\n\n\n\n<p><\/p>\n\n\n\n<p class=\"has-medium-font-size\"><strong><span style=\"color:#ef030e\" class=\"has-inline-color\">NASZE UCZENNICE FINALISTKAMI 14. POWIATOWEGO KONKURSU PLASTYCZNEGO PT. &#8222;WITRA\u017b BO\u017bONARODZENIOWY\u201d<\/span><\/strong><\/p>\n\n\n\n<p>Mi\u0142o nam poinformowa\u0107, \u017ce dwie uczennice naszej szko\u0142y: Zofia Karnasiewicz z kl. 3a i Adrianna Siorek z kl. 6a znalaz\u0142y si\u0119 w\u015br\u00f3d finalist\u00f3w 14. Powiatowego Konkursu Plastycznego pt. \u201eWitra\u017c Bo\u017conarodzeniowy\u201d organizowanego pod Patronatem Starosty Rzeszowskiego przez Miejsko Gminny O\u015brodek Sportu i Rekreacji w Soko\u0142owie Ma\u0142opolskim.&nbsp;<br>Nagrodzone prace s\u0105 eksponowane na wystawie pokonkursowej.<br>Serdecznie gratulujemy i \u017cyczymy dalszych tw\u00f3rczych sukces\u00f3w!<\/p>\n\n\n\n<div class=\"wp-block-image\"><figure class=\"aligncenter size-large is-resized\"><img loading=\"lazy\" decoding=\"async\" src=\"https:\/\/spboguchwala.pl\/wp-content\/uploads\/2022\/01\/DE6A3D4B-79BA-44D4-9CBC-49DA7A2ED5B6-1866-0000015397AC3A81.jpg\" alt=\"\" class=\"wp-image-19799\" width=\"308\" height=\"416\" srcset=\"https:\/\/spboguchwala.pl\/wp-content\/uploads\/2022\/01\/DE6A3D4B-79BA-44D4-9CBC-49DA7A2ED5B6-1866-0000015397AC3A81.jpg 689w, https:\/\/spboguchwala.pl\/wp-content\/uploads\/2022\/01\/DE6A3D4B-79BA-44D4-9CBC-49DA7A2ED5B6-1866-0000015397AC3A81-222x300.jpg 222w\" sizes=\"auto, (max-width: 308px) 100vw, 308px\" \/><\/figure><\/div>\n\n\n\n<p><\/p>\n\n\n\n<p class=\"has-medium-font-size\"><strong><span style=\"color:#ef030e\" class=\"has-inline-color\">OLIMPIADA MATEMATYCZNA JUNIOR\u00d3W<\/span><\/strong><\/p>\n\n\n\n<p>Mamy przyjemno\u015b\u0107 poinformowa\u0107, \u017ce Liliana Popek i Szymon Cios, uczniowie klasy 8b, zakwalifikowali si\u0119 do II etapu Olimpiady Matematycznej Junior\u00f3w. Gratulujemy i \u017cyczymy sukces\u00f3w w dalszych etapach Olimpiady.<\/p>\n\n\n\n<p class=\"has-medium-font-size\"><strong><span style=\"color:#ef030e\" class=\"has-inline-color\">II MIEJSCE W XXI MI\u0118DZYNARODOWYM KONKURSIE DIGI-TALENTY NASZEJ UCZENNICY WIKTORII BAR<\/span><\/strong><\/p>\n\n\n\n<p>Mi\u0142o nam poinformowa\u0107, \u017ce uczennica naszej szko\u0142y, Wiktoria Bar z kl. 4c wywalczy\u0142a II miejsce w XXI Mi\u0119dzynarodowym Konkursie Digi-Talenty. Uczestnicy mieli za zadanie nagra\u0107 wybrany przez siebie utw\u00f3r o charakterze \u015bwi\u0105tecznym. Wiktoria wybra\u0142a \u201eGore gwiazda Jezusowi\u201d. Mamy nadziej\u0119, \u017ce Wiktoria zaprezentuje wkr\u00f3tce sw\u00f3j talent przed publiczno\u015bci\u0105 szkoln\u0105, tym bardziej, \u017ce jest on szlifowany pod okiem specjalisty. Uczennica uczy si\u0119 \u015bpiewu pod kierunkiem p. Kornelii Kulczyckiej, kt\u00f3ra przygotowa\u0142a Wiktori\u0119 do konkursu.<\/p>\n\n\n\n<div class=\"wp-block-image\"><figure class=\"aligncenter size-large is-resized\"><img loading=\"lazy\" decoding=\"async\" src=\"https:\/\/spboguchwala.pl\/wp-content\/uploads\/2022\/02\/Wiktoria-Bar-4c.jpeg\" alt=\"\" class=\"wp-image-19995\" width=\"228\" height=\"319\" srcset=\"https:\/\/spboguchwala.pl\/wp-content\/uploads\/2022\/02\/Wiktoria-Bar-4c.jpeg 686w, https:\/\/spboguchwala.pl\/wp-content\/uploads\/2022\/02\/Wiktoria-Bar-4c-215x300.jpeg 215w\" sizes=\"auto, (max-width: 228px) 100vw, 228px\" \/><\/figure><\/div>\n\n\n\n<p><\/p>\n\n\n\n<p class=\"has-medium-font-size\"><strong><span style=\"color:#ef030e\" class=\"has-inline-color\">EUROPEJSKI KONKURS STATYSTYCZNY<\/span><\/strong><\/p>\n\n\n\n<p>Zesp\u00f3\u0142 trzech dziewcz\u0105t z klasy 7c \u2013 Magdalena Haliniak, Matylda Tabaka i Julia Kornak zdoby\u0142 87 pkt. na 100 mo\u017cliwych. Uczennicom zabrak\u0142o tylko 1 punktu, aby zakwalifikowa\u0107 si\u0119 do etapu krajowego. Dzi\u0119kujemy za zaanga\u017cowanie i mamy nadziej\u0119, \u017ce po tegorocznych do\u015bwiadczeniach w przysz\u0142ym roku uda si\u0119 przej\u015b\u0107 do wy\u017cszego etapu.<\/p>\n\n\n\n<p class=\"has-medium-font-size\"><strong><span style=\"color:#ef030e\" class=\"has-inline-color\">I MIEJSCE W KONKURSIE \u201eWIEDZY O SP\u00d3\u0141DZIELCZO\u015aCI\u201d W RAMACH PROJEKTU \u201eB\u0104D\u0179 SP\u00d3\u0141DZIELC\u0104 W SWOJEJ SZKOLE\u201d<\/span><\/strong><\/p>\n\n\n\n<p>Nasza szko\u0142a wzi\u0119\u0142a udzia\u0142 w projekcie wojew\u00f3dzkim realizowanym we wsp\u00f3\u0142pracy z NBP i Uniwersytetem Rzeszowskim pt. \u201eB\u0105d\u017a Sp\u00f3\u0142dzielc\u0105 w swojej szkole\u201d. Grupa uczni\u00f3w z klas 8 realizowa\u0142a zadania projektowe w sk\u0142adzie: Maja Krasowska, Zofia G\u00f3rka, Szymon Cios, Piotr Dziekan, Sebastian Szczepan pod kierunkiem p. Anny Bo\u017cek.<br>Celem projektu by\u0142o poszerzenie wiedzy oraz umiej\u0119tno\u015bci ekonomicznych uczni\u00f3w szk\u00f3\u0142 podstawowych, a tak\u017ce propagowanie postaw pro przedsi\u0119biorczych realizowanych poprzez dzia\u0142ania sp\u00f3\u0142dzielcze. Nasi uczniowie w ramach konkursu grupowego \u201ePo\u0142\u0105czmy nasze si\u0142y\u201d stworzyli projekt sp\u00f3\u0142dzielni uczniowskiej (dzia\u0142alno\u015b\u0107 KAWIARENKI \u201eU Maczka\u201d). Na kolejnym etapie wzi\u0119li udzia\u0142 w konferencji online z Instytutu Ekonomii i Finans\u00f3w Uniwersytetu Rzeszowskiego oraz warsztatach o tematyce, kt\u00f3ra wpisuje si\u0119 w problematyk\u0119 edukacji ekonomicznej z nast\u0119puj\u0105cych temat\u00f3w:<br>1) Oszcz\u0119dzanie oraz inwestowanie w procesie zarz\u0105dzania finansami przedsi\u0119biorcy<br>2) Nowoczesne technologie cyfrowe w dzia\u0142alno\u015bci sp\u00f3\u0142dzielcy.<br>Na ostatnim etapie projektu uczniowie wzi\u0119li udzia\u0142 w konkursie indywidualnym wiedzy z zakresu sp\u00f3\u0142dzielczo\u015bci i finans\u00f3w. Laureatem konkursu indywidualnego \u201eWiedzy o sp\u00f3\u0142dzielczo\u015bci\u201d i I miejsce zaj\u0119\u0142a uczennica naszej szko\u0142y Maja Krasowska z klasy 8 b. Serdecznie gratulujemy.<\/p>\n\n\n\nngg_shortcode_1_placeholder\n\n\n\n<p class=\"has-medium-font-size\"><strong><span style=\"color:#ef030e\" class=\"has-inline-color\">SUKCESY NASZYCH UCZNI\u00d3W W KONKURSACH Z J. ANGIELSKIEGO<\/span><\/strong><\/p>\n\n\n\n<p>Z rado\u015bci\u0105 informujemy, \u017ce uczennica klasy VIIIb, Michalina Chru\u015bciel, zosta\u0142a laureatem mi\u0119dzyszkolnego konkursu z j. angielskiego\u201d BIG BEN\u201d, pod patronatem Podkarpackiego Kuratora O\u015bwiaty.<br>Kolejny sukces odni\u00f3s\u0142 ucze\u0144 klasy VIa, Dominik Sadecki, kt\u00f3ry w gminnym konkursie \u201eThe English Challenge 2022\u201d, zdoby\u0142 II miejsce na 8 szk\u00f3\u0142.<br>Gratulacje dla Michaliny i Dominika!<br>Opiekunem uczni\u00f3w jest p. Sylwia G\u0105sior<\/p>\n\n\n\n<div class=\"wp-block-image\"><figure class=\"aligncenter size-large is-resized\"><img loading=\"lazy\" decoding=\"async\" src=\"https:\/\/spboguchwala.pl\/wp-content\/uploads\/2022\/04\/angielski-1024x768.jpeg\" alt=\"\" class=\"wp-image-20471\" width=\"455\" height=\"340\" srcset=\"https:\/\/spboguchwala.pl\/wp-content\/uploads\/2022\/04\/angielski-1024x768.jpeg 1024w, https:\/\/spboguchwala.pl\/wp-content\/uploads\/2022\/04\/angielski-300x225.jpeg 300w, https:\/\/spboguchwala.pl\/wp-content\/uploads\/2022\/04\/angielski-768x576.jpeg 768w, https:\/\/spboguchwala.pl\/wp-content\/uploads\/2022\/04\/angielski-1536x1152.jpeg 1536w, https:\/\/spboguchwala.pl\/wp-content\/uploads\/2022\/04\/angielski-600x450.jpeg 600w, https:\/\/spboguchwala.pl\/wp-content\/uploads\/2022\/04\/angielski-960x720.jpeg 960w, https:\/\/spboguchwala.pl\/wp-content\/uploads\/2022\/04\/angielski.jpeg 1600w\" sizes=\"auto, (max-width: 455px) 100vw, 455px\" \/><\/figure><\/div>\n\n\n\n<p><\/p>\n\n\n\n<p class=\"has-medium-font-size\"><strong><span style=\"color:#ef030e\" class=\"has-inline-color\">KONKURS WESO\u0141EGO ALLELUJA &#8211; NAGRODZONE PRACE Z NASZEJ SZKO\u0141Y<\/span><\/strong><\/p>\n\n\n\n<p>Mi\u0142o nam poinformowa\u0107, \u017ce a\u017c trzy prace uczennic naszej szko\u0142y zosta\u0142y wyr\u00f3\u017cnione w X&nbsp;Mi\u0119dzynarodowym Konkursie Plastycznym \u201eWeso\u0142ego Alleluja\u201d organizowanym przez Szko\u0142\u0119 Podstawow\u0105 im.&nbsp;b\u0142.&nbsp;ks.&nbsp;Jerzego Popie\u0142uszki w&nbsp;Woli Zg\u0142obie\u0144skiej. W&nbsp;konkursie udzia\u0142 wzi\u0119\u0142o 1394&nbsp;prace z&nbsp;212&nbsp;plac\u00f3wek o\u015bwiatowych i&nbsp;kulturalnych z kraju i zagranicy.<\/p>\n\n\n\n<p>Wyr\u00f3\u017cnienia otrzymuj\u0105 uczennice:<br>\u2013&nbsp;Marina Khodakivska kl. 2b, opiekun: P. Katarzyna Guzy<br>\u2013 Emilia Mazur kl. 4b, opiekun: P. Anna Chru\u015bciel\/P. Mariusz Mi\u0105sik<br>\u2013 Martyna Palak kl. 6a,&nbsp;opiekun: P. Anna Chru\u015bciel<\/p>\n\n\n\n<p>Serdecznie gratulujemy i zach\u0119camy do udzia\u0142u w kolejnych konkursach artystycznych.&nbsp;<\/p>\n\n\n\n<p>Zdj\u0119cia prac pochodz\u0105 ze strony Organizatora konkursu \u2013 Szko\u0142y Podstawowej im. b\u0142. ks. Jerzego Popie\u0142uszki w Woli Zg\u0142obie\u0144skiej, gdzie mo\u017cna r\u00f3wnie\u017c zapozna\u0107 si\u0119 ze szczeg\u00f3\u0142owymi informacjami i galeri\u0105 nagrodzonych prac:&nbsp;<a rel=\"noreferrer noopener\" href=\"https:\/\/spwolazglobienska.pl\/viii-miedzynarodowy-konkurs-plastyczny-wesolego-alleluja-rozstrzygniety-2-2-2\/\" target=\"_blank\">https:\/\/spwolazglobienska.pl\/viii-miedzynarodowy-konkurs-plastyczny-wesolego-alleluja-rozstrzygniety-2-2-2\/<\/a><\/p>\n\n\n\nngg_shortcode_2_placeholder\n\n\n\n<p class=\"has-medium-font-size\"><strong><span style=\"color:#ef030e\" class=\"has-inline-color\">GMINNY KONKURS &#8222;MATEMATYCZNY ESCAPE ROOM&#8221; &#8211; I MIEJSCE<\/span><\/strong><\/p>\n\n\n\n<p>Bardzo mi\u0142o nam poinformowa\u0107, \u017ce w Gminnym Konkursie \u201eMatematyczny Escape Room\u201d zorganizowanym przez Szko\u0142\u0119 Podstawow\u0105 w Lutory\u017cu, I miejsce zaj\u0119\u0142a czteroosobowa dru\u017cyna z naszej szko\u0142y w sk\u0142adzie: Szymon Wilk kl. Va, Maksymilian Kuter kl. Vb, Mi\u0142osz Pasierb kl. VIa oraz Dominik Sadecki kl. VIa.<\/p>\n\n\n\n<p>Uczniowie, by odnale\u017a\u0107 klucz i wydosta\u0107 si\u0119 z escaperoomu, mieli za zadanie poprawnie i jak najszybciej rozwi\u0105za\u0107 szereg zagadek matematycznych, wykazuj\u0105c si\u0119 przy tym sprytem i kreatywno\u015bci\u0105.<\/p>\n\n\n\n<p>Cieszymy si\u0119 i jeste\u015bmy bardzo dumni, \u017ce nasza dru\u017cyna spisa\u0142a si\u0119 na medal w tych matematycznych potyczkach!!<br>Opiekunami uczni\u00f3w by\u0142y panie: Joanna Kozio\u0142 i Monika Mla\u015b-Bieniasz.<\/p>\n\n\n\nngg_shortcode_3_placeholder\n\n\n\n<p class=\"has-medium-font-size\"><strong><span style=\"color:#ef030e\" class=\"has-inline-color\">IV GMINNY KONKURS PIOSENKI \u201eLET&#8217;S SING IN ENGLISH\u201d<\/span><\/strong><\/p>\n\n\n\n<p>Mi\u0142o nam poinformowa\u0107, \u017ce 12 maja 2022r. nasze dwie uczennice mia\u0142y okazj\u0119 zaprezentowa\u0107 sw\u00f3j talent uczestnicz\u0105c w Czwartym Gminnym Konkursie Piosenki \u2018Let\u2019s sing in English\u2019. W odpowiedzi na zaproszenie organizatora Szko\u0142y Podstawowej im. Jana Paw\u0142a II w Mogielnicy zg\u0142osili\u015bmy udzia\u0142 duetu Anna Moroz i Marlena R\u00f3g z klasy 4c. Dziewczyny za\u015bpiewa\u0142y tradycyjn\u0105 piosenk\u0119 angielsk\u0105 \u2018Lavender\u2019s Blue Dilly Dilly\u2019 w wersji ze \u015bcie\u017cki d\u017awi\u0119kowej&nbsp;do filmu \u2018Cinderella\u2019 z 2015 r. Pomimo, \u017ce nie uda\u0142o si\u0119 zaj\u0105\u0107 miejsca na podium, to wyst\u0119p spotka\u0142 si\u0119 z pozytywnym odbiorem publiczno\u015bci, a nasze reprezentantki przezwyci\u0119\u017cy\u0142y trem\u0119 i zdoby\u0142y cenne do\u015bwiadczenie. Nie zapomnia\u0142y o ruchu scenicznym i wygl\u0105dzie, co opr\u00f3cz najwa\u017cniejszych kryteri\u00f3w: poprawno\u015bci muzycznej i j\u0119zykowej, te\u017c odgrywa swoj\u0105 rol\u0119 w odbiorze utworu. Gratulujemy odwagi, ch\u0119ci, pi\u0119knego g\u0142osu i opanowania trudnego tekstu w j\u0119zyku angielskim. O przygotowanie w zakresie j\u0119zykowym zadba\u0142a pani Agata R\u0105pa\u0142a, a o muzyczn\u0105 i artystyczn\u0105 stron\u0119 wyst\u0119pu \u2013 pani Katarzyna Vdovychenko.&nbsp;<\/p>\n\n\n\n<p>Dzi\u0119kujemy r\u00f3wnie\u017c Organizatorom za mi\u0142\u0105 atmosfer\u0119 i stworzenie okazji do spotkania uczni\u00f3w i nauczycieli z r\u00f3\u017cnych szk\u00f3\u0142, i co najwa\u017cniejsze za prze\u017cycia artystyczne. Gratulacje dla zwyci\u0119zcy i pozosta\u0142ych uczestnik\u00f3w.<\/p>\n\n\n\nngg_shortcode_4_placeholder\n\n\n\n<p class=\"has-medium-font-size\"><strong><span style=\"color:#ef030e\" class=\"has-inline-color\">GMINNY KONKURS &#8222;GMINA BOGUCHWA\u0141A &#8211; MOJE MIEJSCE NA ZIEMI&#8221;<\/span><\/strong><\/p>\n\n\n\n<p>Z przyjemno\u015bci\u0105 informujemy, \u017ce gminny konkurs \u201eGmina Boguchwa\u0142a \u2013 moje miejsce na Ziemi\u201d zosta\u0142 rozstrzygni\u0119ty! Celem konkursu by\u0142o zainteresowanie dzieci ma\u0142\u0105 Ojczyzn\u0105, jej histori\u0105, architektur\u0105 i walorami przyrodniczymi.<br>W kategorii praca plastyczna otrzymali\u015bmy blisko 40 prac ze szk\u00f3\u0142 podstawowych z terenu naszej gminy. Z przyjemno\u015bci\u0105 ogl\u0105dali\u015bmy ciekawe pomys\u0142y m\u0142odych uczestnik\u00f3w przelane na papier. Takiej kreatywno\u015bci mo\u017cemy im tylko pozazdro\u015bci\u0107!<br>Nagrodzeni w konkursie plastycznym:<br>I miejsce \u2013 Tymoteusz Kornak SP Boguchwa\u0142a<br>II miejsce \u2013 Tymoteusz Jaksan SP Kielan\u00f3wka<br>III miejsce \u2013 Lena G\u00f3rnicka SP Kielan\u00f3wka<br>Wyr\u00f3\u017cnienia otrzymali:<br>Karol Materna SP Nos\u00f3wka<br>Zofia Karnasiewicz SP Boguchwa\u0142a<br>Hanna Malicka SP Mogielnica<\/p>\n\n\n\n<p>W kategorii praca literacko \u2013 historyczna:<br>I miejsce \u2013 Zuzanna Baran SP Lutory\u017c<br>II miejsce \u2013 Tymon Hendzel SP Boguchwa\u0142a<br>III miejsce \u2013 Monika Kalembkiewicz SP Lutory\u017c<br>Wyr\u00f3\u017cnienie otrzyma\u0142a:<br>Martyna Janicka SP Lutory\u017c<\/p>\n\n\n\n<p>W kategorii konkurs wiedzy o Gminie Boguchwa\u0142a:<br>I miejsce \u2013 Paulina Przywara SP Boguchwa\u0142a<br>II miejsce \u2013 Jakub Leszczy\u0144ski SP Nos\u00f3wka<br>III miejsce \u2013 Tymoteusz Po\u017aniak SP nr 2 Niechobrz<br>Wyr\u00f3\u017cnienia otrzymali:<br>Szymon Ziemba SP nr 2 Niechobrz<br>Anna Szczoczarz SP Lutory\u017c<br>Karolina Kawa SP nr 1 Niechobrz<br><br>Wszystkim uczestnikom serdecznie dzi\u0119kujemy i gratulujemy.<\/p>\n\n\n\nngg_shortcode_5_placeholder\n","protected":false},"excerpt":{"rendered":"<p>KAMPANIA\u2013 \u201e\u015aMIECI?! KTO TO WIDZIA\u0141?!\u201d Z ogromn\u0105 przyjemno\u015bci\u0105 powiadamiamy o wygranej uczni\u00f3w naszej szko\u0142y w og\u00f3lnopolskim konkursie fotograficznym organizowanym przez Tatrza\u0144ski Park Narodowy w ramach kampanii \u201e\u015amieci?! Kto to widzia\u0142?!\u201d.Zadaniem konkursowym by\u0142o wykonanie zdj\u0119cia ukazuj\u0105cego proekologiczne zachowania uczni\u00f3w, kt\u00f3re prowadz\u0105 do zmniejszenia ilo\u015bci wytwarzanych odpad\u00f3w.Zdj\u0119cia nades\u0142ane przez Adama Gajdka (klasa 5b) oraz Zofi\u0119 Szelast (klasa&#8230;<\/p>\n","protected":false},"author":2,"featured_media":20991,"parent":0,"menu_order":0,"comment_status":"closed","ping_status":"closed","template":"","meta":{"ngg_post_thumbnail":0,"footnotes":""},"class_list":["post-21258","page","type-page","status-publish","has-post-thumbnail","hentry"],"_links":{"self":[{"href":"https:\/\/spboguchwala.pl\/index.php?rest_route=\/wp\/v2\/pages\/21258","targetHints":{"allow":["GET"]}}],"collection":[{"href":"https:\/\/spboguchwala.pl\/index.php?rest_route=\/wp\/v2\/pages"}],"about":[{"href":"https:\/\/spboguchwala.pl\/index.php?rest_route=\/wp\/v2\/types\/page"}],"author":[{"embeddable":true,"href":"https:\/\/spboguchwala.pl\/index.php?rest_route=\/wp\/v2\/users\/2"}],"replies":[{"embeddable":true,"href":"https:\/\/spboguchwala.pl\/index.php?rest_route=%2Fwp%2Fv2%2Fcomments&post=21258"}],"version-history":[{"count":7,"href":"https:\/\/spboguchwala.pl\/index.php?rest_route=\/wp\/v2\/pages\/21258\/revisions"}],"predecessor-version":[{"id":22064,"href":"https:\/\/spboguchwala.pl\/index.php?rest_route=\/wp\/v2\/pages\/21258\/revisions\/22064"}],"wp:featuredmedia":[{"embeddable":true,"href":"https:\/\/spboguchwala.pl\/index.php?rest_route=\/wp\/v2\/media\/20991"}],"wp:attachment":[{"href":"https:\/\/spboguchwala.pl\/index.php?rest_route=%2Fwp%2Fv2%2Fmedia&parent=21258"}],"curies":[{"name":"wp","href":"https:\/\/api.w.org\/{rel}","templated":true}]}}