{"id":21262,"date":"2022-05-10T20:36:31","date_gmt":"2022-05-10T20:36:31","guid":{"rendered":"http:\/\/spboguchwala.pl\/?page_id=21262"},"modified":"2022-05-10T20:36:32","modified_gmt":"2022-05-10T20:36:32","slug":"2020-2021-2","status":"publish","type":"page","link":"https:\/\/spboguchwala.pl\/?page_id=21262","title":{"rendered":"2020\/2021"},"content":{"rendered":"\n<p class=\"has-medium-font-size\"><strong><span style=\"color:#f8060a\" class=\"has-inline-color\">PODSUMOWANIE OLIMPIADY OLIMPUS \u2013 SESJA JESIENNA<\/span><\/strong><\/p>\n\n\n\n<p>W sesji jesiennej Olimpiady Olimpus wzi\u0119\u0142o udzia\u0142 25 uczni\u00f3w naszej szko\u0142y z klas 4-7. Tytu\u0142 laureata wywalczyli: Mi\u0142osz Pasierb z klasy 5a z j. angielskiego za 9 miejsce i z matematyki za 11 miejsce oraz Maksymilian Kuter z klasy 4b za 12 miejsce z matematyki. Pozostali uczniowie zostan\u0105 uhonorowani dyplomami uznania za udzia\u0142 w Olimpiadzie. Wszystkim serdecznie gratulujemy!!!<\/p>\n\n\n\n<p class=\"has-medium-font-size\"><strong><span style=\"color:#f8060a\" class=\"has-inline-color\">PODSUMOWANIE GMINNEGO KONKURSU ARTYSTYCZNEGO \u201eZ\u0141\u00d3\u017b \u017bYCZENIA \u015aWI\u0118TEMU MIKO\u0141AJOWI\u2026\u201d<\/span><\/strong><\/p>\n\n\n\n<p>Nasi uczniowie nagrodzeni i wyr\u00f3\u017cnieni w Gminnym Konkursie Artystycznym pn. \u201eZ\u0142\u00f3\u017c \u017cyczenia \u015awi\u0119temu Miko\u0142ajowi\u2026\u201d!!<br>Nagrodzeni: Szymon Balawender, Julia Cyrek, Karol Fita\u0142 i Weronika Tarsa\u0142a<br>Wyr\u00f3\u017cnieni: Bartosz Borowiec, Zofia Majer, Iwo Oppenauer, Julia Stawarz, Robert Tarsa\u0142a i Szymon Ty\u015bnicki.<\/p>\n\n\n\n<div class=\"wp-block-image\"><figure class=\"aligncenter size-large is-resized\"><img loading=\"lazy\" decoding=\"async\" src=\"https:\/\/spboguchwala.pl\/wp-content\/uploads\/2020\/12\/biblioteka-1024x640.jpg\" alt=\"\" class=\"wp-image-14319\" width=\"440\" height=\"275\" srcset=\"https:\/\/spboguchwala.pl\/wp-content\/uploads\/2020\/12\/biblioteka-1024x640.jpg 1024w, https:\/\/spboguchwala.pl\/wp-content\/uploads\/2020\/12\/biblioteka-300x188.jpg 300w, https:\/\/spboguchwala.pl\/wp-content\/uploads\/2020\/12\/biblioteka-768x480.jpg 768w, https:\/\/spboguchwala.pl\/wp-content\/uploads\/2020\/12\/biblioteka-1536x960.jpg 1536w, https:\/\/spboguchwala.pl\/wp-content\/uploads\/2020\/12\/biblioteka-2048x1280.jpg 2048w\" sizes=\"auto, (max-width: 440px) 100vw, 440px\" \/><\/figure><\/div>\n\n\n\n<p><\/p>\n\n\n\n<p class=\"has-medium-font-size\"><strong><span style=\"color:#f8060a\" class=\"has-inline-color\">OLIMPIADA MATEMATYCZNA JUNIOR\u00d3W &#8211; ETAP II<\/span><\/strong><\/p>\n\n\n\n<p>Mi\u0142o nam poinformowa\u0107, \u017ce uczennica naszej szko\u0142y, Julia Bielenda zakwalifikowa\u0142a si\u0119 do II etapu Olimpiady Matematycznej Junior\u00f3w.<br>\u017byczymy sukces\u00f3w w nast\u0119pnych etapach konkursu.<\/p>\n\n\n\n<p class=\"has-medium-font-size\"><strong><span style=\"color:#f8060a\" class=\"has-inline-color\">WYR\u00d3\u017bNIENIE W KONKURSIE &#8222;OSOBISTO\u015aCI POGRANICZA&#8221; DLA JULII OLEJASZ Z KL. VIIIB<\/span><\/strong><\/p>\n\n\n\n<p>23 grudnia 2020 r. zosta\u0142 rozstrzygni\u0119ty konkurs \u201dOsobisto\u015bci pogranicza\u201d zrealizowany w ramach Programu Wsp\u00f3\u0142pracy Transgranicznej Polska-Bia\u0142oru\u015b\u2013Ukraina, kt\u00f3ry adresowany by\u0142 do dzieci i m\u0142odzie\u017cy mieszkaj\u0105cej na obszarze Programu PBU. Zadaniem uczestnik\u00f3w by\u0142o napisanie samodzielnego tekstu literackiego o nieprzeci\u0119tnej postaci z obszaru obj\u0119tego Programem, kt\u00f3ra po\u0142\u0105czy\u0142a narody, wnios\u0142a wk\u0142ad w histori\u0119 i kultur\u0119 b\u0105d\u017a mia\u0142a znacz\u0105cy wp\u0142yw poprzez swoje \u017cycie lub dzia\u0142alno\u015b\u0107.<\/p>\n\n\n\n<p>W konkursie wyr\u00f3\u017cnienie otrzyma\u0142a uczennica naszej szko\u0142y \u2013 Julia Olejasz z kl. 8b, kt\u00f3ra napisa\u0142a wiersz o Janie III Sobieskim.<br>Julia, serdecznie gratulujemy i \u017cyczymy dalszych sukces\u00f3w.<\/p>\n\n\n\n<div class=\"wp-block-image\"><figure class=\"aligncenter size-large is-resized\"><img loading=\"lazy\" decoding=\"async\" src=\"https:\/\/spboguchwala.pl\/wp-content\/uploads\/2021\/02\/Julia-Olejasz-1024x683.jpg\" alt=\"\" class=\"wp-image-14724\" width=\"463\" height=\"308\" srcset=\"https:\/\/spboguchwala.pl\/wp-content\/uploads\/2021\/02\/Julia-Olejasz-1024x683.jpg 1024w, https:\/\/spboguchwala.pl\/wp-content\/uploads\/2021\/02\/Julia-Olejasz-300x200.jpg 300w, https:\/\/spboguchwala.pl\/wp-content\/uploads\/2021\/02\/Julia-Olejasz-768x512.jpg 768w, https:\/\/spboguchwala.pl\/wp-content\/uploads\/2021\/02\/Julia-Olejasz-1536x1024.jpg 1536w, https:\/\/spboguchwala.pl\/wp-content\/uploads\/2021\/02\/Julia-Olejasz-2048x1365.jpg 2048w\" sizes=\"auto, (max-width: 463px) 100vw, 463px\" \/><\/figure><\/div>\n\n\n\n<p><\/p>\n\n\n\n<p class=\"has-medium-font-size\"><strong><span style=\"color:#f8060a\" class=\"has-inline-color\">WYR\u00d3\u017bNIENIE W II POWIATOWYM KONKURSIE KOL\u0118D, PASTORA\u0141EK I PIOSENEK \u015aWI\u0104TECZNYCH DLA EMILII MAZUR Z KL. IIIB<\/span><\/strong><\/p>\n\n\n\n<p>Emilia Mazur z klasy 3b otrzyma\u0142a wyr\u00f3\u017cnienie w II POWIATOWYM KONKURSIE KOL\u0118D, PASTORA\u0141EK I PIOSENEK \u015aWI\u0104TECZNYCH. Konkurs by\u0142 organizowany przez Miejsko Gminny O\u015brodek Kultury Sportu i Rekreacji w Soko\u0142owie Ma\u0142opolskim. Uczennica nagra\u0142a film, na kt\u00f3rym na \u017cywo zaprezentowa\u0142a pastora\u0142k\u0119 \u201eGore gwiazda Jezusowi\u201d z w\u0142asnym akompaniamentem na dzwonkach.<br>Emilko, serdecznie gratulujemy i \u017cyczymy dalszych sukces\u00f3w.<\/p>\n\n\n\nngg_shortcode_0_placeholder\n\n\n\n<p class=\"has-medium-font-size\"><span style=\"color:#f8060a\" class=\"has-inline-color\"><strong>\u201eNOWY ROK Z PROGRAMOWANIEM ONLINE&#8221;<\/strong> <strong>&#8211; KONKURS KANCELARII PREZESA RADY MINISTR\u00d3W I PA\u0143STWOWEGO INSTYTUTU BADAWCZEGO NASK<\/strong><\/span><\/p>\n\n\n\n<p>Klasa IVa wzi\u0119\u0142a udzia\u0142 w konkursie organizowanym przez Kancelari\u0119 Prezesa Rady Ministr\u00f3w i Pa\u0144stwowy Instytut Badawczy NASK. Jego celem jest promocja nauki programowania w szko\u0142ach. Zadaniem by\u0142o stworzenie kreatywnej odpowiedzi na pytanie dlaczego to w\u0142a\u015bnie w naszej szkole powinny by\u0107 przeprowadzone warsztaty z programowania.<br>Dzi\u0119kujemy za wszystkie przes\u0142ane pomys\u0142y i z niecierpliwo\u015bci\u0105 czekamy na wyniki konkursu.<\/p>\n\n\n\n<div class=\"wp-block-image\"><figure class=\"aligncenter size-large is-resized\"><img loading=\"lazy\" decoding=\"async\" src=\"https:\/\/spboguchwala.pl\/wp-content\/uploads\/2021\/02\/Projekt-klasa-4.jpg\" alt=\"\" class=\"wp-image-14691\" width=\"469\" height=\"375\" srcset=\"https:\/\/spboguchwala.pl\/wp-content\/uploads\/2021\/02\/Projekt-klasa-4.jpg 750w, https:\/\/spboguchwala.pl\/wp-content\/uploads\/2021\/02\/Projekt-klasa-4-300x240.jpg 300w\" sizes=\"auto, (max-width: 469px) 100vw, 469px\" \/><\/figure><\/div>\n\n\n\n<p><\/p>\n\n\n\n<p class=\"has-medium-font-size\"><strong><span style=\"color:#f8060a\" class=\"has-inline-color\">EUROPEJSKI KONKURS STATYSTYCZNY<\/span><\/strong><\/p>\n\n\n\n<p>Mi\u0142o nam poinformowa\u0107, \u017ce 4 dru\u017cyny z naszej szko\u0142y (dwie z klasy VII i 2 z klasy VIII) przesz\u0142y do etapu krajowego w Europejskim Konkursie Statystycznym. Na 30 dru\u017cyn z ca\u0142ej Polski, 4 s\u0105 z naszej szko\u0142y! Przed nami decyduj\u0105cy II etap \u2013 fina\u0142 og\u00f3lnopolski. Trzymamy kciuki i \u017cyczymy powodzenia!!!!<\/p>\n\n\n\n<p class=\"has-medium-font-size\"><strong><span style=\"color:#f8060a\" class=\"has-inline-color\">NASI UCZNIOWIE LAUREATAMI KONKURSU WIEDZY O KRAJACH NIEMIECKOJ\u0118ZYCZNYCH DACHL SMART<\/span><\/strong><\/p>\n\n\n\n<p>Z&nbsp; rado\u015bci\u0105 i satysfakcj\u0105 informujemy, \u017ce uczniowie naszej szko\u0142y zostali nagrodzeni w konkursie wiedzy o krajach niemieckoj\u0119zycznych online pt. DACHL SMART zorganizowanym przez Zesp\u00f3\u0142 Szk\u00f3\u0142 Techniczno- Weterynaryjnych w Trzcianie dnia 30.03.2021 r. Wysokie II miejsce przypad\u0142o&nbsp;<strong>Julii Bielendzie<\/strong><strong>, &nbsp;<\/strong>a wyr\u00f3\u017cniony zosta\u0142&nbsp;<strong>Rados\u0142aw Kami\u0144ski<\/strong>.<\/p>\n\n\n\n<p>Uczniowie mieli mo\u017cliwo\u015b\u0107 sprawdzenia swojej wiedzy z zakresu geografii, historii i kultury Niemiec, Austrii, Szwajcarii i Liechtensteinu.&nbsp;<\/p>\n\n\n\n<p>Warto doda\u0107, \u017ce w konkursie wzi\u0119\u0142o udzia\u0142 64 uczni\u00f3w ze szk\u00f3\u0142 podstawowych powiatu rzeszowskiego.<\/p>\n\n\n\n<div class=\"wp-block-image\"><figure class=\"aligncenter size-large is-resized\"><img loading=\"lazy\" decoding=\"async\" src=\"https:\/\/spboguchwala.pl\/wp-content\/uploads\/2021\/04\/niemiecki.jpg\" alt=\"\" class=\"wp-image-15428\" width=\"385\" height=\"316\" srcset=\"https:\/\/spboguchwala.pl\/wp-content\/uploads\/2021\/04\/niemiecki.jpg 718w, https:\/\/spboguchwala.pl\/wp-content\/uploads\/2021\/04\/niemiecki-300x247.jpg 300w\" sizes=\"auto, (max-width: 385px) 100vw, 385px\" \/><\/figure><\/div>\n\n\n\n<p><\/p>\n\n\n\n<p class=\"has-medium-font-size\"><strong><span style=\"color:#f8060a\" class=\"has-inline-color\">EUROPEJSKI KONKURS STATYSTYCZNY &#8211; WYNIKI ETAPU KRAJOWEGO<\/span><\/strong><\/p>\n\n\n\n<p>Tylko 5 najlepszych dru\u017cyn z kraju zakwalifikowa\u0142o si\u0119 do etapu europejskiego.<br>Nasze dru\u017cyny uplasowa\u0142y si\u0119 na nast\u0119puj\u0105cych pozycjach: Megamath kl. 8b (Julia Bielenda) \u2013 9 miejsce, Maczki kl. 8b (Magdalena Byjo\u015b, Julia Olejasz, Milena Szudrowicz) \u2013 15 miejsce, Bobry kl. 7b (Szymon Cios, Olaf Drozd, Piotr Dziekan) \u2013 21 miejsce.<br>Naszym uczniom sk\u0142adamy ogromne gratulacje za w\u0142o\u017con\u0105 prac\u0119 i uzyskane wyniki!!!<\/p>\n\n\n\n<p class=\"has-medium-font-size\"><strong><span style=\"color:#f8060a\" class=\"has-inline-color\">WYR\u00d3\u017bNIENIE W OG\u00d3LNOPOLSKIM KONKURSIE Z J\u0118ZYKA NIEMIECKIEGO DLA JULII BIELENDY<\/span><\/strong><\/p>\n\n\n\n<p>Dzielimy si\u0119 fantastyczn\u0105 informacj\u0105, kt\u00f3ra dotar\u0142a do nas z GOETHE INSTITUT w Krakowie: nasza uczennica z klasy 8b JULIA BIELENDA zosta\u0142a wyr\u00f3\u017cniona w Og\u00f3lnopolskim Konkursie LESELUST, polegaj\u0105cym na przeczytaniu wybranej ksi\u0105\u017cki i zrecenzowaniu jej w j\u0119zyku niemieckim. Julia zmierzy\u0142a si\u0119 z niemieckoj\u0119zyczn\u0105 lekturk\u0105 \u201eDer blinde Passagier\u201d, a jej praca znalaz\u0142a si\u0119 w\u015br\u00f3d najlepszych recenzji nades\u0142anych ze szk\u00f3\u0142 podstawowych.<br>W nagrod\u0119 Julia otrzyma\u0142a bon podarunkowy do wykorzystania podczas dowolnych zakup\u00f3w w sklepie internetowym oraz \u2026 \u201esz\u00f3stk\u0119\u201d z niemieckiego.<\/p>\n\n\n\n<p>WIR GRATULIEREN HERZLICH!<\/p>\n\n\n\n<div class=\"wp-block-image\"><figure class=\"aligncenter size-large is-resized\"><img loading=\"lazy\" decoding=\"async\" src=\"https:\/\/spboguchwala.pl\/wp-content\/uploads\/2021\/04\/MicrosoftTeams-image-1024x915.jpg\" alt=\"\" class=\"wp-image-15597\" width=\"364\" height=\"325\" srcset=\"https:\/\/spboguchwala.pl\/wp-content\/uploads\/2021\/04\/MicrosoftTeams-image-1024x915.jpg 1024w, https:\/\/spboguchwala.pl\/wp-content\/uploads\/2021\/04\/MicrosoftTeams-image-300x268.jpg 300w, https:\/\/spboguchwala.pl\/wp-content\/uploads\/2021\/04\/MicrosoftTeams-image-768x686.jpg 768w, https:\/\/spboguchwala.pl\/wp-content\/uploads\/2021\/04\/MicrosoftTeams-image-1536x1372.jpg 1536w, https:\/\/spboguchwala.pl\/wp-content\/uploads\/2021\/04\/MicrosoftTeams-image.jpg 1880w\" sizes=\"auto, (max-width: 364px) 100vw, 364px\" \/><\/figure><\/div>\n\n\n\n<p><\/p>\n\n\n\n<p class=\"has-medium-font-size\"><strong><span style=\"color:#f8060a\" class=\"has-inline-color\">WYNIKI KONKURSU &#8222;NA IMI\u0118 MI BY\u0141O KRZYSZTOF\u201d<\/span><\/strong><\/p>\n\n\n\n<p>Wyniki XVII Wojew\u00f3dzkiego Konkursu Recytatorskiego i Poezji \u015apiewanej im. Krzysztofa Kamila Baczy\u0144skiego pod has\u0142em \u201eNa imi\u0119 mi by\u0142o Krzysztof\u201d organizowanego przez Zesp\u00f3\u0142 Szk\u00f3\u0142 Sportowych w Rzeszowie<\/p>\n\n\n\n<p>Z wielk\u0105 rado\u015bci\u0105 informujemy, \u017ce w kategorii Recytacja, nasza uczennica, Oliwia Wolan z kl. VIII b zdoby\u0142a I miejsce.<\/p>\n\n\n\n<p>Zapraszamy do pos\u0142uchania zwyci\u0119skiego utworu K. K. Baczy\u0144skiego w wykonaniu Oliwii:&nbsp;<a rel=\"noreferrer noopener\" href=\"https:\/\/www.facebook.com\/SPBoguchwala\/videos\/778260336386022\" target=\"_blank\">https:\/\/www.facebook.com\/SPBoguchwala\/videos\/778260336386022<\/a><\/p>\n\n\n\n<p>Serdecznie gratulujemy i \u017cyczymy dalszych sukces\u00f3w!<\/p>\n\n\n\n<div class=\"wp-block-image\"><figure class=\"aligncenter size-large is-resized\"><img loading=\"lazy\" decoding=\"async\" src=\"https:\/\/spboguchwala.pl\/wp-content\/uploads\/2021\/05\/Wyniki-Baczynski-2021-1-\u2014-kopia-1024x589.jpg\" alt=\"\" class=\"wp-image-15826\" width=\"540\" height=\"310\" srcset=\"https:\/\/spboguchwala.pl\/wp-content\/uploads\/2021\/05\/Wyniki-Baczynski-2021-1-\u2014-kopia-1024x589.jpg 1024w, https:\/\/spboguchwala.pl\/wp-content\/uploads\/2021\/05\/Wyniki-Baczynski-2021-1-\u2014-kopia-300x172.jpg 300w, https:\/\/spboguchwala.pl\/wp-content\/uploads\/2021\/05\/Wyniki-Baczynski-2021-1-\u2014-kopia-768x441.jpg 768w, https:\/\/spboguchwala.pl\/wp-content\/uploads\/2021\/05\/Wyniki-Baczynski-2021-1-\u2014-kopia-1536x883.jpg 1536w, https:\/\/spboguchwala.pl\/wp-content\/uploads\/2021\/05\/Wyniki-Baczynski-2021-1-\u2014-kopia.jpg 1644w\" sizes=\"auto, (max-width: 540px) 100vw, 540px\" \/><\/figure><\/div>\n\n\n\n<p><\/p>\n\n\n\n<p class=\"has-medium-font-size\"><strong><span style=\"color:#f8060a\" class=\"has-inline-color\">OG\u00d3LNOPOLSKI KONKURS J\u0118ZYKA ANGIELSKIEGO FORGET-ME-NOT<\/span><\/strong><\/p>\n\n\n\n<p>Mi\u0142o nam og\u0142osi\u0107, \u017ce nasi uczniowie, godnie reprezentuj\u0105c szko\u0142\u0119, uzyskali wysokie wyniki&nbsp;w Og\u00f3lnopolskim Konkursie J\u0119zyka Angielskiego&nbsp;<strong><em>Forget-me-not&nbsp;<\/em><\/strong>(organizator Centrum Edukacji&nbsp;<em>Filotimo<\/em>, Lublin). Konkurs odby\u0142 si\u0119 22 kwietnia 2021, a do rywalizacji przyst\u0105pi\u0142o 19 uczni\u00f3w z klas VI-VIII. Musieli wykaza\u0107 si\u0119 znajomo\u015bci\u0105 s\u0142ownictwa, wyra\u017ce\u0144, struktur gramatycznych zawartych w podanych wcze\u015bniej materia\u0142ach literackich, tekstach piosenek, jak i sentencji i przys\u0142\u00f3w. Sporo pracy, a otrzymane wyniki ciesz\u0105.&nbsp;<\/p>\n\n\n\n<p><strong>Najlepszy \u2013 95% nale\u017cy do Oliwii Wolan z kl. 8b<\/strong><br>Kolejne dyplomy z wyr\u00f3\u017cnieniem trafi\u0142y do:<br><strong>Aleksandry Pytlas kl. 7b &nbsp; &nbsp; &nbsp; &nbsp;&nbsp;<\/strong>92%<br><strong>Igora \u017bar\u00f3w kl. 7b&nbsp;&nbsp;<\/strong>&nbsp;&nbsp;&nbsp;&nbsp;&nbsp;&nbsp;&nbsp;&nbsp;&nbsp;&nbsp;&nbsp;&nbsp;&nbsp;&nbsp;&nbsp;&nbsp;&nbsp;&nbsp;91%<br>Zofii Klimczak kl. 6b&nbsp; &nbsp; &nbsp; &nbsp; &nbsp; &nbsp; &nbsp; &nbsp; &nbsp; 89%<br>Aleksandry Salamak kl. 8b &nbsp; &nbsp; 87%<br>Magdaleny Byjo\u015b&nbsp; kl. 8b &nbsp; &nbsp; &nbsp; &nbsp;  86%&nbsp;<br>Filipa Panka kl. 6b &nbsp; &nbsp; &nbsp; &nbsp; &nbsp; &nbsp; &nbsp; &nbsp; &nbsp; &nbsp;86%<\/p>\n\n\n\n<p>Dyplomy uznania za wysokie wyniki otrzymali: Maciej Chutkowski kl. 6a, Andrzej Murdza kl. 6b, Katarzyna G\u0142\u00f3d kl. 6b, Nadia Kaczmarska kl. 7b, Karolina Nazimek kl. 7b, Anna Drozd kl. 8b oraz Micha\u0142 Rzepka kl. 8b.&nbsp;Pozostali uczniowie otrzymali dyplom uczestnika. Wszystkim&nbsp; gratulujemy i dzi\u0119kujemy za to, \u017ce WAM si\u0119 CHCE, bo id\u0105c za s\u0142owami sentencji widniej\u0105cej na dyplomach: <em>Learning is a treasure that will follow its owner everywhere,<\/em>&nbsp;Chinese proverb<\/p>\n\n\n\nngg_shortcode_1_placeholder\n\n\n\n<p class=\"has-medium-font-size\"><strong><span style=\"color:#f8060a\" class=\"has-inline-color\">I MI\u0118DZYSZKOLNY KONKURS TRANSLATORYCZNY MACZEK TRANSLATION CONTEST<\/span><\/strong><\/p>\n\n\n\n<p>2 czerwca 2021 r. odby\u0142a si\u0119 I edycja Mi\u0119dzyszkolnego Konkursu Translatorycznego Maczek Translation Contest. Nasza szko\u0142a go\u015bci\u0142a uczni\u00f3w ze szk\u00f3\u0142 podstawowych z terenu gminy Boguchwa\u0142a.<br>Konkurs otworzy\u0142 dyrektor SP w Boguchwale Bart\u0142omiej Wisz.<br>Uczniowie mogli sprawdzi\u0107 swoje umiej\u0119tno\u015bci przek\u0142adu z j\u0119zyka polskiego na angielski, jak i z j\u0119zyka angielskiego na polski. 3-osobowe dru\u017cyny wsp\u00f3lnie pracowa\u0142y nad 4 zadaniami wymagaj\u0105cymi od nich: znajomo\u015bci s\u0142ownictwa i wyra\u017ce\u0144 z obszaru tematycznego: turystyka i podr\u00f3\u017cowanie; struktur gramatycznych i j\u0119zykowych jak i dobrania ich do w\u0142a\u015bciwego kontekstu.<br>Ocenie podlega\u0142y: trafno\u015b\u0107 i rzetelno\u015b\u0107 przek\u0142adu; poprawno\u015b\u0107 pod k\u0105tem gramatyki i ortografii; sp\u00f3jno\u015b\u0107 i logika tekstu pisanego; selekcja informacji.<br>Wyniki konkursu wskazuj\u0105 na wysoki i wyr\u00f3wnany poziom. O r\u00f3\u017cnicach decydowa\u0142y bardziej niewielkie b\u0142\u0119dy gramatyczne i ortograficzne ni\u017c znajomo\u015b\u0107 s\u0142ownictwa i wyra\u017ce\u0144.<\/p>\n\n\n\n<p>Zwyci\u0119zcami s\u0105 wszyscy, a miejsca na podium i nagrody przypad\u0142y dru\u017cynom z SP Boguchwa\u0142a, SP 1 Niechobrz i SP Rac\u0142aw\u00f3wka. Uczestnicy otrzymali dyplomy i drobne upominki. Gratulujemy i \u017cyczymy dalszych sukces\u00f3w.<br>Dzi\u0119kujemy r\u00f3wnie\u017c opiekunom uczni\u00f3w.<br>Dzi\u0119kujemy za wsp\u00f3\u0142prac\u0119 dr Bo\u017cenie Dudzie, Katedra Anglistyki UR; dr Karolinie Puchale-Ladzi\u0144skiej, Natalii Wal i Markowi Kwoka za prac\u0119 w Komisji Konkursowej.<\/p>\n\n\n\n<p>Organizatorzy konkursu: Magdalena Kami\u0144ska-St\u0105cel i Agata R\u0105pa\u0142a<\/p>\n\n\n\nngg_shortcode_2_placeholder\n\n\n\n<p class=\"has-medium-font-size\"><strong><span style=\"color:#f8060a\" class=\"has-inline-color\">\u201dTU, GDZIE SI\u0118 URODZI\u0141EM I MIESZKAM OD LAT\u201d &#8211; KONKURS GMINNY<\/span><\/strong><\/p>\n\n\n\n<p>Mi\u0142o nam si\u0119 pochwali\u0107, i\u017c nasza szko\u0142a jest organizatorem nowego konkursu na szczeblu gminnym pod has\u0142em&nbsp;<strong>\u201dTu, gdzie si\u0119 urodzi\u0142em i mieszkam od lat\u201d.<\/strong> G\u0142\u00f3wnym celem konkursu jest rozwijanie zainteresowa\u0144 dzieci i m\u0142odzie\u017cy przesz\u0142o\u015bci\u0105 swoich miejscowo\u015bci, ich tera\u017aniejszo\u015bci\u0105 oraz popularyzacja wiedzy o naszej ma\u0142ej Ojczy\u017anie \u2013 Gminie Boguchwa\u0142a. Wzi\u0119li w nim udzia\u0142 uczniowie ze szk\u00f3\u0142 podstawowych w Boguchwale, Niechobrzu, Mogielnicy, Nos\u00f3wce i Lutory\u017cu. Konkurs zosta\u0142 przeprowadzony w trzech kategoriach.<br><br>Pierwsza z nich przeznaczona dla uczni\u00f3w najm\u0142odszych z klas 1-3 mia\u0142a form\u0119 plastyczno \u2013 literack\u0105 i skupia\u0142a si\u0119 wok\u00f3\u0142 tematu&nbsp;<em><strong>\u201cPo\u202fGminie Boguchwa\u0142a z legend\u0105 i ciekaw\u0105 opowie\u015bci\u0105\u201d<\/strong>.<\/em>&nbsp;Dzieci przygotowa\u0142y komiksy o wskazanej tematyce, wykazuj\u0105c si\u0119 ogromn\u0105 pomys\u0142owo\u015bci\u0105 oraz znajomo\u015bci\u0105 wielu poda\u0144 i opowie\u015bci o swoich miejscowo\u015bciach. <br>Druga z kategorii&nbsp;<strong><em>\u201eMoja ma\u0142a Ojczyzna\u201d<\/em><\/strong>,kt\u00f3ra by\u0142a przeznaczona dla uczni\u00f3w klas 4-6 to konkurs o charakterze wiedzowym. Dnia 8 czerwca zg\u0142oszeni przez szko\u0142y uczestnicy przyst\u0105pili do wykonania testu w formie online. <br>Dla uczni\u00f3w najstarszych (klasy 7-8) przygotowany zosta\u0142 konkurs literacko \u2013 historyczny na temat&nbsp;<strong><em>\u201cMoja miejscowo\u015b\u0107 wczoraj i dzi\u015b\u201d<\/em><\/strong>.<\/p>\n\n\n\n<p>Dzi\u0119kujemy za wsp\u00f3\u0142prac\u0119 Panu Rafa\u0142owi Bia\u0142oruckiemu oraz Rezydencji Literackej \u2013 Gminnej Bibliotece Publicznej w Boguchwale. Wszystkim uczestnikom, m\u0142odym lokalnym mi\u0142o\u015bnikom swoich ma\u0142ych Ojczyzn, gratulujemy wspania\u0142ych wynik\u00f3w i zach\u0119camy do udzia\u0142u w konkursie w kolejnych latach.<\/p>\n\n\n\n<p><strong>I KATEGORIA \u2013&nbsp;<em>\u201cPo\u202fGminie Boguchwa\u0142a z legend\u0105 i ciekaw\u0105 opowie\u015bci\u0105\u201d<\/em><\/strong><br><strong>1 miejsce:<\/strong>Oskar Piecuch \u2013 SP nr 2 Niechobrz, Zofia Karnasiewicz \u2013 SP Boguchwa\u0142a<br><strong>2 miejsce:<\/strong>&nbsp;Emilia Urbanek \u2013 SP Boguchwa\u0142a, Emilia Rusza\u0142a \u2013 SP Boguchwa\u0142a<br><strong>3 miejsce:<\/strong>&nbsp;Filip Kulawiuk \u2013 SP Boguchwa\u0142a, Patryk Gu\u0142ojuch \u2013 SP Boguchwa\u0142a<br><strong>Wyr\u00f3\u017cnienia:&nbsp;<\/strong>Antoni Kurek \u2013 SP Boguchwa\u0142a, Filip Rozborski \u2013 SP Boguchwa\u0142a, Marlena R\u00f3g \u2013 SP Boguchwa\u0142a<\/p>\n\n\n\n<p><strong>II KATEGORIA \u2013&nbsp;<em>\u201eMoja ma\u0142a Ojczyzna\u201d<\/em><\/strong><br><strong>1 miejsce:&nbsp;<\/strong>Szymon Ry\u015b \u2013 SP Boguchwa\u0142a<br><strong>2 miejsce:<\/strong>&nbsp;Szczepan Hendzel \u2013 SP Boguchwa\u0142a, Zuzanna Siorek \u2013 SP nr 2 Niechobrz<br><strong>3 miejsce:<\/strong>&nbsp;Zofia Klimczak SP Boguchwa\u0142a, Jakub Leszczy\u0144ski \u2013 SP Nos\u00f3wka<br><strong>Wyr\u00f3\u017cnienia:<\/strong>&nbsp;Aldona Bystrzyk \u2013 SP Mogielnica, Szymon Konopka \u2013SP Mogielnica<\/p>\n\n\n\n<p><strong>III KATEGORIA-&nbsp;<em>\u201cMoja miejscowo\u015b\u0107 wczoraj i dzi\u015b\u201d<\/em><\/strong>|<br><strong>Wr\u00f3\u017cnienia:&nbsp;<\/strong>Julia Bielenda \u2013 SP Boguchwa\u0142a, Anna Furtek \u2013 SP Boguchwa\u0142a<\/p>\n\n\n\n<div class=\"wp-block-image\"><figure class=\"aligncenter size-large is-resized\"><img loading=\"lazy\" decoding=\"async\" src=\"https:\/\/spboguchwala.pl\/wp-content\/uploads\/2021\/06\/konkurs-Boguchwala-1024x477.jpg\" alt=\"\" class=\"wp-image-16476\" width=\"486\" height=\"225\" srcset=\"https:\/\/spboguchwala.pl\/wp-content\/uploads\/2021\/06\/konkurs-Boguchwala-1024x477.jpg 1024w, https:\/\/spboguchwala.pl\/wp-content\/uploads\/2021\/06\/konkurs-Boguchwala-300x140.jpg 300w, https:\/\/spboguchwala.pl\/wp-content\/uploads\/2021\/06\/konkurs-Boguchwala.jpg 1350w\" sizes=\"auto, (max-width: 486px) 100vw, 486px\" \/><\/figure><\/div>\n","protected":false},"excerpt":{"rendered":"<p>PODSUMOWANIE OLIMPIADY OLIMPUS \u2013 SESJA JESIENNA W sesji jesiennej Olimpiady Olimpus wzi\u0119\u0142o udzia\u0142 25 uczni\u00f3w naszej szko\u0142y z klas 4-7. Tytu\u0142 laureata wywalczyli: Mi\u0142osz Pasierb z klasy 5a z j. angielskiego za 9 miejsce i z matematyki za 11 miejsce oraz Maksymilian Kuter z klasy 4b za 12 miejsce z matematyki. Pozostali uczniowie zostan\u0105 uhonorowani&#8230;<\/p>\n","protected":false},"author":2,"featured_media":20991,"parent":0,"menu_order":0,"comment_status":"closed","ping_status":"closed","template":"","meta":{"ngg_post_thumbnail":0,"footnotes":""},"class_list":["post-21262","page","type-page","status-publish","has-post-thumbnail","hentry"],"_links":{"self":[{"href":"https:\/\/spboguchwala.pl\/index.php?rest_route=\/wp\/v2\/pages\/21262","targetHints":{"allow":["GET"]}}],"collection":[{"href":"https:\/\/spboguchwala.pl\/index.php?rest_route=\/wp\/v2\/pages"}],"about":[{"href":"https:\/\/spboguchwala.pl\/index.php?rest_route=\/wp\/v2\/types\/page"}],"author":[{"embeddable":true,"href":"https:\/\/spboguchwala.pl\/index.php?rest_route=\/wp\/v2\/users\/2"}],"replies":[{"embeddable":true,"href":"https:\/\/spboguchwala.pl\/index.php?rest_route=%2Fwp%2Fv2%2Fcomments&post=21262"}],"version-history":[{"count":1,"href":"https:\/\/spboguchwala.pl\/index.php?rest_route=\/wp\/v2\/pages\/21262\/revisions"}],"predecessor-version":[{"id":21263,"href":"https:\/\/spboguchwala.pl\/index.php?rest_route=\/wp\/v2\/pages\/21262\/revisions\/21263"}],"wp:featuredmedia":[{"embeddable":true,"href":"https:\/\/spboguchwala.pl\/index.php?rest_route=\/wp\/v2\/media\/20991"}],"wp:attachment":[{"href":"https:\/\/spboguchwala.pl\/index.php?rest_route=%2Fwp%2Fv2%2Fmedia&parent=21262"}],"curies":[{"name":"wp","href":"https:\/\/api.w.org\/{rel}","templated":true}]}}