{"id":21265,"date":"2022-05-10T20:41:17","date_gmt":"2022-05-10T20:41:17","guid":{"rendered":"http:\/\/spboguchwala.pl\/?page_id=21265"},"modified":"2022-05-10T20:41:18","modified_gmt":"2022-05-10T20:41:18","slug":"2019-2020-2","status":"publish","type":"page","link":"https:\/\/spboguchwala.pl\/?page_id=21265","title":{"rendered":"2019\/2020"},"content":{"rendered":"\n<p class=\"has-medium-font-size\"><strong><span style=\"color:#f4080c\" class=\"has-inline-color\">SUKCESY PLASTYCZNE NASZYCH UCZNI\u00d3W<\/span><\/strong><\/p>\n\n\n\n<p>Mi\u0142o nam poinformowa\u0107, \u017ce uczennice: Emilia Mazur z kl II b oraz Maja Zdun z kl V b \u2013&nbsp; otrzyma\u0142y wyr\u00f3\u017cnienie w og\u00f3lnopolskim konkursie plastyczno-literackim \u201eJa za 20 lat\u201d.<br>Uczniowie: Amelia Michalik z kl V b oraz Rados\u0142aw Kami\u0144ski z kl VII b \u2013 znale\u017ali si\u0119 w\u015br\u00f3d finalist\u00f3w etapu gminnego konkursu plastycznego \u201eStanis\u0142aw Moniuszko \u2013 tw\u00f3rca polskiej opery narodowej\u201d natomiast uczennice Katarzyna G\u0142\u00f3d kl V b, Zofia G\u00f3rka kl VI a oraz Izabela Guga\u0142a kl VIII b otrzyma\u0142y w tym konkursie wyr\u00f3\u017cnienie. Dodatkowym wyr\u00f3\u017cnieniem jest fakt, \u017ce niekt\u00f3re prace plastyczne zosta\u0142y zaprezentowane na wystawie w Bibliotece Muzycznej w Rzeszowie.<br>Koordynatorem konkurs\u00f3w na terenie gminy Boguchwa\u0142a by\u0142a Gminna Biblioteka Publiczna w Boguchwale.<br>Serdecznie gratulujemy i \u017cyczymy dalszych artystycznych sukces\u00f3w oraz zach\u0119camy do udzia\u0142u w kolejnych konkursach plastycznych.<\/p>\n\n\n\nngg_shortcode_0_placeholder\n\n\n\n<p class=\"has-medium-font-size\"><strong><span style=\"color:#f4080c\" class=\"has-inline-color\">\u201eLAURKA NA 10 URODZINY\u201d \u2013 TRIUMFUJEMY W\u015aR\u00d3D LAUREAT\u00d3W KONKURSU PLASTYCZNEGO<\/span><\/strong><\/p>\n\n\n\n<p>Z wielk\u0105 rado\u015bci\u0105 informujemy, \u017ce trzy uczennice naszej szko\u0142y znalaz\u0142y si\u0119 w\u015br\u00f3d finalist\u00f3w konkursu plastycznego Muzeum Dobranocek w Rzeszowie.<br>Tematem konkursu by\u0142y laurki urodzinowe z okazji jubileuszu Muzeum Dobranocek. Prace nale\u017ca\u0142o wykona\u0107 w powi\u0119kszonym formacie A3, stylistyk\u0105 i tematyk\u0105 mia\u0142y nawi\u0105zywa\u0107 do dobranocek z dawnych lat. Konkurs na szkolnym etapie cieszy\u0142 si\u0119 du\u017cym powodzeniem w\u015br\u00f3d uczni\u00f3w zw\u0142aszcza m\u0142odszych klas.<\/p>\n\n\n\n<p>Przedstawiamy laureatki:<br>\u2013 Oliwia Debrzak \u2013 kl 3b \u2013 miejsce II w kategorii klas I \u2013 III<br><strong>\u2013 Julia Olejasz \u2013 kl 7b \u2013 miejsce I w kategorii klas IV \u2013 VIII<\/strong><br>\u2013 Katarzyna G\u0142\u00f3d \u2013 kl 5b \u2013 miejsce III w kategorii klas IV \u2013 VIII<br><br>Poni\u017cej prezentujemy nasze laureatki.<br>Opiekunami merytorycznymi nagrodzonych prac by\u0142y panie: Katarzyna Guzy i Anna Chru\u015bciel.<br>Laureatkom serdecznie gratulujemy i \u017cyczymy kolejnych artystycznych sukces\u00f3w.<\/p>\n\n\n\nngg_shortcode_1_placeholder\n\n\n\n<p class=\"has-medium-font-size\"><strong><span style=\"color:#f4080c\" class=\"has-inline-color\">OG\u00d3LNOPOLSKA OLIMPIADA PROMOCJI ZDROWEGO STYLU \u017bYCIA PCK<\/span><\/strong><\/p>\n\n\n\n<p>Dnia 13 grudnia 2019r. w Rzeszowie, odby\u0142a si\u0119 XXVIII edycja Og\u00f3lnopolskiej Olimpiady Promocji Zdrowego Stylu \u017bycia PCK \u2013 etap rejonowy. Nasz\u0105 szko\u0142\u0119 reprezentowa\u0142a uczennica klasy VIa Karolina Nazimek, kt\u00f3ra zaj\u0119\u0142a IV miejsce. Serdecznie gratulujemy Karolinie.<\/p>\n\n\n\nngg_shortcode_2_placeholder\n\n\n\n<p class=\"has-medium-font-size\"><strong><span style=\"color:#f4080c\" class=\"has-inline-color\">OG\u00d3LNOPOLSKI KONKURS PRZEDMIOTOWY LEON &#8211; MAMY LAUREAT\u00d3W!!<\/span><\/strong><\/p>\n\n\n\n<p>Nasi uczniowie wzi\u0119li udzia\u0142 w Og\u00f3lnopolskim Konkursie Przedmiotowym LEON z matematyki, j\u0119zyka angielskiego oraz zintegrowanych sprawno\u015bci. W konkursie wzi\u0119\u0142o udzia\u0142 w sumie 58 uczni\u00f3w naszej szko\u0142y; sze\u015bcioro sprawdza\u0142o swoje umiej\u0119tno\u015bci z zintegrowanych sprawno\u015bci, czterdzie\u015bci dwoje z matematyki i dziesi\u0119cioro z j\u0119zyka angielskiego.<\/p>\n\n\n\n<p>Jest nam niezmiernie mi\u0142o powiadomi\u0107, i\u017c nasi uczniowie w spos\u00f3b szczeg\u00f3lny udowodnili, \u017ce ich umiej\u0119tno\u015bci matematyczne s\u0105 na najwy\u017cszym poziomie. W konkursie matematycznym mamy a\u017c 14 uczni\u00f3w w pierwszej dziesi\u0105tce krajowej.<\/p>\n\n\n\n<p>Oto Oni:<br>II MIEJSCE ex aequo w kraju w\u015br\u00f3d klas III zaj\u0105\u0142&nbsp;<strong>Maksymilian Kuter<\/strong>&nbsp;(98%) z kl. III B<br>III MIEJSCE ex aequo w kraju w\u015br\u00f3d klas VI zaj\u0105\u0142&nbsp;<strong>Igor \u017bar\u00f3w<\/strong>&nbsp;(94%) z kl. VI B<br>V MIEJSCE ex aequo w kraju w\u015br\u00f3d klas V zaj\u0119\u0142a&nbsp;<strong>Zofia Klimczak<\/strong>&nbsp;(90%) z kl. V B<br>VII MIEJSCE ex aequo w kraju w\u015br\u00f3d klas III zaj\u0119\u0142a&nbsp;<strong>Emilia Wybranowska<\/strong>&nbsp;(85%) z kl. III A<br>VIII MIEJSCE ex aequo w kraju w\u015br\u00f3d klas III zaj\u0119\u0142a&nbsp;<strong>Lena Kabala<\/strong>&nbsp;(83%) z kl. III A, w\u015br\u00f3d klas VII&nbsp;<strong>Magdalena Byjo\u015b<\/strong>&nbsp;(84%) z kl. VII B<br>IX MIEJSCE ex aequo w kraju w\u015br\u00f3d klas II zaj\u0105\u0142&nbsp;<strong>Adam Krawiec<\/strong>&nbsp;(82%) z kl. II B,&nbsp;<strong>Aleksander Lidwin<\/strong>&nbsp;(82%) z kl. II C, w\u015br\u00f3d klas IV&nbsp;<strong>Mi\u0142osz Pasierb<\/strong>&nbsp;(79%) z kl. IV A, w\u015br\u00f3d klas V&nbsp;<strong>Rados\u0142aw Bedli\u0144ski<\/strong>&nbsp;(79%) z kl. V B,&nbsp;<strong>Magdalena Haliniak<\/strong>&nbsp;(79%) z kl. V A, w\u015br\u00f3d klas VII&nbsp;<strong>Micha\u0142 Rzepka<\/strong>&nbsp;(82%) z kl. VII B<br>X MIEJSCE ex aequo w kraju w\u015br\u00f3d klas III zaj\u0105\u0142&nbsp;<strong>Szymon Wilk<\/strong>&nbsp;(78%) z kl. III A, w\u015br\u00f3d klas V zaj\u0105\u0142&nbsp;<strong>Andrzej Murdza<\/strong>&nbsp;(77%) z kl. V B<\/p>\n\n\n\n<p>Gratulujemy laureatom i ich nauczycielom \u015bwietnych wynik\u00f3w i \u017cyczymy dalszych sukces\u00f3w.<\/p>\n\n\n\nngg_shortcode_3_placeholder\n\n\n\n<p class=\"has-medium-font-size\"><strong><span style=\"color:#f4080c\" class=\"has-inline-color\">III MIEJSCE W V GMINNYM KONKURSIE J\u0118ZYKA ANGIELSKIEGO THE ENGLISH CHALLENGE<\/span><\/strong><\/p>\n\n\n\n<p>Mi\u0142o nam poinformowa\u0107, \u017ce nasza uczennica Ola Pytlas zaj\u0119\u0142a III miejsce w organizowany przez Zesp\u00f3\u0142 Szk\u00f3\u0142 w Kielan\u00f3wce V Gminnym Konkursie J\u0119zyka Angielskiego dla klas VI \u201eThe English Challenge\u201d. Serdecznie gratulujemy!<\/p>\n\n\n\n<div class=\"wp-block-image\"><figure class=\"aligncenter size-large is-resized\"><img loading=\"lazy\" decoding=\"async\" src=\"https:\/\/spboguchwala.pl\/wp-content\/uploads\/2020\/02\/konkurs-j.-angielski.jpg\" alt=\"\" class=\"wp-image-11097\" width=\"234\" height=\"313\" srcset=\"https:\/\/spboguchwala.pl\/wp-content\/uploads\/2020\/02\/konkurs-j.-angielski.jpg 449w, https:\/\/spboguchwala.pl\/wp-content\/uploads\/2020\/02\/konkurs-j.-angielski-225x300.jpg 225w\" sizes=\"auto, (max-width: 234px) 100vw, 234px\" \/><\/figure><\/div>\n\n\n\n<p class=\"has-medium-font-size\"><strong><span style=\"color:#f4080c\" class=\"has-inline-color\">LAUREACI WIOSENNYCH KONKURS\u00d3W GMINNEJ BIBLIOTEKI PUBLICZNEJ<\/span><\/strong><\/p>\n\n\n\n<p>15 maja 2020 r. podczas Wiosennej Gali Konkursowej w rezydencji Literackiej Boguchwa\u0142y zosta\u0142y og\u0142oszone wyniki trzech konkurs\u00f3w: \u201ePaszport do Bajkolandii\u2026\u201d, \u201eSCRATCHowanie w Bibliotece\u201d oraz \u201eSkarpetki moich marze\u0144\u2026\u201d.<\/p>\n\n\n\n<p>Z rado\u015bci\u0105 zawiadamiamy, \u017ce we wszystkich trzech konkursach laureatami zostali uczniowie naszej szko\u0142y.<\/p>\n\n\n\n<p>Laureaci konkursu \u201ePaszport do Bajkolandii\u2026\u201d z naszej szko\u0142y to: Adam Krawiec z kl. II B, Dawid Pie\u0144kosz z kl. I B, Joanna Pie\u0144kosz z kl. III B, Filip&nbsp;Rozborski z kl. II A, Hubert Strz\u0119pek z kl. III B, Kamila Tabaka z kl. III B, Robert Tarsa\u0142a z kl. III B, Jagoda Weso\u0142owska z kl. I C<\/p>\n\n\n\n<p>Nagrodzony w Gminnym Konkursie Plastycznym pod nazw\u0105 \u201eSkarpetki moich marze\u0144\u2026\u201d to Robert Tarsa\u0142a z kl. IIIB, za\u015b wyr\u00f3\u017cnienie otrzyma\u0142a Magdalen\u0119 Nowak z kl. IIIA<br>Laureaci konkursu \u201eSCRATCHowanie w Bibliotece\u201d:<br>\u2013 w kategorii tematycznej \u201eMoja Bajka\u201d przyznano nagrody dla:<br>Szymona Ciosa z kl. VI A , Mi\u0142osza Pasierba z kl. IV A, Aleksandry Pytlas z kl. VI A<br>wyr\u00f3\u017cnienie w tej kategorii zdoby\u0142a Nadia Kaczmarska z kl. VI A<br>\u2013 w kategorii tematycznej \u201eSpacer po Boguchwale\u201d laureatami zostali: Szymon Cios z kl. VI A, Igor \u017bar\u00f3w z kl. VI B<br>wyr\u00f3\u017cnienia zdobyli: Olaf Drozd z kl. VI A, Zofia G\u00f3rka z kl. VI A<br>\u2013 w kategorii tematycznej \u201eSpacer po Gminie Boguchwa\u0142a\u201d nagrodzona zosta\u0142a praca Karoliny Nazimek z kl. VI A<br>\u2013 w kategorii tematycznej \u201eJan Pawe\u0142 II w oczach dzieci\u201d przyznano nagrody dla: Szymona Ciosa z kl.VI A, Jakuba D\u0142ugosza z kl. VI A, Alicji Sadeckiej z kl. VI A oraz wyr\u00f3\u017cnienie dla Aleksandry Pytlas z kl. VI A<\/p>\n\n\n\nngg_shortcode_4_placeholder\n\n\n\n<p class=\"has-medium-font-size\"><strong><span style=\"color:#f4080c\" class=\"has-inline-color\">UCZE\u0143 KLASY IIIB ROBERT TARSA\u0141A POTR\u00d3JNYM NAGRODZONYM W GMINNYCH KONKURSACH PLASTYCZNYCH I LITERACKICH!!!<\/span><\/strong><\/p>\n\n\n\n<p>Robert to ucze\u0144 bardzo oczytany. Jest jednym z najaktywniejszych m\u0142odszych czytelnik\u00f3w w Bibliotece Szkolnej i Publicznej. Jest te\u017c dzieckiem uzdolnionym plastycznie. W okresie wiosennym bra\u0142 udzia\u0142 w:<br>\u2013 I Gminnym Konkursie Plastycznym pod has\u0142em \u201e\u015aw. Jan Pawe\u0142 II w oczach dziecka\u201d zorganizowanym przez Lokalny O\u015brodek Kultury \u201eWsp\u00f3lnota\u201d w Zg\u0142obniu \u2013 wyr\u00f3\u017cnienie<br>\u2013 Gminnym&nbsp;Konkursie Literackim pod has\u0142em \u201ePaszport do Bajkolandii\u201d zorganizowanym przez Rezydencj\u0119 Literack\u0105 w Boguchwale \u2013 laureat<br>\u2013 Gminnym Konkursie Plastycznym pod has\u0142em \u201eSkarpetki moich marze\u0144\u201d zorganizowanym przez Rezydencj\u0119 Literack\u0105 w Boguchwale \u2013 nagrodzony<br>GRATULUJEMY WYGRANYCH!<\/p>\n\n\n\n<div class=\"wp-block-image\"><figure class=\"aligncenter size-large is-resized\"><img loading=\"lazy\" decoding=\"async\" src=\"https:\/\/spboguchwala.pl\/wp-content\/uploads\/2020\/05\/dyplom-Robert-708x1024.jpeg\" alt=\"\" class=\"wp-image-12677\" width=\"275\" height=\"397\" srcset=\"https:\/\/spboguchwala.pl\/wp-content\/uploads\/2020\/05\/dyplom-Robert-708x1024.jpeg 708w, https:\/\/spboguchwala.pl\/wp-content\/uploads\/2020\/05\/dyplom-Robert-208x300.jpeg 208w, https:\/\/spboguchwala.pl\/wp-content\/uploads\/2020\/05\/dyplom-Robert-768x1110.jpeg 768w, https:\/\/spboguchwala.pl\/wp-content\/uploads\/2020\/05\/dyplom-Robert-1063x1536.jpeg 1063w, https:\/\/spboguchwala.pl\/wp-content\/uploads\/2020\/05\/dyplom-Robert.jpeg 1080w\" sizes=\"auto, (max-width: 275px) 100vw, 275px\" \/><\/figure><\/div>\n\n\n\n<div class=\"wp-block-image\"><figure class=\"aligncenter size-large is-resized\"><img loading=\"lazy\" decoding=\"async\" src=\"https:\/\/spboguchwala.pl\/wp-content\/uploads\/2020\/05\/Robert-Tarsa\u0142a-konkursy-plastyczne.jpg\" alt=\"\" class=\"wp-image-12678\" width=\"254\" height=\"338\"\/><\/figure><\/div>\n\n\n\n<p><\/p>\n\n\n\n<p class=\"has-medium-font-size\"><strong><span style=\"color:#f4080c\" class=\"has-inline-color\">WYNIKI KONKURSU &#8222;SMART CITY W MOIM MIE\u015aCIE&#8221;<\/span><\/strong><\/p>\n\n\n\n<p>Uczennice naszej szko\u0142y otrzyma\u0142y wyr\u00f3\u017cnienie!!<\/p>\n\n\n\n<p>Ze wzgl\u0119du na bardzo wysoki poziom prac plastycznych Dyrektor Miejskiego Centrum Kultury Agnieszka Czarnik-Bu\u017c przyzna\u0142a wyr\u00f3\u017cnienia:<br>W kategorii klas I-III szk\u00f3\u0142 podstawowych: Oliwia Nazimek \u2013 klasa IIa<br>W kategorii klas IV-VIII szk\u00f3\u0142 podstawowych: Katarzyna G\u0142\u00f3d \u2013 klasa Vb<\/p>\n\n\n\n<p>Gratulujemy!!<br>Szczeg\u00f3\u0142owe informacje na stronie:<br><a rel=\"noreferrer noopener\" href=\"https:\/\/boguchwala.pl\/364-aktualnosci\/4592-wszystkie-aktualnosci\/9741-konkurs-plastyczny-smart-city-w-moim-miescie-rozstrzygniety.html?fbclid=IwAR2qoNj52A13pTnuK_olkk5LKJutLnbfvdYXMw618kpjpPk_J7h6ERkcBUY\" target=\"_blank\">https:\/\/boguchwala.pl\/364-aktualnosci\/4592-wszystkie-aktualnosci\/9741-konkurs-plastyczny-smart-city-w-moim-miescie-rozstrzygniety.html?fbclid=IwAR2qoNj52A13pTnuK_olkk5LKJutLnbfvdYXMw618kpjpPk_J7h6ERkcBUY<\/a><\/p>\n\n\n\n<p class=\"has-medium-font-size\"><strong><span style=\"color:#f4080c\" class=\"has-inline-color\">SUKCESY NASZYCH UCZNI\u00d3W W EDYCJI OG\u00d3LNOPOLSKIEJ EUROPEJSKIEGO KONKURSU STATYSTYCZNEGO<\/span><\/strong><\/p>\n\n\n\n<p>W III edycji Europejskiego Konkursu Statystycznego wzi\u0119\u0142o udzia\u0142 o\u015bmioro uczni\u00f3w z naszej szko\u0142y, trzy dziewczyny z klasy 7b i pi\u0119ciu ch\u0142opc\u00f3w z klasy 8b. Cz\u0119\u015b\u0107 krajowa sk\u0142ada\u0142a si\u0119 z dw\u00f3ch etap\u00f3w: testu online oraz analizy zbioru danych i prezentacji wynik\u00f3w.<\/p>\n\n\n\n<p>Mi\u0142o nam zakomunikowa\u0107, \u017ce do og\u00f3lnopolskiego fina\u0142u dosta\u0142y si\u0119 dwa zespo\u0142y dziewcz\u0105t z klasy 7b: Julia Bielenda zaj\u0119\u0142a 11 miejsce, a Julia Olejasz i Zuzanna Wydrzy\u0144ska 16 miejsce. Zabrak\u0142o tylko kilku punkt\u00f3w, aby wzi\u0105\u0107 udzia\u0142 w etapie europejskim.<\/p>\n\n\n\n<p>Dziewczyny, dzi\u0119kujemy za uczestnictwo i prac\u0119, jak\u0105 w\u0142o\u017cy\u0142y\u015bcie w przygotowanie si\u0119 do konkursu. Gratulujemy sukcesu! Opiekunem uczni\u00f3w by\u0142a Pani mgr Renata Swianiewicz.<\/p>\n\n\n\n<p class=\"has-medium-font-size\"><strong><span style=\"color:#f4080c\" class=\"has-inline-color\">WYNIKI KONKURSU KANGUR MATEMATYCZNY 2020<\/span><\/strong><\/p>\n\n\n\n<p>Kolejna edycja Mi\u0119dzynarodowego Konkursu Matematycznego \u201eKANGUR\u201d ju\u017c za nami.<\/p>\n\n\n\n<p>W tym roku szkolnym w zwi\u0105zku z zawieszeniem zaj\u0119\u0107 w szko\u0142ach Komitet Organizacyjny Konkursu&nbsp;<strong><em>Kangur Matematyczny<\/em><\/strong>&nbsp;podj\u0105\u0142 decyzj\u0119 o&nbsp;przeprowadzeniu konkursu zdalnie za po\u015brednictwem Platformy Dzwonek.pl. By\u0142o to dla nas wszystkich nie lada wyzwanie. Ale uda\u0142o si\u0119. Konkurs odby\u0142 si\u0119 2, 3, 4 i 5 czerwca 2020 roku. Wzi\u0119\u0142o w nim udzia\u0142 76 uczni\u00f3w naszej szko\u0142y. Ka\u017cdy uczestnik Konkursu otrzyma uk\u0142adank\u0119 logiczn\u0105 \u2013 czteroelementowy TANGRAM.<\/p>\n\n\n\n<p>Uczniowie rozwi\u0105zywali zadania w czterech kategoriach:<br>\u201e\u017baczek\u201d \u2013 klasa 2 \u2013&nbsp;<strong>21 uczni\u00f3w<\/strong><br>\u201eMaluch\u201d \u2013 klasy 3 i 4 \u2013&nbsp;<strong>17 uczni\u00f3w<\/strong><br>\u201eBeniamin\u201d \u2013 klasy 5 i 6 \u2013<strong>&nbsp;22 uczni\u00f3w<\/strong><br>\u201eKadet\u201d \u2013 klasy 7 i 8 \u2013<strong>&nbsp;16 uczni\u00f3w<\/strong><\/p>\n\n\n\n<p><strong>15 czerwca<\/strong>&nbsp;otrzymali\u015bmy wyniki konkursu. <strong>Nagrodzeni uczniowie naszej szko\u0142y to:<\/strong><br><strong>Patryk Tobiasz&nbsp;<\/strong>z klasy II a<strong>&nbsp;\u2013 wyr\u00f3\u017cnienie<\/strong><br><strong>Mi\u0142osz Pasierb&nbsp;<\/strong>z klasy IV a&nbsp;<strong>\u2013 wynik bardzo dobry<\/strong><br><strong>Hanna Tomkowicz&nbsp;<\/strong>z klasy V b&nbsp;<strong>\u2013 wyr\u00f3\u017cnienie<\/strong><br><strong>Maja Krasowska<\/strong>&nbsp;z klasy VI b&nbsp;<strong>\u2013 wyr\u00f3\u017cnienie<\/strong><\/p>\n\n\n\n<p>Jeszcze raz dzi\u0119kujemy bardzo wszystkim uczniom za udzia\u0142 w Konkursie, dzi\u0119kujemy rodzicom za wyrozumia\u0142o\u015b\u0107 i pomoc w logowaniu si\u0119 dzieci na Platformie Dzwonek.pl oraz wszystkim nauczycielom zaanga\u017cowanym w organizacj\u0119 konkursu.<\/p>\n\n\n\n<p class=\"has-medium-font-size\"><strong><span style=\"color:#f4080c\" class=\"has-inline-color\">UCZNIOWIE KL. IIA ODNOSZ\u0104 SUKCESY<\/span><\/strong><\/p>\n\n\n\n<p>20 czerwca w Sobocie pod Poznaniem odby\u0142 si\u0119 Og\u00f3lnopolski Turniej Tenisowy do lat 10, w kt\u00f3rym wzi\u0105\u0142 udzia\u0142 Filip Rozborski zajmuj\u0105c 5 miejsce! Gratulujemy formy i trzymamy kciuki za dalszy rozw\u00f3j.<br>Filip jest r\u00f3wnie\u017c laureatem Gminnego Konkursu Literackiego pod has\u0142em \u201ePaszport do Bajkolandii\u201d. Konkurs by\u0142 organizowany przez Rezydencj\u0119 Literack\u0105 w Boguchwale.<br>Oliwia Nazimek otrzyma\u0142a wyr\u00f3\u017cnienie w konkursie pod nazw\u0105 \u201eSmart City w moim Mie\u015bcie\u201d w kategorii klas I-III szk\u00f3\u0142 podstawowych. Gratulujemy!<\/p>\n\n\n\nngg_shortcode_5_placeholder\n\n\n\n<p class=\"has-medium-font-size\"><strong><span style=\"color:#f4080c\" class=\"has-inline-color\">UCZENNICA KL. IB EWA WRZOS LAUREATK\u0104 WOJEW\u00d3DZKIEGO KONKURSU PLASTYCZNEGO<\/span><\/strong><\/p>\n\n\n\n<p>Mi\u0142o nam poinformowa\u0107, \u017ce nasza uczennica Ewa Wrzos zaj\u0119\u0142a II miejsce w Wojew\u00f3dzkim Konkursie Plastycznym \u201eNajpi\u0119kniejsza kartka lub ozdoba wielkanocna\u201d zorganizowanym przez Szko\u0142\u0119 Podstawow\u0105 w Czarnej S\u0119dziszowskiej.<\/p>\n\n\n\n<p>Cieszymy si\u0119 z tak du\u017cego osi\u0105gni\u0119cia. Wierzymy, \u017ce zdobyty sukces b\u0119dzie dodatkow\u0105 motywacj\u0105 do dalszej pracy. Gratulujemy i \u017cyczymy kolejnych sukces\u00f3w artystycznych!<\/p>\n\n\n\nngg_shortcode_6_placeholder\n","protected":false},"excerpt":{"rendered":"<p>SUKCESY PLASTYCZNE NASZYCH UCZNI\u00d3W Mi\u0142o nam poinformowa\u0107, \u017ce uczennice: Emilia Mazur z kl II b oraz Maja Zdun z kl V b \u2013&nbsp; otrzyma\u0142y wyr\u00f3\u017cnienie w og\u00f3lnopolskim konkursie plastyczno-literackim \u201eJa za 20 lat\u201d.Uczniowie: Amelia Michalik z kl V b oraz Rados\u0142aw Kami\u0144ski z kl VII b \u2013 znale\u017ali si\u0119 w\u015br\u00f3d finalist\u00f3w etapu gminnego konkursu plastycznego&#8230;<\/p>\n","protected":false},"author":2,"featured_media":20991,"parent":0,"menu_order":0,"comment_status":"closed","ping_status":"closed","template":"","meta":{"ngg_post_thumbnail":0,"footnotes":""},"class_list":["post-21265","page","type-page","status-publish","has-post-thumbnail","hentry"],"_links":{"self":[{"href":"https:\/\/spboguchwala.pl\/index.php?rest_route=\/wp\/v2\/pages\/21265","targetHints":{"allow":["GET"]}}],"collection":[{"href":"https:\/\/spboguchwala.pl\/index.php?rest_route=\/wp\/v2\/pages"}],"about":[{"href":"https:\/\/spboguchwala.pl\/index.php?rest_route=\/wp\/v2\/types\/page"}],"author":[{"embeddable":true,"href":"https:\/\/spboguchwala.pl\/index.php?rest_route=\/wp\/v2\/users\/2"}],"replies":[{"embeddable":true,"href":"https:\/\/spboguchwala.pl\/index.php?rest_route=%2Fwp%2Fv2%2Fcomments&post=21265"}],"version-history":[{"count":1,"href":"https:\/\/spboguchwala.pl\/index.php?rest_route=\/wp\/v2\/pages\/21265\/revisions"}],"predecessor-version":[{"id":21266,"href":"https:\/\/spboguchwala.pl\/index.php?rest_route=\/wp\/v2\/pages\/21265\/revisions\/21266"}],"wp:featuredmedia":[{"embeddable":true,"href":"https:\/\/spboguchwala.pl\/index.php?rest_route=\/wp\/v2\/media\/20991"}],"wp:attachment":[{"href":"https:\/\/spboguchwala.pl\/index.php?rest_route=%2Fwp%2Fv2%2Fmedia&parent=21265"}],"curies":[{"name":"wp","href":"https:\/\/api.w.org\/{rel}","templated":true}]}}