{"id":21269,"date":"2022-05-10T20:53:16","date_gmt":"2022-05-10T20:53:16","guid":{"rendered":"http:\/\/spboguchwala.pl\/?page_id=21269"},"modified":"2022-08-23T19:34:46","modified_gmt":"2022-08-23T19:34:46","slug":"2021-2022-4","status":"publish","type":"page","link":"https:\/\/spboguchwala.pl\/?page_id=21269","title":{"rendered":"2021\/2022"},"content":{"rendered":"\n<p class=\"has-medium-font-size\"><strong><span style=\"color:#e90417\" class=\"has-inline-color\">VI BIEG BOGUCHWA\u0141A WIS\u0141OCZYSKO<\/span><\/strong><\/p>\n\n\n\n<p>Blisko 200 uczestnik\u00f3w, w tym ponad setka dzieci wzi\u0119\u0142a udzia\u0142 w VI Biegu Boguchwa\u0142a Wis\u0142oczysko. Olbrzymich emocji dostarczy\u0142a rywalizacja dzieci i m\u0142odzie\u017cy, kt\u00f3re \u015bciga\u0142y si\u0119 wok\u00f3\u0142 budynku zabytkowego Spichlerza na Rynku Miejskim. Nie brakowa\u0142o wielkiej determinacji i zaanga\u017cowania, \u0142ez smutku, ale te\u017c wielkich chwil rado\u015bci.<br>W\u015br\u00f3d startuj\u0105cych byli tak\u017ce nasi uczniowie, a cz\u0119\u015b\u0107 z nich stan\u0119\u0142a na podium. Serdecznie gratulujemy!!!<br>Zdj\u0119cia:&nbsp;<a href=\"https:\/\/www.facebook.com\/mckboguchwala\/?__cft__[0]=AZUjuyC8w2Tr43aWR1UgSomZRSzAiM0clbpN0lqeE6-44IZWTOMJ6yzBwfxrM0L14m9FRBJjdmm-D74niODiwrLLqRQ6kBpa1i7CwtH5spM7CRn6fddNH1Jrhi-5XvMV1-Yc_8WREYFxmZUOCHsUc9MZij9UrHUkBZKOK-djAUMuyxizpU1YdHgpcZKf4aGYf08&amp;__tn__=kK-R\">Miejskie Centrum Kultury w Boguchwale<\/a><\/p>\n\n\n\nngg_shortcode_0_placeholder\n\n\n\n<p class=\"has-medium-font-size\"><strong><span style=\"color:#e90417\" class=\"has-inline-color\">PIERWSZE ZAWODY SPORTOWE W PANDEMII<\/span><\/strong><\/p>\n\n\n\n<p>W \u015brod\u0119 22 wrze\u015bnia 2021r. na stadionie lekkoatletycznym Resovii w Rzeszowie odby\u0142y si\u0119 Powiatowe Indywidualne Mistrzostwa w Lekkiej Atletyce. Igrzyska Dzieci to konkurencje LA przeznaczone dla uczni\u00f3w klas 4-6 szko\u0142y podstawowej. Pomimo trudnych warunk\u00f3w pogodowych w zawodach uczestniczy\u0142o bardzo du\u017co dzieci ze szk\u00f3\u0142 powiatu rzeszowskiego i miasta Rzesz\u00f3w. M\u0142oda reprezentacja Szko\u0142y Podstawowej w Boguchwale po p\u00f3\u0142torarocznej przerwie i braku startu w zawodach sportowych (nauka zdalna) spisa\u0142a si\u0119 bardzo dobrze.<br>Oliwia Debrzak z kl. 5b wywalczy\u0142a II miejsce i srebrny medal w skoku w dal, za\u015b ch\u0142opcy w bardzo licznie obsadzonej i wytrzyma\u0142o\u015bciowej konkurencji bieg na 1000m zdobyli kolejno bardzo wysokie miejsca: Adam Gajdek kl. 5b \u2013 V miejsce, Pawe\u0142 Garbowski kl. 4b \u2013 VII miejsce i Hubert Strz\u0119pek kl. 5b \u2013 IX miejsce.<br>Opiekun pan Mariusz Mi\u0105sik dzi\u0119kuje za udzia\u0142 w zawodach.<\/p>\n\n\n\n<p>Gratulujemy bardzo wysokich lokat w sportowej rywalizacji.<\/p>\n\n\n\nngg_shortcode_1_placeholder\n\n\n\n<p class=\"has-medium-font-size\"><strong><span style=\"color:#e90417\" class=\"has-inline-color\">FILIP ROZBORSKI Z KL. IVA \u2013 III MIEJSCE W WOJEW\u00d3DZKIM TURNIEJU KLASYFIKACYJNYM W TENISIE ZIEMNYM<\/span><\/strong><\/p>\n\n\n\n<p>Filip Rozborski z kl. IVa zdoby\u0142 3 miejsce w Wojew\u00f3dzkim Turnieju Klasyfikacyjnym do lat 12 w tenisie ziemnym rozgrywanym na kortach w Krakowie. Dziesi\u0119cioletni ucze\u0144 naszej szko\u0142y dzielnie walczy\u0142 wygrywaj\u0105c 4 z 5 rozegranych mecz\u00f3w.<\/p>\n\n\n\n<p>Brawo Filip!! Powodzenia w kolejnych turniejach.<\/p>\n\n\n\n<div class=\"wp-block-image\"><figure class=\"aligncenter size-large is-resized\"><img loading=\"lazy\" decoding=\"async\" src=\"https:\/\/spboguchwala.pl\/wp-content\/uploads\/2021\/09\/Filip-Rozborski-\u2014-kopia-1024x809.jpg\" alt=\"\" class=\"wp-image-17763\" width=\"331\" height=\"261\" srcset=\"https:\/\/spboguchwala.pl\/wp-content\/uploads\/2021\/09\/Filip-Rozborski-\u2014-kopia-1024x809.jpg 1024w, https:\/\/spboguchwala.pl\/wp-content\/uploads\/2021\/09\/Filip-Rozborski-\u2014-kopia-300x237.jpg 300w, https:\/\/spboguchwala.pl\/wp-content\/uploads\/2021\/09\/Filip-Rozborski-\u2014-kopia-768x607.jpg 768w, https:\/\/spboguchwala.pl\/wp-content\/uploads\/2021\/09\/Filip-Rozborski-\u2014-kopia-1536x1214.jpg 1536w, https:\/\/spboguchwala.pl\/wp-content\/uploads\/2021\/09\/Filip-Rozborski-\u2014-kopia-2048x1619.jpg 2048w\" sizes=\"auto, (max-width: 331px) 100vw, 331px\" \/><\/figure><\/div>\n\n\n\n<p><\/p>\n\n\n\n<p class=\"has-medium-font-size\"><strong><span style=\"color:#e90417\" class=\"has-inline-color\">KOLEJNY SUKCES NASZEGO UCZNIA FILIPA ROZBORSKIEGO Z KL. IVA<\/span><\/strong><\/p>\n\n\n\n<p>Z rado\u015bci\u0105 informujemy, \u017ce ucze\u0144 naszej szko\u0142y \u2013 Filip Rozborski z kl. 4a zaj\u0105\u0142 II miejsce w grze deblowej w Wojew\u00f3dzkim Turnieju Klasyfikacyjnym do lat 12 rozgrywanym w Szczawnie Zdroju w dniach 16-17.10.2021. Gratulacje!!!<\/p>\n\n\n\n<div class=\"wp-block-image\"><figure class=\"aligncenter size-large is-resized\"><img loading=\"lazy\" decoding=\"async\" src=\"https:\/\/spboguchwala.pl\/wp-content\/uploads\/2021\/10\/IMG_20211017_141919-627x1024.jpg\" alt=\"\" class=\"wp-image-18646\" width=\"225\" height=\"367\" srcset=\"https:\/\/spboguchwala.pl\/wp-content\/uploads\/2021\/10\/IMG_20211017_141919-627x1024.jpg 627w, https:\/\/spboguchwala.pl\/wp-content\/uploads\/2021\/10\/IMG_20211017_141919-184x300.jpg 184w, https:\/\/spboguchwala.pl\/wp-content\/uploads\/2021\/10\/IMG_20211017_141919-768x1255.jpg 768w, https:\/\/spboguchwala.pl\/wp-content\/uploads\/2021\/10\/IMG_20211017_141919-940x1536.jpg 940w, https:\/\/spboguchwala.pl\/wp-content\/uploads\/2021\/10\/IMG_20211017_141919-1254x2048.jpg 1254w, https:\/\/spboguchwala.pl\/wp-content\/uploads\/2021\/10\/IMG_20211017_141919-scaled.jpg 1567w\" sizes=\"auto, (max-width: 225px) 100vw, 225px\" \/><\/figure><\/div>\n\n\n\n<p><\/p>\n\n\n\n<p class=\"has-medium-font-size\"><strong><span style=\"color:#e90417\" class=\"has-inline-color\">XIV MI\u0118DZYNARODOWY PUCHAR SKORPIONA IM. ALEKSA PIOTROWSKIEGO \u2013 SZCZECIN<\/span><\/strong><\/p>\n\n\n\n<p>Bardzo dobre informacje docieraj\u0105 do nas z drugiego ko\u0144ca Polski!<br>Mi\u0142osz Wo\u017aniak ucze\u0144 klasy  VIIa, zajmuje 1 miejsce w mocnym turnieju zorganizowanym przez BKS Skorpion Szczecin.<br>Nasz zawodnik boksuje z gospodarzem zawod\u00f3w wygrywaj\u0105c na punkty oraz toczy walk\u0119 sparingow\u0105, kt\u00f3ra zostaje uznana za remisow\u0105.<\/p>\n\n\n\nngg_shortcode_2_placeholder\n\n\n\n<p class=\"has-medium-font-size\"><strong><span style=\"color:#e90417\" class=\"has-inline-color\">PO D\u0141UGIEJ PRZERWIE RUSZY\u0141A RYWALIZACJA SPORTOWA SZK\u00d3\u0141 \u2013 NA POCZ\u0104TEK TENIS STO\u0141OWY!!<\/span><\/strong><\/p>\n\n\n\n<p>W pi\u0105tek 3 grudnia w Szkole Podstawowej w Rac\u0142aw\u00f3wce, odby\u0142y si\u0119 gminne zawody dru\u017cynowe ch\u0142opc\u00f3w w tenisie sto\u0142owym. W zawodach wzi\u0119\u0142o udzia\u0142 6 dru\u017cyn, a najlepsz\u0105 okaza\u0142a si\u0119 dru\u017cyna ze Szko\u0142y Podstawowej w Boguchwale. Szko\u0142\u0119 reprezentowali Wiktor Mazur i Jakub Mackiewicz, kt\u00f3rzy wygrali wszystkie mecze i zostali zwyci\u0119zcami gminnych zawod\u00f3w. Ch\u0142opcy b\u0119d\u0105 reprezentowa\u0107 gmin\u0119 w zawodach powiatowych. Gratulacje!!!<br>Opiekunem by\u0142 p. Artur Bilski<\/p>\n\n\n\nngg_shortcode_3_placeholder\n\n\n\n<p class=\"has-medium-font-size\"><strong><span style=\"color:#e90417\" class=\"has-inline-color\">FINA\u0141 POWIATOWY W TENISIE STO\u0141OWYM<\/span><\/strong><\/p>\n\n\n\n<p>Zesp\u00f3\u0142 Szk\u00f3\u0142 w Soko\u0142owie Ma\u0142opolskim by\u0142 miejscem gdzie 8 grudnia 2021r. rozegrany zosta\u0142 Fina\u0142 Powiatowych Igrzysk M\u0142odzie\u017cy Szkolnej w tenisie sto\u0142owym ch\u0142opc\u00f3w. W ca\u0142ym powiecie rzeszowskim nasza dru\u017cyna w sk\u0142adzie Jakub Mackiewicz i Wiktor Mazur zaj\u0119\u0142a w turnieju po zaci\u0119tych pojedynkach pi\u0105te miejsce. Zawodnikom gratulujemy udanego wyst\u0119pu.<br>Opiekunem dru\u017cyny by\u0142 pan Mariusz Mi\u0105sik.<\/p>\n\n\n\nngg_shortcode_4_placeholder\n\n\n\n<p class=\"has-medium-font-size\"><strong><span style=\"color:#e90417\" class=\"has-inline-color\">SUKCES NASZEGO UCZNIA FILIPA ROZBORSKIEGO W OG\u00d3LNOPOLSKIM TURNIEJU KLASYFIKACYJNYM DO 12 LAT W TENISIE ZIEMNYM<\/span><\/strong><\/p>\n\n\n\n<p>Mi\u0142o nam poinformowa\u0107, \u017ce Filip Rozborski ucze\u0144 kl. 4a znalaz\u0142 si\u0119 na podium, zajmuj\u0105c bardzo wysokie 3 miejsce w Og\u00f3lnopolskim Turnieju Klasyfikacyjnym do lat 12 w tenisie ziemnym, kt\u00f3ry odby\u0142 si\u0119 w Zabrzu w dniach 18-20 grudnia. W zaci\u0119tym pojedynku o awans do fina\u0142u ucze\u0144 naszej szko\u0142y przegra\u0142 z turniejow\u0105 \u201ejedynk\u0105\u201d. Jest to bardzo du\u017cy sukces 10-letniego Filipa.<\/p>\n\n\n\n<p>Jeste\u015bmy bardzo dumni i serdecznie gratulujemy!!<\/p>\n\n\n\n<div class=\"wp-block-image\"><figure class=\"aligncenter size-large is-resized\"><img loading=\"lazy\" decoding=\"async\" src=\"https:\/\/spboguchwala.pl\/wp-content\/uploads\/2022\/01\/filip2-668x1024.jpg\" alt=\"\" class=\"wp-image-19808\" width=\"229\" height=\"351\" srcset=\"https:\/\/spboguchwala.pl\/wp-content\/uploads\/2022\/01\/filip2-668x1024.jpg 668w, https:\/\/spboguchwala.pl\/wp-content\/uploads\/2022\/01\/filip2-196x300.jpg 196w, https:\/\/spboguchwala.pl\/wp-content\/uploads\/2022\/01\/filip2-768x1178.jpg 768w, https:\/\/spboguchwala.pl\/wp-content\/uploads\/2022\/01\/filip2.jpg 892w\" sizes=\"auto, (max-width: 229px) 100vw, 229px\" \/><\/figure><\/div>\n\n\n\n<p><\/p>\n\n\n\n<p class=\"has-medium-font-size\"><strong><span style=\"color:#e90417\" class=\"has-inline-color\">FINA\u0141 POWIATOWYCH IGRZYSK DZIECI W KOSZYK\u00d3WCE<\/span><\/strong><\/p>\n\n\n\n<p>Hala sportowa Zespo\u0142u Szk\u00f3\u0142 w B\u0142a\u017cowej 9 marca go\u015bci\u0142a najlepsze zespo\u0142y koszykarskie ch\u0142opc\u00f3w powiatu rzeszowskiego. Wszystkie spotkania mia\u0142y bardzo zaci\u0119ty i wyr\u00f3wnany charakter. Szko\u0142a Podstawowa w Boguchwale zaj\u0119\u0142a ostatecznie 4 miejsce. Zaznaczy\u0107 nale\u017cy, \u017ce w pierwszym spotkaniu kontuzji uleg\u0142 nasz czo\u0142owy gracz co mia\u0142o znacz\u0105cy wp\u0142yw na wynik pozosta\u0142ych spotka\u0144 rozstrzygni\u0119tych na korzy\u015b\u0107 przeciwnik\u00f3w jednym lub dwoma koszami. Niemniej jednak naszym zawodnikom nale\u017c\u0105 si\u0119 ogromne gratulacje za uzyskany bardzo wysoki wynik na ca\u0142y powiat rzeszowski po prawie ponad rocznej przerwie w zawodach sportowych.<br>Sk\u0142ad dru\u017cyny to: Wo\u017aniak Mi\u0142osz, Ry\u015b Szymon, Panek Filip, Wr\u00f3blewski Dominik, Biskup Bartosz, Rz\u0105sa Karol, Gajdek Adam, Strz\u0119pek Hubert, Burdzi\u0144ski Mateusz, Ra\u0142owski Aleksander, Kuter Maksymilian, Wilk Szymon, Hendzel Szczepan i trener zespo\u0142u pan Mariusz Mi\u0105sik.<\/p>\n\n\n\nngg_shortcode_5_placeholder\n\n\n\n<p class=\"has-medium-font-size\"><strong><span style=\"color:#e90417\" class=\"has-inline-color\">FINA\u0141 GMINNY \u2013 SIATK\u00d3WKA CH\u0141OPC\u00d3W<\/span><\/strong><\/p>\n\n\n\n<p>11 marca w Szkole Podstawowej w Kielan\u00f3wce odby\u0142 si\u0119 prze\u0142o\u017cony z powodu pandemii Fina\u0142 Gminny ch\u0142opc\u00f3w w siatk\u00f3wce. Przed feriami odby\u0142y si\u0119 p\u00f3\u0142fina\u0142y, z kt\u00f3rych 3 najlepsze zespo\u0142y awansowa\u0142y do wielkiego fina\u0142u. By\u0142y to szko\u0142y z Kielan\u00f3wki, Woli Zg\u0142obie\u0144skiej oraz Boguchwa\u0142y.<br>Fina\u0142 rozpocz\u0105\u0142 si\u0119 powitaniem wszystkich zespo\u0142\u00f3w przez Pana Dyrektora \u2013 Mariusza Kalandyka oraz losowaniem przez kapitan\u00f3w kolejno\u015bci spotka\u0144.<br>W pierwszym meczu zagra\u0142y zespo\u0142y z Boguchwa\u0142y i Kielan\u00f3wki. Po nerwowym pocz\u0105tku SP Boguchwa\u0142a pokona\u0142a swoich koleg\u00f3w z Kielan\u00f3wki 2:0 w setach. W drugim meczu spotka\u0142y si\u0119 dru\u017cyny z Woli Zg\u0142obie\u0144skiej i Kielan\u00f3wki. Tu r\u00f3wnie\u017c pad\u0142 wynik 2:0 w setach, a wygrali ch\u0142opcy z Woli. Po tym spotkaniu by\u0142o jasne, \u017ce o pierwsze miejsce w finale b\u0119d\u0105 walczy\u0107 ch\u0142opcy z Boguchwa\u0142y i Woli Zg\u0142obie\u0144skiej. Po emocjonuj\u0105cym meczu wygra\u0142a dru\u017cyna prowadzona przez pana Jana Fularza z Woli Zg\u0142obie\u0144skiej; szkole z Boguchwa\u0142y przypad\u0142o 2 miejsce. Po dw\u00f3ch setach by\u0142 wynik 1:1, o zwyci\u0119stwie decydowa\u0142 3 set, a w nim wygra\u0142a dru\u017cyna, kt\u00f3ra zagra\u0142a bardziej spokojnie i pope\u0142ni\u0142a mniej b\u0142\u0119d\u00f3w. Gratulacje dla ch\u0142opak\u00f3w za walk\u0119 do ko\u0144ca, ale taki jest sport, \u017ce w finale jedna dru\u017cyna wygrywa, a inna musi zadowoli\u0107 si\u0119 drugim miejscem.<br>Szko\u0142\u0119 reprezentowali: Jakub Mackiewicz, Wiktor Mazur, Sebastian Szczepan, Adrian Tobiasz, Arkadiusz Czudec, Piotr Dziekan, Szymon Cios oraz Daniele Witek. Opiekunem dru\u017cyny by\u0142 p. Artur Bilski.<\/p>\n\n\n\nngg_shortcode_6_placeholder\n\n\n\n<p class=\"has-medium-font-size\"><strong><span style=\"color:#e90417\" class=\"has-inline-color\">SUKCES FILIPA ROZBORSKIEGO W OG\u00d3LNOPOLSKIM TURNIEJU TENISA ZIEMNEGO<\/span><\/strong><\/p>\n\n\n\n<p>Mi\u0142o nam poinformowa\u0107, \u017ce Filip Rozborski, ucze\u0144 klasy 4a znalaz\u0142 si\u0119 w najlepszej \u00f3semce w Og\u00f3lnopolskim Turnieju Tenisa Ziemnego do lat 12 rozgrywanym w Akademii Tenisowej Tenis Kozerki k. Warszawy w dniach 12-14.03.2022r. Filip w drodze do \u0107wier\u0107fina\u0142u pokona\u0142 Mistrza wojew\u00f3dztwa mazowieckiego 6:2 6:4. Brawo Filip!!<\/p>\n\n\n\n<div class=\"wp-block-image\"><figure class=\"aligncenter size-large is-resized\"><img loading=\"lazy\" decoding=\"async\" src=\"https:\/\/spboguchwala.pl\/wp-content\/uploads\/2022\/03\/Filip-tenis-\u2014-kopia.jpg\" alt=\"\" class=\"wp-image-20332\" width=\"257\" height=\"264\" srcset=\"https:\/\/spboguchwala.pl\/wp-content\/uploads\/2022\/03\/Filip-tenis-\u2014-kopia.jpg 720w, https:\/\/spboguchwala.pl\/wp-content\/uploads\/2022\/03\/Filip-tenis-\u2014-kopia-292x300.jpg 292w\" sizes=\"auto, (max-width: 257px) 100vw, 257px\" \/><\/figure><\/div>\n\n\n\n<p><\/p>\n\n\n\n<p class=\"has-medium-font-size\"><strong><span style=\"color:#e90417\" class=\"has-inline-color\">FINA\u0141 WOJEW\u00d3DZKI IGRZYSK DZIECI W \u0141Y\u017bWIARSTWIE SZYBKIM<\/span><\/strong><\/p>\n\n\n\n<p>W czwartek 24 marca 2022 roku na krytym lodowisku MOSIR w D\u0119bicy przeprowadzony zosta\u0142 FINA\u0141 WOJEW\u00d3DZKI IGRZYSK DZIECI w \u0142y\u017cwiarstwie szybkim. Po ponad dwuletniej przerwie w rywalizacji sportowej w zawodach sw\u00f3j udzia\u0142 potwierdzi\u0142y reprezentacje 13 szk\u00f3\u0142 wojew\u00f3dztwa podkarpackiego. Rywalizacja na lodowisku to wy\u015bcigi na czas sztafet mieszanych dziewcz\u0105t i ch\u0142opc\u00f3w rocznik 2009 i m\u0142odsi. Bardzo dobry wyst\u0119p zanotowa\u0142a reprezentacja Szko\u0142y Podstawowej im. gen. Stanis\u0142awa Maczka w Boguchwale. Nasza sztafeta z uzyskanym swoim czasem zaj\u0119\u0142a ostatecznie 9 miejsce ulegaj\u0105c jedynie trenuj\u0105cym zawodnikom z czterech szk\u00f3\u0142 z Sanoka, trzem szko\u0142om z D\u0119bicy i szkole z Jedlicza.<br>Wszystkim uczniom bior\u0105cym udzia\u0142 w zawodach w sk\u0142adzie: Nina Szudrowicz, Amelia Michalik, Oliwia Mazur, Oliwia Debrzak, Szymon Ry\u015b, Kamil Panek i Dominik Wr\u00f3blewski oraz trenerowi panu Mariuszowi Mi\u0105sikowi gratulujemy.<\/p>\n\n\n\nngg_shortcode_7_placeholder\n\n\n\n<p class=\"has-medium-font-size\"><strong><span style=\"color:#e90417\" class=\"has-inline-color\">SP BOGUCHWA\u0141A NAJLEPSZA W GMINIE W IGRZYSKACH M\u0141ODZIE\u017bY SZKOLNEJ W PI\u0141CE NO\u017bNEJ CH\u0141OPC\u00d3W<\/span><\/strong><\/p>\n\n\n\n<p>10 maja na orliku w Boguchwale odby\u0142 si\u0119 Fina\u0142 Gminny Igrzysk M\u0142odzie\u017cy Szkolnej w pi\u0142ce no\u017cnej ch\u0142opc\u00f3w. W finale znalaz\u0142y si\u0119 3 najlepsze dru\u017cyny, kt\u00f3re odnios\u0142y zwyci\u0119stwa w swoich p\u00f3\u0142fina\u0142ach gminnych. By\u0142y to zespo\u0142y z Woli Zg\u0142obie\u0144skiej, Kielan\u00f3wki oraz Boguchwa\u0142y.<br>Sam fina\u0142 przy pi\u0119knej s\u0142onecznej pogodzie obfitowa\u0142 ciekawymi i zaci\u0119tymi spotkaniami, z kt\u00f3rych zwyci\u0119sko wysz\u0142a dru\u017cyna ze Szko\u0142y Podstawowej w Boguchwale.<\/p>\n\n\n\n<p>Wyniki spotka\u0144:<br>SP Wola Zg\u0142obie\u0144ska \u2013 SP Boguchwa\u0142a \u2013 1-3<br>SP Wola Zg\u0142obie\u0144ska \u2013 SP Kielan\u00f3wka \u2013 12-1<br>SP Kielan\u00f3wka \u2013 SP Boguchwa\u0142a \u2013 2-11<\/p>\n\n\n\n<p>Szko\u0142\u0119 reprezentowali: Jakub Mackiewicz, Adrian Tobiasz, Szymon Cios, Kacper Paluch, Daniele Witek, Sebastian Szczepan, Olaf Drozd i Arkadiusz Czudec.<br>Opiekunem dru\u017cyny by\u0142 p. Artur Bilski.<\/p>\n\n\n\n<p>Wielkie gratulacje dla ch\u0142opak\u00f3w i \u017cyczymy sukces\u00f3w na dalszym etapie rozgrywek. Powodzenia!! &#x1f642;<\/p>\n\n\n\nngg_shortcode_8_placeholder\n\n\n\n<p class=\"has-medium-font-size\"><strong><span style=\"color:#e90417\" class=\"has-inline-color\">II MIEJSCE W FINALE IGRZYSK DZIECI W MINI PI\u0141CE NO\u017bNEJ NA SZCZEBLU GMINNYM<\/span><\/strong><\/p>\n\n\n\n<p id=\"block-c205c673-b2ed-47c5-b771-4899ecad3de8\">W czwartek, 19 maja, zosta\u0142 rozegrany fina\u0142 gminny IGRZYSK DZIECI w mini pi\u0142ce no\u017cnej. Bardzo dobrze spisa\u0142a si\u0119 reprezentacja naszej szko\u0142y zajmuj\u0105c II miejsce. W finale zmierzy\u0142y si\u0119 najlepsze dru\u017cyny, kt\u00f3re wygra\u0142y swoje p\u00f3\u0142fina\u0142y. By\u0142y to szko\u0142y z Boguchwa\u0142y, Niechobrza Nr 1 oraz Nos\u00f3wki. W pierwszym meczu uczniowie z Niechobrza pokonali koleg\u00f3w z Nos\u00f3wki 6:0, a&nbsp;w drugim ch\u0142opcy z Boguchwa\u0142y wygrali 8:0 z uczniami z Nos\u00f3wki.<br>W decyduj\u0105cym meczu po stracie bramki ju\u017c w pierwszej minucie, nasi zawodnicy musieli prze\u0142kn\u0105\u0107 pora\u017ck\u0119 ze szko\u0142\u0105 z Niechobrza O:1. Nale\u017cy zaznaczy\u0107, \u017ce Igrzyska Dzieci to rozgrywki klas 4-6, a reprezentacja naszej szko\u0142y sk\u0142ada\u0142a si\u0119 g\u0142\u00f3wnie z uczni\u00f3w klas V. Byli to: Hubert Strz\u0119pek, Maksymilian Kuter, Robert Tarsa\u0142a, Adam Gajdek, Mateusz Burdzi\u0144ski, Aleksander Ra\u0142owski, Mi\u0142osz Wo\u017aniak oraz Szymon Ry\u015b. Gratulacje dla ch\u0142opak\u00f3w.<br>Trenerem dru\u017cyny by\u0142 p. Artur Bilski.<\/p>\n\n\n\n<p id=\"block-21aeb07b-1d2a-4a29-a36f-3368b6830a87\">ngg_shortcode_9_placeholder<\/p>\n\n\n\n<p class=\"has-medium-font-size\"><strong><span style=\"color:#e90417\" class=\"has-inline-color\">TR\u00d3JB\u00d3J LA IGRZYSK DZIECI NA SZCZEBLU POWIATOWYM<\/span><\/strong><\/p>\n\n\n\n<p id=\"block-baeb6fbf-7beb-4e9d-af4b-79c3a15f1b17\">20 maja na stadionie Resovii zosta\u0142 rozegrany tr\u00f3jb\u00f3j LA (bieg na 60 m, skok w dal, rzut pi\u0142eczk\u0105 palantow\u0105) Igrzysk Dzieci dziewcz\u0105t i ch\u0142opc\u00f3w na szczeblu powiatowym. Reprezentacja naszej szko\u0142y pod opiek\u0105 p. Renaty Ludery i p. Artura Bilskiego zaj\u0119\u0142a bardzo wysokie miejsca w tych zawodach lekkoatletycznych.<br>Dziewczynki w sk\u0142adzie: Bernadetta Broda, Anna Moroz, Wiktoria Pustelny, Wiktoria Ry\u015b oraz Amelia Stolarska zaj\u0119\u0142y VI miejsce w powiecie (startowa\u0142o 12 szk\u00f3\u0142). Do podium zabrak\u0142o tylko i a\u017c 15 pkt.<br>Natomiast ch\u0142opcy po wyeliminowaniu przez opiekun\u00f3w b\u0142\u0119d\u00f3w technicznych w ostatnim momencie wskoczyli na podium zajmuj\u0105c III miejsce i tym samym zdobywaj\u0105c br\u0105zowy medal. Medali\u015bci to: Dawid Bojda, Rafa\u0142 Cie\u015blicki, Pawe\u0142 Garbowski, Adam Krawiec i Patryk Tobiasz.<br>Gratulujemy zawodnikom bardzo dobrych wynik\u00f3w.<\/p>\n\n\n\n<p id=\"block-87d35d63-b4e4-4c45-9e22-544c4de20b6c\">ngg_shortcode_10_placeholder<\/p>\n\n\n\n<p class=\"has-medium-font-size\"><span style=\"color:#e90417\" class=\"has-inline-color\"><strong>NASI BR\u0104ZOWI MEDALI\u015aCI W TR\u00d3JBOJU LA W POWIECIE!! <img loading=\"lazy\" decoding=\"async\" height=\"16\" width=\"16\" alt=\"&#x1f3c6;\" src=\"https:\/\/static.xx.fbcdn.net\/images\/emoji.php\/v9\/t17\/1.5\/16\/1f3c6.png\"><\/strong><img loading=\"lazy\" decoding=\"async\" height=\"16\" width=\"16\" alt=\"&#x1f949;\" src=\"https:\/\/static.xx.fbcdn.net\/images\/emoji.php\/v9\/tef\/1.5\/16\/1f949.png\"><\/span><\/p>\n\n\n\n<p id=\"block-b73ae61f-7bb4-46f0-a8a7-4b727685c902\">Brawa dla zawodnik\u00f3w &#x1f44f;<\/p>\n\n\n\n<p id=\"block-ba0ddee5-1a9c-4c61-af33-ba46aeacc7e4\">ngg_shortcode_11_placeholder<\/p>\n\n\n\n<p class=\"has-medium-font-size\"><strong><span style=\"color:#e90417\" class=\"has-inline-color\">SREBRNY MEDAL DLA FILIPA ROZBORSKIEGO!!<\/span><\/strong><\/p>\n\n\n\n<p id=\"block-97613292-6ef6-4e90-a76d-9daa35a3e489\">Mi\u0142o nam poinformowa\u0107, \u017ce Filip Rozborski z kl. IV a zdoby\u0142 srebrny medal na turnieju tenisowym do lat 12, odbywaj\u0105cym si\u0119 na kortach w Warszawie w dniach 21-23.05.2022r.&nbsp;<\/p>\n\n\n\n<p id=\"block-b8fbe5ee-749b-4fa9-b4fe-982f41cbaca3\">Brawo Filip!!<\/p>\n\n\n\n<p id=\"block-04e5f491-a75f-4e44-a903-9094977b783c\">ngg_shortcode_12_placeholder<\/p>\n\n\n\n<p class=\"has-medium-font-size\"><strong><span style=\"color:#e90417\" class=\"has-inline-color\">AWANS DO FINA\u0141U POWIATOWEGO IGRZYSK M\u0141ODZIE\u017bY SZKOLNEJ W PI\u0141CE NO\u017bNEJ CH\u0141OPC\u00d3W<\/span><\/strong><\/p>\n\n\n\n<p>31 maja odby\u0142 si\u0119 P\u00f3\u0142fina\u0142 Powiatowy w pi\u0142ce no\u017cnej ch\u0142opc\u00f3w w Igrzyskach M\u0142odzie\u017cy Szkolnej. Zwyci\u0119stwo w tych rozgrywkach i awans do fina\u0142u uzyska\u0142a dru\u017cyna z naszej szko\u0142y. <br>Wielkie gratulacje dla ch\u0142opak\u00f3w. \u017byczymy powodzenia w finale!! <img loading=\"lazy\" decoding=\"async\" height=\"16\" width=\"16\" alt=\"&#x1f642;\" src=\"https:\/\/static.xx.fbcdn.net\/images\/emoji.php\/v9\/ta5\/1.5\/16\/1f642.png\"><\/p>\n\n\n\nngg_shortcode_13_placeholder\n\n\n\n<p class=\"has-medium-font-size\"><strong><span style=\"color:#e90417\" class=\"has-inline-color\">WICEMISTRZOSTWO W POWIECIE RZESZOWSKIM DLA NASZEJ SZKO\u0141Y W IGRZYSKACH M\u0141ODZIE\u017bY SZKOLNEJ PI\u0141KI NO\u017bNEJ CH\u0141OPC\u00d3W<\/span><\/strong><\/p>\n\n\n\n<p>W wielkim finale Igrzysk M\u0142odzie\u017cy Szkolnej w pi\u0142ce no\u017cnej ch\u0142opc\u00f3w, kt\u00f3ry odby\u0142 si\u0119 14 czerwca w Boguchwale, spotka\u0142y si\u0119 trzy najlepsze dru\u017cyny z p\u00f3\u0142fina\u0142\u00f3w powiatowych ze szk\u00f3\u0142 podstawowych z Dynowa, Trzebosi i Boguchwa\u0142y.<\/p>\n\n\n\n<p>Po bardzo wyr\u00f3wnanych meczach pe\u0142nych emocji, niewykorzystanych szans i sportowej rywalizacji, pierwsze miejsce zaj\u0119\u0142a Szko\u0142a Podstawowa z Dynowa z 4 punktami, drugie miejsce Szko\u0142a Podstawowa z Boguchwa\u0142y z 3 punktami i trzecie miejsce Szko\u0142a Podstawowa z Trzebosi z 1 punktem.<\/p>\n\n\n\n<p>Nasz\u0105 szko\u0142\u0119 reprezentowali: Wiktor Mazur, Sebastian Szczepan, Jakub Mackiewicz, Szymon Cios, Olaf Drozd, Piotr Dziekan, Kacper Paluch, Adrian Tobiasz, Daniele Witek i Arkadiusz Czudec. Opiekunem wice mistrzowskiej dru\u017cyny by\u0142 pan Artur Bilski.<\/p>\n\n\n\n<p>Wielkie gratulacje dla ch\u0142opak\u00f3w za osi\u0105gni\u0119ty wynik.<\/p>\n\n\n\nngg_shortcode_14_placeholder\n\n\n\n<p class=\"has-medium-font-size\"><strong><span style=\"color:#e90417\" class=\"has-inline-color\">WAKACYJNE SPORTOWE SUKCESY FILIPA ROZBORSKIEGO Z KL. 4A<\/span><\/strong><\/p>\n\n\n\n<p>III miejsce w grze pojedynczej w Og\u00f3lnopolskim Turnieju Tenisowym w Zabrzu w dniach 02-04 lipca 2022.<\/p>\n\n\n\n<p>Udzia\u0142 w turnieju Polska-Czechy w Ostravie pod patronatem Ministerstwa Sportu i Turystyki w dniach 25-27 lipca 2022.<\/p>\n\n\n\n<p>Br\u0105zowy medal w Og\u00f3lnopolskim turnieju do lat 12 w Stalowej Woli w dniach 8-10 sierpnia 2022.<\/p>\n\n\n\n<p>Ci\u0119\u017ckie treningi cz\u0119sto w ponad 30 stopniowym upale, wiele wyrzecze\u0144 i jest najwi\u0119kszy sukces w karierze m\u0142odego tenisisty \u2013 Filip zdobywa z\u0142oty medal w grze podw\u00f3jnej&nbsp;i srebrny w grze pojedynczej w Og\u00f3lnopolskim Turnieju Tenisowym w Bielsku-Bia\u0142ej odbywaj\u0105cym si\u0119 w dniach 19-21 sierpnia 2022.<\/p>\n\n\n\n<p>Serdecznie gratulujemy wszystkich osi\u0105gni\u0119\u0107!! &#x1f642;<\/p>\n\n\n\nngg_shortcode_15_placeholder\n","protected":false},"excerpt":{"rendered":"<p>VI BIEG BOGUCHWA\u0141A WIS\u0141OCZYSKO Blisko 200 uczestnik\u00f3w, w tym ponad setka dzieci wzi\u0119\u0142a udzia\u0142 w VI Biegu Boguchwa\u0142a Wis\u0142oczysko. Olbrzymich emocji dostarczy\u0142a rywalizacja dzieci i m\u0142odzie\u017cy, kt\u00f3re \u015bciga\u0142y si\u0119 wok\u00f3\u0142 budynku zabytkowego Spichlerza na Rynku Miejskim. Nie brakowa\u0142o wielkiej determinacji i zaanga\u017cowania, \u0142ez smutku, ale te\u017c wielkich chwil rado\u015bci.W\u015br\u00f3d startuj\u0105cych byli tak\u017ce nasi uczniowie, a&#8230;<\/p>\n","protected":false},"author":2,"featured_media":20993,"parent":0,"menu_order":0,"comment_status":"closed","ping_status":"closed","template":"","meta":{"ngg_post_thumbnail":0,"footnotes":""},"class_list":["post-21269","page","type-page","status-publish","has-post-thumbnail","hentry"],"_links":{"self":[{"href":"https:\/\/spboguchwala.pl\/index.php?rest_route=\/wp\/v2\/pages\/21269","targetHints":{"allow":["GET"]}}],"collection":[{"href":"https:\/\/spboguchwala.pl\/index.php?rest_route=\/wp\/v2\/pages"}],"about":[{"href":"https:\/\/spboguchwala.pl\/index.php?rest_route=\/wp\/v2\/types\/page"}],"author":[{"embeddable":true,"href":"https:\/\/spboguchwala.pl\/index.php?rest_route=\/wp\/v2\/users\/2"}],"replies":[{"embeddable":true,"href":"https:\/\/spboguchwala.pl\/index.php?rest_route=%2Fwp%2Fv2%2Fcomments&post=21269"}],"version-history":[{"count":8,"href":"https:\/\/spboguchwala.pl\/index.php?rest_route=\/wp\/v2\/pages\/21269\/revisions"}],"predecessor-version":[{"id":22902,"href":"https:\/\/spboguchwala.pl\/index.php?rest_route=\/wp\/v2\/pages\/21269\/revisions\/22902"}],"wp:featuredmedia":[{"embeddable":true,"href":"https:\/\/spboguchwala.pl\/index.php?rest_route=\/wp\/v2\/media\/20993"}],"wp:attachment":[{"href":"https:\/\/spboguchwala.pl\/index.php?rest_route=%2Fwp%2Fv2%2Fmedia&parent=21269"}],"curies":[{"name":"wp","href":"https:\/\/api.w.org\/{rel}","templated":true}]}}