{"id":21273,"date":"2022-05-10T20:54:59","date_gmt":"2022-05-10T20:54:59","guid":{"rendered":"http:\/\/spboguchwala.pl\/?page_id=21273"},"modified":"2022-05-10T20:54:59","modified_gmt":"2022-05-10T20:54:59","slug":"2020-2021-3","status":"publish","type":"page","link":"https:\/\/spboguchwala.pl\/?page_id=21273","title":{"rendered":"2020\/2021"},"content":{"rendered":"\n<p class=\"has-medium-font-size\"><strong><span style=\"color:#e71013\" class=\"has-inline-color\">NASZ UCZE\u0143, FILIP ROZBORSKI \u2013 M\u0141ODY WSPANIA\u0141Y TENISISTA<\/span><\/strong><\/p>\n\n\n\n<p>Filip Rozborski ucze\u0144 klasy 3a odni\u00f3s\u0142 kolejny sukces \u2013 III miejsce w kategorii zielonej w turnieju Tenisowe Fakro Cup. Tenis ziemny to pasja Filipa, a treningi sprawiaj\u0105 mu wiele przyjemno\u015bci &#x1f3be;&#x1f94e;&#x1f949;&#x1f3c6; Gratulujemy serdecznie i jeste\u015bmy bardzo dumni z naszego ucznia!!! &#x1f642;<\/p>\n\n\n\n<p>Tak trenuje Filip\u2026&nbsp;<a rel=\"noreferrer noopener\" href=\"https:\/\/www.facebook.com\/SPBoguchwala\/videos\/1363880067298547\" target=\"_blank\">https:\/\/www.facebook.com\/SPBoguchwala\/videos\/1363880067298547<\/a><\/p>\n\n\n\n<div class=\"wp-block-image\"><figure class=\"aligncenter size-large is-resized\"><img loading=\"lazy\" decoding=\"async\" src=\"https:\/\/spboguchwala.pl\/wp-content\/uploads\/2020\/12\/Filip1.jpg\" alt=\"\" class=\"wp-image-14207\" width=\"267\" height=\"356\" srcset=\"https:\/\/spboguchwala.pl\/wp-content\/uploads\/2020\/12\/Filip1.jpg 480w, https:\/\/spboguchwala.pl\/wp-content\/uploads\/2020\/12\/Filip1-225x300.jpg 225w\" sizes=\"auto, (max-width: 267px) 100vw, 267px\" \/><\/figure><\/div>\n\n\n\n<p><\/p>\n\n\n\n<p class=\"has-medium-font-size\"><strong><span style=\"color:#e71013\" class=\"has-inline-color\">II MIEJSCE W WOJEW\u00d3DZKIM TURNIEJU KLASYFIKACYJNYM W TENISIE ZIEMNYM FILIPA ROZBORSKIEGO Z KL. IIIA<\/span><\/strong><\/p>\n\n\n\n<p>Mi\u0142o nam poinformowa\u0107, \u017ce Filip Rozborski ucze\u0144 klasy 3a zaj\u0105\u0142 II miejsce w Wojew\u00f3dzkim Turnieju Klasyfikacyjnym w tenisie ziemnym w grze podw\u00f3jnej odbywaj\u0105cym si\u0119 na kortach tenisowych w Pabianicach w dniach 29-31.05.2021r. do lat 12.<br>Jest to szczeg\u00f3lnie mi\u0142a informacja, gdy\u017c ucze\u0144 naszej szko\u0142y by\u0142 jedynym 10 latkiem zakwalifikowanym do tego turnieju. Jeste\u015bmy bardzo dumni!! Wielkie gratulacje dla Filipa!!&nbsp;<\/p>\n\n\n\n<div class=\"wp-block-image\"><figure class=\"aligncenter size-large is-resized\"><img loading=\"lazy\" decoding=\"async\" src=\"https:\/\/spboguchwala.pl\/wp-content\/uploads\/2020\/12\/Filip-768x1024.jpg\" alt=\"\" class=\"wp-image-14206\" width=\"265\" height=\"353\" srcset=\"https:\/\/spboguchwala.pl\/wp-content\/uploads\/2020\/12\/Filip-768x1024.jpg 768w, https:\/\/spboguchwala.pl\/wp-content\/uploads\/2020\/12\/Filip-225x300.jpg 225w, https:\/\/spboguchwala.pl\/wp-content\/uploads\/2020\/12\/Filip-1152x1536.jpg 1152w, https:\/\/spboguchwala.pl\/wp-content\/uploads\/2020\/12\/Filip.jpg 1500w\" sizes=\"auto, (max-width: 265px) 100vw, 265px\" \/><\/figure><\/div>\n","protected":false},"excerpt":{"rendered":"<p>NASZ UCZE\u0143, FILIP ROZBORSKI \u2013 M\u0141ODY WSPANIA\u0141Y TENISISTA Filip Rozborski ucze\u0144 klasy 3a odni\u00f3s\u0142 kolejny sukces \u2013 III miejsce w kategorii zielonej w turnieju Tenisowe Fakro Cup. Tenis ziemny to pasja Filipa, a treningi sprawiaj\u0105 mu wiele przyjemno\u015bci &#x1f3be;&#x1f94e;&#x1f949;&#x1f3c6; Gratulujemy serdecznie i jeste\u015bmy bardzo dumni z naszego ucznia!!! &#x1f642; Tak trenuje Filip\u2026&nbsp;https:\/\/www.facebook.com\/SPBoguchwala\/videos\/1363880067298547 II MIEJSCE W&#8230;<\/p>\n","protected":false},"author":2,"featured_media":20993,"parent":0,"menu_order":0,"comment_status":"closed","ping_status":"closed","template":"","meta":{"ngg_post_thumbnail":0,"footnotes":""},"class_list":["post-21273","page","type-page","status-publish","has-post-thumbnail","hentry"],"_links":{"self":[{"href":"https:\/\/spboguchwala.pl\/index.php?rest_route=\/wp\/v2\/pages\/21273","targetHints":{"allow":["GET"]}}],"collection":[{"href":"https:\/\/spboguchwala.pl\/index.php?rest_route=\/wp\/v2\/pages"}],"about":[{"href":"https:\/\/spboguchwala.pl\/index.php?rest_route=\/wp\/v2\/types\/page"}],"author":[{"embeddable":true,"href":"https:\/\/spboguchwala.pl\/index.php?rest_route=\/wp\/v2\/users\/2"}],"replies":[{"embeddable":true,"href":"https:\/\/spboguchwala.pl\/index.php?rest_route=%2Fwp%2Fv2%2Fcomments&post=21273"}],"version-history":[{"count":1,"href":"https:\/\/spboguchwala.pl\/index.php?rest_route=\/wp\/v2\/pages\/21273\/revisions"}],"predecessor-version":[{"id":21274,"href":"https:\/\/spboguchwala.pl\/index.php?rest_route=\/wp\/v2\/pages\/21273\/revisions\/21274"}],"wp:featuredmedia":[{"embeddable":true,"href":"https:\/\/spboguchwala.pl\/index.php?rest_route=\/wp\/v2\/media\/20993"}],"wp:attachment":[{"href":"https:\/\/spboguchwala.pl\/index.php?rest_route=%2Fwp%2Fv2%2Fmedia&parent=21273"}],"curies":[{"name":"wp","href":"https:\/\/api.w.org\/{rel}","templated":true}]}}