{"id":21276,"date":"2022-05-10T21:01:21","date_gmt":"2022-05-10T21:01:21","guid":{"rendered":"http:\/\/spboguchwala.pl\/?page_id=21276"},"modified":"2022-05-10T21:01:22","modified_gmt":"2022-05-10T21:01:22","slug":"2019-2020-3","status":"publish","type":"page","link":"https:\/\/spboguchwala.pl\/?page_id=21276","title":{"rendered":"2019\/2020"},"content":{"rendered":"\n<p class=\"has-medium-font-size\"><strong><span style=\"color:#f10910\" class=\"has-inline-color\">UDANY WYST\u0118P NASZYCH SPORTOWC\u00d3W NA ZAWODACH POWIATOWYCH<\/span><\/strong><\/p>\n\n\n\n<p>19 wrze\u015bnia na stadionie Resovii w Rzeszowie odby\u0142 si\u0119 Fina\u0142 Powiatowych Igrzysk M\u0142odzie\u017cy Szkolnej- Indywidualne Mistrzostwa w Lekkiej Atletyce. Zawodnicy z poszczeg\u00f3lnych szk\u00f3\u0142 naszego powiatu rzeszowskiego mog\u0105 startowa\u0107 tylko w jednej konkurencji lekkoatletycznej. Szko\u0142\u0119 Podstawow\u0105 w Boguchwale reprezentowali:&nbsp;<strong>Kamil Panek<\/strong>\u2013<strong>3 miejsce<\/strong>-pchni\u0119cie kul\u0105,&nbsp;&nbsp;<strong>Rados\u0142aw Wanat-3 miejsce<\/strong>-rzut dyskiem&nbsp;<strong>i Bartosz Kornecki-4 miejsce&nbsp;<\/strong>bieg na 1000 metr\u00f3w( ucze\u0144 przegra\u0142 z trzecim zawodnikiem &nbsp;o d\u0142ugo\u015b\u0107 g\u0142owy). Gratulujemy zawodnikom i opiekunowi panu Mariuszowi Mi\u0105sikowi bardzo dobrych i wysokich miejsc.<\/p>\n\n\n\nngg_shortcode_0_placeholder\n\n\n\n<p class=\"has-medium-font-size\"><strong><span style=\"color:#f10910\" class=\"has-inline-color\">FANTASTYCZNY WYST\u0118P SZACHIST\u00d3W NA ZAWODACH POWIATOWYCH<\/span><\/strong><\/p>\n\n\n\n<p>W czwartek 24 pa\u017adziernika 2019 r. Szko\u0142a Podstawowa w Soko\u0142owie Ma\u0142opolskim organizowa\u0142a Powiatowe Igrzyska M\u0142odzie\u017cy Szkolnej w szachach dru\u017cynowych.<\/p>\n\n\n\n<p>W turnieju rywalizowa\u0142y ze sob\u0105 zwyci\u0119skie szko\u0142y z poszczeg\u00f3lnych gmin ca\u0142ego powiatu. W zawodach wspaniale zaprezentowali si\u0119 uczniowie ze Szko\u0142y Podstawowej w Boguchwale. Dru\u017cyna w sk\u0142adzie: Anna Ciura, Bart\u0142omiej Dziekan, Bartosz Kornecki i Rados\u0142aw Kami\u0144ski zdoby\u0142a ex aequo tyle samo punkt\u00f3w co pierwsza dru\u017cyna z G\u00f3rna, jednak trzy ma\u0142e punkty z bezpo\u015brednich spotka\u0144 da\u0142y nam ostatecznie&nbsp;<strong>2<\/strong>&nbsp;miejsce i awans&nbsp;<strong>do Fina\u0142u<\/strong>&nbsp;<strong>Wojew\u00f3dzkiego<\/strong>&nbsp;w Le\u017cajsku.<\/p>\n\n\n\n<p>Wielkie gratulacje dla zwyci\u0119skiej dru\u017cyny i opiekuna, pana Mariusz Mi\u0105sika.<\/p>\n\n\n\nngg_shortcode_1_placeholder\n\n\n\n<p class=\"has-medium-font-size\"><strong><span style=\"color:#f10910\" class=\"has-inline-color\">KOSZYKARZE Z SP BOGUCHWA\u0141A NAJLEPSI W GMINIE!!<\/span><\/strong><\/p>\n\n\n\n<p>Dnia 14 listopada 2019 roku w Szkole Podstawowej w Boguchwale rozegrany zosta\u0142 Fina\u0142 Gminnych Igrzysk M\u0142odzie\u017cy Szkolnej w koszyk\u00f3wce ch\u0142opc\u00f3w. Do turnieju awansowa\u0142y szko\u0142y, kt\u00f3re wygra\u0142y eliminacje w swoich grupach. Na sali gimnastycznej w Boguchwale rywalizowa\u0142y ze sob\u0105 dru\u017cyny z Woli Zg\u0142obie\u0144skiej, Nos\u00f3wki i Boguchwa\u0142y. Mecze ka\u017cdy z ka\u017cdym sta\u0142y na bardzo wysokim i zaci\u0119tym poziomie. Wygrywaj\u0105c wszystkie swoje mecze ch\u0142opcy z Boguchwa\u0142y zaj\u0119li ostatecznie pierwsze miejsce i awansowali do Fina\u0142u Powiatowego.<\/p>\n\n\n\n<p>Dru\u017cyna wyst\u0105pi\u0142a w sk\u0142adzie: Jakub Skoczylas, Micha\u0142 Rzepka, Hubert Rojek, Kamil Panek, Rados\u0142aw Wanat, Szymon Kr\u00f3l, Maksymilian Gola, Adrian Miku\u0142a, Mateusz Sikora, Aleksander Lew, Bartosz Kornecki. Opiekunem dru\u017cyny by\u0142 pan Mariusz Mi\u0105sik. Gratulujemy zwyci\u0119stwa i awansu.<\/p>\n\n\n\nngg_shortcode_2_placeholder\n\n\n\n<p class=\"has-medium-font-size\"><strong><span style=\"color:#f10910\" class=\"has-inline-color\">BARDZO WYSOKA LOKATA NASZYCH SZACHIST\u00d3W W P\u00d3\u0141FINALE WOJEW\u00d3DZKIM<\/span><\/strong><\/p>\n\n\n\n<p>W pi\u0105tek 15 listopada 2019 r. miasto Le\u017cajsk by\u0142o organizatorem P\u00f3\u0142fina\u0142u Wojew\u00f3dzkiego Igrzysk M\u0142odzie\u017cy Szkolnej w szachach dru\u017cynowych. Reprezentacja naszej szko\u0142y wywalczy\u0142a w turnieju wojew\u00f3dzkim bardzo wysokie \u2013 5 miejsce, chocia\u017c w klasyfikacji punktowej zdobyli\u015bmy tyle samo punkt\u00f3w co 4 dru\u017cyna turnieju (zadecydowa\u0142y ma\u0142e punkty). Nasza dru\u017cyna wyst\u0105pi\u0142a w sk\u0142adzie: Bart\u0142omiej Dziekan, Anna Ciura, Rados\u0142aw Kami\u0144ski i Bartosz Kornecki. Opiekunem by\u0142 pan Mariusz Mi\u0105sik.<\/p>\n\n\n\n<p>Zawodnikom nale\u017c\u0105 si\u0119 wielkie gratulacje za sukces i miejsce w turnieju tej rangi.<\/p>\n\n\n\nngg_shortcode_3_placeholder\n\n\n\n<p class=\"has-medium-font-size\"><strong><span style=\"color:#f10910\" class=\"has-inline-color\">POWIATOWE IGRZYSKA M\u0141ODZIE\u017bY SZKOLNEJ W KOSZYK\u00d3WCE<\/span><\/strong><\/p>\n\n\n\n<p>Zesp\u00f3\u0142 Szk\u00f3\u0142 w B\u0142a\u017cowej w dniu 22 listopada 2019 roku by\u0142 organizatorem Powiatowych Igrzysk M\u0142odzie\u017cy Szkolnej w koszyk\u00f3wce ch\u0142opc\u00f3w. Reprezentacja Szko\u0142y Podstawowej w Boguchwale po zaci\u0119tej rywalizacji ze szko\u0142ami z B\u0142a\u017cowej i Trzebosi ostatecznie zaj\u0119\u0142a w turnieju 3 miejsce. Dru\u017cyna wyst\u0105pi\u0142a w sk\u0142adzie: Jakub Skoczylas, Ksawery Kowalski, Micha\u0142 Rzepka, Rados\u0142aw Wanat, Hubert Rojek, Kamil Panek, Mateusz Sikora, Adrian Miku\u0142a, Szymon Kr\u00f3l, Aleksander Lew, Maksymilian Gola i Patryk Wo\u017aniak. Mimo, i\u017c awans do nast\u0119pnej rundy mia\u0142y zapewnione dwie pierwsze dru\u017cyny, gratulujemy zawodnikom udanego wyst\u0119pu.<\/p>\n\n\n\nngg_shortcode_4_placeholder\n\n\n\n<p class=\"has-medium-font-size\"><strong><span style=\"color:#f10910\" class=\"has-inline-color\">PODSUMOWANIE WSP\u00d3\u0141ZAWODNICTWA SPORTOWEGO DZIECI I  M\u0141ODZIE\u017bY ZA ROK SZKOLNY 2018\/2019 W POWIECIE RZESZOWSKIM<\/span><\/strong><\/p>\n\n\n\n<p>25 listopada w Starostwie Powiatowym w Rzeszowie odby\u0142o si\u0119 Podsumowanie Wsp\u00f3\u0142zawodnictwa Sportowego Dzieci i M\u0142odzie\u017cy za Rok Szkolny 2018\/2019 w Powiecie Rzeszowskim. Na spotkanie zaproszona zosta\u0142a uczennica klasy 7 Izabela Jachymek wraz z nauczycielem wychowania fizycznego, p. Renat\u0105 Luder\u0105. Izabela zosta\u0142a nagrodzona za zdobycie III miejsca w gimnastyce w Igrzyskach Dzieci w zawodach wojew\u00f3dzkich, nagrod\u0119 otrzyma\u0142a z r\u0105k wicestarosty Marka Sitarza. Gratulujemy i \u017cyczymy dalszych sukces\u00f3w sportowych!<\/p>\n\n\n\nngg_shortcode_5_placeholder\n\n\n\n<p class=\"has-medium-font-size\"><strong><span style=\"color:#f10910\" class=\"has-inline-color\">WYGRANA TENISIST\u00d3W ZE SZKO\u0141Y PODSTAWOWEJ W BOGUCHWALE<\/span><\/strong><\/p>\n\n\n\n<p>Szko\u0142a Podstawowa w Kielan\u00f3wce, 27 listopada by\u0142a organizatorem Gminnych Igrzysk M\u0142odzie\u017cy szkolnej w tenisie sto\u0142owym. Uczniowie klasy VIII B \u2013 Kamil Panek i Aleksander Lew, podopieczni pana Mariusza Mi\u0105sika wygrali zdecydowanie wszystkie swoje mecze, pokonuj\u0105c inne reprezentacje szk\u00f3\u0142 z gminy Boguchwa\u0142a. Zawodnicy zaj\u0119li tym samym pierwsze miejsce w dru\u017cynowym turnieju tenisa sto\u0142owego i awansowali do zawod\u00f3w powiatowych.<\/p>\n\n\n\n<p>Wielkie gratulacje dla naszych tenisist\u00f3w i podzi\u0119kowania dla pani Natalii Rokosz za opiek\u0119 i transport podczas zawod\u00f3w.<\/p>\n\n\n\nngg_shortcode_6_placeholder\n\n\n\n<p class=\"has-medium-font-size\"><strong><span style=\"color:#f10910\" class=\"has-inline-color\">BARDZO WYSOKA LOKATA TENISIST\u00d3W W FINALE POWIATU IMS<\/span><\/strong><\/p>\n\n\n\n<p>Szko\u0142a Podstawowa w Soko\u0142owie Ma\u0142opolskim w dniu 11 grudnia 2019 r. by\u0142a organizatorem Fina\u0142u Powiatowych Igrzysk M\u0142odzie\u017cy Szkolnej w Tenisie Sto\u0142owym ch\u0142opc\u00f3w. Do fina\u0142owego turnieju awansowa\u0142o 12 najlepszych szk\u00f3\u0142 powiatu rzeszowskiego. Zawody rozegrane zosta\u0142y systemem rosyjskim. Szko\u0142\u0119 Podstawow\u0105 w Boguchwale reprezentowali uczniowie klasy VIII \u2013 Kamil Panek i Aleksander Lew. Nasi zawodnicy zaj\u0119li ostatecznie 4 miejsce w turnieju przegrywaj\u0105c nieznacznie mecz o 3 miejsce ze Szko\u0142\u0105 Podstawow\u0105 z Krasnego. Gratulujemy uczniom i trenerowi panu Mariuszowi Mi\u0105sikowi bardzo dobrego wyst\u0119pu w zawodach tej rangi.<\/p>\n\n\n\nngg_shortcode_7_placeholder\n\n\n\n<p class=\"has-medium-font-size\"><strong><span style=\"color:#f10910\" class=\"has-inline-color\">PUCHAR TYMBARKU ZDECYDOWANIE DLA PI\u0141KARZY Z SP BOGUCHWA\u0141A<\/span><\/strong><\/p>\n\n\n\n<p>Szko\u0142a Podstawowa w Niechobrzu organizowa\u0142a w dniu 13 grudnia 2019 r. gminne eliminacje Og\u00f3lnopolskiego Turnieju Pi\u0142ki No\u017cnej \u201eZ podw\u00f3rka na stadion\u201d o puchar Tymbarku. Jest to ju\u017c 12 edycja zawod\u00f3w pod patronatem Polskiego Zwi\u0105zku Pi\u0142ki No\u017cnej. Reprezentacja klas V i VI ch\u0142opc\u00f3w (U-12) Szko\u0142y Podstawowej w Boguchwale, zaj\u0119\u0142a w zawodach&nbsp;<strong>pierwsze miejsce&nbsp;<\/strong>pewnie wygrywaj\u0105c z dru\u017cynami ze szk\u00f3\u0142 z Niechobrza i Lutory\u017ca. Wygrywaj\u0105c, zawodnicy zapewnili sobie udzia\u0142 w zawodach powiatowych.<\/p>\n\n\n\n<p>Dru\u017cyna wyst\u0105pi\u0142a w sk\u0142adzie: Paluch Kacper, Ry\u015b Szymon, Tobiasz Adrian, Dziekan Piotr, Hendzel Tymon, Cios Szymon, Czudec Arkadiusz, Wo\u017aniak Mi\u0142osz, Ko\u0142odziej Jakub, Duplaga Bartosz, Witek Daniele, Sitek Adrian. Gratulacje dla ca\u0142ej reprezentacji i trenera pana Mariusz Mi\u0105sika.<\/p>\n\n\n\nngg_shortcode_8_placeholder\n\n\n\n<p class=\"has-medium-font-size\"><strong><span style=\"color:#f10910\" class=\"has-inline-color\">IGRZYSKA DZIECI \u2013 KOSZYK\u00d3WKA CH\u0141OPC\u00d3W ZAWODY GMINNE<\/span><\/strong><\/p>\n\n\n\n<p>W ubieg\u0142bym tygodniu rozegrane zosta\u0142y zawody gminne&nbsp;w koszyk\u00f3wce ch\u0142opc\u00f3w w Igrzyskach Dzieci. Po zaci\u0119tej rywalizacji i wygranych meczach reprezentacja naszej szko\u0142y zaj\u0119\u0142a I miejsce, tym samym kwalifikuj\u0105c si\u0119 do zawod\u00f3w powiatowych. W B\u0142a\u017cowej rozegrane zosta\u0142y p\u00f3\u0142fina\u0142y powiatowe, w kt\u00f3rych uplasowali\u015bmy si\u0119 na II miejscu awansuj\u0105c do fina\u0142u powiatowego.<br>Dru\u017cyna wyst\u0105pi\u0142a w sk\u0142adzie: Tymoteusz Byjo\u015b, Wiktor Mazur, Sebastian Szczepan, Igor \u017bar\u00f3w, Bart\u0142omiej Szalacha, Kacper Grubman, Kacper Paluch, Jakub Mackiewicz, Adrian Tobiasz, Szymon Ziobro, Tymon Hendzel, Mi\u0142osz Wo\u017aniak, Karol Rz\u0105sa.<\/p>\n\n\n\nngg_shortcode_9_placeholder\n\n\n\n<p class=\"has-medium-font-size\"><strong><span style=\"color:#f10910\" class=\"has-inline-color\">III MIEJSCE W FINALE POWIATOWYM &#8211; KOSZYK\u00d3WKA<\/span><\/strong><\/p>\n\n\n\nngg_shortcode_10_placeholder\n\n\n\n<p class=\"has-medium-font-size\"><strong><span style=\"color:#f10910\" class=\"has-inline-color\">SIATKARZE ZE SZKO\u0141Y PODSTAWOWEJ W BOGUCHWALE NAJLEPSI W GMINIE<\/span><\/strong><\/p>\n\n\n\n<p>Fina\u0142 Gminnych Igrzysk M\u0142odzie\u017cy Szkolnej w pi\u0142ce siatkowej ch\u0142opc\u00f3w rozegrany zosta\u0142 we wtorek, 18 lutego 2020r. w Szkole Podstawowej w Boguchwale. Zawodnicy \u2013 uczniowie klas VIII z Boguchwa\u0142y zdecydowanie wygrali zawody pokonuj\u0105c kolejno reprezentacje SP z Woli Zg\u0142obie\u0144skiej 2:0 i dru\u017cyn\u0119 SP z Kielan\u00f3wki 2:1. Reprezentacja ch\u0142opc\u00f3w z Boguchwa\u0142y wygrywaj\u0105c turniej zapewni\u0142a sobie tym samym awans do zawod\u00f3w powiatowych.<\/p>\n\n\n\n<p>Zawodnicy wyst\u0105pili w sk\u0142adzie: Kowalski Ksawery, Skoczylas Jakub, Wanat Rados\u0142aw, Lew Aleksander, Kr\u00f3l Szymon, Panek Kamil, Rojek Hubert, Sikora Mateusz i Miku\u0142a Adrian. Trenerem dru\u017cyny by\u0142 pan Mariusz Mi\u0105sik.<\/p>\n\n\n\n<p>Szczeg\u00f3lne podzi\u0119kowania nale\u017c\u0105 si\u0119 r\u00f3wnie\u017c panu Damianowi Skowronowi, w\u0142a\u015bcicielowi Firmy Budowlanej z Boguchwa\u0142y za zakup markowych stroj\u00f3w sportowych dla naszych dziewcz\u0105t i ch\u0142opc\u00f3w, w kt\u00f3rych z powodzeniem zadebiutowali po raz pierwszy na zawodach.<\/p>\n\n\n\nngg_shortcode_11_placeholder\n\n\n\n<p class=\"has-medium-font-size\"><strong><span style=\"color:#f10910\" class=\"has-inline-color\">SIATKARZE Z SP BOGUCHWA\u0141A NA III MIEJSCU W ZAWODACH POWIATOWYCH<\/span><\/strong><\/p>\n\n\n\n<p>Zesp\u00f3\u0142 Szk\u00f3\u0142 w Tyczynie 21 lutego by\u0142 organizatorem P\u00f3\u0142fina\u0142u Powiatowego Igrzysk M\u0142odzie\u017cy Szkolnej w pi\u0142ce siatkowej ch\u0142opc\u00f3w. W zawodach udzia\u0142 wzi\u0119\u0142o 5 szk\u00f3\u0142 z powiatu rzeszowskiego: SP Tyczyn, SP Lubenia, SP Futoma, SP Trzciana i SP Boguchwa\u0142a. Turniej rozegrano systemem \u201eka\u017cdy z ka\u017cdym\u201d. Po bardzo wyr\u00f3wnanych pojedynkach i przegranych przez nasz zesp\u00f3\u0142 dw\u00f3ch spotka\u0144 w tie breaku, ostatecznie dru\u017cyna Szko\u0142y Podstawowej w Boguchwale zaj\u0119\u0142a 3 miejsce. Awans do nast\u0119pnej tury rozgrywek mia\u0142y zapewnione dru\u017cyny z miejsc 1 i 2.<\/p>\n\n\n\n<p>Gratulujemy zespo\u0142owi w sk\u0142adzie: Kowalski Ksawery, Skoczylas Jakub, Wanat Rados\u0142aw, Lew Aleksander, Kr\u00f3l Szymon, Panek Kamil, Rojek Hubert, Sikora Mateusz, Miku\u0142a Adrian i trenerowi dru\u017cyny panu Mariuszowi Mi\u0105sikowi bardzo udanego i wyczerpuj\u0105cego wyst\u0119pu.<\/p>\n\n\n\nngg_shortcode_12_placeholder\n\n\n\n<p class=\"has-medium-font-size\"><strong><span style=\"color:#f10910\" class=\"has-inline-color\">FINA\u0141 POWIATOWY TYMBARK \u201dZ PODW\u00d3RKA NA STADION\u201d<\/span><\/strong><\/p>\n\n\n\n<p>Hala Sportowa WSIiZ w Kielnarowej by\u0142a miejscem, w kt\u00f3rym rozegrano w dniu 26 lutego 2020 r. Fina\u0142 Powiatowy Og\u00f3lnopolskiego Turnieju Pi\u0142ki No\u017cnej Tymbark \u201eZ podw\u00f3rka na stadion\u201d. Reprezentacja Szko\u0142y Podstawowej w Boguchwale, kt\u00f3ra startowa\u0142a w kategorii U-12 zaj\u0119\u0142a w zawodach 4 miejsce po bardzo zaci\u0119tej rywalizacji. Ch\u0142opcy z rocznika 2008, 2009 wyst\u0105pili w nast\u0119puj\u0105cym sk\u0142adzie: Kacper Paluch, Szymon Cios, Adrian Tobiasz, Piotr Dziekan, Szymon Ry\u015b, Tymon Hendzel, Daniele Witek i Bartosz Duplaga. Trener dru\u017cyny pan Mariusz Mi\u0105sik. Poni\u017cej kilka zdj\u0119\u0107 z zawod\u00f3w.<\/p>\n\n\n\nngg_shortcode_13_placeholder\n\n\n\n<p class=\"has-medium-font-size\"><strong><span style=\"color:#f10910\" class=\"has-inline-color\">SZKO\u0141A PODSTAWOWA W BOGUCHWALE Z WYSOKIM WYNIKIEM W WOJEW\u00d3DZKICH ZAWODACH \u0141Y\u017bWIARSKICH<\/span><\/strong><\/p>\n\n\n\n<p>Lodowisko Arena Sanok w dniu 3 marca 2020 roku by\u0142o miejscem, gdzie przeprowadzony zosta\u0142&nbsp;<strong>Fina\u0142<\/strong>&nbsp;<strong>Wojew\u00f3dzkich Igrzysk Dzieci<\/strong>&nbsp;w \u0142y\u017cwiarstwie. W zawodach udzia\u0142 wzi\u0119\u0142o 40 dru\u017cyn dziewcz\u0105t i ch\u0142opc\u00f3w z 20 szk\u00f3\u0142 wojew\u00f3dztwa podkarpackiego. Reprezentacja Szko\u0142y Podstawowej im. gen. Stanis\u0142awa Maczka w Boguchwale wywalczy\u0142a bardzo wysokie&nbsp;<strong>10 miejsce<\/strong>&nbsp;w wojew\u00f3dztwie przegrywaj\u0105c jedynie z trenuj\u0105cymi szko\u0142ami z Sanoka i D\u0119bicy. Nadmieni\u0107 nale\u017cy r\u00f3wnie\u017c, \u017ce uczniowie nasi startuj\u0105 w tych zawodach nieprzerwanie od czasu kiedy w Boguchwale powsta\u0142o lodowisko, a zaj\u0119cia z \u0142y\u017cwiarstwa znalaz\u0142y si\u0119 na sta\u0142e w programie zaj\u0119\u0107 z wychowania fizycznego. Wielkie gratulacje dla dru\u017cyny, kt\u00f3ra wyst\u0105pi\u0142a w sk\u0142adzie: Pardus Nikola, Sadecka Alicja, Strz\u0119pek Aleksandra, Mazur Wiktor, Ry\u015b Szymon, Bedli\u0144ski Rados\u0142aw, Mackiewicz Jakub; trener pan Mariusz Mi\u0105sik.<\/p>\n\n\n\nngg_shortcode_14_placeholder\n\n\n\n<p class=\"has-medium-font-size\"><strong><span style=\"color:#f10910\" class=\"has-inline-color\">WIELKI SUKCES \u0141Y\u017bWIAREK ZE SZKO\u0141Y PODSTAWOWEJ W BOGUCHWALE<\/span><\/strong><\/p>\n\n\n\n<p>W czwartek 5 marca 2020 r. na lodowisku ARENA w Sanoku przeprowadzony zosta\u0142 FINA\u0141 WOJEW\u00d3DZKI Igrzysk M\u0142odzie\u017cy Szkolnej w \u0142y\u017cwiarstwie. W zawodach udzia\u0142 wzi\u0119\u0142y 32 reprezentacje dziewcz\u0105t i ch\u0142opc\u00f3w klas VII i VIII ze szk\u00f3\u0142 wojew\u00f3dztwa podkarpackiego. Rewelacyjny wyst\u0119p zanotowa\u0142y zawodniczki Szko\u0142y Podstawowej im. gen. Stanis\u0142awa Maczka w Boguchwale. Uzyska\u0142y w sztafetach eliminacyjnych bardzo dobre czasy i awansowa\u0142y tym samym do wy\u015bcig\u00f3w dodatkowych (4 okr\u0105\u017cenia) zarezerwowanych dla najlepszych o\u015bmiu zespo\u0142\u00f3w. W finale ostatecznie wywalczyli\u015bmy 7 miejsce. W historii start\u00f3w jest to najlepszy wynik uzyskany przez naszych uczni\u00f3w. Dziewcz\u0119ta wyst\u0105pi\u0142y w nast\u0119puj\u0105cym sk\u0142adzie: Oliwia Pociask, Aleksandra P\u0105czkowska, Oliwia Wolan, Milena Szudrowicz. Reprezentacja ch\u0142opc\u00f3w w sk\u0142adzie: Maksymilian Gola, Jakub Pola\u0144ski, Jakub Kluz uplasowa\u0142a si\u0119 na 12 miejscu. Wszystkim startuj\u0105cym i trenerowi panu Mariuszowi Mi\u0105sikowi nale\u017c\u0105 si\u0119 wielkie gratulacje.<\/p>\n\n\n\nngg_shortcode_15_placeholder\n","protected":false},"excerpt":{"rendered":"<p>UDANY WYST\u0118P NASZYCH SPORTOWC\u00d3W NA ZAWODACH POWIATOWYCH 19 wrze\u015bnia na stadionie Resovii w Rzeszowie odby\u0142 si\u0119 Fina\u0142 Powiatowych Igrzysk M\u0142odzie\u017cy Szkolnej- Indywidualne Mistrzostwa w Lekkiej Atletyce. Zawodnicy z poszczeg\u00f3lnych szk\u00f3\u0142 naszego powiatu rzeszowskiego mog\u0105 startowa\u0107 tylko w jednej konkurencji lekkoatletycznej. Szko\u0142\u0119 Podstawow\u0105 w Boguchwale reprezentowali:&nbsp;Kamil Panek\u20133 miejsce-pchni\u0119cie kul\u0105,&nbsp;&nbsp;Rados\u0142aw Wanat-3 miejsce-rzut dyskiem&nbsp;i Bartosz Kornecki-4 miejsce&nbsp;bieg na&#8230;<\/p>\n","protected":false},"author":2,"featured_media":20993,"parent":0,"menu_order":0,"comment_status":"closed","ping_status":"closed","template":"","meta":{"ngg_post_thumbnail":0,"footnotes":""},"class_list":["post-21276","page","type-page","status-publish","has-post-thumbnail","hentry"],"_links":{"self":[{"href":"https:\/\/spboguchwala.pl\/index.php?rest_route=\/wp\/v2\/pages\/21276","targetHints":{"allow":["GET"]}}],"collection":[{"href":"https:\/\/spboguchwala.pl\/index.php?rest_route=\/wp\/v2\/pages"}],"about":[{"href":"https:\/\/spboguchwala.pl\/index.php?rest_route=\/wp\/v2\/types\/page"}],"author":[{"embeddable":true,"href":"https:\/\/spboguchwala.pl\/index.php?rest_route=\/wp\/v2\/users\/2"}],"replies":[{"embeddable":true,"href":"https:\/\/spboguchwala.pl\/index.php?rest_route=%2Fwp%2Fv2%2Fcomments&post=21276"}],"version-history":[{"count":1,"href":"https:\/\/spboguchwala.pl\/index.php?rest_route=\/wp\/v2\/pages\/21276\/revisions"}],"predecessor-version":[{"id":21277,"href":"https:\/\/spboguchwala.pl\/index.php?rest_route=\/wp\/v2\/pages\/21276\/revisions\/21277"}],"wp:featuredmedia":[{"embeddable":true,"href":"https:\/\/spboguchwala.pl\/index.php?rest_route=\/wp\/v2\/media\/20993"}],"wp:attachment":[{"href":"https:\/\/spboguchwala.pl\/index.php?rest_route=%2Fwp%2Fv2%2Fmedia&parent=21276"}],"curies":[{"name":"wp","href":"https:\/\/api.w.org\/{rel}","templated":true}]}}