{"id":23085,"date":"2022-09-06T19:21:00","date_gmt":"2022-09-06T19:21:00","guid":{"rendered":"http:\/\/spboguchwala.pl\/?page_id=23085"},"modified":"2023-06-16T20:39:18","modified_gmt":"2023-06-16T20:39:18","slug":"2022-2023-2","status":"publish","type":"page","link":"https:\/\/spboguchwala.pl\/?page_id=23085","title":{"rendered":"2022\/2023"},"content":{"rendered":"\n<p class=\"has-medium-font-size\"><strong><span style=\"color:#e41028\" class=\"has-inline-color\">Szkolny konkurs plastyczny \u201eBombka choinkowa\u201d \u2013 wyniki<\/span><\/strong><\/p>\n\n\n\n<p>Pragniemy og\u0142osi\u0107 zwyci\u0119zc\u00f3w&nbsp;<strong>konkursu plastycznego BOMBKA CHOINKOWA<\/strong>! Wybranie tych najpi\u0119kniejszych bombek spo\u015br\u00f3d 61, kt\u00f3re trafi\u0142y do koordynator\u00f3w konkursu, by\u0142o nie lada wyzwaniem!<\/p>\n\n\n\n<p>Po d\u0142ugich naradach jury w sk\u0142adzie Pani Wicedyrektor Magdalena Kami\u0144ska-St\u0105cel, Pani Natalia Popieliushko i Pan Dominik Czyrny, postanowi\u0142o nagrodzi\u0107 uczestnik\u00f3w w poszczeg\u00f3lnych kategoriach.<\/p>\n\n\n\n<p><strong>Kategoria&nbsp;<u>klasy 1-3<\/u><\/strong>&nbsp;(zg\u0142oszonych 42 prace)<br>I MIEJSCE:<br>\u2013 Lena Mielniczuk (klasa 1c)<br>\u2013 Zuzanna Kornecka (klasa 2a)<br>\u2013 Filip Kulawiuk (klasa 3a)<br>\u2013 Dawid Piela (klasa 3b)<br>II MIEJSCE:<br>\u2013 Kamil Karwat (klasa 1a)<br>\u2013 Lena Dragan (klasa 2a)<br>\u2013 Paulina Serafin (klasa 2c)<br>III MIEJSCE:<br>\u2013 Amelia Ha\u015bko (klasa 1b)<br>\u2013 Lena Skowron (klasa 2b)<br>\u2013 Nina Szpecht (klasa 2c)<br>Wyr\u00f3\u017cnienia:<br>\u2013 Nazar Bura (klasa 1a)<br>\u2013 Mieszko Ra\u0142owski (klasa 1c)<br>\u2013 Anna Jaksan (klasa 2a)<br>\u2013 Igor W\u0142adyka (klasa 2a)<br>\u2013 Daria Majka (klasa 2c)<br>\u2013 Filip Wi\u0105cek (klasa 3b)<\/p>\n\n\n\n<p><strong>Kategoria&nbsp;<u>klasy 4-6<\/u><\/strong>&nbsp;(zg\u0142oszonych 16 prac)<br>I MIEJSCE:<br>\u2013 Oliwia K\u0105kol (klasa 5b)<br>\u2013 Laura \u017by\u0142a (klasa 6a)<br>II MIEJSCE:<br>\u2013 Wiktoria Ry\u015b (klasa 5a)<br>III MIEJSCE:<br>\u2013 Sara Szczepan (klasa 5c)<br>Wyr\u00f3\u017cnienie:<br>\u2013 Mateusz Dziedzic (klasa 4b)<\/p>\n\n\n\n<p><strong>Kategoria&nbsp;<u>klasy 7-8<\/u><\/strong>&nbsp;(zg\u0142oszonych 3 prace)<br>I MIEJSCE:<br>\u2013 Oliwia Dziedzic (klasa 8a)<br>\u2013 Weronika Kozicka (klasa 8a)<br>\u2013 Maciej Chutkowski (klasa 8c)<\/p>\n\n\n\n<p><strong>ZWYCI\u0118ZCOM SERDECZNIE GRATULUJEMY, A WSZYSTKIM UCZNIOM DZI\u0118KUJEMY ZA UDZIA\u0141 W KONKURSIE.<\/strong><\/p>\n\n\n\n<p><strong><u>Nagrody g\u0142\u00f3wne i wyr\u00f3\u017cnienia ufundowane przez RAD\u0118 RODZIC\u00d3W<\/u>, zostan\u0105 wr\u0119czone uczniom podczas Koncertu Bo\u017conarodzeniowego w czwartek, 22 grudnia 2022r.<\/strong>&nbsp;Dla pozosta\u0142ych uczestnik\u00f3w zosta\u0142y przygotowane nagrody pocieszenia, kt\u00f3re wr\u0119cz\u0105 wychowawcy w klasach.<\/p>\n\n\n\n<p>Koordynatorzy: p. Agata Drogo\u0144-Mul i p. Bo\u017cena Materna<\/p>\n\n\n\nngg_shortcode_0_placeholder\n\n\n\n<p class=\"has-medium-font-size\"><strong><span style=\"color:#e41028\" class=\"has-inline-color\">Wyniki w SZKOLNYM KONKURSIE \u201eWIELKANOCNA OZDOBA 2023\u201d<\/span><\/strong><\/p>\n\n\n\n<p>W dniu 30.03.2023r. nast\u0105pi\u0142o rozstrzygni\u0119cie Szkolnego Konkursu \u201eWielkanocna Ozdoba 2023\u201d. <br>Na konkurs w terminie z\u0142o\u017cono 32 prace, z czego przewa\u017ca\u0142y prace w kategorii kl. I \u2013 III. Wszystkie z\u0142o\u017cone prace by\u0142y bardzo pi\u0119kne i przekazuj\u0105ce tradycje wielkanocne. Komisja konkursowa przy wyborze prac kierowa\u0142a si\u0119 za\u0142o\u017ceniami zawartymi w regulaminie; min. zgodno\u015b\u0107 tre\u015bci i formy z tradycj\u0105 i przeznaczeniem, estetyka i zastosowanie naturalnych materia\u0142\u00f3w, oryginalno\u015b\u0107 i walory artystyczne.<\/p>\n\n\n\n<p>Wyniki konkursu:<br>Kategoria kl. I \u2013 III:<br>I miejsce: Nina Kulanica kl. III a, Milena Jachyra kl. II b<br>II miejsce: Tymoteusz Kornak kl. II c, Szymon Szalacha kl. I c<br>III miejsce: Jan Pola\u0144ski kl. I b, Zofia W\u0142odyka kl. III b<br>Wyr\u00f3\u017cnienia: Lena Skowron kl. II b, \u0141ucja Pociask kl. I c, Zuzanna Kornecka kl. II a<\/p>\n\n\n\n<p>Kategoria kl. IV \u2013 VIII:<br>I miejsce: Szymon Ty\u015bnicki kl. VI b<br>II miejsce: Mateusz Dziedzic kl. IV b<br>III miejsce: Oliwia K\u0105kol kl. V b<br>Wyr\u00f3\u017cnienia: Maciej Chutkowski kl. VIII c, Jerzy Chru\u015bciel kl. IV c<\/p>\n\n\n\n<p>Serdecznie gratulujemy zaanga\u017cowania i kreatywno\u015bci wszystkim bior\u0105cym udzia\u0142 w konkursie.<br>Dyplomy okoliczno\u015bciowe i nagrody ufundowane przez Rad\u0119 Rodzic\u00f3w, zostan\u0105 wr\u0119czone podczas Akademii z okazji 232 rocznicy uchwalenia Konstytucji 3 Maja. Ka\u017cdy uczestnik otrzyma\u0142 pozytywn\u0105 uwag\u0119 za udzia\u0142 w konkursie.<\/p>\n\n\n\nngg_shortcode_1_placeholder\n\n\n\n<p class=\"has-medium-font-size\"><strong><span style=\"color:#e41028\" class=\"has-inline-color\">SZKOLNY KONKURS PI\u0118KNEGO CZYTANIA<\/span><\/strong><\/p>\n\n\n\n<p>27 marca komisja konkursowa wys\u0142ucha\u0142a 16 uczestnik\u00f3w (uczniowie klas I- III) szkolnego etapu konkursu. W zwi\u0105zku z tym, \u017ce poziom prezentacji tekst\u00f3w by\u0142 bardzo wysoki, ocena umiej\u0119tno\u015bci czytelniczych by\u0142a trudna.<\/p>\n\n\n\n<p>Po d\u0142ugiej naradzie jury og\u0142osi\u0142o nast\u0119puj\u0105ce wyniki:<\/p>\n\n\n\n<p>I miejsce: Dawid Piela kl. III b<br>II miejsce: Emilia Michalik kl. II b i Maja Oppenauer kl. I a<br>III miejsce: Weronika Pasieka kl. III a i Helena Witowicz kl. II b<br>Wyr\u00f3\u017cnienia: Karolina Serafin kl. II c i Arkadiusz Wojtu\u0144 kl. II a<\/p>\n\n\n\n<p>Wszystkim uczestnikom serdecznie gratulujemy.<\/p>\n\n\n\n<p>Serdecznie dzi\u0119kujemy sponsorom za ufundowanie ksi\u0105\u017cek oraz Radzie Rodzic\u00f3w za przyznanie \u015brodk\u00f3w pieni\u0119\u017cnych na zakup nagr\u00f3d dla uczestnik\u00f3w konkursu.<\/p>\n\n\n\nngg_shortcode_2_placeholder\n\n\n\n<p class=\"has-medium-font-size\"><strong><span style=\"color:#e41028\" class=\"has-inline-color\">Szkolny konkurs fizyczno-chemiczny \u2013 &#8222;Proste do\u015bwiadczenie fascynuj\u0105ce wyja\u015bnienie&#8221; &#8211; rozstrzygni\u0119ty<\/span><\/strong><\/p>\n\n\n\n<p>Oto zwyci\u0119zcy szkolnej edycji konkursu do\u015bwiadczalnego:I miejsce &#8211; Martyna Palak i Karolina S\u0142owik (PRZEWODNICTWO PR\u0104DU\/W\u0118\u017bE FARAONA)II miejsce &#8211; Emilia Weso\u0142owska i Weronika Kozicka (W\u0119druj\u0105ca woda\/Lampa lawowa)III miejsce ex aeqo: Katarzyna G\u0142\u00f3d (Figury Lichtenberga\/Spalanie dichromianu VI amonu) oraz Barbara Wi\u015bniewska (Ruchome zapa\u0142ki\/Jojo)Wyr\u00f3\u017cnienia: Roman Ageienko (Namagnesowane ig\u0142y\/Cukier) oraz Andrzej Murdza (Implozja\/Wulkan)Nasi uczniowie udowodnili, \u017ce eksperymentowanie to jeden z ciekawszych sposob\u00f3w uczenia si\u0119, a nauki \u015bcis\u0142e mog\u0105 by\u0107 bardzo interesuj\u0105ce. Gratulujemy pomys\u0142\u00f3w i \u017cyczymy niezapomnianych wra\u017ce\u0144 w dalszym odkrywaniu tajemnic wiedzy. Anna Bo\u017cek i Anna G\u00f3rka<\/p>\n\n\n\nngg_shortcode_3_placeholder\n\n\n\n<p class=\"has-medium-font-size\"><strong><span style=\"color:#e41028\" class=\"has-inline-color\">Szkolny konkurs fotograficzno-przyrodniczy \u201eWiosna w obiektywie\u201d<\/span><\/strong><\/p>\n\n\n\n<p>Nagrody rozdane! Prezentujemy laureat\u00f3w i uczestnik\u00f3w szkolnego konkursu fotograficzno-przyrodniczego dla klas IV \u2013 WIOSNA W OBIEKTYWIE.<br>I miejsce \u2013 Krystian Czernicki z kl. 4 b<br>II miejsce \u2013 Milena Karwat z kl. 4a<br>III miejsce \u2013 Maciej Oleniacz i Franciszek \u017bar\u00f3w z kl. 4b<br>Gratulujemy!<\/p>\n\n\n\nngg_shortcode_4_placeholder\n","protected":false},"excerpt":{"rendered":"<p>Szkolny konkurs plastyczny \u201eBombka choinkowa\u201d \u2013 wyniki Pragniemy og\u0142osi\u0107 zwyci\u0119zc\u00f3w&nbsp;konkursu plastycznego BOMBKA CHOINKOWA! Wybranie tych najpi\u0119kniejszych bombek spo\u015br\u00f3d 61, kt\u00f3re trafi\u0142y do koordynator\u00f3w konkursu, by\u0142o nie lada wyzwaniem! Po d\u0142ugich naradach jury w sk\u0142adzie Pani Wicedyrektor Magdalena Kami\u0144ska-St\u0105cel, Pani Natalia Popieliushko i Pan Dominik Czyrny, postanowi\u0142o nagrodzi\u0107 uczestnik\u00f3w w poszczeg\u00f3lnych kategoriach. Kategoria&nbsp;klasy 1-3&nbsp;(zg\u0142oszonych 42 prace)I&#8230;<\/p>\n","protected":false},"author":2,"featured_media":20990,"parent":0,"menu_order":0,"comment_status":"closed","ping_status":"closed","template":"","meta":{"ngg_post_thumbnail":0,"footnotes":""},"class_list":["post-23085","page","type-page","status-publish","has-post-thumbnail","hentry"],"_links":{"self":[{"href":"https:\/\/spboguchwala.pl\/index.php?rest_route=\/wp\/v2\/pages\/23085","targetHints":{"allow":["GET"]}}],"collection":[{"href":"https:\/\/spboguchwala.pl\/index.php?rest_route=\/wp\/v2\/pages"}],"about":[{"href":"https:\/\/spboguchwala.pl\/index.php?rest_route=\/wp\/v2\/types\/page"}],"author":[{"embeddable":true,"href":"https:\/\/spboguchwala.pl\/index.php?rest_route=\/wp\/v2\/users\/2"}],"replies":[{"embeddable":true,"href":"https:\/\/spboguchwala.pl\/index.php?rest_route=%2Fwp%2Fv2%2Fcomments&post=23085"}],"version-history":[{"count":8,"href":"https:\/\/spboguchwala.pl\/index.php?rest_route=\/wp\/v2\/pages\/23085\/revisions"}],"predecessor-version":[{"id":28953,"href":"https:\/\/spboguchwala.pl\/index.php?rest_route=\/wp\/v2\/pages\/23085\/revisions\/28953"}],"wp:featuredmedia":[{"embeddable":true,"href":"https:\/\/spboguchwala.pl\/index.php?rest_route=\/wp\/v2\/media\/20990"}],"wp:attachment":[{"href":"https:\/\/spboguchwala.pl\/index.php?rest_route=%2Fwp%2Fv2%2Fmedia&parent=23085"}],"curies":[{"name":"wp","href":"https:\/\/api.w.org\/{rel}","templated":true}]}}