{"id":23088,"date":"2022-09-06T19:23:15","date_gmt":"2022-09-06T19:23:15","guid":{"rendered":"http:\/\/spboguchwala.pl\/?page_id=23088"},"modified":"2023-06-14T17:57:24","modified_gmt":"2023-06-14T17:57:24","slug":"2022-2023-3","status":"publish","type":"page","link":"https:\/\/spboguchwala.pl\/?page_id=23088","title":{"rendered":"2022\/2023"},"content":{"rendered":"\n<p class=\"has-medium-font-size\"><strong><span style=\"color:#cb141a\" class=\"has-inline-color\">Powiatowy Konkurs Plastyczny \u2013 I miejsce<\/span><\/strong><\/p>\n\n\n\n<p>Uczennica kl. 7a naszej szko\u0142y \u2013 Adrianna Siorek, zdoby\u0142a 1 miejsce w Powiatowym Konkursie Plastycznym \u201eWanda Rutkiewicz \u2013 wybitna polska himalaistka i inne s\u0142ynne Polki na przestrzeni dziej\u00f3w\u201d, organizowanym przez Wojew\u00f3dzk\u0105 i Miejsk\u0105 Bibliotek\u0119 Publiczn\u0105 w Rzeszowie. To ju\u017c kolejny artystyczny sukces Ady. Serdecznie gratulujemy i \u017cyczymy dalszego rozwoju artystycznego.<\/p>\n\n\n\n<p>Szczeg\u00f3\u0142y:&nbsp;<a rel=\"noreferrer noopener\" href=\"https:\/\/www.facebook.com\/bibliotekaboguchwala\/posts\/pfbid02ZrS2FuDmUY5AMLd81hpkgxfbVwV15CpzABDtApG5GZMRHKCrhVj4gpt8grTWVoCpl\" target=\"_blank\">https:\/\/www.facebook.com\/bibliotekaboguchwala\/posts\/pfbid02ZrS2FuDmUY5AMLd81hpkgxfbVwV15CpzABDtApG5GZMRHKCrhVj4gpt8grTWVoCpl<\/a><\/p>\n\n\n\n<div class=\"wp-block-image\"><figure class=\"aligncenter size-large is-resized\"><img loading=\"lazy\" decoding=\"async\" src=\"https:\/\/spboguchwala.pl\/wp-content\/uploads\/2022\/11\/312618610_517443603726944_4725797081574713285_n-1024x473.jpg\" alt=\"\" class=\"wp-image-24583\" width=\"714\" height=\"330\" srcset=\"https:\/\/spboguchwala.pl\/wp-content\/uploads\/2022\/11\/312618610_517443603726944_4725797081574713285_n-1024x473.jpg 1024w, https:\/\/spboguchwala.pl\/wp-content\/uploads\/2022\/11\/312618610_517443603726944_4725797081574713285_n-300x139.jpg 300w, https:\/\/spboguchwala.pl\/wp-content\/uploads\/2022\/11\/312618610_517443603726944_4725797081574713285_n-768x355.jpg 768w, https:\/\/spboguchwala.pl\/wp-content\/uploads\/2022\/11\/312618610_517443603726944_4725797081574713285_n-1536x710.jpg 1536w, https:\/\/spboguchwala.pl\/wp-content\/uploads\/2022\/11\/312618610_517443603726944_4725797081574713285_n.jpg 2048w\" sizes=\"auto, (max-width: 714px) 100vw, 714px\" \/><\/figure><\/div>\n\n\n\n<p>Zdj\u0119cie \u2013 Gminna Biblioteka Publiczna w Boguchwale<\/p>\n\n\n\n<p class=\"has-medium-font-size\"><strong><span style=\"color:#cb141a\" class=\"has-inline-color\">Wyr\u00f3\u017cnienie dla naszej uczennicy w konkursie Urz\u0119du Marsz<\/span><\/strong><span style=\"color:#cb141a\" class=\"has-inline-color\"><strong>a\u0142kowskiego Wojew\u00f3dztwa Podkarpackiego na logo Unii R\u00f3wnych Szans<\/strong><\/span><\/p>\n\n\n\n<p>Mi\u0142o nam poinformowa\u0107, \u017ce uczennica kl. VIIIc, Anhelina Chernetska zdoby\u0142a wyr\u00f3\u017cnienie w konkursie na logo Unii R\u00f3wnych Szans organizowanym przez Urz\u0105d Marsza\u0142kowski Wojew\u00f3dztwa Podkarpackiego. Serdecznie gratulujemy!!&nbsp;<\/p>\n\n\n\n<p>Wyniki na stronie internetowej:&nbsp;<a rel=\"noreferrer noopener\" href=\"https:\/\/l.facebook.com\/l.php?u=https%3A%2F%2Fwww.rpo.podkarpackie.pl%2Findex.php%2Faktualnosci%2F2954-wyniki-konkursu-unia-rownych-szans%3Ffbclid%3DIwAR3Fzd12Hg2HFNg_CyKQhfA7wx30N262_Ts_o4JfMSDAUqfwBvP5CVtl5vw&amp;h=AT3DvzRq5XAhYb1VCDjA-OPAHIuiXkJZNAQiV7U5kQiyartDQyUN0LWVMeaffB48vlOT83IxW87RinWKsy4-Us6urMNn3WqJ9s2gV5Ve7kzHRWLwkm5PsJ_oJgzvkQ4aflzO&amp;__tn__=-UK-R&amp;c[0]=AT3vN21Lvt51gybDM_8CKt-BLIoD0RSQrXBHGMAXI0yPJ_jTCXuwcgiwhEFCuiiMaZOtdspZiWuDy39ahimpYvIR8RC7U_21O7K2sHhnHBtScj2RkgIR3JEVlGwycXq78D6TuLMwLBWGstVah_8SSG4lb1bGCA\" target=\"_blank\">https:\/\/www.rpo.podkarpackie.pl\/\u2026\/2954-wyniki-konkursu\u2026<\/a><\/p>\n\n\n\n<div class=\"wp-block-image\"><figure class=\"aligncenter size-large is-resized\"><img loading=\"lazy\" decoding=\"async\" src=\"https:\/\/spboguchwala.pl\/wp-content\/uploads\/2022\/12\/wyniki.jpg\" alt=\"\" class=\"wp-image-24956\" width=\"775\" height=\"296\" srcset=\"https:\/\/spboguchwala.pl\/wp-content\/uploads\/2022\/12\/wyniki.jpg 923w, https:\/\/spboguchwala.pl\/wp-content\/uploads\/2022\/12\/wyniki-300x114.jpg 300w, https:\/\/spboguchwala.pl\/wp-content\/uploads\/2022\/12\/wyniki-768x293.jpg 768w\" sizes=\"auto, (max-width: 775px) 100vw, 775px\" \/><\/figure><\/div>\n\n\n\n<p><\/p>\n\n\n\n<p class=\"has-medium-font-size\"><strong><span style=\"color:#cb141a\" class=\"has-inline-color\">Konkurs na najd\u0142u\u017cszy \u0142a\u0144cuch choinkowy \u2013 wyniki<\/span><\/strong><\/p>\n\n\n\n<p>W minion\u0105 niedziel\u0119, 11 grudnia, podczas Podkarpackiego&nbsp;Jarmarku Bo\u017conarodzeniowego w Miejskim Centrum Kultury w Boguchwale \u2013 uczniowie naszej szko\u0142y odebrali nagrody i wyr\u00f3\u017cnienia w \u201eKonkursie na najd\u0142u\u017cszy \u0142a\u0144cuch choinkowy\u201d.<br>Z tego miejsca gratulujemy serdecznie Lokalnemu O\u015brodkowi Kultury \u201eRazem\u201d w Niechobrzu, kt\u00f3ry wraz ze swoimi \u015bwietlicami zdoby\u0142 I miejsce.&nbsp;<br>Sukcesy naszych uczni\u00f3w:<br>\u2013 II miejsce dla ucznia Szczepana Hendzla wraz z kl. VIa,<br>\u2013 III miejsce \u2013 kl. IIb \u2013 wraz ze \u015bwietlic\u0105 prowadzon\u0105 przez MCK w Boguchwale \u2013 nagrod\u0119 odebra\u0142a uczennica Emilia Michalik,<br>\u2013 wyr\u00f3\u017cnienie dla kl. IVb za udzia\u0142 w konkursie \u2013 nagrod\u0119 odebra\u0142a uczennica Izabela Czudec wraz z p. Ann\u0105 Chru\u015bciel.&nbsp;<br>Zdj\u0119cia pochodz\u0105 od organizatora wydarzenia: Miejskiego Centrum Kultury w Boguchwale.<\/p>\n\n\n\nngg_shortcode_0_placeholder\n\n\n\n<p class=\"has-medium-font-size\"><strong><span style=\"color:#cb141a\" class=\"has-inline-color\">ROZSTRZYGNI\u0118CIE KONKURSU pt. \u201eSPACEREM PO MOJEJ OKOLICY\u201d<\/span><\/strong><\/p>\n\n\n\n<p>Serdecznie gratulujemy sukces\u00f3w uczennicom naszej szko\u0142y <img loading=\"lazy\" decoding=\"async\" height=\"16\" width=\"16\" alt=\"&#x1f642;\" src=\"https:\/\/static.xx.fbcdn.net\/images\/emoji.php\/v9\/ta5\/1.5\/16\/1f642.png\"><br>Kl. I-III: Zofia W\u0142odyka &#8211; wyr\u00f3\u017cnienie<br>Kl. IV-VI: Maja Guga\u0142a &#8211; I miejsce<br>Kl. VII-VIII: Adrianna Siorek &#8211; I miejsce i Anhelina Chernetska &#8211; II miejsce<br>Szczeg\u00f3\u0142y:&nbsp;<a rel=\"noreferrer noopener\" href=\"https:\/\/www.facebook.com\/100063839270697\/posts\/627663869371583\/\" target=\"_blank\">https:\/\/www.facebook.com\/100063839270697\/posts\/627663869371583\/<\/a><\/p>\n\n\n\n<div class=\"wp-block-image\"><figure class=\"aligncenter size-large is-resized\"><img loading=\"lazy\" decoding=\"async\" src=\"https:\/\/spboguchwala.pl\/wp-content\/uploads\/2023\/03\/konkurs-plastyczny-1024x724.jpg\" alt=\"\" class=\"wp-image-26845\" width=\"666\" height=\"470\" srcset=\"https:\/\/spboguchwala.pl\/wp-content\/uploads\/2023\/03\/konkurs-plastyczny-1024x724.jpg 1024w, https:\/\/spboguchwala.pl\/wp-content\/uploads\/2023\/03\/konkurs-plastyczny-300x212.jpg 300w, https:\/\/spboguchwala.pl\/wp-content\/uploads\/2023\/03\/konkurs-plastyczny-768x543.jpg 768w, https:\/\/spboguchwala.pl\/wp-content\/uploads\/2023\/03\/konkurs-plastyczny-1536x1086.jpg 1536w, https:\/\/spboguchwala.pl\/wp-content\/uploads\/2023\/03\/konkurs-plastyczny-2048x1448.jpg 2048w\" sizes=\"auto, (max-width: 666px) 100vw, 666px\" \/><\/figure><\/div>\n\n\n\n<p><\/p>\n\n\n\n<p class=\"has-medium-font-size\"><strong><span style=\"color:#cb141a\" class=\"has-inline-color\">SUKCESY NASZYCH UCZENNIC W KONKURSACH Z J\u0118ZYKA ANGIELSKIEGO<\/span><\/strong><\/p>\n\n\n\n<p>Mi\u0142o nam poinformowa\u0107 o sukcesach naszych uczennic w konkursach j\u0119zyka angielskiego.<br>31 marca w Zespole Szk\u00f3\u0142 w Kielan\u00f3wce odby\u0142 si\u0119 VII Gminny Konkurs J\u0119zyka Angielskiego dla klas VI szk\u00f3\u0142 podstawowych \u201eThe English challenge\u201d, kt\u00f3rego celem by\u0142o m. in. motywowanie uczni\u00f3w do nauki j\u0119zyka angielskiego, doskonalenie kompetencji j\u0119zykowych uczni\u00f3w, oswojenie uczni\u00f3w z form\u0105 konkurs\u00f3w i sprawdzian\u00f3w wiadomo\u015bci czy wzmacnianie poczucia w\u0142asnej warto\u015bci. Wzi\u0119li w nim udzia\u0142 przedstawiciele dziewi\u0119ciu szk\u00f3\u0142 z terenu gminy, a zwyci\u0119\u017cy\u0142a uczennica naszej szko\u0142y &#8211; Nadia Gawor z klasy VIa!<br>Natomiast 30 marca uczennica klasy VIIIc, Anhelina Chernetska zaj\u0119\u0142a II miejsce w konkursie \u201eWhat do you know about English-speaking countries?\u201d organizowanym przez Liceum Og\u00f3lnokszta\u0142c\u0105ce z Oddzia\u0142ami Dwuj\u0119zycznymi w Boguchwale pod patronatem Kuratorium O\u015bwiaty w Rzeszowie. Konkurs ten mia\u0142 na celu m. in. poznawanie dziedzictwa kulturowego Wielkiej Brytanii oraz Australii, zg\u0142\u0119bianie wszystkich aspekt\u00f3w \u017cycia w Wielkiej Brytanii oraz Australii czy zainteresowanie m\u0142odzie\u017cy wydarzeniami spo\u0142ecznymi, kulturalnymi, gospodarczymi oraz politycznymi kraj\u00f3w angloj\u0119zycznych.<br>Serdecznie gratulujemy i \u017cyczymy wielu dalszych sukces\u00f3w!<\/p>\n\n\n\nngg_shortcode_1_placeholder\n\n\n\n<p class=\"has-medium-font-size\"><strong><span style=\"color:#cb141a\" class=\"has-inline-color\">II GMINNY KONKURS &#8222;MATEMATYCZNY ESCAPE ROOM&#8221; \u2013 I MIEJSCE<\/span><\/strong><\/p>\n\n\n\n<p>Mi\u0142o nam poinformowa\u0107, \u017ce w Gminnym Konkursie \u201eMatematyczny Escape Room\u201d zorganizowanym przez Szko\u0142\u0119 Podstawow\u0105 w Lutory\u017cu, I miejsce zaj\u0119\u0142a trzyosobowa dru\u017cyna z naszej szko\u0142y w sk\u0142adzie: Lena Kabala kl. VI a, Maksymilian Kuter kl. VI b i Szymon Wilk kl. VI a.<br>Uczniowie, by odnale\u017a\u0107 klucz i wydosta\u0107 si\u0119 z escaperoomu, mieli za zadanie poprawnie i w jak najkr\u00f3tszym czasie rozwi\u0105za\u0107 szereg zagadek matematycznych, wykazuj\u0105c si\u0119 przy tym sprytem i kreatywno\u015bci\u0105.<br>Cieszymy si\u0119 i jeste\u015bmy bardzo dumni, \u017ce nasza dru\u017cyna spisa\u0142a si\u0119 na medal w tych matematycznych potyczkach!!<br>Opiekunami uczni\u00f3w by\u0142y panie: Monika Mla\u015b-Bieniasz i Renata Pierzcha\u0142a.<\/p>\n\n\n\nngg_shortcode_2_placeholder\n\n\n\n<p class=\"has-medium-font-size\"><strong><span style=\"color:#cb141a\" class=\"has-inline-color\">PODKARPACKI KONKURS POEZJI I PIOSENKI WIS\u0141AWY SZYMBORSKIEJ \u201eNic dwa razy si\u0119 nie zdarza\u2026\u201d<\/span><\/strong><\/p>\n\n\n\n<p>W dniu 11 maja 2023 roku w Rezydencji Literackiej w Boguchwale odby\u0142 si\u0119 Podkarpacki Konkurs Poezji i Piosenki Wis\u0142awy Szymborskiej \u201eNic dwa razy si\u0119 nie zdarza\u2026\u201d<br>Nasz\u0105 szko\u0142\u0119 reprezentowali: Pawe\u0142 Garbowski, Oliwia K\u0105kol, Emilia Mazur i Paulina Przywara.<br>Uczniowie z wielkim zaanga\u017cowaniem pracowali nad swoimi wyst\u0119pami. Szlifowali dykcj\u0119, emisj\u0119 g\u0142osu, interpretacj\u0119 oraz wyraz artystyczny.<\/p>\n\n\n\n<p>Tytu\u0142 LIDERA otrzyma\u0142a Emilia Mazur za interpretacj\u0119 wiersza pt. \u201eNiekt\u00f3rzy lubi\u0105 poezj\u0119\u201d.<\/p>\n\n\n\n<p>DRODZY UCZNIOWIE!!!<br>Gratulujemy WAM wspania\u0142ych wyst\u0119p\u00f3w i wielkiej odwagi oraz \u017cyczymy kolejnych sukces\u00f3w.<br>Jak si\u0119 okazuje i w naszej szkole \u201eniekt\u00f3rzy lubi\u0105 poezj\u0119\u201d.<\/p>\n\n\n\nngg_shortcode_3_placeholder\n\n\n\n<p class=\"has-medium-font-size\"><strong><span style=\"color:#cb141a\" class=\"has-inline-color\">WYNIKI WIELKIEGO TESTU O\u2026 GMINIE BOGUCHWA\u0141A<\/span><\/strong><\/p>\n\n\n\n<p>Brawa dla naszych nagrodzonych uczni\u00f3w:<br>\u2013 kl. IV-VI \u2013 Szymona Wilka, Pauliny Przywary i Szczepana Hendzla<br>\u2013 kl. VII-VIII \u2013 Emilii Wa\u017cnej \u2013 Nagroda Grand Prix oraz Andrzeja Murdzy i Barbary Wi\u015bniewskiej.<\/p>\n\n\n\n<p>Gratulujemy!&nbsp;<img loading=\"lazy\" decoding=\"async\" height=\"16\" width=\"16\" alt=\"&#x1f642;\" src=\"https:\/\/static.xx.fbcdn.net\/images\/emoji.php\/v9\/ta5\/1.5\/16\/1f642.png\"><img loading=\"lazy\" decoding=\"async\" height=\"16\" width=\"16\" alt=\"&#x1f44f;\" src=\"https:\/\/static.xx.fbcdn.net\/images\/emoji.php\/v9\/t57\/1.5\/16\/1f44f.png\"><\/p>\n\n\n\n<div class=\"wp-block-image\"><figure class=\"aligncenter size-large is-resized\"><img loading=\"lazy\" decoding=\"async\" src=\"https:\/\/spboguchwala.pl\/wp-content\/uploads\/2023\/05\/347227244_913341619732886_7927985096192398742_n-1024x752.jpg\" alt=\"\" class=\"wp-image-27926\" width=\"484\" height=\"355\" srcset=\"https:\/\/spboguchwala.pl\/wp-content\/uploads\/2023\/05\/347227244_913341619732886_7927985096192398742_n-1024x752.jpg 1024w, https:\/\/spboguchwala.pl\/wp-content\/uploads\/2023\/05\/347227244_913341619732886_7927985096192398742_n-300x220.jpg 300w, https:\/\/spboguchwala.pl\/wp-content\/uploads\/2023\/05\/347227244_913341619732886_7927985096192398742_n-768x564.jpg 768w, https:\/\/spboguchwala.pl\/wp-content\/uploads\/2023\/05\/347227244_913341619732886_7927985096192398742_n.jpg 1080w\" sizes=\"auto, (max-width: 484px) 100vw, 484px\" \/><\/figure><\/div>\n\n\n\n<p><\/p>\n\n\n\n<p class=\"has-medium-font-size\"><strong><span style=\"color:#cb141a\" class=\"has-inline-color\">Wyniki w Gminnym Konkursie Plastycznym \u201ePrzy\u0142apani na czytaniu\u2026 w Boguchwale\u201d<\/span><\/strong><\/p>\n\n\n\n<p id=\"block-3b1c8d5d-60ed-4815-917a-c159510b7ae2\">&#8211; kl. I-III &#8211; Jagoda Wawrzaszek \u2013 nagroda<br>&#8211; kl. IV-VI &#8211; Karol Pitera, Emilia Mazur i Ewa Wrzos \u2013 nagrody; Milena Karwat, Maja Kwiatkowska, Izabela Czudec, Jagoda Dyl\u0105g, Zofia Karnasiewicz i Marlena R\u00f3g &#8211; wyr\u00f3\u017cnienia<\/p>\n\n\n\n<p id=\"block-a281c5ee-26a1-45b2-a4db-35b90621d204\">Gratulujemy! \ud83d\ude42<\/p>\n\n\n\n<div class=\"wp-block-image\"><figure class=\"aligncenter size-large is-resized\"><img loading=\"lazy\" decoding=\"async\" src=\"https:\/\/spboguchwala.pl\/wp-content\/uploads\/2023\/05\/349078666_811702203936033_613274154443004036_n-1024x888.jpg\" alt=\"\" class=\"wp-image-27931\" width=\"448\" height=\"388\" srcset=\"https:\/\/spboguchwala.pl\/wp-content\/uploads\/2023\/05\/349078666_811702203936033_613274154443004036_n-1024x888.jpg 1024w, https:\/\/spboguchwala.pl\/wp-content\/uploads\/2023\/05\/349078666_811702203936033_613274154443004036_n-300x260.jpg 300w, https:\/\/spboguchwala.pl\/wp-content\/uploads\/2023\/05\/349078666_811702203936033_613274154443004036_n-768x666.jpg 768w, https:\/\/spboguchwala.pl\/wp-content\/uploads\/2023\/05\/349078666_811702203936033_613274154443004036_n.jpg 1448w\" sizes=\"auto, (max-width: 448px) 100vw, 448px\" \/><\/figure><\/div>\n\n\n\n<p><\/p>\n\n\n\n<p class=\"has-medium-font-size\"><strong><span style=\"color:#cb141a\" class=\"has-inline-color\">Wyniki Mi\u0119dzynarodowego Konkursu KANGUR MATEMATYCZNY 2023<\/span><\/strong><a href=\"https:\/\/spboguchwala.pl\/wp-admin\/edit.php?post_type=page\"><\/a><\/p>\n\n\n\n<p>16 marca 2023 odby\u0142 si\u0119 w naszej szkole Mi\u0119dzynarodowy Konkurs Kangur Matematyczny. Wzi\u0119\u0142o w nim udzia\u0142 88 uczni\u00f3w z klas II-VIII.<br>Uczniowie mogli sprawdzi\u0107 swoje wiadomo\u015bci, a tak\u017ce umiej\u0119tno\u015b\u0107 logicznego my\u015blenia oraz zdolno\u015bci rachunkowe.<br>Z przyjemno\u015bci\u0105 informujemy, \u017ce w Konkursie Kangur Matematyczny 2023 wyr\u00f3\u017cnienie w poszczeg\u00f3lnych kategoriach otrzymali:<br>Kategoria \u017baczek \u2013 klasy I i II <br>\u00b7 Krawiec Mateusz \u2013 klasa II b<br>\u00b7 Pastwa Jan \u2013 klasa I a<br>\u00b7 Pustelny Alicja \u2013 klasa II b<br>\u00b7 Tr\u0105d Maciej \u2013 klasa II c<br>\u00b7 Opali\u0144ski Szymon \u2013 klasa II a<br>\u00b7 Prokop Wiktoria \u2013 klasa II b<br>Nauczyciele przygotowuj\u0105cy: p. Beata Turek (I a), p. Bo\u017cena Materna (IIa), p. Irena Frankiewicz (IIb), p. Izabella Rejment (IIc)<br>Kategoria Maluch \u2013 klasy IV i V<br>\u00b7 Pastwa Jerzy \u2013 klasa IV c<br>\u00b7 Pie\u0144kosz Dawid \u2013 klasa IV b<br>\u00b7 Boczar Alexander \u2013 klasa IV a<br>Przygotowuj\u0105cy nauczyciele matematyki: p. Renata Pierzcha\u0142a \u2013 klasa IVa i IVc, p. Anna Bo\u017cek &#8211; klasa IVb<br>Wyniki pozosta\u0142ych uczni\u00f3w bior\u0105cych udzia\u0142 w konkursie przeka\u017c\u0105 nauczyciele matematyki.<br>Dzi\u0119kujemy za udzia\u0142 w konkursie i \u017cyczymy dalszych sukces\u00f3w.<\/p>\n\n\n\nngg_shortcode_4_placeholder\n\n\n\n<p class=\"has-medium-font-size\"><strong><span style=\"color:#cb141a\" class=\"has-inline-color\">I Gminny Konkurs Plastyczny \u201eMaria Konopnicka wierszem malowana\u201d<\/span><\/strong><\/p>\n\n\n\n<p>W dniu 30 maja br. uczennice klasy VII a: Adrianna Siorek i Izabela Ziobro reprezentowa\u0142y nasz\u0105 szko\u0142\u0119 w I Gminnym Konkursie Plastycznym: \u201eMaria Konopnicka wierszem malowana\u201d organizowanym przez Szko\u0142\u0119 Podstawow\u0105 w Rac\u0142aw\u00f3wce.<br>Zadaniem m\u0142odych artyst\u00f3w by\u0142o w ciekawy plastyczny spos\u00f3b przedstawi\u0107 interpretacj\u0119 wiersza M. Konopnickiej: \u201ePie\u015b\u0144 o domu\u201d. Dob\u00f3r techniki pozostawa\u0142 dowolny, format pracy A3.<br>Adrianna Siorek wykona\u0142a bardzo ciekaw\u0105 prac\u0119 malarsk\u0105, za kt\u00f3r\u0105 otrzyma\u0142a nagrod\u0119 g\u0142\u00f3wn\u0105 Grand Prix. Izabela za prac\u0119 w technice rysunkowej r\u00f3wnie\u017c otrzyma\u0142a nagrod\u0119. Serdecznie gratulujemy kolejnych sukces\u00f3w artystycznych!<\/p>\n\n\n\n<p>Dzi\u0119kujemy Organizatorowi za ciekaw\u0105 form\u0119 konkursu.<\/p>\n\n\n\nngg_shortcode_5_placeholder\n\n\n\n<p class=\"has-medium-font-size\"><strong><span style=\"color:#cb141a\" class=\"has-inline-color\">\u015awietlik\u00ae \u2013 Og\u00f3lnopolski Konkurs Nauk Przyrodniczych<\/span><\/strong><\/p>\n\n\n\n<p>14 marca 2023 r. odby\u0142 si\u0119 w naszej szkole Og\u00f3lnopolski Konkurs Nauk Przyrodniczych \u015awietlik\u00ae. G\u0142\u00f3wnym celem Konkursu jest rozpowszechnianie nauk przyrodniczych jako ciekawego, fascynuj\u0105cego \u017ar\u00f3d\u0142a wiedzy o \u015bwiecie, dost\u0119pnego dla ka\u017cdego. Konkurs sk\u0142ada\u0142 si\u0119 z dw\u00f3ch etap\u00f3w. Przygotowawczego, podczas kt\u00f3rego uczestnicy mieli mo\u017cliwo\u015b\u0107 wykonania do\u015bwiadcze\u0144 w celu przygotowania si\u0119 do konkursu oraz w\u0142a\u015bciwego testu konkursowego.<br>Mi\u0142o nam przedstawi\u0107 nagrodzonych uczni\u00f3w:<br>JAN PASTWA kl. 1a \u2013 Nagroda g\u0142\u00f3wna<br>JERZY PASTWA kl. 4c -Nagroda g\u0142\u00f3wna<br>MAJA OPPENAUER kl. 1a \u2013 Wyr\u00f3\u017cnienie<br>FILIP ZAREMBA kl. 4b -Wyr\u00f3\u017cnienie<br>KAROL PITERA kl. 4c \u2013Wyr\u00f3\u017cnienie<br>Serdecznie gratulujemy nagrodzonym!<br>Opiekunowie: Pani Paulina Wzi\u0105tka, Pani Beata Turek<\/p>\n\n\n\nngg_shortcode_6_placeholder\n\n\n\n<p class=\"has-medium-font-size\"><strong><span style=\"color:#cb141a\" class=\"has-inline-color\">Gala konkursu \u201eFlash Historii\u201d<\/span><\/strong><\/p>\n\n\n\n<p id=\"block-eecc9aa6-f3ff-4b36-a793-b354566b9dc5\">Mi\u0142o nam poinformowa\u0107, \u017ce uczennica naszej szko\u0142y &#8211; Michalina Drozdowska z klasy 2c zosta\u0142a Laureatk\u0105 Konkursu #FlashHistorii, zorganizowanego przez Rad\u0119 Dzieci i M\u0142odzie\u017cy Rzeczypospolitej Polskiej.<br>W swojej pracy przedstawi\u0142a dzia\u0142alno\u015b\u0107 i \u017cycie podziemia antykomunistycznego pt. &#8222;\u017bo\u0142nierze Wykl\u0119ci\u201d.<br>W uroczysto\u015bci wzi\u0105\u0142 udzia\u0142 Minister Edukacji i Nauki Przemys\u0142aw Czarnek.<br>Serdecznie gratulujemy!<br>Fot. MEIN<\/p>\n\n\n\n<p id=\"block-e15f5193-ee26-4273-8fc8-a6aad574c409\">ngg_shortcode_7_placeholder<\/p>\n","protected":false},"excerpt":{"rendered":"<p>Powiatowy Konkurs Plastyczny \u2013 I miejsce Uczennica kl. 7a naszej szko\u0142y \u2013 Adrianna Siorek, zdoby\u0142a 1 miejsce w Powiatowym Konkursie Plastycznym \u201eWanda Rutkiewicz \u2013 wybitna polska himalaistka i inne s\u0142ynne Polki na przestrzeni dziej\u00f3w\u201d, organizowanym przez Wojew\u00f3dzk\u0105 i Miejsk\u0105 Bibliotek\u0119 Publiczn\u0105 w Rzeszowie. To ju\u017c kolejny artystyczny sukces Ady. Serdecznie gratulujemy i \u017cyczymy dalszego rozwoju&#8230;<\/p>\n","protected":false},"author":2,"featured_media":20991,"parent":0,"menu_order":0,"comment_status":"closed","ping_status":"closed","template":"","meta":{"ngg_post_thumbnail":0,"footnotes":""},"class_list":["post-23088","page","type-page","status-publish","has-post-thumbnail","hentry"],"_links":{"self":[{"href":"https:\/\/spboguchwala.pl\/index.php?rest_route=\/wp\/v2\/pages\/23088","targetHints":{"allow":["GET"]}}],"collection":[{"href":"https:\/\/spboguchwala.pl\/index.php?rest_route=\/wp\/v2\/pages"}],"about":[{"href":"https:\/\/spboguchwala.pl\/index.php?rest_route=\/wp\/v2\/types\/page"}],"author":[{"embeddable":true,"href":"https:\/\/spboguchwala.pl\/index.php?rest_route=\/wp\/v2\/users\/2"}],"replies":[{"embeddable":true,"href":"https:\/\/spboguchwala.pl\/index.php?rest_route=%2Fwp%2Fv2%2Fcomments&post=23088"}],"version-history":[{"count":18,"href":"https:\/\/spboguchwala.pl\/index.php?rest_route=\/wp\/v2\/pages\/23088\/revisions"}],"predecessor-version":[{"id":28734,"href":"https:\/\/spboguchwala.pl\/index.php?rest_route=\/wp\/v2\/pages\/23088\/revisions\/28734"}],"wp:featuredmedia":[{"embeddable":true,"href":"https:\/\/spboguchwala.pl\/index.php?rest_route=\/wp\/v2\/media\/20991"}],"wp:attachment":[{"href":"https:\/\/spboguchwala.pl\/index.php?rest_route=%2Fwp%2Fv2%2Fmedia&parent=23088"}],"curies":[{"name":"wp","href":"https:\/\/api.w.org\/{rel}","templated":true}]}}