{"id":25140,"date":"2022-12-07T20:56:52","date_gmt":"2022-12-07T20:56:52","guid":{"rendered":"http:\/\/spboguchwala.pl\/?page_id=25140"},"modified":"2023-01-01T22:37:51","modified_gmt":"2023-01-01T22:37:51","slug":"dreaming-is-believing-dreams-start-a-change","status":"publish","type":"page","link":"https:\/\/spboguchwala.pl\/?page_id=25140","title":{"rendered":"Dreaming is believing &#8211; dreams start a change"},"content":{"rendered":"\n<p>Mi\u0142o nam poinformowa\u0107, \u017ce w\u0142a\u015bnie rozpocz\u0119li\u015bmy realizacj\u0119 nowego projektu eTwinning pod tytu\u0142em<strong> \u2018Dreaming is believing &#8211; dreams start a change\u2019.<\/strong> Jest to wsp\u00f3lna inicjatywa naszej szko\u0142y i partnerskiej plac\u00f3wki z W\u0142och Istituto Comprensivo Montecchio &#8211; Scuola secondaria di primo grado \u201cD.Alighieri\u201d &#8211; Bibbiano(RE). Twinspace projektu b\u0119dzie r\u00f3wnocze\u015bnie miejscem wsp\u00f3\u0142pracy wszystkich szk\u00f3\u0142 partnerskich (W\u0142ochy, Hiszpania, Grecja i Rumunia) w ramach akredytacji Erasmus+.\u00a0<\/p>\n\n\n\n<p>Link do Twinspace projektu <a rel=\"noreferrer noopener\" href=\"https:\/\/school-education.ec.europa.eu\/pl\/etwinning\/projects\/dreaming-believing-dreams-start-change\/twinspace\" target=\"_blank\">https:\/\/school-education.ec.europa.eu\/pl\/etwinning\/projects\/dreaming-believing-dreams-start-change\/twinspace<\/a><\/p>\n\n\n\n<p><\/p>\n\n\n\n<p>W\u0142a\u015bnie zako\u0144czy\u0142y si\u0119 trzy wizyty przygotowawcze w ramach pierwszego roku Akredytacji Erasmus+\u00a0<\/p>\n\n\n\n<ol class=\"wp-block-list\"><li>1.11.2022 r. Grecja: Primary School of Kouloura, Veria &#8211; Imathia\u00a0\u00a0<a href=\"http:\/\/dim-koulour.ima.sch.gr\/?fbclid=IwAR1CUV3x5-Ds-bbxbbPA15_Hzubocd8HR1sexzU03hen-Q2f6hBB9WLY-r0\" target=\"_blank\" rel=\"noreferrer noopener\">strona internetowa szko\u0142y<\/a><\/li><\/ol>\n\n\n\n<ol class=\"wp-block-list\" start=\"2\"><li>18.11.2022 r. W\u0142ochy:\u00a0Istituto Comprensivo Montecchio,\u00a0Montecchio Emilia (RE) <a href=\"http:\/\/www.icmontecchio.edu.it\" target=\"_blank\" rel=\"noreferrer noopener\">www.icmontecchio.edu.it<\/a><\/li><\/ol>\n\n\n\n<ol class=\"wp-block-list\" start=\"3\"><li>9.12.2022 r. Rumunia: \u2018Manolache Costache Epureanu\u2019 High School, B\u00e3rlad <a rel=\"noreferrer noopener\" href=\"http:\/\/epureanu.ro\/\" target=\"_blank\">http:\/\/epureanu.ro\/<\/a>, <a rel=\"noreferrer noopener\" href=\"https:\/\/digitalpowersfornatureconnectedschools.ro\/\" target=\"_blank\">https:\/\/digitalpowersfornatureconnectedschools.ro\/<\/a><\/li><\/ol>\n\n\n\n<p>Zosta\u0142y zaplanowane dzia\u0142ania projektowe oraz terminy mobilno\u015bci dla uczni\u00f3w klas 6-8 naszej szko\u0142y w okresie marzec- czerwiec 2023 r. Pod koniec kwietnia 2023 r. b\u0119dziemy go\u015bci\u0107 12 uczni\u00f3w i 2 nauczycieli ze szko\u0142y w Barlad, Rumunia.<\/p>\n\n\n\n<p>Aktywno\u015bci i zadania\u00a0 dla uczni\u00f3w w ramach mobilno\u015bci r\u00f3\u017cni\u0105 si\u0119 tre\u015bci\u0105 i form\u0105, jednak wsp\u00f3lnym mianownikiem tematycznym jest ekologia i kszta\u0142towanie \u015bwiadomej postawy konsumenckiej. Nie bez znaczenia jest zwr\u00f3cenie si\u0119 ku naturze, obserwacja i czerpanie inspiracji ze \u015bwiata przyrody, jak i refleksja nad potrzeb\u0105 utrzymania jej w r\u00f3wnowadze. St\u0105d szereg dzia\u0142a\u0144 zosta\u0142 zaprojektowany tak, aby m\u0142ody cz\u0142owiek czu\u0142 si\u0119 wsp\u00f3\u0142odpowiedzialny i poczu\u0142 si\u0142\u0119 sprawcz\u0105 swoich dzia\u0142a\u0144.<\/p>\n\n\n\n<p>Co wi\u0119cej, chcemy pokaza\u0107, \u017ce \u015bwiat matematyki i przyrody przenika si\u0119, mo\u017cemy zaobserwowa\u0107 jej regu\u0142y i prawa w \u015bwiecie przyrody, a kszta\u0142ty i kolory wyst\u0119puj\u0105ce w naturalnym \u015bwiecie mog\u0105 inspirowa\u0107 naszych przysz\u0142ych projektant\u00f3w eko mody i wzornictwa. St\u0105d w Grecji motywem przewodnim b\u0119dzie upcykling ubra\u0144, we wsp\u00f3\u0142pracy ze szko\u0142\u0105 rumu\u0144sk\u0105 \u2018przeniesiemy\u2019 wzory zaobserwowane w naturze na przedmioty u\u017cytkowe (po\u015brednikiem b\u0119dzie sztuka; malarstwo, grafika i projekty cyfrowe). W\u0142oscy i polscy uczniowie skupi\u0105 si\u0119 na postaciach s\u0142ynnych matematyk\u00f3w z obu kraj\u00f3w (Fibonacci i Sierpi\u0144ski) i dowiedz\u0105 si\u0119 dlaczego kwiat s\u0142onecznika, uk\u0142ad li\u015bci na \u0142odydze czy ga\u0142\u0119zi, choinka \u0142\u0105cz\u0105 si\u0119 z matematyk\u0105. Poza tym postaraj\u0105 si\u0119 zrozumie\u0107 podczas zaj\u0119\u0107 laboratoryjnych\u00a0jak wielkim zagro\u017ceniem s\u0105 niewidoczne zanieczyszczenia powietrza i po\u0107wicz\u0105 ekspresj\u0119 i komunikacj\u0119 na zaj\u0119ciach z j\u0119zyka angielskiego \u2018Komunikacja z Szekspirem\u2019.\u00a0\u00a0\u00a0\u00a0\u00a0\u00a0\u00a0<\/p>\n\n\n\n<p>Wsp\u00f3\u0142praca z czwart\u0105 szko\u0142\u0105 partnersk\u0105 z Hiszpanii: Institut El Castell, Esparreguera (<a rel=\"noreferrer noopener\" href=\"http:\/\/www.ieselcastell.net\/\" target=\"_blank\">http:\/\/www.ieselcastell.net\/<\/a>) rozpocz\u0119\u0142a si\u0119 wizyt\u0105 trzech nauczycielek w pa\u017adzierniku 2022 r. w ramach wymiany do\u015bwiadcze\u0144 nauczycieli. W centrum ich zainteresowania by\u0142y przedmioty STEAM i wykorzystanie technologii cyfrowych w nauczaniu. Ta sama dziedzina b\u0119dzie przedmiotem obserwacji zaj\u0119\u0107 w ich szkole przez 5 przedstawicieli naszej szko\u0142y (nauczyciele matematyki, chemii, plastyki i j. angielskiego) podczas nadchodz\u0105cych ferii zimowych w styczniu 2023 r.<\/p>\n\n\n\n<p>Tymczasem, chc\u0105c z\u0142o\u017cy\u0107 nauczycielom i uczniom szk\u00f3\u0142 partnerskich \u017cyczenia \u015bwi\u0105teczne umie\u015bcili\u015bmy na TwinSpace projektu \u2018Dreaming is believing\u2019 video z pracami plastycznymi uczni\u00f3w klas 2a i 2c oraz link do padletu z \u017cyczeniami i grafik\u0105 autorstwa uczni\u00f3w kl. 6b.<\/p>\n\n\n\n<p><a href=\"https:\/\/youtu.be\/bCPzWeOAaYs\" target=\"_blank\" rel=\"noreferrer noopener\">Christmas and Santa by pupils from Primary School in Boguchwa\u0142a<\/a><\/p>\n\n\n\n<p><a href=\"https:\/\/padlet.com\/agatara16\/eesnfc1speen6e43\" target=\"_blank\" rel=\"noreferrer noopener\">Christmas is coming to our partnering schools.<\/a><\/p>\n\n\n\n<p><a href=\"https:\/\/school-education.ec.europa.eu\/pl\/etwinning\/projects\/dreaming-believing-dreams-start-change\/twinspace\/pages\/christmas-2022-poland\" target=\"_blank\" rel=\"noreferrer noopener\">link do strony TwinSpace<\/a><\/p>\n","protected":false},"excerpt":{"rendered":"<p>Mi\u0142o nam poinformowa\u0107, \u017ce w\u0142a\u015bnie rozpocz\u0119li\u015bmy realizacj\u0119 nowego projektu eTwinning pod tytu\u0142em \u2018Dreaming is believing &#8211; dreams start a change\u2019. Jest to wsp\u00f3lna inicjatywa naszej szko\u0142y i partnerskiej plac\u00f3wki z W\u0142och Istituto Comprensivo Montecchio &#8211; Scuola secondaria di primo grado \u201cD.Alighieri\u201d &#8211; Bibbiano(RE). Twinspace projektu b\u0119dzie r\u00f3wnocze\u015bnie miejscem wsp\u00f3\u0142pracy wszystkich szk\u00f3\u0142 partnerskich (W\u0142ochy, Hiszpania, Grecja&#8230;<\/p>\n","protected":false},"author":2,"featured_media":13370,"parent":0,"menu_order":0,"comment_status":"closed","ping_status":"closed","template":"","meta":{"ngg_post_thumbnail":0,"footnotes":""},"class_list":["post-25140","page","type-page","status-publish","has-post-thumbnail","hentry"],"_links":{"self":[{"href":"https:\/\/spboguchwala.pl\/index.php?rest_route=\/wp\/v2\/pages\/25140","targetHints":{"allow":["GET"]}}],"collection":[{"href":"https:\/\/spboguchwala.pl\/index.php?rest_route=\/wp\/v2\/pages"}],"about":[{"href":"https:\/\/spboguchwala.pl\/index.php?rest_route=\/wp\/v2\/types\/page"}],"author":[{"embeddable":true,"href":"https:\/\/spboguchwala.pl\/index.php?rest_route=\/wp\/v2\/users\/2"}],"replies":[{"embeddable":true,"href":"https:\/\/spboguchwala.pl\/index.php?rest_route=%2Fwp%2Fv2%2Fcomments&post=25140"}],"version-history":[{"count":3,"href":"https:\/\/spboguchwala.pl\/index.php?rest_route=\/wp\/v2\/pages\/25140\/revisions"}],"predecessor-version":[{"id":25735,"href":"https:\/\/spboguchwala.pl\/index.php?rest_route=\/wp\/v2\/pages\/25140\/revisions\/25735"}],"wp:featuredmedia":[{"embeddable":true,"href":"https:\/\/spboguchwala.pl\/index.php?rest_route=\/wp\/v2\/media\/13370"}],"wp:attachment":[{"href":"https:\/\/spboguchwala.pl\/index.php?rest_route=%2Fwp%2Fv2%2Fmedia&parent=25140"}],"curies":[{"name":"wp","href":"https:\/\/api.w.org\/{rel}","templated":true}]}}