{"id":26475,"date":"2023-03-06T10:54:01","date_gmt":"2023-03-06T10:54:01","guid":{"rendered":"http:\/\/spboguchwala.pl\/?page_id=26475"},"modified":"2023-12-27T19:31:35","modified_gmt":"2023-12-27T19:31:35","slug":"regulaminy-2023","status":"publish","type":"page","link":"https:\/\/spboguchwala.pl\/?page_id=26475","title":{"rendered":"Regulaminy 2023"},"content":{"rendered":"\n<div class=\"wp-block-file\"><a href=\"https:\/\/spboguchwala.pl\/wp-content\/uploads\/2023\/03\/01.03.2023-REGULAMIN-FS-2023.pdf\" target=\"_blank\" rel=\"noreferrer noopener\">01.03.2023 Regulamin gospodarowania \u015brodkami ZF\u015aS 2023<\/a><\/div>\n\n\n\n<div class=\"wp-block-file\"><a href=\"https:\/\/spboguchwala.pl\/wp-content\/uploads\/2023\/12\/07.12-Regulamin-postepowania-na-okolicznosc-wypadku.pdf\" target=\"_blank\" rel=\"noreferrer noopener\">07.12.2023 Regulamin post\u0119powania na okoliczno\u015b\u0107 wypadku<\/a><\/div>\n\n\n\n<div class=\"wp-block-file\"><a href=\"https:\/\/spboguchwala.pl\/wp-content\/uploads\/2023\/12\/Zal.1-Zgloszenie-wypadku-ucznia-do-rodzicow.pdf\" target=\"_blank\" rel=\"noreferrer noopener\">Za\u0142.1 Zg\u0142oszenie wypadku ucznia do rodzic\u00f3w<\/a><\/div>\n\n\n\n<div class=\"wp-block-file\"><a href=\"https:\/\/spboguchwala.pl\/wp-content\/uploads\/2023\/12\/Zal.2-Zgloszenie-o-wypadku-ucznia-instytucje.pdf\" target=\"_blank\" rel=\"noreferrer noopener\">Za\u0142.2 Zg\u0142oszenie o wypadku ucznia &#8211; instytucje<\/a><\/div>\n\n\n\n<div class=\"wp-block-file\"><a href=\"https:\/\/spboguchwala.pl\/wp-content\/uploads\/2023\/12\/Zal.3-Protokol-powypadkowy.pdf\" target=\"_blank\" rel=\"noreferrer noopener\">Za\u0142.3 Protok\u00f3\u0142 powypadkowy<\/a><\/div>\n\n\n\n<div class=\"wp-block-file\"><a href=\"https:\/\/spboguchwala.pl\/wp-content\/uploads\/2023\/12\/Zal.4-druk-wyjasnienia-poszkodowanego-w-wypadku-ucznia.pdf\" target=\"_blank\" rel=\"noreferrer noopener\">Za\u0142.4 Druk wyja\u015bnienia poszkodowanego w wypadku ucznia<\/a><\/div>\n\n\n\n<div class=\"wp-block-file\"><a href=\"https:\/\/spboguchwala.pl\/wp-content\/uploads\/2023\/12\/Zal.5-druk-wyjasnienia-swiadka-wypadku.pdf\" target=\"_blank\" rel=\"noreferrer noopener\">Za\u0142.5 Druk wyja\u015bnienia \u015bwiadka wypadku<\/a><\/div>\n","protected":false},"excerpt":{"rendered":"01.03.2023 Regulamin gospodarowania \u015brodkami ZF\u015aS 2023 07.12.2023 Regulamin post\u0119powania na okoliczno\u015b\u0107 wypadku Za\u0142.1 Zg\u0142oszenie wypadku ucznia do rodzic\u00f3w Za\u0142.2 Zg\u0142oszenie o wypadku ucznia - instytucje Za\u0142.3 Protok\u00f3\u0142 powypadkowy Za\u0142.4 Druk wyja\u015bnienia poszkodowanego w wypadku ucznia Za\u0142.5 Druk wyja\u015bnienia \u015bwiadka wypadku","protected":false},"author":2,"featured_media":8576,"parent":0,"menu_order":0,"comment_status":"closed","ping_status":"closed","template":"","meta":{"ngg_post_thumbnail":0,"footnotes":""},"class_list":["post-26475","page","type-page","status-publish","has-post-thumbnail","hentry"],"_links":{"self":[{"href":"https:\/\/spboguchwala.pl\/index.php?rest_route=\/wp\/v2\/pages\/26475","targetHints":{"allow":["GET"]}}],"collection":[{"href":"https:\/\/spboguchwala.pl\/index.php?rest_route=\/wp\/v2\/pages"}],"about":[{"href":"https:\/\/spboguchwala.pl\/index.php?rest_route=\/wp\/v2\/types\/page"}],"author":[{"embeddable":true,"href":"https:\/\/spboguchwala.pl\/index.php?rest_route=\/wp\/v2\/users\/2"}],"replies":[{"embeddable":true,"href":"https:\/\/spboguchwala.pl\/index.php?rest_route=%2Fwp%2Fv2%2Fcomments&post=26475"}],"version-history":[{"count":4,"href":"https:\/\/spboguchwala.pl\/index.php?rest_route=\/wp\/v2\/pages\/26475\/revisions"}],"predecessor-version":[{"id":31633,"href":"https:\/\/spboguchwala.pl\/index.php?rest_route=\/wp\/v2\/pages\/26475\/revisions\/31633"}],"wp:featuredmedia":[{"embeddable":true,"href":"https:\/\/spboguchwala.pl\/index.php?rest_route=\/wp\/v2\/media\/8576"}],"wp:attachment":[{"href":"https:\/\/spboguchwala.pl\/index.php?rest_route=%2Fwp%2Fv2%2Fmedia&parent=26475"}],"curies":[{"name":"wp","href":"https:\/\/api.w.org\/{rel}","templated":true}]}}