{"id":29484,"date":"2023-09-21T19:50:33","date_gmt":"2023-09-21T19:50:33","guid":{"rendered":"http:\/\/spboguchwala.pl\/?page_id=29484"},"modified":"2024-05-27T19:40:35","modified_gmt":"2024-05-27T19:40:35","slug":"2023-2024-2","status":"publish","type":"page","link":"https:\/\/spboguchwala.pl\/?page_id=29484","title":{"rendered":"2023\/2024"},"content":{"rendered":"\n<p class=\"has-medium-font-size\"><strong><span style=\"color:#d20c16\" class=\"has-inline-color\">Indywidualne Mistrzostwa w Lekkiej Atletyce<\/span><\/strong><\/p>\n\n\n\n<p>20 i 21 wrze\u015bnia na stadionie Resovii odby\u0142y si\u0119 powiatowe zawody \u2013 Indywidualne Mistrzostwa w Lekkiej Atletyce. Nie mog\u0142o tam zabrakn\u0105\u0107 m\u0142odzie\u017cy z naszej szko\u0142y, kt\u00f3ra startowa\u0142a w dw\u00f3ch kategoriach: klasy VII i VIII oraz VI i m\u0142odsze. Najlepszy wynik osi\u0105gn\u0105\u0142 Bartosz Zawada z klasy VI c zajmuj\u0105c 1 miejsce w rzucie pi\u0142eczk\u0105 palantow\u0105, Bartosz rzuci\u0142 a\u017c 45 metr\u00f3w! Pawe\u0142 Garbowski uplasowa\u0142 si\u0119 na VI miejscu w fina\u0142owym biegu na 60 m, a Amelia Stolarska zaj\u0119\u0142a VIII miejsce r\u00f3wnie\u017c w finale biegu na 60 m, obydwoje uczniowie z klasy VI b. Oliwia Debrzak, uczennica klasy VII b zaj\u0119\u0142a VII miejsce w skoku w dal.<br>Wszystkim startuj\u0105cym, serdecznie gratulujemy!!!<br>Do zawod\u00f3w uczni\u00f3w przygotowali nauczyciele wychowania fizycznego, p. Renata Ludera i p. Mariusz Mi\u0105sik.<\/p>\n\n\n\nngg_shortcode_0_placeholder\n\n\n\n<p class=\"has-medium-font-size\"><strong><span style=\"color:#d20c16\" class=\"has-inline-color\">Fina\u0142 Wojew\u00f3dzkich Igrzysk Dzieci \u2013 Indywidualne Mistrzostwa w lekkiej atletyce<\/span><\/strong><\/p>\n\n\n\n<p>Stadion lekkoatletyczny w Stalowej Woli, w dniu 27.09.2023 by\u0142 aren\u0105 zmaga\u0144 najlepszych zawodnik\u00f3w klas IV-VI wojew\u00f3dztwa w lekkiej atletyce. Uroczystego otwarcia i inauguracji Sportowego Roku Szkolnego dokonali marsza\u0142ek wojew\u00f3dztwa, kurator o\u015bwiaty oraz sekretarz generalny SZS z Warszawy i wojew\u00f3dztwa podkarpackiego. W rywalizacji i konkurencjach lekkoatletycznych (biegi, skoki, rzuty) udzia\u0142 wzi\u0119\u0142o ok.500 najlepszych sportowc\u00f3w naszego wojew\u00f3dztwa. Bartosz Zawada ucze\u0144 naszej szko\u0142y wystartowa\u0142 w dyscyplinie \u2013 rzut pi\u0142eczk\u0105 palantow\u0105. W silnie obsadzonej konkurencji wystartowa\u0142o ok. 50 ch\u0142opc\u00f3w. Niestety rzut na odleg\u0142o\u015b\u0107 47 metr\u00f3w nie da\u0142 Bartkowi awansu do fina\u0142owej \u00f3semki (zabrak\u0142o kilku metr\u00f3w). Mimo wszystko i tak nale\u017c\u0105 si\u0119 wielkie gratulacje dla ucznia za start i walk\u0119 w zawodach wojew\u00f3dzkich. Opiekunem by\u0142 p. Mariusz Mi\u0105sik<\/p>\n\n\n\nngg_shortcode_1_placeholder\n\n\n\n<p class=\"has-medium-font-size\"><strong><span style=\"color:#d20c16\" class=\"has-inline-color\">Sukcesy Filipa Fularza kl. 2a w kolarstwie<\/span><\/strong><\/p>\n\n\n\n<p>Serdeczne gratulacje dla Filipa Fularza z klasy 2a za sukcesy w jednej z najci\u0119\u017cszych dyscyplin sportowych &#8211; kolarstwie. Olbrzymia praca podczas systematycznych i ci\u0119\u017ckich trening\u00f3w oraz sporo wyrzecze\u0144 zaprocentowa\u0142y pi\u0119knymi wynikami. <br>I miejsce w kategorii Wentylki w Klasyfikacji generalnej PUCHAR MAZOWSZA MTB XCO 2023<br>I miejsce w kategorii Wentylki 23.09.2023, Warszawa<br>III miejsce w starszej kategorii wiekowej \u017bak &#8211; Podkarpacka Liga Rowerowa MTB XCO 2023, Dukla, 24.09.2023<br>Zdj\u0119cie z zawod\u00f3w ze strony: <a href=\"https:\/\/www.facebook.com\/PucharMazowszaMTB?__cft__[0]=AZV9ClCeO7YR9RSDUWn9TsDpGOVr89_uERLGGJPAusagM4tPODAYGwomtGbkaUyzPBm0zE1xHxFOLzbTCYt-88x_cwHsSvia78mNil6gygxAthFb25Wle7B7GGYJoPl-PCa8bSmHSPejsHmwHWImGpA8lWBW5wetDEgeXHSd5zsLA01qBBXatqzMv97eMjryPV8&amp;__tn__=-]K-R\">https:\/\/www.facebook.com\/PucharMazowszaMTB<\/a><\/p>\n\n\n\n<div class=\"wp-block-image\"><figure class=\"aligncenter size-large is-resized\"><img loading=\"lazy\" decoding=\"async\" src=\"https:\/\/spboguchwala.pl\/wp-content\/uploads\/2023\/09\/zawody-1024x724.jpg\" alt=\"\" class=\"wp-image-29584\" width=\"510\" height=\"360\" srcset=\"https:\/\/spboguchwala.pl\/wp-content\/uploads\/2023\/09\/zawody-1024x724.jpg 1024w, https:\/\/spboguchwala.pl\/wp-content\/uploads\/2023\/09\/zawody-300x212.jpg 300w, https:\/\/spboguchwala.pl\/wp-content\/uploads\/2023\/09\/zawody-768x543.jpg 768w, https:\/\/spboguchwala.pl\/wp-content\/uploads\/2023\/09\/zawody-1536x1086.jpg 1536w, https:\/\/spboguchwala.pl\/wp-content\/uploads\/2023\/09\/zawody.jpg 1920w\" sizes=\"auto, (max-width: 510px) 100vw, 510px\" \/><\/figure><\/div>\n\n\n\n<p><\/p>\n\n\n\n<p class=\"has-medium-font-size\"><strong><span style=\"color:#d20c16\" class=\"has-inline-color\">Szko\u0142a Pe\u0142na Aktywno\u015bci<\/span><\/strong><\/p>\n\n\n\n<p>Uczniowie naszej szko\u0142y w dniu 26.10.2023 brali udzia\u0142 w rywalizacjach sprawno\u015bciowych, szybko\u015bciowych i rzutowych pod has\u0142em Szko\u0142a Pe\u0142na Aktywno\u015bci, organizowanych przez Akademicki Zwi\u0105zek Sportowy w Rzeszowie.<br>Szko\u0142a Pe\u0142na Aktywno\u015bci to inicjatywa maj\u0105ca na celu popularyzacj\u0119 aktywno\u015bci w\u015br\u00f3d dzieci i m\u0142odzie\u017cy szkolnej.<br>Kilka godzin wsp\u00f3lnej zabawy obfitowa\u0142o w konkurencje szybko\u015bciowe, celno\u015bciowe i sprawno\u015bciowe. Nie zabrak\u0142o r\u00f3wnie\u017c zada\u0144 umys\u0142owych i zagadek.<br>We wsp\u00f3lnej zabawie bra\u0142o udzia\u0142 48 szk\u00f3\u0142 (oko\u0142o 300 uczni\u00f3w). Dru\u017cyny sk\u0142ada\u0142y si\u0119 z pi\u0119cioosobowych reprezentacji klas 4-6, ale tylko uczniowie z jednej klasy. Zwyci\u0119zcy eliminacji (SP nr 22 z Rzeszowa) zgarn\u0119li bilet dla ca\u0142ej klasy na fina\u0142owe zawody na Mazurach.<br>Nasz\u0105 szko\u0142\u0119 reprezentowa\u0142a klasa 5c w sk\u0142adzie: Karina Sitek, Lena \u017byradzka, Wojciech Gajdek, Kacper Gorlowski oraz Franciszek P\u0142ocica. Wszyscy uczniowie zostali nagrodzeni medalami oraz pami\u0105tkowymi koszulkami. Gratulacje!!!<\/p>\n\n\n\nngg_shortcode_2_placeholder\n\n\n\n<p class=\"has-medium-font-size\"><strong><span style=\"color:#d20c16\" class=\"has-inline-color\">Fina\u0142 gminnych zawod\u00f3w w koszyk\u00f3wce ch\u0142opc\u00f3w<\/span><\/strong><\/p>\n\n\n\n<p>W czwartek, 30 listopada, na hali sportowej ZS w Niechobrzu rozegrano fina\u0142 gminnych Igrzysk M\u0142odzie\u017cy Szkolnej w koszyk\u00f3wce ch\u0142opc\u00f3w. W zawodach udzia\u0142 wzi\u0119\u0142y szko\u0142y z Niechobrza, Boguchwa\u0142y i Nos\u00f3wki. W wyniku rywalizacji ka\u017cdy z ka\u017cdym zwyci\u0119\u017cy\u0142a szko\u0142a z Nos\u00f3wki wygrywaj\u0105c dwa spotkania, drugie miejsce zaj\u0119\u0142a szko\u0142a z Boguchwa\u0142y \u2013 jeden mecz wygrany i jeden przegrany, a trzecia by\u0142a szko\u0142a z Niechobrza \u2013 dwa mecze przegrane. Nadmieni\u0107 nale\u017cy, \u017ce nasi zawodnicy jako jedyna dru\u017cyna w turnieju sk\u0142ada\u0142a si\u0119 z uczni\u00f3w klasy 7, poza jednym uczniem z klasy 8. Zabrak\u0142o niewiele w decyduj\u0105cym meczu, ale i tak koszykarzom nale\u017c\u0105 si\u0119 wielkie gratulacje za walk\u0119.<br>Sk\u0142ad SP Boguchwa\u0142a: Szczepan Gola, Adam Gajdek, Hubert Strz\u0119pek, Aleksander Ra\u0142owski, Mateusz Burdzi\u0144ski, Robert Tarsa\u0142a, Nikodem P\u0105czek i Maksymilian Kuter. Opiekun dru\u017cyny p. Mariusz Mi\u0105sik.<\/p>\n\n\n\nngg_shortcode_3_placeholder\n\n\n\n<p class=\"has-medium-font-size\"><strong><span style=\"color:#d20c16\" class=\"has-inline-color\">Fina\u0142 gminnych Igrzysk Dzieci w tenisie sto\u0142owym<\/span><\/strong><\/p>\n\n\n\n<p>Szko\u0142a Podstawowa w Kielan\u00f3wce by\u0142a gospodarzem fina\u0142u gminnych Igrzysk Dzieci w dru\u017cynowym tenisie sto\u0142owym ch\u0142opc\u00f3w i dziewcz\u0105t. W dniu 5 grudnia do zawod\u00f3w przyst\u0105pi\u0142o 4 dru\u017cyny dziewcz\u0105t i 7 dru\u017cyn ch\u0142opc\u00f3w ze szk\u00f3\u0142 naszej gminy. Podczas rozgrywek stoczono wiele zaci\u0119tych gier, zar\u00f3wno indywidualnych jak i deblowych. Zwyci\u0119zcy swoich kategorii awansuj\u0105 do fina\u0142u powiatowego. Szko\u0142\u0119 Podstawow\u0105 w Boguchwale reprezentowali uczniowie klas VI: Bart\u0142omiej Kopiec, Stefan Jaworski i Adam Krawiec; opiekun p. Mariusz Mi\u0105sik.<br>Oto ko\u0144cowe zestawienie miejsc medalowych:<br>Dziewcz\u0119ta: 1 miejsce SP Lutory\u017c, 2 miejsce SP Wola Zg\u0142obie\u0144ska, 3 miejsce SP Kielan\u00f3wka<br>Ch\u0142opcy: 1 miejsce SP Lutory\u017c, 2 miejsce SP Niechobrz 2, 3 miejsce SP Boguchwa\u0142a<\/p>\n\n\n\nngg_shortcode_4_placeholder\n\n\n\n<p class=\"has-medium-font-size\"><strong><span style=\"color:#d20c16\" class=\"has-inline-color\">Tenisi\u015bci ze Szko\u0142y Podstawowej w Boguchwale najlepsi w gminie<\/span><\/strong><\/p>\n\n\n\n<p>W dniu 08.12.2023 w Szkole Podstawowej w Kielan\u00f3wce rozegrany zosta\u0142 gminny Fina\u0142 Igrzysk M\u0142odzie\u017cy Szkolnej w tenisie sto\u0142owym dziewcz\u0105t i ch\u0142opc\u00f3w. Wszystkie mecze zar\u00f3wno w rywalizacji dziewcz\u0105t jak i ch\u0142opc\u00f3w klas VII i VIII rozegrano systemem ka\u017cdy z ka\u017cdym. Zdecydowane zwyci\u0119stwo w kategorii ch\u0142opc\u00f3w odnie\u015bli zawodnicy ze Szko\u0142y Podstawowej z Boguchwa\u0142y wygrywaj\u0105c wszystkie swoje mecze indywidualne i deblowe. Wygrywaj\u0105c zawody nasi uczniowie awansowali dalej do fina\u0142u powiatowego. <br>Oto ko\u0144cowa klasyfikacja zawod\u00f3w: 1. miejsce SP Boguchwa\u0142a, 2. miejsce SP Montessori Boguchwa\u0142a, 3. miejsce SP Kielan\u00f3wka, 4. miejsce SP Niechobrz II, 5. miejsce SP Lutory\u017c. <br>Uczniom klasy VII w sk\u0142adzie: Maksymilian Kuter, Mateusz Burdzi\u0144ski, Oliwier Pszonka oraz opiekunowi &#8211; p. Mariuszowi Mi\u0105sikowi, serdecznie gratulujemy.<\/p>\n\n\n\nngg_shortcode_5_placeholder\n\n\n\n<p class=\"has-medium-font-size\"><strong><span style=\"color:#d20c16\" class=\"has-inline-color\">Fina\u0142 powiatowy w koszyk\u00f3wce dziewcz\u0105t<\/span><\/strong><\/p>\n\n\n\n<p>Dziewcz\u0119ta w sk\u0142adzie: Bli\u017aniak Wiktoria, Debrzak Oliwia, Jak\u00f3biec Lena, Jurek Milena, Lang Maja, Mazur Oliwia, Siorek Adrianna, Strz\u0119pek Julia i Zieli\u0144ska Kornelia jako zwyci\u0119\u017cczynie zawod\u00f3w gminnych, reprezentowa\u0142y nasz\u0105 gmin\u0119 na zawodach powiatowych, ostatecznie zajmuj\u0105c 4 miejsce. Zawody rozgrywane by\u0142y systemem &#8222;ka\u017cdy z ka\u017cdym&#8221; i ka\u017cda z dru\u017cyn rozegra\u0142a 4 mecze. Dziewcz\u0119ta zagra\u0142y bardzo wymagaj\u0105cy turniej i niewiele brak\u0142o aby znalaz\u0142y si\u0119 na podium. Koszykarkom gratulujemy woli walki i \u017cyczymy dalszych sukces\u00f3w!<br>Opiekun dru\u017cyny &#8211; Renata Ludera<\/p>\n\n\n\nngg_shortcode_6_placeholder\n\n\n\n<p class=\"has-medium-font-size\"><strong><span style=\"color:#d20c16\" class=\"has-inline-color\">M\u0142odzi koszykarze z SP Boguchwa\u0142a najlepsi w gminie<\/span><\/strong><\/p>\n\n\n\n<p>Hala sportowa Szko\u0142y Podstawowej w Niechobrzu 1 by\u0142a aren\u0105 zmaga\u0144 m\u0142odych koszykarzy podczas fina\u0142u gminnych Igrzysk Dzieci. W zawodach wystartowa\u0142y 3 dru\u017cyny: SP Niechobrz 1, SP Boguchwa\u0142a i SP Rac\u0142aw\u00f3wka. Turniej klas 4-6 ch\u0142opc\u00f3w rozegrano systemem ka\u017cdy z ka\u017cdym, a zdecydowane zwyci\u0119stwo i pierwsze miejsce w turnieju wywalczy\u0142a dru\u017cyna z Boguchwa\u0142y. Zawodnicy tym samym zapewnili sobie awans do fina\u0142u powiatowego, kt\u00f3ry rozegrany zostanie w ZS B\u0142a\u017cowa.<br>Ch\u0142opcom w sk\u0142adzie: Aleksander Fularz, Pawe\u0142 Garbowski, Rafa\u0142 Cie\u015blicki, Szymon Balawender, Gabriel Madera, Patryk Tobiasz, Hubert Witek, Wojciech Gajdek, Bart\u0142omiej Kopiec, Bartosz Zawada, Dawid Bojda, Julian Krawiec oraz opiekunowi p. Mariuszowi Mi\u0105sikowi serdecznie gratulujemy i \u017cyczymy dalszej udanej rywalizacji.<\/p>\n\n\n\nngg_shortcode_7_placeholder\n\n\n\n<p class=\"has-medium-font-size\"><strong><span style=\"color:#d20c16\" class=\"has-inline-color\">Gminny fina\u0142 w koszyk\u00f3wce dziewcz\u0105t<\/span><\/strong><\/p>\n\n\n\n<p>Dziewcz\u0119ta w sk\u0142adzie: Maria Mul, Wiktoria Ry\u015b, Alicja Kawa, Amelia Stolarska, Julia Krypel, Emilia Dworak, Julia Stawarz, Sara Szczepan, Anna Moroz, Maja \u017byradzka, Martyna Marcinkowska i Julia Byzdra rozegra\u0142y w Niechobrzu turniej koszyk\u00f3wki \u2013 gminny fina\u0142, w kt\u00f3rym zaj\u0119\u0142y 3 miejsce.<\/p>\n\n\n\nngg_shortcode_8_placeholder\n\n\n\n<p class=\"has-medium-font-size\"><strong><span style=\"color:#d20c16\" class=\"has-inline-color\">Powiatowe Igrzyska Dzieci w koszyk\u00f3wce<\/span><\/strong><\/p>\n\n\n\n<p>W dniu 18.01.2024 na hali sportowej Zespo\u0142u Szk\u00f3\u0142 w B\u0142a\u017cowej rozegrany zosta\u0142 P\u00f3\u0142fina\u0142 Powiatowych Igrzysk Dzieci w koszyk\u00f3wce ch\u0142opc\u00f3w. Do zawod\u00f3w zg\u0142oszone by\u0142y szko\u0142y podstawowe z Lubeni, B\u0142a\u017cowej, Chmielnika i Boguchwa\u0142y.<br>Zawodnicy SP Boguchwa\u0142a w sk\u0142adzie: Aleksander Fularz, Pawe\u0142 Garbowski, Rafa\u0142 Cie\u015blicki, Szymon Balawender, Gabriel Madera, Patryk Tobiasz, Hubert Witek, Wojciech Gajdek, Bart\u0142omiej Kopiec, Bartosz Zawada, Dawid Bojda, Julian Krawiec i Stefan Jaworski ulegli dru\u017cynie z B\u0142a\u017cowej i zaj\u0119li 2 miejsce w turnieju, zapewniaj\u0105c sobie tym samym awans do fina\u0142u powiatowego i dalszych rozgrywek. Opiekun dru\u017cyny p. Mariusz Mi\u0105sik<\/p>\n\n\n\nngg_shortcode_9_placeholder\n\n\n\n<p class=\"has-medium-font-size\"><strong><span style=\"color:#d20c16\" class=\"has-inline-color\">Wielki sukces m\u0142odych koszykarzy z Boguchwa\u0142y \u2013 II miejsce w powiecie<\/span><\/strong><\/p>\n\n\n\n<p>W dniu 23 stycznia 2024r. pi\u0119kna hala sportowa ZS w B\u0142a\u017cowej go\u015bci\u0142a 4 najlepsze dru\u017cyny koszykarskie z ca\u0142ego powiatu rzeszowskiego. W Powiatowym Finale Igrzysk Dzieci w koszyk\u00f3wce ch\u0142opc\u00f3w udzia\u0142 zapewnili sobie zwyci\u0119zcy poszczeg\u00f3lnych p\u00f3\u0142fina\u0142\u00f3w powiatowych, a by\u0142y to szko\u0142y: SP B\u0142a\u017cowa, SP Nowa Wie\u015b, SP G\u0142og\u00f3w i SP Boguchwa\u0142a.<br>Nasza dru\u017cyna wygrywaj\u0105c sw\u00f3j pierwszy bardzo zaci\u0119ty i emocjonuj\u0105cy mecz z zespo\u0142em z Nowej Wsi zapewni\u0142a sobie gr\u0119 w finale turnieju. Jednak\u017ce w decyduj\u0105cym starciu z zespo\u0142em gospodarzy i wyr\u00f3wnanych 3 kwartach, ostatecznie przegrywaj\u0105c 4 kwart\u0119 nasi ch\u0142opcy ulegli, a tym samym zdobyli 2 miejsce w Finale Powiatowym.<br>Dru\u017cynie nale\u017c\u0105 si\u0119 wielkie podzi\u0119kowania za wol\u0119 walki, ogromny wysi\u0142ek i sportow\u0105 rywalizacj\u0119.<\/p>\n\n\n\n<p>Sk\u0142ad zespo\u0142u SP Boguchwa\u0142a: Aleksander Fularz, Pawe\u0142 Garbowski, Rafa\u0142 Cie\u015blicki, Szymon Balawender, Gabriel Madera, Patryk Tobiasz, Hubert Witek, Wojciech Gajdek, Bart\u0142omiej Kopiec, Dawid Bojda, Julian Krawiec. Trenerem dru\u017cyny by\u0142 p. Mariusz Mi\u0105sik.<\/p>\n\n\n\nngg_shortcode_10_placeholder\n\n\n\n<p class=\"has-medium-font-size\"><strong><span style=\"color:#d20c16\" class=\"has-inline-color\">Fina\u0142 gminnej siatk\u00f3wki ch\u0142opc\u00f3w<\/span><\/strong><\/p>\n\n\n\n<p>Szko\u0142a Podstawowa w Zg\u0142obniu by\u0142a gospodarzem gminnego Fina\u0142u Igrzysk M\u0142odzie\u017cy Szkolnej w pi\u0142ce siatkowej ch\u0142opc\u00f3w klas 7 i 8. Zawody rozegrano we wtorek, 13 lutego. O awans do zawod\u00f3w powiatowych walczy\u0142y dru\u017cyny ze szk\u00f3\u0142 ze Zg\u0142obnia, Boguchwa\u0142y i Nos\u00f3wki \u2013 zwyci\u0119zcy swoich grup eliminacyjnych. Rywalizacj\u0119 ka\u017cdy z ka\u017cdym i 1 miejsce w turnieju wywalczy\u0142a SP z Nos\u00f3wki, 2 miejsce zaj\u0119\u0142a SP Boguchwa\u0142a i 3 miejsce SP Zg\u0142obie\u0144.<br>Nasza dru\u017cyna wyst\u0105pi\u0142a w sk\u0142adzie: Mateusz Burdzi\u0144ski. Hubert Strz\u0119pek, Aleksander Ra\u0142owski, Nikodem P\u0105czek, Adam Gajdek, Szczepan Gola i Robert Tarsa\u0142a. Opiekunem dru\u017cyny by\u0142 p. Mariusz Mi\u0105sik.<\/p>\n\n\n\nngg_shortcode_11_placeholder\n\n\n\n<p class=\"has-medium-font-size\"><strong><span style=\"color:#d20c16\" class=\"has-inline-color\">Fina\u0142 wojew\u00f3dzki Igrzysk Dzieci w \u0142y\u017cwiarstwie<\/span><\/strong><\/p>\n\n\n\n<p>Lodowisko Arena w Sanoku w dniu 13.03.2024 by\u0142o obiektem i gospodarzem zmaga\u0144 najlepszych dru\u017cyn wojew\u00f3dztwa podkarpackiego podczas fina\u0142u Igrzysk Dzieci w \u0142y\u017cwiarstwie szybkim. Rywalizacja w zawodach polega na pokonaniu przez dru\u017cyn\u0119 mieszan\u0105 2 dziewcz\u0105t i 2 ch\u0142opc\u00f3w indywidualnie z rywalem dw\u00f3ch okr\u0105\u017ce\u0144 lodowiska na czas. Liczy si\u0119 zsumowany czas ca\u0142ej sztafety. Niestety jednemu z naszych zawodnik\u00f3w przytrafi\u0142 si\u0119 pechowy upadek na zakr\u0119cie i to pozbawi\u0142o nas cennych sekund i mo\u017cliwo\u015bci zaj\u0119cia dobrego miejsca. Ostatecznie sztafeta ze Szko\u0142y Podstawowej w Boguchwale w sk\u0142adzie: Jagoda Dyl\u0105g, Kamila Stanek, Bart\u0142omiej Kopiec i Bartosz Birut zaj\u0119\u0142a 16 miejsce. Opiekun dru\u017cyny p. Mariusz Mi\u0105sik<\/p>\n\n\n\nngg_shortcode_12_placeholder\n\n\n\n<p class=\"has-medium-font-size\"><strong><span style=\"color:#d20c16\" class=\"has-inline-color\">M\u0142odzi pi\u0142karze ze Szko\u0142y Podstawowej w Boguchwale najlepsi w gminie<\/span><\/strong><\/p>\n\n\n\n<p>Stadion Orlik w Boguchwale w dniu 12 kwietnia 2024 r. by\u0142 miejscem gdzie rozegrany zosta\u0142 Fina\u0142 Gminnych Igrzysk Dzieci w pi\u0142ce no\u017cnej ch\u0142opc\u00f3w. Do zawod\u00f3w przyst\u0105pi\u0142y 3 szko\u0142y z terenu naszej gminy, kt\u00f3re wcze\u015bniej wygra\u0142y swoje grupy eliminacyjne. Turniej rozegrano systemem ka\u017cdy z ka\u017cdym i w ostatecznym zestawieniu zwyci\u0119\u017cy\u0142a dru\u017cyna ze Szko\u0142y Podstawowej w Boguchwale wygrywaj\u0105c swoje mecze zar\u00f3wno ze szko\u0142\u0105 SP Niechobrz 1 i SP Rac\u0142aw\u00f3wka. Nasi zawodnicy wygrywaj\u0105c fina\u0142 gminny zapewnili sobie awans do rozgrywek powiatowych. Serdeczne gratulacje za ogromny wysi\u0142ek, sportow\u0105 postaw\u0119 i wol\u0119 walki dla nast\u0119puj\u0105cych pi\u0142karzy: Bojda Dawid (K), Garbowski Pawe\u0142, Bart\u0142omiej Kopiec, Madera Gabriel, Cie\u015blicki Rafa\u0142, Witek Hubert, Zawada Bartosz, Gajdek Wojciech, Borowiec Patryk. Opiekun dru\u017cyny p. Mariusz Mi\u0105sik<\/p>\n\n\n\nngg_shortcode_13_placeholder\n\n\n\n<p class=\"has-medium-font-size\"><strong><span style=\"color:#d20c16\" class=\"has-inline-color\">Eliminacje do turnieju o Puchar Tymbarku<\/span><\/strong><\/p>\n\n\n\n<p>16 kwietnia w Niechobrzu w Szkole Podstawowej nr 1 zosta\u0142y rozegrane eliminacje do najwi\u0119kszego turnieju pi\u0142karskiego dzieci w Polsce o Puchar Tymbarku.<br>W eliminacjach gminnych wzi\u0119\u0142o udzia\u0142 trzy szko\u0142y: SP nr 1 z Niechobrza, SP nr 2 z Niechobrza i SP z Boguchwa\u0142y.<br>Zawodnicy rozgrywali mecze w kategoriach wiekowych U8, U10 i U12, czyli zawodnicy klas I (U8), klas II i III (U10) oraz klas IV i V (U12).<br>Zawody rozgrywane by\u0142y systemem ka\u017cdy z ka\u017cdym. W kategorii U8 SP z Boguchwa\u0142y zaj\u0119\u0142a drugie miejsce, w kategorii U12 (o zwyci\u0119stwie decydowa\u0142 bezpo\u015bredni mecz) r\u00f3wnie\u017c drugie miejsce, a w kategorii U10 ch\u0142opcy zaj\u0119li pierwsze miejsce i awansowali do etapu powiatowego.<\/p>\n\n\n\n<p>Szko\u0142\u0119 reprezentowali w kategorii U8:<br>Fabian Bieda, Piotr Wr\u00f3blewski, Jakub Borowiec, Piotr Krach, Tymon Kulasa, Maksymilian Duda, Stanis\u0142aw Migut oraz Oliwier Sysak<\/p>\n\n\n\n<p>Kategoria U10:<br>Arkadiusz Wojtu\u0144, Kacper Laskowski, Nikodem Laskowski, Mi\u0142osz Borowiec, B\u0142a\u017cej Kisielewicz, Dawid Waloch, Nikodem Sapa i Mateusz Krawiec<\/p>\n\n\n\n<p>Kategoria U12:<br>Wojciech Gajdek, Bartosz Kusz, Franciszek P\u0142ocica, Mateusz Dziedzic i Filip Wi\u0105cek<\/p>\n\n\n\n<p>Zawodnikom dzi\u0119kujemy za bardzo dobre wyniki i zaj\u0119te miejsca, a zawodnikom w kategorii U10 \u017cyczymy powodzenia w dalszych rozgrywkach tego wielkiego turnieju.<br>GRTULUJEMY&#x26bd;&#x1f642;<\/p>\n\n\n\nngg_shortcode_14_placeholder\n\n\n\n<p class=\"has-medium-font-size\"><strong><span style=\"color:#d20c16\" class=\"has-inline-color\">JAGODA DYL\u0104G MISTRZYNI\u0104 WOJEW\u00d3DZTWA W JUDO!!!<\/span><\/strong><\/p>\n\n\n\n<p>W Podkarpackim Centrum Sport\u00f3w Walki w Ja\u015ble odby\u0142y si\u0119 w dniach 19-20.04.2024 Mistrzostwa Wojew\u00f3dztwa Podkarpackiego judo. W czterech kategoriach wiekowych dziewcz\u0105t i ch\u0142opc\u00f3w do lat 9, 11, 13 i 15. startowa\u0142o 211 judoczek i judok\u00f3w z 9 klub\u00f3w wojew\u00f3dztwa. Zawodniczka Klubu Sportowego judo Fight-Fun, Jagoda Dyl\u0105g, uczennica klasy 6b Szko\u0142y Podstawowej im. gen. St. Maczka w Boguchwale wygrywaj\u0105c wszystkie swoje walki zaj\u0119\u0142a I miejsce w mistrzostwach.<br>Serdeczne i wielkie gratulacje dla Jagody, trenera i rodzic\u00f3w.<\/p>\n\n\n\nngg_shortcode_15_placeholder\n\n\n\n<p class=\"has-medium-font-size\"><strong><span style=\"color:#d20c16\" class=\"has-inline-color\">Fina\u0142 Powiatowy o Puchar Tymbarku<\/span><\/strong><\/p>\n\n\n\n<p>Dzisiaj na stadionie Resovii w Rzeszowie odby\u0142y si\u0119 Fina\u0142y Powiatowe o Puchar Tymbarku. Jest to najwi\u0119kszy w Europie turniej pi\u0142karski dla dzieci, organizowany w trzech kategoriach wiekowych: do lat 8, 10 i 12. W tym finale reprezentowali\u015bmy szko\u0142\u0119 w kategorii U-10 w sk\u0142adzie: Mi\u0142osz Borowiec, Dawid Waloch, Mateusz Krawiec, Nikodem Sapa, B\u0142a\u017cej Kisielewicz, Nikodem Laskowski, Kacper Laskowski, Arkadiusz Wojtu\u0144, Sebastian Stachowicz.<br>Nasza dru\u017cyna po bardzo emocjonuj\u0105cych meczach zaj\u0119\u0142a trzecie miejsce w swojej grupie. Wszystkim ch\u0142opcom serdecznie gratulujemy.<\/p>\n\n\n\nngg_shortcode_16_placeholder\n\n\n\n<p class=\"has-medium-font-size\"><strong><span style=\"color:#d20c16\" class=\"has-inline-color\">P\u00f3\u0142fina\u0142 powiatowy w pi\u0142ce no\u017cnej ch\u0142opc\u00f3w \u2013 Igrzyska Dzieci<\/span><\/strong><\/p>\n\n\n\n<p>Orlik w Dynowie w dniu 26 kwietnia 2024 roku by\u0142 miejscem gdzie rozegrany zosta\u0142 P\u00f3\u0142fina\u0142 Powiatu Igrzysk Dzieci w pi\u0142ce no\u017cnej ch\u0142opc\u00f3w. Do zawod\u00f3w przyst\u0105pi\u0142y 3 szko\u0142y z powiatu rzeszowskiego, zwyci\u0119zcy rozgrywek gminnych. Turniej rozegrano systemem ka\u017cdy z ka\u017cdym. Nasza dru\u017cyna zaj\u0119\u0142a 3 miejsce, przegrywaj\u0105c swoje mecze z SP Dyn\u00f3w i SP B\u0142a\u017cowa. Tym samym nasi zawodnicy nie awansowali do zawod\u00f3w fina\u0142owych ostatniego szczebla tych rozgrywek. Ch\u0142opcom nale\u017c\u0105 si\u0119 podzi\u0119kowania za udzia\u0142 i wol\u0119 walki.<br>Sk\u0142ad dru\u017cyny to: Bojda Dawid (K), Garbowski Pawe\u0142, Kopiec Bart\u0142omiej, Madera Gabriel, Cie\u015blicki Rafa\u0142, Witek Hubert, Zawada Bartosz, Gajdek Wojciech, Borowiec Patryk. Opiekun dru\u017cyny p. Mariusz Mi\u0105sik<\/p>\n\n\n\nngg_shortcode_17_placeholder\n\n\n\n<p class=\"has-medium-font-size\"><strong><span style=\"color:#d20c16\" class=\"has-inline-color\">Zwyci\u0119stwo Filipa Fularza z klasy 2a w Podkarpackiej Lidze Rowerowej!<\/span><\/strong><\/p>\n\n\n\n<p>Zawody w \u0141ysej G\u00f3rze inaugurowa\u0142y 4 etapowy wy\u015bcig w formule XC w ramach Podkarpackiej Ligi Rowerowej. I etap w \u0141ysej G\u00f3rze przyni\u00f3s\u0142 zwyci\u0119stwo Filipowi Fularzowi w kategorii Zak 1. Zawodnik wykaza\u0142 si\u0119 znakomit\u0105 form\u0105 i determinacj\u0105, pokonuj\u0105c wymagaj\u0105c\u0105 tras\u0119 w imponuj\u0105cym czasie.<br>Filip od samego pocz\u0105tku wy\u015bcigu dyktowa\u0142 tempo, buduj\u0105c przewag\u0119 nad rywalami. Na podjazdach udowodni\u0142 swoj\u0105 si\u0142\u0119 i wytrzyma\u0142o\u015b\u0107, a na zjazdach umiej\u0119tnie wykorzystywa\u0142 swoje techniczne umiej\u0119tno\u015bci.<br>Zwyci\u0119stwo w \u0141ysej G\u00f3rze to kolejny sukces Filipa w swojej karierze.<br>Gratulujemy Filipowi Fularzowi zas\u0142u\u017conego zwyci\u0119stwa, \u017cyczymy rado\u015bci z uprawiania kolarstwa i dalszych sukces\u00f3w.<\/p>\n\n\n\nngg_shortcode_18_placeholder\n\n\n\n<p class=\"has-medium-font-size\"><strong><span style=\"color:#d20c16\" class=\"has-inline-color\">Fina\u0142 gminny Igrzysk M\u0142odzie\u017cy Szkolnej w pi\u0142ce no\u017cnej<\/span><\/strong><\/p>\n\n\n\n<p>Na stadionie Orlik w Boguchwale w dniu 27 maja 2024 roku rozegrano fina\u0142 gminnych IMS ch\u0142opc\u00f3w w pi\u0142ce no\u017cnej. Mecze rozegrano systemem ka\u017cdy z ka\u017cdym pomi\u0119dzy szko\u0142ami, kt\u00f3re awansowa\u0142y ze swoich grup eliminacyjnych. Ostatecznie zwyci\u0119\u017cy\u0142a SP Nos\u00f3wka i ona zapewni\u0142a sobie awans do p\u00f3\u0142fina\u0142u powiatowego, drugie miejsce zaj\u0119\u0142a SP Boguchwa\u0142a, a trzecie SP Niechobrz 1.Nasi ch\u0142opcy wyst\u0105pili w nast\u0119puj\u0105cym sk\u0142adzie: Hubert Strz\u0119pek, Nikodem P\u0105czek, Robert Tarsa\u0142a, Adam Gajdek, Oliwier Pszonka, Maksymilian Kuter, Szczepan Gola, Szymon Wilk, Filip Puszkarewicz. Opiekunem dru\u017cyny by\u0142 p. Mariusz Mi\u0105sik.<\/p>\n\n\n\nngg_shortcode_19_placeholder\n","protected":false},"excerpt":{"rendered":"<p>Indywidualne Mistrzostwa w Lekkiej Atletyce 20 i 21 wrze\u015bnia na stadionie Resovii odby\u0142y si\u0119 powiatowe zawody \u2013 Indywidualne Mistrzostwa w Lekkiej Atletyce. Nie mog\u0142o tam zabrakn\u0105\u0107 m\u0142odzie\u017cy z naszej szko\u0142y, kt\u00f3ra startowa\u0142a w dw\u00f3ch kategoriach: klasy VII i VIII oraz VI i m\u0142odsze. Najlepszy wynik osi\u0105gn\u0105\u0142 Bartosz Zawada z klasy VI c zajmuj\u0105c 1 miejsce&#8230;<\/p>\n","protected":false},"author":2,"featured_media":20993,"parent":0,"menu_order":0,"comment_status":"closed","ping_status":"closed","template":"","meta":{"ngg_post_thumbnail":0,"footnotes":""},"class_list":["post-29484","page","type-page","status-publish","has-post-thumbnail","hentry"],"_links":{"self":[{"href":"https:\/\/spboguchwala.pl\/index.php?rest_route=\/wp\/v2\/pages\/29484","targetHints":{"allow":["GET"]}}],"collection":[{"href":"https:\/\/spboguchwala.pl\/index.php?rest_route=\/wp\/v2\/pages"}],"about":[{"href":"https:\/\/spboguchwala.pl\/index.php?rest_route=\/wp\/v2\/types\/page"}],"author":[{"embeddable":true,"href":"https:\/\/spboguchwala.pl\/index.php?rest_route=\/wp\/v2\/users\/2"}],"replies":[{"embeddable":true,"href":"https:\/\/spboguchwala.pl\/index.php?rest_route=%2Fwp%2Fv2%2Fcomments&post=29484"}],"version-history":[{"count":23,"href":"https:\/\/spboguchwala.pl\/index.php?rest_route=\/wp\/v2\/pages\/29484\/revisions"}],"predecessor-version":[{"id":33575,"href":"https:\/\/spboguchwala.pl\/index.php?rest_route=\/wp\/v2\/pages\/29484\/revisions\/33575"}],"wp:featuredmedia":[{"embeddable":true,"href":"https:\/\/spboguchwala.pl\/index.php?rest_route=\/wp\/v2\/media\/20993"}],"wp:attachment":[{"href":"https:\/\/spboguchwala.pl\/index.php?rest_route=%2Fwp%2Fv2%2Fmedia&parent=29484"}],"curies":[{"name":"wp","href":"https:\/\/api.w.org\/{rel}","templated":true}]}}