{"id":29727,"date":"2023-09-30T08:07:58","date_gmt":"2023-09-30T08:07:58","guid":{"rendered":"http:\/\/spboguchwala.pl\/?page_id=29727"},"modified":"2024-06-17T20:06:40","modified_gmt":"2024-06-17T20:06:40","slug":"2023-2024-3","status":"publish","type":"page","link":"https:\/\/spboguchwala.pl\/?page_id=29727","title":{"rendered":"2023\/2024"},"content":{"rendered":"\n<p class=\"has-medium-font-size\"><strong><span style=\"color:#de182b\" class=\"has-inline-color\">Wyniki Gminnego Konkursu Literacko-Plastycznego ,,Pokora i Mi\u0142osierdzie &#8211; Rodzina Ulm\u00f3w w moich oczach&#8221;<\/span><\/strong><\/p>\n\n\n\n<div class=\"wp-block-image\"><figure class=\"aligncenter size-large is-resized\"><img loading=\"lazy\" decoding=\"async\" src=\"https:\/\/spboguchwala.pl\/wp-content\/uploads\/2023\/09\/konkurs-724x1024.jpg\" alt=\"\" class=\"wp-image-29724\" width=\"576\" height=\"815\" srcset=\"https:\/\/spboguchwala.pl\/wp-content\/uploads\/2023\/09\/konkurs-724x1024.jpg 724w, https:\/\/spboguchwala.pl\/wp-content\/uploads\/2023\/09\/konkurs-212x300.jpg 212w, https:\/\/spboguchwala.pl\/wp-content\/uploads\/2023\/09\/konkurs-768x1086.jpg 768w, https:\/\/spboguchwala.pl\/wp-content\/uploads\/2023\/09\/konkurs.jpg 1012w\" sizes=\"auto, (max-width: 576px) 100vw, 576px\" \/><\/figure><\/div>\n\n\n\n<p><\/p>\n\n\n\n<p class=\"has-medium-font-size\"><strong><span style=\"color:#de182b\" class=\"has-inline-color\">Akademia Pszczo\u0142y Bohatera \u201eKwietna \u0142\u0105ka\u201d- rozstrzygni\u0119cie konkursu<\/span><\/strong><\/p>\n\n\n\n<p>Dnia 30.05.2023r. w naszej szkole odby\u0142a si\u0119 prelekcja na temat pszcz\u00f3\u0142 prowadzona przez Pani\u0105 Natali\u0119 Jakubas. Ka\u017cdy z uczni\u00f3w otrzyma\u0142 pakiet, w kt\u00f3rym znajdowa\u0142y si\u0119 nasiona ro\u015blin miododajnych oraz instrukcje dalszego post\u0119powania i wysiania nasion. Uczniowie mieli mo\u017cliwo\u015b\u0107 wzi\u0119cia udzia\u0142u w konkursie organizowanym przez PODR w Boguchwale oraz Fundacj\u0119 \u201ePszczo\u0142a Bohater\u201d. Zadaniem konkursowym by\u0142o wysianie kwietnej \u0142\u0105ki, prowadzenie obserwacji, wype\u0142nienie karty oraz wykonanie zdj\u0119\u0107 lub pracy plastycznej.<br>Dnia 8.10.2023r. podczas Jesiennej Gie\u0142dy Ogrodniczej laureatom konkursu zosta\u0142y wr\u0119czone certyfikaty udzia\u0142u oraz nagrody rzeczowe: tablety. W\u015br\u00f3d nagrodzonych uczestnik\u00f3w znale\u017ali si\u0119 uczniowie naszej szko\u0142y. <br>Pan Dyrektor Bart\u0142omiej Wisz serdecznie pogratulowa\u0142 zwyci\u0119zcom: Filipowi Fularzowi z kl. 2a, Zofii Kowalskiej z kl. 2b i Lenie Mielniczuk z kl. 2c.<br>Bardzo cieszymy si\u0119, \u017ce podczas wakacyjnego odpoczynku uczniowie wraz z Rodzicami pami\u0119tali o pszczo\u0142ach, piel\u0119gnowali swoje \u0142\u0105ki oraz prowadzili obserwacj\u0119. <br>Serdecznie gratulujemy!<\/p>\n\n\n\nngg_shortcode_0_placeholder\n\n\n\n<p class=\"has-medium-font-size\"><strong><span style=\"color:#e4152d\" class=\"has-inline-color\">Gminny konkurs matematyczny \u201eZamiast mi\u0119dzy drzewami b\u0119dziemy gra\u0107 mi\u0119dzy \u0142awkami\u201d \u2013 wyniki<\/span><\/strong><\/p>\n\n\n\n<p>W gminnym konkursie matematycznym, organizowanym przez Szko\u0142\u0119 Podstawow\u0105 w Lutory\u017cu, kt\u00f3ry polega\u0142 na stworzeniu gry plenerowej, ale przeniesionej do budynku szko\u0142y, dru\u017cyna z SP Boguchwa\u0142a zaj\u0119\u0142a III miejsce.<br>Uczniowie klas VII: Lena Kabala, Lena Mazurkiewicz, Maksymilian Kuter i Szymon Ty\u015bnicki, pod kierunkiem p. Moniki Mla\u015b-Bieniasz stworzyli gr\u0119 pt. \u201eMatematyczne stacje zadaniowe z has\u0142em\u201d.<\/p>\n\n\n\n<p>Gratulujemy!<\/p>\n\n\n\nngg_shortcode_1_placeholder\n\n\n\n<p class=\"has-medium-font-size\"><strong><span style=\"color:#e4152d\" class=\"has-inline-color\">Og\u00f3lnopolski Konkurs Grafiki Komputerowej w Microsoft Paint<\/span><\/strong><\/p>\n\n\n\n<p>Jedenastu uczni\u00f3w klasy 2c wzi\u0119\u0142o udzia\u0142 w&nbsp;<strong>Og\u00f3lnopolskim Konkursie Grafiki Komputerowej w Microsoft Paint<\/strong>, organizowanym przez Szko\u0142\u0119 Podstawow\u0105 Nr 17 im. Or\u0142a Bia\u0142ego w Koszalinie. Zadaniem konkursowym by\u0142o wykonanie w edytorze grafiki Paint, dowoln\u0105 technik\u0105, pracy pt. \u201eZ\u0142ota, polska jesie\u0144\u201d. Do konkursu uczni\u00f3w przygotowywa\u0142a wychowawczyni \u2013 Agata Drogo\u0144-Mul.<\/p>\n\n\n\n<p>Niedawno otrzymali\u015bmy wyniki i mi\u0142o nam poinformowa\u0107, \u017ce&nbsp;<strong>I miejsce zaj\u0119\u0142a Alicja Borowiec<\/strong>, a&nbsp;<strong>III miejsce \u2013 Maja Haliniak<\/strong>.<\/p>\n\n\n\n<p>Dyplomy oraz nagrody ksi\u0105\u017ckowe wr\u0119czy\u0142 uczennicom dyrektor naszej szko\u0142y \u2013 Pan Bart\u0142omiej Wisz.<\/p>\n\n\n\n<p>Serdecznie gratulujemy i \u017cyczymy dalszych sukces\u00f3w!<\/p>\n\n\n\nngg_shortcode_2_placeholder\n\n\n\n<p class=\"has-medium-font-size\"><strong><span style=\"color:#e4152d\" class=\"has-inline-color\">VII Turniej Szachowy w Szkole Podstawowej w Zg\u0142obniu<\/span><\/strong><\/p>\n\n\n\n<p>Pierwszego dnia ferii, trzech uczni\u00f3w z naszej szko\u0142y wzi\u0119\u0142o udzia\u0142 w turnieju szachowym. Byli to: Arkadiusz Wojtu\u0144 z kl. 3a, Maciej Oleniacz z kl. 5b oraz Maksymilian Kuter z kl. 7b.<br>Gratulujemy Wam i dzi\u0119kujemy za godne reprezentowanie naszej szko\u0142y.<\/p>\n\n\n\n<p>Zdj\u0119cia pochodz\u0105 ze strony internetowej Szko\u0142y Podstawowej w Zg\u0142obniu.<\/p>\n\n\n\nngg_shortcode_3_placeholder\n\n\n\n<p class=\"has-medium-font-size\"><span style=\"color:#e4152d\" class=\"has-inline-color\"><strong>Sukces w konkursie InstaLogik naszej uczennicy<\/strong><\/span><\/p>\n\n\n\n<p>Z przyjemno\u015bci\u0105 informujemy, \u017ce uczennica klasy 6b Emilia Mazur zosta\u0142a laureatk\u0105 III miejsca na szczeblu og\u00f3lnopolskim w kategorii klas 6 SP w V edycji konkursu InstaLogik.<br>InstaLogik to konkurs matematyczno-informatyczny, jego celem jest rozwijanie zainteresowa\u0144 matematycznych i programistycznych m\u0142odzie\u017cy.<br>Gratulujemy serdecznie<\/p>\n\n\n\nngg_shortcode_4_placeholder\n\n\n\n<p class=\"has-medium-font-size\"><strong><span style=\"color:#e4152d\" class=\"has-inline-color\">DISCOVER THE BRITISH WORLD<\/span><\/strong><\/p>\n\n\n\n<p>26 kwietnia 2024r. w Szkole Podstawowej w Woli Zg\u0142obie\u0144skiej, dru\u017cyna z naszej szko\u0142y pod opiek\u0105 nauczyciela j\u0119zyka angielskiego p. Sylwii G\u0105sior, w sk\u0142adzie:<br>Anna Moroz, Dominik Sadecki, Fabian Gos\u0142awski, Bartosz Sier\u017c\u0119ga<br>wzi\u0119\u0142a udzia\u0142 w pierwszej edycji Gminnej Gry Terenowej i zdoby\u0142a I miejsce! <br>Jest to innowacyjna forma testu, z wykorzystaniem kod\u00f3w QR, sprawdzaj\u0105ca wiedz\u0119 na temat kultury, sportu (golf) oraz \u017cycia codziennego w krajach angloj\u0119zycznych, a przy tym weryfikuj\u0105ca bieg\u0142o\u015b\u0107 w pos\u0142ugiwaniu si\u0119 j\u0119zykiem angielskim.<br>Konkurs zosta\u0142 podzielony na pi\u0119\u0107 cz\u0119\u015bci. Dru\u017cyny otrzymywa\u0142y zeskanowan\u0105 map\u0119, na kt\u00f3rej by\u0142y zaznaczone miejsca, gdzie znajdowa\u0142y si\u0119 kody z zadaniami do wykonania. Zadania polega\u0142y mi\u0119dzy innymi na: napisaniu wiersza po angielsku, znajomo\u015bci drzewa genealogicznego Angielskiej Rodziny Kr\u00f3lewskiej, rozpoznawania flag pa\u0144stw wchodz\u0105cych w sk\u0142ad The Commonwealth.<br>W konkursie udzia\u0142 wzi\u0119\u0142o a\u017c 10 dru\u017cyn, ze szk\u00f3\u0142 naszej gminy.<br>Konkurencja by\u0142a bardzo mocna, tym bardziej cieszy wynik naszego zespo\u0142u. Testy trwa\u0142y a\u017c 4 godziny i wymaga\u0142y du\u017cych kompetencji zar\u00f3wno j\u0119zykowych jak i sportowych.By\u0142a to r\u00f3wnie\u017c wspania\u0142a forma integracji i dobrej zabawy.<br>GRATULUJEMY ZWYCI\u0118ZCOM!<\/p>\n\n\n\nngg_shortcode_5_placeholder\n\n\n\n<p class=\"has-medium-font-size\"><strong><span style=\"color:#e4152d\" class=\"has-inline-color\">Gminny Konkurs \u201eTu, gdzie si\u0119 urodzi\u0142em i mieszkam od lat\u201d<\/span><\/strong><\/p>\n\n\n\n<p>Celem konkursu organizowanego przez nasz\u0105 szko\u0142\u0119 jest pog\u0142\u0119bienie wiedzy o gminie Boguchwa\u0142a oraz kszta\u0142towanie to\u017csamo\u015bci regionalnej w\u015br\u00f3d dzieci i m\u0142odzie\u017cy. W tegorocznej edycji udzia\u0142 wzi\u0119\u0142o 5 szk\u00f3\u0142 z terenu naszej gminy.<br>Konkurs zosta\u0142 przeprowadzony w trzech kategoriach:<br>Pierwsza z nich przeznaczona dla uczni\u00f3w najm\u0142odszych z klas 1-3 mia\u0142a form\u0119 plastyczn\u0105 i skupia\u0142a si\u0119 wok\u00f3\u0142 tematu \u201cMiejsca zabytkowe i historyczne w Gminie Boguchwa\u0142a\u201d.<br>Druga kategoria mia\u0142a charakter plastyczno \u2013 literacki, przeznaczona by\u0142a dla uczni\u00f3w klas 4-6 i dotyczy\u0142a \u201cMiejsc zabytkowych i historycznych w Gminie Boguchwa\u0142a\u201d.<br>Trzecia z kategorii \u201eMoja ma\u0142a Ojczyzna\u201d, kt\u00f3ra by\u0142a przeznaczona dla uczni\u00f3w klas 6-8 to konkurs o charakterze wiedzowym.<br>Bardzo dzi\u0119kujemy nauczycielom, rodzicom i opiekunom za Pa\u0144stwa pomoc, wyrozumia\u0142o\u015b\u0107, a przede wszystkim za zaanga\u017cowanie i wsparcie uczni\u00f3w w przygotowaniach do konkursu.<br>Czujemy si\u0119 zaszczyceni z powodu obecno\u015bci podczas wr\u0119czenia nagr\u00f3d uczestnikom konkursu: pani Dyrektor Centrum Us\u0142ug Wsp\u00f3lnych Gminy Boguchwa\u0142a \u2013 Ewelinie Jasi\u0144skiej, pani Dyrektor Gminnej Biblioteki Publicznej w Boguchwale \u2013 Annie Wolskiej, cz\u0142onkowi rady powiatu, regionali\u015bcie i spo\u0142ecznikowi panu Rafa\u0142owi Bia\u0142oruckiemu.<\/p>\n\n\n\n<p>I KATEGORIA \u201eMiejsca zabytkowe i historyczne w Gminie Boguchwa\u0142a\u201d:<br>1 miejsce: Filip Kocurek \u2013 SP Nos\u00f3wka<br>2 miejsce: Milena Jachyra \u2013 SP Boguchwa\u0142a<br>3 miejsce: Hanna Witalec \u2013 SP Wola Zg\u0142obie\u0144ska, Anna Wojew\u00f3dka \u2013 SP Mogielnica<br>II KATEGORIA \u201eMiejsca zabytkowe i historyczne w Gminie Boguchwa\u0142a\u201d:<br>1 miejsce: Emilia Mazur \u2013 SP Boguchwa\u0142a<br>2 miejsce: Karina Dziuba \u2013 SP Lutory\u017c<br>3 miejsce: Marlena R\u00f3g \u2013 SP Boguchwa\u0142a<br>III KATEGORIA \u201eMoja ma\u0142a Ojczyzna\u201d:<br>1 miejsce: Szymon Wilk \u2013 SP Boguchwa\u0142a<br>2 miejsce: Marika Ra\u0142owska \u2013 SP Niechobrz<br>3 miejsce: Karolina Kawa \u2013 SP Niechobrz<br>Wyr\u00f3\u017cnienie: Filip Zawora \u2013 SP Mogielnica<\/p>\n\n\n\n<p>Gratulujemy wszystkim uczniom i uczennicom, kt\u00f3rzy podj\u0119li wyzwanie uczestniczenia w naszym konkursie!<\/p>\n\n\n\nngg_shortcode_6_placeholder\n\n\n\n<p class=\"has-medium-font-size\"><strong><span style=\"color:#e4152d\" class=\"has-inline-color\">Sukcesy naszych uczni\u00f3w w Mi\u0119dzynarodowym Konkursie Matematycznym Kangur 2024<\/span><\/strong><\/p>\n\n\n\n<p>Mi\u0142o nam poinformowa\u0107 o sukcesach naszych uczni\u00f3w w Mi\u0119dzynarodowym Konkursie Matematycznym Kangur 2024!<\/p>\n\n\n\n<p>Wynik bardzo dobry uzyskali: <br>Jan Pastwa &#8211; klasa 2a<br>Jerzy Pastwa &#8211; klasa 5 c<\/p>\n\n\n\n<p>Wyr\u00f3\u017cnienia otrzymali:<br>Tymon So\u015bnicki &#8211; klasa 2a<br>Filip Fularz &#8211; klasa 2a<br>Tymofij Ko\u0142odziej &#8211; klasa 2a<br>Ksawery Ba\u0142chan &#8211; klasa 2 b<br>Julianna Jab\u0142o\u0144ska &#8211; klasa 3 a<br>Mateusz Krawiec &#8211; klasa 3 b<br>Jagoda Kr\u0119cisz &#8211; klasa 6 a<\/p>\n\n\n\n<p>Serdecznie gratulujemy i \u017cyczymy dalszych matematycznych sukces\u00f3w.<\/p>\n\n\n\nngg_shortcode_7_placeholder\n","protected":false},"excerpt":{"rendered":"<p>Wyniki Gminnego Konkursu Literacko-Plastycznego ,,Pokora i Mi\u0142osierdzie &#8211; Rodzina Ulm\u00f3w w moich oczach&#8221; Akademia Pszczo\u0142y Bohatera \u201eKwietna \u0142\u0105ka\u201d- rozstrzygni\u0119cie konkursu Dnia 30.05.2023r. w naszej szkole odby\u0142a si\u0119 prelekcja na temat pszcz\u00f3\u0142 prowadzona przez Pani\u0105 Natali\u0119 Jakubas. Ka\u017cdy z uczni\u00f3w otrzyma\u0142 pakiet, w kt\u00f3rym znajdowa\u0142y si\u0119 nasiona ro\u015blin miododajnych oraz instrukcje dalszego post\u0119powania i wysiania nasion&#8230;.<\/p>\n","protected":false},"author":2,"featured_media":20991,"parent":0,"menu_order":0,"comment_status":"closed","ping_status":"closed","template":"","meta":{"ngg_post_thumbnail":0,"footnotes":""},"class_list":["post-29727","page","type-page","status-publish","has-post-thumbnail","hentry"],"_links":{"self":[{"href":"https:\/\/spboguchwala.pl\/index.php?rest_route=\/wp\/v2\/pages\/29727","targetHints":{"allow":["GET"]}}],"collection":[{"href":"https:\/\/spboguchwala.pl\/index.php?rest_route=\/wp\/v2\/pages"}],"about":[{"href":"https:\/\/spboguchwala.pl\/index.php?rest_route=\/wp\/v2\/types\/page"}],"author":[{"embeddable":true,"href":"https:\/\/spboguchwala.pl\/index.php?rest_route=\/wp\/v2\/users\/2"}],"replies":[{"embeddable":true,"href":"https:\/\/spboguchwala.pl\/index.php?rest_route=%2Fwp%2Fv2%2Fcomments&post=29727"}],"version-history":[{"count":11,"href":"https:\/\/spboguchwala.pl\/index.php?rest_route=\/wp\/v2\/pages\/29727\/revisions"}],"predecessor-version":[{"id":34123,"href":"https:\/\/spboguchwala.pl\/index.php?rest_route=\/wp\/v2\/pages\/29727\/revisions\/34123"}],"wp:featuredmedia":[{"embeddable":true,"href":"https:\/\/spboguchwala.pl\/index.php?rest_route=\/wp\/v2\/media\/20991"}],"wp:attachment":[{"href":"https:\/\/spboguchwala.pl\/index.php?rest_route=%2Fwp%2Fv2%2Fmedia&parent=29727"}],"curies":[{"name":"wp","href":"https:\/\/api.w.org\/{rel}","templated":true}]}}