{"id":31322,"date":"2023-12-18T19:21:28","date_gmt":"2023-12-18T19:21:28","guid":{"rendered":"http:\/\/spboguchwala.pl\/?page_id=31322"},"modified":"2024-06-17T20:29:25","modified_gmt":"2024-06-17T20:29:25","slug":"2023-2024-4","status":"publish","type":"page","link":"https:\/\/spboguchwala.pl\/?page_id=31322","title":{"rendered":"2023\/2024"},"content":{"rendered":"\n<p class=\"has-medium-font-size\"><strong><span style=\"color:#e4152d\" class=\"has-inline-color\">Konkursy z okazji \u015awi\u0119ta Patrona Szko\u0142y<\/span><\/strong><\/p>\n\n\n\n<p>W naszej szkole jak co roku, z okazji \u015awi\u0119ta Patrona odby\u0142y si\u0119 konkursy: wiedzy (udzia\u0142 zespo\u0142owy) i plastyczny (udzia\u0142 indywidualny).<br>W konkursie wiedzy I miejsce zdobyli przedstawiciele kl. VI b, Oliwia K\u0105kol i Alan K\u0105kol &#8211; zdobywaj\u0105c dla swojej klasy 2 dni bez pytania, II miejsce przypad\u0142o kl. Vb i jej przedstawicielom, Maciejowi Oleniaczowi i Filipowi Zarembie (1 dzie\u0144 bez pytania), III miejsce dla kl. VIIa zdobyli Szymon Wilk i Szczepan Hendzel (1 dzie\u0144 bez pytania).<br>Wyniki konkursu plastycznego na wykonanie pracy przestrzennej lub p\u00f3\u0142 przestrzennej z motywem kwiatowym (maki):<br>Kategoria klasy I &#8211; III:<br>1 miejsce: Lena Skowron kl. IIIb, <br>2 miejsce: Kornelia Blama kl. Ic, Ignacy W\u00f3jtowicz kl. Ic<br>3 miejsce: Milena Jachyra kl. IIIb, Aleksandra W\u0105s kl. IIIa<br>Wyr\u00f3\u017cnienia:<br>kl. IIIb &#8211; Aleksandra Sowa, Helena Witowicz, Natalia Mazur; kl. Ic &#8211; Jowita Pitera, Karolina W\u0105s<br>Kategoria klasy IV &#8211; VIII:<br>1 miejsce: Oliwia Debrzak kl. VIIb, Zofia Karnasiewicz kl. Va<br>2 miejsce: Zofia Szelast kl. VIb, Marlena R\u00f3g kl. VIc<br>Wyr\u00f3\u017cnienia: Nina Kulanica kl. IVa, Jan Szelast kl. IVb, Emilia Mazur kl. VIb.<br>Bior\u0105cy udzia\u0142 w konkursie uczniowie otrzymali dyplomy i nagrody ufundowane przez Rad\u0119 Rodzic\u00f3w dzia\u0142aj\u0105c\u0105 przy Szkole Podstawowej im. gen. Stanis\u0142awa Maczka w Boguchwale. Serdecznie gratulujemy i \u017cyczymy dalszych sukces\u00f3w.<\/p>\n\n\n\nngg_shortcode_0_placeholder\n\n\n\n<p class=\"has-medium-font-size\"><strong><span style=\"color:#e4152d\" class=\"has-inline-color\">Matematyczny Kalendarz Adwentowy \u2013 podsumowanie pracy<\/span><\/strong><\/p>\n\n\n\n<p>G\u0142\u00f3wnym celem konkursu by\u0142a:<br>\u2013 nauka matematyki przez zabaw\u0119<br>\u2013 rozwijanie zainteresowa\u0144 i uzdolnie\u0144 matematycznych uczni\u00f3w<br>\u2013 wskazanie praktycznych zastosowa\u0144 matematyki w \u017cyciu codziennym<br>\u2013 integracja zespo\u0142\u00f3w klasowych<br>\u2013 kszta\u0142towanie odpowiedzialno\u015bci za powierzone zadanie<br>\u2013 umiej\u0119tno\u015b\u0107 pracy zespo\u0142owej.<\/p>\n\n\n\n<p>Codziennie od 1 do 21 grudnia losowali\u015bmy ucznia odpowiedzialnego za rozwi\u0105zanie zagadki dnia. Codziennie te\u017c na uczni\u00f3w rozwi\u0105zuj\u0105cych zadania matematyczne czeka\u0142y s\u0142odkie niespodzianki.<br>Indywidualny trud rozwi\u0105zania wszystkich zada\u0144 z matematycznego kalendarza adwentowego podj\u0119\u0142o \u0142\u0105cznie 15 uczni\u00f3w z klas 6a i 6 b.<br>Osi\u0105gni\u0119cie wsp\u00f3lnego celu okaza\u0142o si\u0119 wa\u017cniejsze od rywalizacji, a praca z kalendarzem zach\u0119ca\u0142a do systematyczno\u015bci i odpowiedzialno\u015bci za swoje dzia\u0142ania. Wszyscy, kt\u00f3rzy pracowali systematycznie i dotarli do ko\u0144ca otrzymali oceny z matematyki, a najlepsi tak\u017ce drobne upominki.<\/p>\n\n\n\n<p>Oto wyniki w kategorii indywidualnej:<br>I miejsce \u2013 Maria Mul (klasa 6a)<br>II miejsce ex aequo \u2013 Jagoda Kr\u0119cisz i Agnieszka R\u0119dziniak (klasa 6a)<br>III miejsce \u2013 Oliwia K\u0105kol (klasa 6 b)<br>Wyr\u00f3\u017cnienie otrzymali Alan K\u0105kol, Paulina Przywara oraz Adam Krawiec (klasa 6 b).<br>W pracy zespo\u0142owej na pochwa\u0142\u0119 zas\u0142uguje klasa 6 a.<\/p>\n\n\n\n<p>Gratuluj\u0119 wszystkim uczniom i sk\u0142adam matematyczne \u017cyczenia \u015bwi\u0105teczne: Mn\u00f3stwa prezent\u00f3w i to do kwadratu, \u017ceby ju\u017c w \u017cyciu nie by\u0142o brak\u00f3w. I tak jak okr\u0105g nie ma ko\u0144ca, tyle u\u015bmiechu i za dnia S\u0142o\u0144ca. I \u017ceby \u017cycie co jest jak odcinek, prze\u017cy\u0107 rado\u015bnie i w pe\u0142ni szcz\u0119\u015bliwie. By jak jest pe\u0142ne u\u015bmiechu ko\u0142o, by\u0142o Wam wszystkim w te \u015awi\u0119ta weso\u0142o. Weso\u0142ych \u015awi\u0105t i szcz\u0119\u015bliwego Nowego Roku<br>Anna Bo\u017cek<\/p>\n\n\n\nngg_shortcode_1_placeholder\n\n\n\n<p class=\"has-medium-font-size\"><strong><span style=\"color:#e4152d\" class=\"has-inline-color\">Konkurs plastyczny BOMBKA CHOINKOWA 2023 rozstrzygni\u0119ty!<\/span><\/strong><\/p>\n\n\n\n<p><strong>Kategoria&nbsp;<u>klasy 1-3<\/u><\/strong>&nbsp; (zg\u0142oszonych 26 prac)<br>I MIEJSCE:<br>\u2013 Liwia Kaczmarska 3a<br>\u2013 Lena Skowron 3b<br>II MIEJSCE:<br>\u2013 Kornelia Blama 1c<br>\u2013 Magdalena W\u00f3dz 3b<br>III MIEJSCE:<br>\u2013 Jowita Pitera 1c<br>\u2013 Filip Balawender 3a<br><em>Wyr\u00f3\u017cnienia:<\/em><br>\u2013 Julian Karnasiewicz 1a<br>\u2013 Ma\u0142gorzata Macio\u0142ek 1c<br>\u2013 Jan Pola\u0144ski 2b<br>\u2013 Lena Mielniczuk 2c<br>\u2013 Zuzanna Kornecka 3a<br>\u2013 Paulina Serafin 3c<br>\u2013 Nina Szpecht 3c<\/p>\n\n\n\n<p><strong>Kategoria&nbsp;<u>klasy 4-6<\/u><\/strong>&nbsp; (zg\u0142oszonych 6 prac)<br>I MIEJSCE:<br>\u2013 Zofia Karnasiewicz 5a<br>II MIEJSCE:<br>\u2013 Weronika Pasieka 4a<br>III MIEJSCE:<br>\u2013 Pawe\u0142 Garbowski 6b<\/p>\n\n\n\n<p><strong>Kategoria&nbsp;<u>klasy 7-8<\/u><\/strong>&nbsp; (zg\u0142oszone 3 prace)<br>I MIEJSCE:<br>\u2013 Oliwia Debrzak 7b<br>II MIEJSCE:<br>\u2013 Szymon Ty\u015bnicki 7b<br>III MIEJSCE:<br>\u2013 Szczepan Hendzel 7a<\/p>\n\n\n\n<p><strong>ZWYCI\u0118ZCOM SERDECZNIE GRATULUJEMY, A POZOSTA\u0141YM UCZNIOM DZI\u0118KUJEMY ZA UDZIA\u0141 W KONKURSIE.<\/strong><\/p>\n\n\n\n<p><strong><u>Nagrody g\u0142\u00f3wne ufundowane przez RAD\u0118 RODZIC\u00d3W<\/u>, zostan\u0105 wr\u0119czone uczniom podczas Koncertu Bo\u017conarodzeniowego w pi\u0105tek, 22 grudnia 2023r.<\/strong><br>Dla wyr\u00f3\u017cnionych i pozosta\u0142ych uczestnik\u00f3w przygotowane s\u0105 r\u00f3wnie\u017c upominki, kt\u00f3re wr\u0119cz\u0105 wychowawcy w klasach.<\/p>\n\n\n\n<p>Koordynatorzy: Agata Drogo\u0144-Mul i Bo\u017cena Materna<\/p>\n\n\n\nngg_shortcode_2_placeholder\n\n\n\n<p class=\"has-medium-font-size\"><strong><span style=\"color:#e4152d\" class=\"has-inline-color\">Szkolny Konkurs Informatyczny dla kl. I<\/span><\/strong><\/p>\n\n\n\n<p>Nie od dzi\u015b wiadomo, \u017ce coraz m\u0142odsze pokolenia znakomicie radz\u0105 sobie z technologi\u0105 informatyczn\u0105. W zwi\u0105zku z czym zorganizowano I Szkolny Konkurs Informatyczny &#8222;Las&#8221;. Klasy pierwsze mog\u0142y wykaza\u0107 si\u0119 w nim wiedz\u0105 przyrodnicz\u0105 i umiej\u0119tno\u015bciami pracy w programie Paint, kt\u00f3re kszta\u0142towane by\u0142y od pocz\u0105tku roku szkolnego. Sami mog\u0105 si\u0119 Pa\u0144stwo przekona\u0107. Z ka\u017cdej klasy wyr\u00f3\u017cniono 1 laureata, nie mo\u017cna by\u0142o oczywi\u015bcie nie nagrodzi\u0107 reszty uczestnik\u00f3w, gdy\u017c prace s\u0105 naprawd\u0119 pi\u0119kne.<\/p>\n\n\n\nngg_shortcode_3_placeholder\n\n\n\n<p class=\"has-medium-font-size\"><strong><span style=\"color:#e4152d\" class=\"has-inline-color\">SZKOLNY KONKURS PI\u0118KNEGO CZYTANIA KL. 1-3<\/span><\/strong><\/p>\n\n\n\n<p>27 lutego 2024r. odby\u0142 si\u0119 w naszej szkole Konkurs Pi\u0119knego Czytania dla klas 1-3.<br>W konkursie wzi\u0119\u0142o udzia\u0142 18 uczni\u00f3w. Zaprezentowali oni fragmenty lektur \u2013 \u201eDetektyw Pozytywka\u201d, \u201eCukierku, ty \u0142obuzie!\u201d oraz \u201eNiesamowite przygody dziesi\u0119ciu skarpetek\u201d, jak r\u00f3wnie\u017c wybrane wiersze dla dzieci.<br>Reprezentanci klas \u015bwietnie pokazali swoje umiej\u0119tno\u015bci czytelnicze. Z przyjemno\u015bci\u0105 s\u0142ucha\u0142o si\u0119 fragment\u00f3w prozy i wierszy.<br>Komisja w sk\u0142adzie: przewodnicz\u0105ca pani Monika Mla\u015b-Bieniasz oraz pani Ma\u0142gorzata Porczak i pani Natalia Rokosz stworzy\u0142a mi\u0142\u0105 i przyjazn\u0105 atmosfer\u0119. Po wys\u0142uchaniu wszystkich uczni\u00f3w jury wy\u0142oni\u0142o zwyci\u0119zc\u00f3w:<\/p>\n\n\n\n<p class=\"has-text-align-center\"><strong>I miejsce \u2013 Arkadiusz Wojtu\u0144 kl. 3a<br>II miejsce \u2013 Milena Jachyra kl. 3b oraz Maja Oppenauer kl. 2a<br>III miejsce \u2013 Emilia Byrczek kl. 1b oraz Jagoda Wawrzaszek kl. 2b<br>Wyr\u00f3\u017cnienie: Karolina Serafin kl. 3c oraz Helena Witowicz kl. 3b<\/strong><\/p>\n\n\n\n<p>Wszystkim uczestnikom, a w szczeg\u00f3lno\u015bci zwyci\u0119zcom GRATULUJEMY!<\/p>\n\n\n\n<p>Serdecznie dzi\u0119kujemy Radzie Rodzic\u00f3w za przyznanie \u015brodk\u00f3w pieni\u0119\u017cnych na zakup nagr\u00f3d dla uczestnik\u00f3w konkursu.<\/p>\n\n\n\nngg_shortcode_4_placeholder\n\n\n\n<p class=\"has-medium-font-size\"><strong><span style=\"color:#e4152d\" class=\"has-inline-color\">DZIE\u0143 MATEMATYKI W NASZEJ SZKOLE<\/span><\/strong><\/p>\n\n\n\n<p>\u201eZ Kr\u00f3low\u0105 MATEMATYK\u0104 nigdy nie ma nudy.<br>Rozwi\u0105\u017ce ona wszystkie Twoje trudy.<br>Kiedy zapytasz: Po co mi matma?<br>Ja Ci odpowiem: Ona \u017cycie u\u0142atwia!<br>W wielu dziedzinach spotka\u0107 j\u0105 mo\u017cesz.<br>W przyrodzie, sztuce, chemii, fizyce\u2026<br>I jak wiadomo te\u017c w informatyce.\u201d<\/p>\n\n\n\n<p>Matematyka Kr\u00f3lowa Nauki ma swoje \u015bwi\u0119to, kt\u00f3re obchodzimy 12 marca i cz\u0119sto \u0142\u0105czy si\u0119 je z dniem 14 marca \u2013 \u015awiatowym Dniem Liczby \u03c0. W naszej szkole z tej okazji zaprosili\u015bmy uczni\u00f3w do zabawy i zorganizowali\u015bmy dwa konkursy:<br>\u2013 teleturniej matematyczny \u201e1 z 10\u2033 dla uczni\u00f3w klas 6 poprzedzony wcze\u015bniejszymi eliminacjami<br>\u2013 konkurs grupowy dla uczni\u00f3w klas 5 \u2013 Matematyczne \u0141amig\u0142\u00f3wki.<br>A oto zwyci\u0119zcy:<br>W teleturnieju matematycznym 1 z 10:<br>I miejsce \u2013 Jagoda Kr\u0119cisz klasa 6a<br>II miejsce \u2013 Jagoda Drozd klasa 6a<br>III miejsce \u2013 Bartosz Birut klasa 6b<\/p>\n\n\n\n<p>Konkurs grupowy dla klas 5 wygrali uczniowie klasy 5c w sk\u0142adzie:<br>\u2013 Karina Sitek<br>\u2013 Wojciech Gajdek<br>\u2013 Kacper Gorlowski<br>\u2013 Jerzy Pastwa<\/p>\n\n\n\n<p>Wszystkim uczniom serdecznie gratulujemy i \u017cyczymy kolejnych matematycznych sukces\u00f3w.<br>Bawmy si\u0119 matematyk\u0105!<\/p>\n\n\n\nngg_shortcode_5_placeholder\n\n\n\n<p class=\"has-medium-font-size\"><strong><span style=\"color:#e4152d\" class=\"has-inline-color\">Wyniki szkolnego konkursu &#8222;Ozdoba wielkanocna 2024&#8221;<\/span><\/strong><\/p>\n\n\n\n<p>Na konkurs w terminie wp\u0142yn\u0119\u0142o 43 prace plastyczne, w zdecydowanej wi\u0119kszo\u015bci z klas m\u0142odszych ale r\u00f3wnie\u017c z klas 4-7. Zg\u0142oszone prace by\u0142y bardzo kreatywne, wykonane bardzo starannie i z zaanga\u017cowaniem. W ciekawy spos\u00f3b uczniowie podeszli do za\u0142o\u017ce\u0144 regulaminowych, kt\u00f3rymi by\u0142o zastosowanie naturalnych materia\u0142\u00f3w oraz powt\u00f3rne wykorzystanie surowc\u00f3w. <br>Komisja konkursowa w sk\u0142adzie: P. Anna Chru\u015bciel &#8211; przewodnicz\u0105ca oraz cz\u0142onkinie Panie: Karolina Olszewska, Agata R\u0105pa\u0142a, Agata Zegar &#8211; Drozdowska, nagrodzi\u0142y i wyr\u00f3\u017cni\u0142y wi\u0119kszo\u015b\u0107 zg\u0142oszonych prac, a ka\u017cdy bior\u0105cy udzia\u0142 otrzyma drobny upominek i dyplom. <\/p>\n\n\n\n<p>Klasy I &#8211; III:<br>kl. 1a: prace nagrodzone: Anna Gajdek, Aleksandra Adam, Paulina Czernik, Jakub Kudzia, Michalina Wi\u0119ch<br>prace wyr\u00f3\u017cnione: Julian Karnasiewicz, Julia Kopiec, Michalina Pot\u0119cka, Justyna Witowicz<br>kl. 1b: prace nagrodzone: Pola Jakobik, Hanna Toto\u0144<br>prace wyr\u00f3\u017cnione: Wiktoria Sewerniak, Iga Sewerniak<br>kl. 1c: prace nagrodzone: Kornelia Blama, Aniela Furdyna, Tymon Kulasa, Karol P\u0105czek, Jowita Pitera<br>prace wyr\u00f3\u017cnione: Ma\u0142gorzata Macio\u0142ek, Karolina W\u0105s, Ignacy W\u00f3jtowicz, Amelia Pi\u0119ciak<br>kl. 2a: praca wyr\u00f3\u017cniona: Zuzanna Gajdek<br>kl. 2b: praca nagrodzona: Amelia Ha\u015bko<br>kl. 3a: prace nagrodzone: Liwia Kaczmarska, Maja Jurek<br>praca wyr\u00f3\u017cniona: Anna Jaksan<br>kl. 3b: praca nagrodzona: Lena Skowron<br>kl. 3c: prace nagrodzone: Karolina Serafin, Paulina Serafin, Tymoteusz Kornak<br>prace wyr\u00f3\u017cnione: Mi\u0142osz Owarzany, Zuzanna Surowiec<br>nagroda za udzia\u0142: Maja Giepert<\/p>\n\n\n\n<p>Klasy IV &#8211; VII:<br>prace nagrodzone: 1 miejsce ex aequo &#8211; Julia Rzepka kl. 4a, Martyna Marcinkowska kl. 5a, Oliwia Debrzak kl. 7b<br>2 miejsce ex aequo &#8211; Filip Rozborski kl. 4b, Dawid Piela kl. 4b, Zofia Karnasiewicz kl. 5a<br>wyr\u00f3\u017cnienie: Szymon Ty\u015bnicki kl. 7b<br>nagrody za udzia\u0142: Jan Szelast kl. 4b, Zofia Szelast kl. 6b<\/p>\n\n\n\n<p>Zakup nagr\u00f3d by\u0142 mo\u017cliwy dzi\u0119ki Radzie Rodzic\u00f3w dzia\u0142aj\u0105cej przy naszej szkole. <br>Nagrody zostan\u0105 wr\u0119czone w \u015brod\u0119 po przerwie \u015bwi\u0105tecznej. <br>Serdecznie gratulujemy i \u017cyczymy tw\u00f3rczych sukces\u00f3w!<\/p>\n\n\n\nngg_shortcode_6_placeholder\n\n\n\n<p class=\"has-medium-font-size\"><strong><span style=\"color:#e4152d\" class=\"has-inline-color\">Wyniki Szkolnego Konkursu Plastyczno-Ekologicznego &#8222;Matka Ziemia&#8221;<\/span><\/strong><\/p>\n\n\n\n<p>Promowanie akcji proekologicznych to jedno z g\u0142\u00f3wnych za\u0142o\u017ce\u0144 na rzecz planety, \u015brodowiska lokalnego, jak i wychowawczo-edukacyjnych. Nasze dzieci znakomicie ukaza\u0142y swoje oddanie dla planety, w\u0142a\u015bnie poprzez przygotowane m.in. prace na rzecz konkursu. Zapraszamy do obejrzenia dzie\u0142 oraz relacji z rozdania nagr\u00f3d.<\/p>\n\n\n\nngg_shortcode_7_placeholder\n\n\n\n<p class=\"has-medium-font-size\"><strong><span style=\"color:#e4152d\" class=\"has-inline-color\">Wyniki szkolnego konkursu fizyczno-chemicznego \u2013 \u201eProste do\u015bwiadczenie fascynuj\u0105ce wyja\u015bnienie\u201d<\/span><\/strong><\/p>\n\n\n\n<p>Zadaniem uczni\u00f3w by\u0142o samodzielnie przygotowanie i zaprezentowanie dw\u00f3ch ciekawych do\u015bwiadcze\u0144: fizycznego i chemicznego, w kt\u00f3rych wykorzysta\u0107 mo\u017cna by\u0142o substancje i przedmioty codziennego u\u017cytku lub uczniowie mogli opisa\u0107 budow\u0119 i zasad\u0119 dzia\u0142ania urz\u0105dzenia zbudowanego w\u0142asnor\u0119cznie.<\/p>\n\n\n\n<p>Ocenie podlega\u0142a atrakcyjno\u015b\u0107 i oryginalno\u015b\u0107 wykonywanego eksperymentu oraz poprawno\u015b\u0107 formalna i merytoryczna.<\/p>\n\n\n\n<p>Oto zwyci\u0119zcy tegorocznej szkolnej edycji konkursu:<br>I miejsce \u2013 Wiktoria Bli\u017aniak, klasa 7a<br>II miejsce \u2013 Karolina S\u0142owik i Martyna Palak, klasa 8a<br>III miejsce ex aequo: Lena Kabala oraz Nadia Gawor, klasa 7a<br>Wyr\u00f3\u017cnienie: Krystian Czuba, klasa 7b<\/p>\n\n\n\n<p>Dzi\u0119kujemy Radzie Rodzic\u00f3w za wsparcie finansowe i ufundowanie nagr\u00f3d. Uczniom gratulujemy pomys\u0142\u00f3w i \u017cyczymy niezapomnianych wra\u017ce\u0144 w dalszym odkrywaniu tajemnic wiedzy i eksperymentowaniu.<\/p>\n\n\n\n<p class=\"has-text-align-right\">Anna Bo\u017cek i Anna G\u00f3rka<\/p>\n\n\n\nngg_shortcode_8_placeholder\n","protected":false},"excerpt":{"rendered":"<p>Konkursy z okazji \u015awi\u0119ta Patrona Szko\u0142y W naszej szkole jak co roku, z okazji \u015awi\u0119ta Patrona odby\u0142y si\u0119 konkursy: wiedzy (udzia\u0142 zespo\u0142owy) i plastyczny (udzia\u0142 indywidualny).W konkursie wiedzy I miejsce zdobyli przedstawiciele kl. VI b, Oliwia K\u0105kol i Alan K\u0105kol &#8211; zdobywaj\u0105c dla swojej klasy 2 dni bez pytania, II miejsce przypad\u0142o kl. Vb i&#8230;<\/p>\n","protected":false},"author":2,"featured_media":20990,"parent":0,"menu_order":0,"comment_status":"closed","ping_status":"closed","template":"","meta":{"ngg_post_thumbnail":0,"footnotes":""},"class_list":["post-31322","page","type-page","status-publish","has-post-thumbnail","hentry"],"_links":{"self":[{"href":"https:\/\/spboguchwala.pl\/index.php?rest_route=\/wp\/v2\/pages\/31322","targetHints":{"allow":["GET"]}}],"collection":[{"href":"https:\/\/spboguchwala.pl\/index.php?rest_route=\/wp\/v2\/pages"}],"about":[{"href":"https:\/\/spboguchwala.pl\/index.php?rest_route=\/wp\/v2\/types\/page"}],"author":[{"embeddable":true,"href":"https:\/\/spboguchwala.pl\/index.php?rest_route=\/wp\/v2\/users\/2"}],"replies":[{"embeddable":true,"href":"https:\/\/spboguchwala.pl\/index.php?rest_route=%2Fwp%2Fv2%2Fcomments&post=31322"}],"version-history":[{"count":16,"href":"https:\/\/spboguchwala.pl\/index.php?rest_route=\/wp\/v2\/pages\/31322\/revisions"}],"predecessor-version":[{"id":34135,"href":"https:\/\/spboguchwala.pl\/index.php?rest_route=\/wp\/v2\/pages\/31322\/revisions\/34135"}],"wp:featuredmedia":[{"embeddable":true,"href":"https:\/\/spboguchwala.pl\/index.php?rest_route=\/wp\/v2\/media\/20990"}],"wp:attachment":[{"href":"https:\/\/spboguchwala.pl\/index.php?rest_route=%2Fwp%2Fv2%2Fmedia&parent=31322"}],"curies":[{"name":"wp","href":"https:\/\/api.w.org\/{rel}","templated":true}]}}