{"id":32106,"date":"2024-02-18T16:07:03","date_gmt":"2024-02-18T16:07:03","guid":{"rendered":"http:\/\/spboguchwala.pl\/?page_id=32106"},"modified":"2024-03-06T20:28:25","modified_gmt":"2024-03-06T20:28:25","slug":"regulaminy-2024","status":"publish","type":"page","link":"https:\/\/spboguchwala.pl\/?page_id=32106","title":{"rendered":"Regulaminy 2024"},"content":{"rendered":"\n<div class=\"wp-block-file\"><a href=\"https:\/\/spboguchwala.pl\/wp-content\/uploads\/2024\/02\/16.02-Regulamin-nauki-plywania..pdf\" target=\"_blank\" rel=\"noreferrer noopener\">16.02.2024 Regulamin nauki p\u0142ywania<\/a><\/div>\n\n\n\n<div class=\"wp-block-file\"><a href=\"https:\/\/spboguchwala.pl\/wp-content\/uploads\/2024\/02\/16.02-Zalaczniki-do-Regulaminu-nauki-plywania.pdf\" target=\"_blank\" rel=\"noreferrer noopener\">16.02.2024 Za\u0142\u0105czniki do Regulaminu nauki p\u0142ywania<\/a><\/div>\n\n\n\n<div class=\"wp-block-file\"><a href=\"https:\/\/spboguchwala.pl\/wp-content\/uploads\/2024\/03\/REGULAMIN-ZFSS-04.03.2024.pdf\" target=\"_blank\" rel=\"noreferrer noopener\">04.03.2024 Regulamin ZF\u015aS 2024<\/a><\/div>\n","protected":false},"excerpt":{"rendered":"16.02.2024 Regulamin nauki p\u0142ywania 16.02.2024 Za\u0142\u0105czniki do Regulaminu nauki p\u0142ywania 04.03.2024 Regulamin ZF\u015aS 2024","protected":false},"author":2,"featured_media":8576,"parent":0,"menu_order":0,"comment_status":"closed","ping_status":"closed","template":"","meta":{"ngg_post_thumbnail":0,"footnotes":""},"class_list":["post-32106","page","type-page","status-publish","has-post-thumbnail","hentry"],"_links":{"self":[{"href":"https:\/\/spboguchwala.pl\/index.php?rest_route=\/wp\/v2\/pages\/32106","targetHints":{"allow":["GET"]}}],"collection":[{"href":"https:\/\/spboguchwala.pl\/index.php?rest_route=\/wp\/v2\/pages"}],"about":[{"href":"https:\/\/spboguchwala.pl\/index.php?rest_route=\/wp\/v2\/types\/page"}],"author":[{"embeddable":true,"href":"https:\/\/spboguchwala.pl\/index.php?rest_route=\/wp\/v2\/users\/2"}],"replies":[{"embeddable":true,"href":"https:\/\/spboguchwala.pl\/index.php?rest_route=%2Fwp%2Fv2%2Fcomments&post=32106"}],"version-history":[{"count":2,"href":"https:\/\/spboguchwala.pl\/index.php?rest_route=\/wp\/v2\/pages\/32106\/revisions"}],"predecessor-version":[{"id":32310,"href":"https:\/\/spboguchwala.pl\/index.php?rest_route=\/wp\/v2\/pages\/32106\/revisions\/32310"}],"wp:featuredmedia":[{"embeddable":true,"href":"https:\/\/spboguchwala.pl\/index.php?rest_route=\/wp\/v2\/media\/8576"}],"wp:attachment":[{"href":"https:\/\/spboguchwala.pl\/index.php?rest_route=%2Fwp%2Fv2%2Fmedia&parent=32106"}],"curies":[{"name":"wp","href":"https:\/\/api.w.org\/{rel}","templated":true}]}}