{"id":36650,"date":"2024-12-12T21:18:27","date_gmt":"2024-12-12T21:18:27","guid":{"rendered":"https:\/\/spboguchwala.pl\/?page_id=36650"},"modified":"2025-06-03T20:16:12","modified_gmt":"2025-06-03T20:16:12","slug":"2024-2025-3","status":"publish","type":"page","link":"https:\/\/spboguchwala.pl\/?page_id=36650","title":{"rendered":"2024\/2025"},"content":{"rendered":"\n<p class=\"has-medium-font-size\"><strong><mark style=\"background-color:rgba(0, 0, 0, 0);color:#cf1717\" class=\"has-inline-color\">Szkolne konkursy z okazji \u015awi\u0119ta Patrona Szko\u0142y \u2013 wyniki<\/mark><\/strong><\/p>\n\n\n\n<p>Prezentujemy wyniki szkolnych konkurs\u00f3w organizowanych z okazji \u015awi\u0119ta Patrona Szko\u0142y, gratulujemy wszystkim uczestnikom.<\/p>\n\n\n<div class=\"wp-block-image\">\n<figure class=\"aligncenter size-large is-resized\"><img loading=\"lazy\" decoding=\"async\" width=\"764\" height=\"1024\" src=\"https:\/\/spboguchwala.pl\/wp-content\/uploads\/2024\/12\/Maczek-wyniki-24-764x1024.jpg\" alt=\"\" class=\"wp-image-36648\" style=\"width:958px;height:auto\" srcset=\"https:\/\/spboguchwala.pl\/wp-content\/uploads\/2024\/12\/Maczek-wyniki-24-764x1024.jpg 764w, https:\/\/spboguchwala.pl\/wp-content\/uploads\/2024\/12\/Maczek-wyniki-24-224x300.jpg 224w, https:\/\/spboguchwala.pl\/wp-content\/uploads\/2024\/12\/Maczek-wyniki-24-768x1029.jpg 768w, https:\/\/spboguchwala.pl\/wp-content\/uploads\/2024\/12\/Maczek-wyniki-24-1147x1536.jpg 1147w, https:\/\/spboguchwala.pl\/wp-content\/uploads\/2024\/12\/Maczek-wyniki-24.jpg 1402w\" sizes=\"auto, (max-width: 764px) 100vw, 764px\" \/><\/figure><\/div>\n\n\n<p><\/p>\n\n\n\n<p class=\"has-medium-font-size\"><strong><mark style=\"background-color:rgba(0, 0, 0, 0);color:#cf1717\" class=\"has-inline-color\">Szkolny konkurs plastyczny \u201eBombka choinkowa\u201d<\/mark><\/strong><\/p>\n\n\n\n<p>Z przyjemno\u015bci\u0105 informujemy, \u017ce szkolny konkurs plastyczny \u201eBOMBKA CHOINKOWA\u201d zosta\u0142 rozstrzygni\u0119ty. Dzi\u0119kujemy wszystkim uczniom za liczny udzia\u0142 w tej inicjatywie, wp\u0142yn\u0119\u0142o 70 prac. Bombki by\u0142y oryginalne, ciekawe i wykonane starannie. Nie ukrywamy, \u017ce nasze jury mia\u0142o problem z wyborem i obrady trwa\u0142y bardzo d\u0142ugo\u2026<\/p>\n\n\n\n<p>Oto wyniki:<\/p>\n\n\n\n<p><strong>Kategoria klasy 1-3<\/strong>&nbsp;(wp\u0142yn\u0119\u0142o 56 prac)<\/p>\n\n\n\n<p>I MIEJSCE: Zuzanna Cyran 1a, Wiktoria Kornecka 1a, Micha\u0142 Szeliga 1a, Nikodem Cozac 1b, Aniela Furdyna 2c, Ignacy W\u00f3jtowicz 2c<br>II MIEJSCE: Patryk Garbowski 1b, Aleksandra Jarosz 1b, Miko\u0142aj Kozdra\u015b 1b, Kamila Ciesielska 1d, Julian Karnasiewicz 2a, Maja Paluch 3c<br>III MIEJSCE: Iga Pyr\u0107 1a, Amelia Ziobro 1a, Jakub Koczela 1d, Wojciech Szeliga 2b, Martyna Warych 3b, Nadia Kmiecik 3c<br><em>Wyr\u00f3\u017cnienia:<\/em>&nbsp;Szymon Oleniacz 1a, Izabela W\u0142odyka 1b, Emilia W\u00f3jt 1b, Julia Kopiec 2a, Szymon Madera 2a, Dawid Szalacha 3b, Alicja Borowiec 3c, Mateusz Zdun 3c<\/p>\n\n\n\n<p><strong>Kategoria klasy 4-8<\/strong>&nbsp;(wp\u0142yn\u0119\u0142o 13 prac z klas 4-6 oraz 1 praca z klas 7-8)<\/p>\n\n\n\n<p>I MIEJSCE: Zuzanna Kornecka 4a, Zofia Karnasiewicz 6a<br>II MIEJSCE: Liwia Kaczmarska 4a, Mi\u0142osz Owarzany 4c, Maciej Oleniacz 6b<br>III MIEJSCE: Filip Rozborski 5b<br><em>Wyr\u00f3\u017cnienia:<\/em>&nbsp;Weronika Warych 5b<\/p>\n\n\n\n<p><strong>ZWYCI\u0118ZCOM SERDECZNIE GRATULUJEMY, A POZOSTA\u0141YM UCZNIOM DZI\u0118KUJEMY ZA UDZIA\u0141 W KONKURSIE.<\/strong><\/p>\n\n\n\n<p><strong>Nagrody g\u0142\u00f3wne ufundowane przez RAD\u0118 RODZIC\u00d3W oraz PCK w Rzeszowie, zostan\u0105 wr\u0119czone uczniom podczas Koncertu Kol\u0119d \u2013 20 grudnia 2024r.<\/strong><\/p>\n\n\n\n<p>Dla wyr\u00f3\u017cnionych i pozosta\u0142ych uczestnik\u00f3w przygotowane s\u0105 r\u00f3wnie\u017c upominki, kt\u00f3re wr\u0119cz\u0105 wychowawcy w klasach.<\/p>\n\n\n\nngg_shortcode_0_placeholder\n\n\n\n<p class=\"has-medium-font-size\"><strong><mark style=\"background-color:rgba(0, 0, 0, 0);color:#cf1717\" class=\"has-inline-color\">Szkolny Konkurs Pi\u0119knego Czytania 2025<\/mark><\/strong><\/p>\n\n\n\n<p>13 marca odby\u0142 si\u0119 w naszej szkole coroczny Konkurs Pi\u0119knego Czytania dla klas 1-3. Jego celem jest uwra\u017cliwienie uczni\u00f3w na odbi\u00f3r s\u0142owa pisanego, rozbudzenie zainteresowa\u0144 czytelniczych oraz zach\u0119ta do regularnego czytania literatury.<br>W tegorocznej edycji konkursu wzi\u0119\u0142o udzia\u0142 21 uczni\u00f3w. Zaprezentowali oni fragmenty ksi\u0105\u017cki: Barbary Kosmowskiej pt. \u201eDziewczynka z parku\u201d, Leszka Ko\u0142akowskiego \u201eKto z was chcia\u0142by rozweseli\u0107 pechowego nosoro\u017cca?\u201d, Marcina Pa\u0142asza \u201eSpos\u00f3b na Elfa\u201d oraz \u201eWiersze\u201d Juliana Tuwima.<br>Reprezentanci klas \u015bwietnie pokazali swoje umiej\u0119tno\u015bci czytelnicze. Z przyjemno\u015bci\u0105 s\u0142ucha\u0142o si\u0119 fragment\u00f3w prozy i wierszy.<br>Komisja w sk\u0142adzie: pani Monika Mla\u015b-Bieniasz oraz pani Ma\u0142gorzata Porczak stworzy\u0142a mi\u0142\u0105 i przyjazn\u0105 atmosfer\u0119.<br>Wszystkim uczestnikom, a w szczeg\u00f3lno\u015bci zwyci\u0119zcom GRATULUJEMY!<br>Dzi\u0119kujemy za udzia\u0142 w konkursie i zapraszamy za rok!<br>Wr\u0119czenie nagr\u00f3d, kt\u00f3re ufundowa\u0142a Rada Rodzic\u00f3w, nast\u0105pi w pi\u0105tek po konkursie \u201eMam talent\u201d.<br>Organizatorzy: Paulina Kubicz, Ewelina Ostrowska, Izabella Rejment<\/p>\n\n\n<div class=\"wp-block-image\">\n<figure class=\"aligncenter size-large is-resized\"><img loading=\"lazy\" decoding=\"async\" width=\"724\" height=\"1024\" src=\"https:\/\/spboguchwala.pl\/wp-content\/uploads\/2025\/03\/Wyniki-KPCz-2024.25-724x1024.jpg\" alt=\"\" class=\"wp-image-38151\" style=\"width:524px;height:auto\" srcset=\"https:\/\/spboguchwala.pl\/wp-content\/uploads\/2025\/03\/Wyniki-KPCz-2024.25-724x1024.jpg 724w, https:\/\/spboguchwala.pl\/wp-content\/uploads\/2025\/03\/Wyniki-KPCz-2024.25-212x300.jpg 212w, https:\/\/spboguchwala.pl\/wp-content\/uploads\/2025\/03\/Wyniki-KPCz-2024.25-768x1086.jpg 768w, https:\/\/spboguchwala.pl\/wp-content\/uploads\/2025\/03\/Wyniki-KPCz-2024.25-1086x1536.jpg 1086w, https:\/\/spboguchwala.pl\/wp-content\/uploads\/2025\/03\/Wyniki-KPCz-2024.25-1448x2048.jpg 1448w, https:\/\/spboguchwala.pl\/wp-content\/uploads\/2025\/03\/Wyniki-KPCz-2024.25-scaled.jpg 1810w\" sizes=\"auto, (max-width: 724px) 100vw, 724px\" \/><\/figure><\/div>\n\n\nngg_shortcode_1_placeholder\n\n\n\n<p class=\"has-medium-font-size\"><strong><mark style=\"background-color:rgba(0, 0, 0, 0);color:#cf1717\" class=\"has-inline-color\">Szkolny Konkurs &#8222;Ozdoba Wielkanocna&#8221;<\/mark><\/strong><\/p>\n\n\n\n<p>16 kwietnia 2025 odby\u0142o si\u0119 uroczyste rozstrzygni\u0119cie szkolnego konkursu na Ozdob\u0119 Wielkanocn\u0105. Uczniowie wykazali si\u0119 niezwyk\u0142\u0105 pomys\u0142owo\u015bci\u0105, tworz\u0105c prace pe\u0142ne kolor\u00f3w, oryginalnych materia\u0142\u00f3w i \u015bwi\u0105tecznego klimatu. W\u015br\u00f3d ozd\u00f3b znalaz\u0142y si\u0119 misternie wykonane pisanki, zaj\u0105czki z papieru, filcu i naturalnych surowc\u00f3w oraz koszyczki pe\u0142ne \u015bwi\u0105tecznych symboli. Ka\u017cda praca zachwyca\u0142a indywidualnym stylem i dba\u0142o\u015bci\u0105 o szczeg\u00f3\u0142y.<\/p>\n\n\n\n<p>Serdecznie dzi\u0119kujemy wszystkim uczestnikom za tak liczny udzia\u0142 i zaanga\u017cowanie \u2013 to dzi\u0119ki Wam konkurs ma co roku tak wyj\u0105tkowy charakter!<\/p>\n\n\n\nngg_shortcode_2_placeholder\n\n\n\n<p class=\"has-medium-font-size\"><strong><mark style=\"background-color:rgba(0, 0, 0, 0);color:#cf1717\" class=\"has-inline-color\">Konkurs plastyczny ,,Katy\u0144, ocali\u0107 od zapomnienia\u201d<\/mark><\/strong><\/p>\n\n\n\n<p>3 czerwca 2025r. mia\u0142o miejsce rozstrzygni\u0119cie szkolnego konkursu plastycznego o tematyce historycznej ,,Katy\u0144, ocali\u0107 od zapomnienia\u201d.<br>Tematyka konkursowa nie nale\u017ca\u0142a do \u0142atwych z tego wzgl\u0119du, \u017ce porusza\u0142a tragiczne wydarzenia zbrodni katy\u0144skiej, kt\u00f3ra zapisa\u0142a si\u0119 krwawo na kartach naszej historii.<br>Misj\u0105 edukacyjn\u0105 szko\u0142y jest piel\u0119gnowanie pami\u0119ci o osobach i wydarzeniach, kt\u00f3re reprezentuj\u0105 wy\u017csze warto\u015bci patriotyczne, w tym przypadku chodzi\u0142o o przetrwanie pa\u0144stwa Polskiego. Pa\u0144stwa, kt\u00f3re po 123 latach zabor\u00f3w musia\u0142o si\u0119 odbudowa\u0107, \u017ceby znowu stan\u0105\u0107 do walki o sw\u00f3j byt. Krwawy walec II wojny \u015bwiatowej nie z\u0142ama\u0142 ducha narodowego, zbrodnia katy\u0144ska, kt\u00f3ra sta\u0142a si\u0119 symbolem okupacji sowieckiej, nie pogrzeba\u0142a woli Narodu Polskiego do przetrwania i d\u0105\u017cenia do wolno\u015bci.<br>Pami\u0119taj\u0105c o wszystkich poleg\u0142ych, kt\u00f3rych wk\u0142ad w odbudow\u0119 Pa\u0144stwa Polskiego jest nieoceniony, piel\u0119gnujemy nadal pami\u0119\u0107 o nich i warto\u015bci, kt\u00f3re reprezentowali.<br>Dlatego pragn\u0119 podzi\u0119kowa\u0107 wszystkim uczestnikom konkursu, za udzia\u0142 i tym samym wk\u0142ad w budowanie warto\u015bci, kt\u00f3re sprawiaj\u0105, \u017ce Pa\u0144stwo Polskie jest nadal suwerenne i dumnie mo\u017ce reprezentowa\u0107 swoj\u0105 histori\u0119 bez \u017cadnych kompleks\u00f3w. Histori\u0119 i warto\u015bci, kt\u00f3r\u0105 tworzymy My, Polacy.<\/p>\n\n\n\nngg_shortcode_3_placeholder\n","protected":false},"excerpt":{"rendered":"<p>Szkolne konkursy z okazji \u015awi\u0119ta Patrona Szko\u0142y \u2013 wyniki Prezentujemy wyniki szkolnych konkurs\u00f3w organizowanych z okazji \u015awi\u0119ta Patrona Szko\u0142y, gratulujemy wszystkim uczestnikom. Szkolny konkurs plastyczny \u201eBombka choinkowa\u201d Z przyjemno\u015bci\u0105 informujemy, \u017ce szkolny konkurs plastyczny \u201eBOMBKA CHOINKOWA\u201d zosta\u0142 rozstrzygni\u0119ty. Dzi\u0119kujemy wszystkim uczniom za liczny udzia\u0142 w tej inicjatywie, wp\u0142yn\u0119\u0142o 70 prac. Bombki by\u0142y oryginalne, ciekawe i&#8230;<\/p>\n","protected":false},"author":2,"featured_media":20990,"parent":0,"menu_order":0,"comment_status":"closed","ping_status":"closed","template":"","meta":{"ngg_post_thumbnail":0,"footnotes":""},"class_list":["post-36650","page","type-page","status-publish","has-post-thumbnail","hentry"],"_links":{"self":[{"href":"https:\/\/spboguchwala.pl\/index.php?rest_route=\/wp\/v2\/pages\/36650","targetHints":{"allow":["GET"]}}],"collection":[{"href":"https:\/\/spboguchwala.pl\/index.php?rest_route=\/wp\/v2\/pages"}],"about":[{"href":"https:\/\/spboguchwala.pl\/index.php?rest_route=\/wp\/v2\/types\/page"}],"author":[{"embeddable":true,"href":"https:\/\/spboguchwala.pl\/index.php?rest_route=\/wp\/v2\/users\/2"}],"replies":[{"embeddable":true,"href":"https:\/\/spboguchwala.pl\/index.php?rest_route=%2Fwp%2Fv2%2Fcomments&post=36650"}],"version-history":[{"count":10,"href":"https:\/\/spboguchwala.pl\/index.php?rest_route=\/wp\/v2\/pages\/36650\/revisions"}],"predecessor-version":[{"id":39894,"href":"https:\/\/spboguchwala.pl\/index.php?rest_route=\/wp\/v2\/pages\/36650\/revisions\/39894"}],"wp:featuredmedia":[{"embeddable":true,"href":"https:\/\/spboguchwala.pl\/index.php?rest_route=\/wp\/v2\/media\/20990"}],"wp:attachment":[{"href":"https:\/\/spboguchwala.pl\/index.php?rest_route=%2Fwp%2Fv2%2Fmedia&parent=36650"}],"curies":[{"name":"wp","href":"https:\/\/api.w.org\/{rel}","templated":true}]}}