{"id":37820,"date":"2025-03-09T16:56:43","date_gmt":"2025-03-09T16:56:43","guid":{"rendered":"https:\/\/spboguchwala.pl\/?page_id=37820"},"modified":"2026-02-05T14:14:24","modified_gmt":"2026-02-05T14:14:24","slug":"akredytacja-erasmus-na-lata-2021-2027-cz-ii","status":"publish","type":"page","link":"https:\/\/spboguchwala.pl\/?page_id=37820","title":{"rendered":"Akredytacja Erasmus+ na lata 2021-2027 cz. II"},"content":{"rendered":"\n<p class=\"has-medium-font-size\"><strong>Pierwsza mobilno\u015b\u0107 uczniowska w ramach akredytacji Erasmus+ w roku szkolnym 2024\/2025 rozpocz\u0119ta<\/strong><\/p>\n\n\n\n<p>W dniu 10.11.2024 grupa 14 uczni\u00f3w z 3 nauczycielkami \u2013 p. Agat\u0105 R\u0105pa\u0142\u0105, p. Ann\u0105 Chru\u015bciel i p. Monik\u0105 Mla\u015b-Bieniasz, wyjecha\u0142a do Esparreguery w Hiszpanii, gdzie mie\u015bci si\u0119 partnerska szko\u0142a Institut El Castell.<br>Pierwszy dzie\u0144 w szkole (11.11) rozpocz\u0105\u0142 si\u0119 od integracji grupy. Chc\u0105c uczci\u0107 Narodowe \u015awi\u0119to Niepodleg\u0142o\u015bci, nasi uczniowie podarowali kotyliony hiszpa\u0144skim kolegom i nauczycielom oraz zaprezentowali symbolik\u0119&nbsp;narodow\u0105 i znaczenie tego dnia dla Polak\u00f3w.<br>Nast\u0119pnie grupa uda\u0142a si\u0119 na zwiedzanie miasta, kt\u00f3re zako\u0144czy\u0142o si\u0119 wizyt\u0105 w lokalnej manufakturze ceramiki \u2013 Cer\u00e0miques Sed\u00f3.<br>12.11 uczestnicy mobilno\u015bci wraz z opiekunami udali si\u0119 na wycieczk\u0119 do dumy Katalonii \u2013 Montserrat, gdzie podziwiali\u015bmy walory przyrodnicze, turystyczne i kulturowe tego miejsca.<\/p>\n\n\n\nngg_shortcode_0_placeholder\n\n\n\n<p class=\"has-medium-font-size\"><strong>Mobilno\u015b\u0107 uczniowska w Esparreguerze cd. #Erasmus+<\/strong><\/p>\n\n\n\n<p>Kolejne dni naszej wizyty w Institut El Castell. \u015aroda obfitowa\u0142a w zaj\u0119cia szkolne, poznali\u015bmy zasady funkcjonowania hiszpa\u0144skiej szko\u0142y oraz histori\u0119 i tradycje Katalonii. W ramach STEAM uczniowie w grupie polsko-hiszpa\u0144skiej piekli tradycyjne katalo\u0144skie ciasteczka oraz brali udzia\u0142 w warsztatach szyfrowania w ramach Science Week z wykorzystaniem antycznego rzymskiego Dysku Cezara. Mieli\u015bmy r\u00f3wnie\u017c mo\u017cliwo\u015b\u0107 obserwacji z zapartym tchem lekcji sztuki scenicznej (taniec, drama, musical) w \u015bredniej szkole artystycznej Escola de M\u00fasica i Dansa Municipal d\u2019Esparreguera.<br>Czwartek sprzyja\u0142 jeszcze wi\u0119kszej integracji, wraz z uczniami goszcz\u0105cymi nas byli\u015bmy na wycieczce w pi\u0119knej turystycznej miejscowo\u015bci Sitges, gdzie przy sprzyjaj\u0105cej pogodzie zwiedzali\u015bmy zabytkowe zak\u0105tki i sp\u0119dzali\u015bmy czas na pla\u017cy. Wieczorem by\u0142a dyskoteka poprzedzona gr\u0105 integracyjn\u0105 zwi\u0105zan\u0105 z zadaniami projektowymi.<br>Pi\u0105tek by\u0142 ostatnim dniem, kt\u00f3ry sp\u0119dzili\u015bmy w szkole. Rozpocz\u0105\u0142 si\u0119 obserwacj\u0105 lekcji robotyki prowadzon\u0105 metod\u0105 CLIL. Nast\u0119pnie uczniowie w parach polsko-hiszpa\u0144skich przygotowali dla siebie nawzajem p\u0142\u00f3cienne torby ozdabiaj\u0105c je wed\u0142ug w\u0142asnych pomys\u0142\u00f3w. Na spotkaniu podsumowuj\u0105cym grupa naszych uczni\u00f3w pokaza\u0142a przygotowane przez siebie prezentacje dotycz\u0105ce tradycji naszego regionu i udzia\u0142u w projektach mi\u0119dzynarodowych. Po\u017cegnanie by\u0142o pe\u0142ne emocji, \u0142ez wzruszenia i plan\u00f3w na dalsz\u0105 wsp\u00f3\u0142prac\u0119.<br>Z Esparreguerry pojechali\u015bmy do Barcelony, gdzie spacerem na pla\u017c\u0119 rozpocz\u0119li\u015bmy sw\u00f3j pobyt w stolicy Katalonii.<\/p>\n\n\n\nngg_shortcode_1_placeholder\n\n\n\n<p class=\"has-medium-font-size\"><strong>Zako\u0144czenie pierwszej mobilno\u015bci uczniowskiej, Hiszpania 2024<\/strong><\/p>\n\n\n\n<p>Ostatnie dwa dni pobytu w Hiszpanii to zwiedzanie Barcelony, czyli dawka historii i kultury katalo\u0144skiej. W sobot\u0119 (16.11) uda\u0142o si\u0119 nam zwiedzi\u0107 Casa Batll\u00f3, wybra\u0107 si\u0119 kolejk\u0105 na Wzg\u00f3rze Montju\u00efc oraz przejecha\u0107 metrem, by o zmroku dotrze\u0107 pod przepi\u0119kn\u0105 Sagrad\u0119 Famili\u0119. Niedzielne przedpo\u0142udnie (17.11) sp\u0119dzili\u015bmy na spacerze i odpoczynku na pla\u017cy. W godzinach popo\u0142udniowych udali\u015bmy si\u0119 na lotnisko, aby wr\u00f3ci\u0107&nbsp;do naszych dom\u00f3w.<br>By\u0142 to niesamowicie aktywny i ciekawy tydzie\u0144. Czas sp\u0119dzony w Katalonii na zawsze pozostanie w naszej pami\u0119ci.<\/p>\n\n\n\nngg_shortcode_2_placeholder\n\n\n\n<p class=\"has-medium-font-size\"><strong>Rekrutacja do II mobilno\u015bci uczniowskiej w roku szkolnym 2024\/2025<\/strong><\/p>\n\n\n\n<div class=\"wp-block-file\"><a id=\"wp-block-file--media-32d1f133-cb60-4e19-a610-51b8f036f81b\" href=\"https:\/\/spboguchwala.pl\/wp-content\/uploads\/2024\/12\/ERASMUS-rekrutacja-regulamin-24-25.pdf\" target=\"_blank\" rel=\"noreferrer noopener\">ERASMUS rekrutacja regulamin 24 25<\/a><\/div>\n\n\n\n<div class=\"wp-block-file\"><a id=\"wp-block-file--media-1ec0b7a4-49ea-4ccb-a871-a487f021bb1e\" href=\"https:\/\/spboguchwala.pl\/wp-content\/uploads\/2024\/12\/Karta-zgloszenia-ucznia-zalacznik-nr-1.pdf\" target=\"_blank\" rel=\"noreferrer noopener\">Karta zg\u0142oszenia ucznia &#8211; za\u0142\u0105cznik nr 1<\/a><\/div>\n\n\n\n<div class=\"wp-block-file\"><a id=\"wp-block-file--media-a16be439-660a-4c59-a29e-268329147901\" href=\"https:\/\/spboguchwala.pl\/wp-content\/uploads\/2024\/12\/Zgoda-na-przetwarzanie-danych-zalacznik-nr-2-2.pdf\" target=\"_blank\" rel=\"noreferrer noopener\">Zgoda na przetwarzanie danych &#8211; za\u0142\u0105cznik nr 2<\/a><\/div>\n\n\n\n<p><\/p>\n\n\n\n<p class=\"has-medium-font-size\"><strong>Wyniki rekrutacji w ramach akredytacji Erasmus+<\/strong><\/p>\n\n\n<div class=\"wp-block-image\">\n<figure class=\"aligncenter size-large is-resized\"><img loading=\"lazy\" decoding=\"async\" width=\"725\" height=\"1024\" src=\"https:\/\/spboguchwala.pl\/wp-content\/uploads\/2025\/01\/lista-Erasmus-725x1024.jpg\" alt=\"\" class=\"wp-image-37516\" style=\"width:577px;height:auto\" srcset=\"https:\/\/spboguchwala.pl\/wp-content\/uploads\/2025\/01\/lista-Erasmus-725x1024.jpg 725w, https:\/\/spboguchwala.pl\/wp-content\/uploads\/2025\/01\/lista-Erasmus-212x300.jpg 212w, https:\/\/spboguchwala.pl\/wp-content\/uploads\/2025\/01\/lista-Erasmus-768x1085.jpg 768w, https:\/\/spboguchwala.pl\/wp-content\/uploads\/2025\/01\/lista-Erasmus-1087x1536.jpg 1087w, https:\/\/spboguchwala.pl\/wp-content\/uploads\/2025\/01\/lista-Erasmus-1449x2048.jpg 1449w, https:\/\/spboguchwala.pl\/wp-content\/uploads\/2025\/01\/lista-Erasmus.jpg 1653w\" sizes=\"auto, (max-width: 725px) 100vw, 725px\" \/><\/figure><\/div>\n\n\n<p class=\"has-medium-font-size\"><strong>Job shadowing w Grecji w ramach akredytacji Erasmus+<\/strong><\/p>\n\n\n\n<p>Ko\u0144cem lutego, nauczycielki naszej szko\u0142y \u2013 p. Agata R\u0105pa\u0142a, p. Renata Ludera i p. Anna Chru\u015bciel w ramach projektu Erasmus+ by\u0142y na wizycie w szkole&nbsp;7o Dimotiko Scholio&nbsp;Tripolis w Grecji. Podczas tego spotkania Job shadowing z dyrekcj\u0105, nauczycielami i uczniami szko\u0142y, zosta\u0142a nawi\u0105zana wsp\u00f3\u0142praca partnerska. Nauczycielki uczestniczy\u0142y w obserwacji zaj\u0119\u0107 lekcyjnych, min. by\u0142a to edukacja w\u0142\u0105czaj\u0105ca, lekcje prowadzone metod\u0105 Freineta, wychowanie fizyczne, zaj\u0119cia projektowe dotycz\u0105ce kultury greckiej, w tym ta\u0144ca narodowego. Odby\u0142a si\u0119 r\u00f3wnie\u017c wsp\u00f3lna wycieczka do jaskini Kapsia oraz muzeum archeologicznego w miejscowo\u015bci Tegea. Rozmowy z greckimi nauczycielami dotyczy\u0142y wymiany do\u015bwiadcze\u0144 edukacyjnych, projektowych oraz plan\u00f3w przysz\u0142ej mobilno\u015bci.<\/p>\n\n\n\nngg_shortcode_3_placeholder\n\n\n\n<p class=\"has-medium-font-size\"><strong>Mobilno\u015b\u0107 uczniowska Erasmus+, Granada, Hiszpania<\/strong><\/p>\n\n\n\n<p>29 marca grupa 10 uczni\u00f3w z klas VII wraz z trzema nauczycielkami, p. Ann\u0105 Chru\u015bciel, p. Monik\u0105 Mla\u015b-Bieniasz i p. Agat\u0105 R\u0105pa\u0142\u0105, wyjecha\u0142a do Hiszpanii w ramach programu Erasmus+. Pierwszy oraz ostatni dzie\u0144 hiszpa\u0144skiej przygody uczestnicy sp\u0119dzili w Maladze.<br>W dniach 31 marca \u2013 4 kwietnia przebywali w malowniczej Granadzie. Gospodarzem mobilno\u015bci by\u0142a zaprzyja\u017aniona szko\u0142a&nbsp;<a href=\"https:\/\/www.facebook.com\/colegiosagradafamiliagranada?__cft__[0]=AZWMdH87AksbwHSIVBplAsuMZeOB9vNTpvUMLAJDfui29TIitq9ZjVFvlLDYtl8RUJ84i-kWSBRuhqTpqg1_HN7CuRYVhTcfijih8oVRxwL6c-n98OJQ5lOSm3YZveJxqzByszfKCwHoMlpO_0aqVoiGS7hRwz4YRiADRMh_Up2Tz4a7xzbrTS30Ory2XKcfaPw&amp;__tn__=-]K-R\">Colegio Sagrada Familia Pureza de Mar\u00eda Granada<\/a>&nbsp;\u2013 miejsce pe\u0142ne otwarto\u015bci, pasji i pozytywnej energii!<br>W trakcie pobytu kontynuowali\u015bmy wsp\u00f3\u0142prac\u0119 w zakresie literatury, skupiaj\u0105c si\u0119 na postaci i tw\u00f3rczo\u015bci wybitnego hiszpa\u0144skiego poety i dramaturga \u2013 Federico Garc\u00edi Lorci. Kulminacyjnym punktem by\u0142a wizyta w Huerta de San Vicente, domu rodzinnym pisarza, kt\u00f3ry obecnie pe\u0142ni funkcj\u0119 muzeum. To wyj\u0105tkowe miejsce pozwoli\u0142o nam jeszcze g\u0142\u0119biej zrozumie\u0107 kontekst jego tw\u00f3rczo\u015bci oraz znaczenie, jakie mia\u0142 dla kultury hiszpa\u0144skiej.<br>Nie mog\u0142o r\u00f3wnie\u017c zabrakn\u0105\u0107 wizyty w s\u0142ynnej twierdzy Alhambra \u2013 pere\u0142ce architektury maureta\u0144skiej, kt\u00f3ra nas absolutnie zachwyci\u0142a! Spaceruj\u0105c po jej dziedzi\u0144cach i ogrodach, mogli\u015bmy lepiej zrozumie\u0107 historyczny i kulturowy kontekst Granady, co doskonale uzupe\u0142ni\u0142o nasz\u0105 edukacyjn\u0105 przygod\u0119.<br>Uczniowie nie tylko doskonalili swoje umiej\u0119tno\u015bci j\u0119zykowe, ale przede wszystkim zdobywali nowe do\u015bwiadczenia, poznawali r\u00f3wie\u015bnik\u00f3w z innych kraj\u00f3w i odkrywali hiszpa\u0144sk\u0105 kultur\u0119 \u201eod kuchni\u201d. By\u0142 to czas pe\u0142en inspiruj\u0105cych zaj\u0119\u0107, integracji i u\u015bmiechu \u2013 a wszystko to w magicznej scenerii Granady u st\u00f3p Alhambry.<br>To do\u015bwiadczenie na d\u0142ugo pozostanie w naszej pami\u0119ci i z pewno\u015bci\u0105 zaprocentuje w przysz\u0142o\u015bci!<\/p>\n\n\n\nngg_shortcode_4_placeholder\n\n\n\n<p class=\"has-medium-font-size\"><strong>Mobilno\u015b\u0107 uczniowska w ramach akredytacji Erasmus+<\/strong><\/p>\n\n\n\n<p>W <a><\/a>dniach 09.06.2025r. &#8211; 15.06.2025r., dziesi\u0119cioro uczni\u00f3w z naszej szko\u0142y, pod opiek\u0105 trzech nauczycielek: p. Renaty Ludery, p. Eweliny Ostrowskiej oraz p. Natalii Rokosz, wzi\u0119\u0142o udzia\u0142 w wyje\u017adzie do Nowych Zamk\u00f3w na S\u0142owacji w ramach programu Erasmus+. Celem mobilno\u015bci by\u0142a integracja mi\u0119dzynarodowa, rozw\u00f3j kompetencji j\u0119zykowych oraz poznanie kultury i historii regionu.<\/p>\n\n\n\n<p>Pierwszy dzie\u0144 up\u0142yn\u0105\u0142 na podr\u00f3\u017cy. Po przyje\u017adzie do Nowych Zamk\u00f3w zakwaterowali\u015bmy si\u0119 w hotelu, a nast\u0119pnie udali\u015bmy si\u0119 na wsp\u00f3ln\u0105 kolacj\u0119 w centrum miasta.<br>Drugiego dnia uczniowie uczestniczyli w zabawach integracyjnych, podczas kt\u00f3rych mieli okazj\u0119 lepiej si\u0119 pozna\u0107 z r\u00f3wie\u015bnikami ze S\u0142owacji. Nast\u0119pnie zaprezentowali przygotowan\u0105 wcze\u015bniej prezentacj\u0119 na temat naszej miejscowo\u015bci \u2013 Boguchwa\u0142y. Opowiedzieli r\u00f3wnie\u017c o swoich zainteresowaniach i osi\u0105gni\u0119ciach. Po obiedzie wsp\u00f3lnie z uczniami szko\u0142y partnerskiej \u2013 Gymn\u00e1zium Petra P\u00e1zm\u00e1\u0148a \u2013 wzi\u0119li\u015bmy udzia\u0142 w grze terenowej, kt\u00f3ra odbywa\u0142a si\u0119 na terenie miasta. Zadania wymaga\u0142y wsp\u00f3\u0142pracy, orientacji w terenie i kreatywno\u015bci, a jednocze\u015bnie pozwoli\u0142y lepiej pozna\u0107 Nowe Zamki. Dzie\u0144 zako\u0144czyli\u015bmy wsp\u00f3lnym wyj\u015bciem na kr\u0119gle wraz z nowymi s\u0142owackimi przyjaci\u00f3\u0142mi. By\u0142 to czas pe\u0142en \u015bmiechu, rozm\u00f3w i budowania relacji.<br>Trzeciego dnia odby\u0142a si\u0119 wycieczka do najstarszego miasta S\u0142owacji \u2013 Nitry. Rozpocz\u0119li\u015bmy od trekkingu na szczyt Zobor, a nast\u0119pnie zwiedzili\u015bmy najwa\u017cniejsze zabytki miasta. Po aktywnym przedpo\u0142udniu udali\u015bmy si\u0119 na relaks na basenach termalnych, gdzie mogli\u015bmy odpocz\u0105\u0107 i zregenerowa\u0107 si\u0142y.<br>Czwarty dzie\u0144 rozpocz\u0105\u0142 si\u0119 od wizyty w szkole partnerskiej, gdzie odby\u0142y si\u0119 gry i zabawy planszowe z kolegami ze S\u0142owacji, po czym odby\u0142o si\u0119 uroczyste wr\u0119czenie certyfikat\u00f3w uczestnikom mobilno\u015bci Erasmus+. Po cz\u0119\u015bci oficjalnej uczniowie wzi\u0119li udzia\u0142 w r\u00f3\u017cnych aktywno\u015bciach sportowych, w tym w towarzyskim meczu pi\u0142ki no\u017cnej. Kolejnym punktem programu by\u0142 sp\u0142yw kajakowy, dla niekt\u00f3rych pierwszy w \u017cyciu. Na zako\u0144czenie dnia, przyszed\u0142 moment na ostatnie wsp\u00f3lne zdj\u0119cia oraz po\u017cegnanie si\u0119 z naszymi s\u0142owackimi przyjaci\u00f3\u0142mi.<br>Pi\u0105tego dnia wybrali\u015bmy si\u0119 na ca\u0142odniow\u0105 wycieczk\u0119 do Wiednia, gdzie zwiedzali\u015bmy najwa\u017cniejsze zabytki i podziwiali\u015bmy architektur\u0119 austriackiej stolicy. Po intensywnym dniu udali\u015bmy si\u0119 do Bratys\u0142awy, gdzie zatrzymali\u015bmy si\u0119 w hotelu.<br>Sz\u00f3stego dnia zwiedzali\u015bmy Bratys\u0142aw\u0119, kupowali\u015bmy pami\u0105tki i cieszyli\u015bmy si\u0119 ostatnimi chwilami wyjazdu. Po po\u0142udniu wyruszyli\u015bmy w drog\u0119 powrotn\u0105 do Boguchwa\u0142y.<\/p>\n\n\n\n<p>Wyjazd by\u0142 wyj\u0105tkow\u0105 okazj\u0105 do zdobycia nowych do\u015bwiadcze\u0144, poznania r\u00f3wie\u015bnik\u00f3w z innego kraju oraz rozwijania umiej\u0119tno\u015bci w praktyce. Wsp\u00f3lne aktywno\u015bci i podr\u00f3\u017ce pozwoli\u0142y na integracj\u0119, prze\u0142amywanie barier j\u0119zykowych i kulturowych oraz budowanie trwa\u0142ych relacji. By\u0142 to czas pe\u0142en rado\u015bci, przyg\u00f3d i warto\u015bciowej nauki poza szkoln\u0105 \u0142awk\u0105.<\/p>\n\n\n\nngg_shortcode_5_placeholder\n\n\n\n<p class=\"has-medium-font-size\"><strong>ErasmusDays 2025<\/strong><\/p>\n\n\n\n<p>#ErasmusDays to mi\u0119dzynarodowe, sze\u015bciodniowe \u015bwi\u0119to programu Erasmus+ obchodzone co roku w dniach 13-18 pa\u017adziernika. R\u00f3wnie\u017c my jako szko\u0142a realizuj\u0105ca Akredytacj\u0119 Erasmus+ w\u0142\u0105czyli\u015bmy si\u0119 po raz kolejny w to wydarzenie. Tym razem uczniowie kl. VII na lekcji plastyki wykonali pod kierunkiem p. Anny Chru\u015bciel wsp\u00f3lny projekt polegaj\u0105cy na stworzeniu puzzli XL. Puzzle odnosi\u0142y si\u0119 do motywu przewodniego tegorocznej edycji, kt\u00f3rymi by\u0142y warto\u015bci UE; poszanowanie godno\u015bci ludzkiej, wolno\u015b\u0107, demokracja, r\u00f3wno\u015b\u0107, praworz\u0105dno\u015b\u0107 i prawa cz\u0142owieka. Ka\u017cdy mniejszy puzzel zawiera\u0142 t\u0142umaczenie s\u0142owa \u201ecz\u0142owiek\u201d lub \u201ewolno\u015b\u0107\u201d na jeden z j\u0119zyk\u00f3w wybranego kraju UE. Pojedyncze puzzle zosta\u0142y po\u0142\u0105czone w ca\u0142o\u015b\u0107 tworz\u0105c plakat \u2013 dekoracj\u0119. W taki symboliczny spos\u00f3b pokazujemy, \u017ce ka\u017cdy z nas jest cz\u0119\u015bci\u0105 ca\u0142o\u015bci: zar\u00f3wno ka\u017cdy ucze\u0144 cz\u0119\u015bci\u0105 grupy, a jednocze\u015bnie my jako szko\u0142a cz\u0119\u015bci\u0105 wsp\u00f3lnoty realizuj\u0105cej dzia\u0142ania Erasmus+.<br>#ErasmusDays2025 #ErasmusDaysPoland<\/p>\n\n\n\nngg_shortcode_6_placeholder\n\n\n\n<p class=\"has-medium-font-size\"><strong>Job Shadowing w naszej szkole<\/strong><\/p>\n\n\n\n<p>W <a><\/a>dniach 21-22 pa\u017adziernika, go\u015bcili\u015bmy w naszej szkole nauczycielki z esto\u0144skiej szko\u0142y Tallinna \u00dchisg\u00fcmnaasium. Wizyta Job Shadowing odbywa\u0142a si\u0119 w ramach projektu Erasmus+ i polega\u0142a na obserwacji metod pracy stosowanych na lekcjach w naszej szkole.<\/p>\n\n\n\n<p>Esto\u0144skie nauczycielki obserwowa\u0142y lekcje: j. angielskiego, matematyki, edukacji wczesnoszkolnej, edukacji muzycznej i przyrodniczej, j. polskiego, biologii, chemii, informatyki, j. niemieckiego, plastyki, fizyki, historii i wychowania fizycznego. Spotkanie w naszej szkole by\u0142o r\u00f3wnie\u017c okazj\u0105 do wymiany do\u015bwiadcze\u0144 edukacyjnych jak i projektowych oraz zaowocowa\u0142o nawi\u0105zaniem partnerstwa projektowego.<\/p>\n\n\n\nngg_shortcode_7_placeholder\n\n\n\n<p class=\"has-medium-font-size\"><strong>Rekrutacja do mobilno\u015bci uczniowskich w roku szkolnym 2025\/2026<\/strong><\/p>\n\n\n\n<div class=\"wp-block-file\"><a id=\"wp-block-file--media-029cdd09-45ac-420d-8cf1-6a3994c354dc\" href=\"https:\/\/spboguchwala.pl\/wp-content\/uploads\/2025\/11\/SKM_C224e25110507181-1.pdf\" target=\"_blank\" rel=\"noreferrer noopener\">Regulamin rekrutacji ERASMUS + 2025\/2026<\/a><\/div>\n\n\n\n<div class=\"wp-block-file\"><a id=\"wp-block-file--media-7697eff1-e890-4171-8f30-ca275989784f\" href=\"https:\/\/spboguchwala.pl\/wp-content\/uploads\/2025\/11\/SKM_C224e25110507180.pdf\" target=\"_blank\" rel=\"noreferrer noopener\">Karta zg\u0142oszenia ucznia ERASMUS+ 2025\/2026<\/a><\/div>\n\n\n\n<div class=\"wp-block-file\"><a id=\"wp-block-file--media-94c5751a-ebf4-4ce0-a9f0-edd9ec46baaf\" href=\"https:\/\/spboguchwala.pl\/wp-content\/uploads\/2025\/11\/Zgoda-na-przetwarzanie-danych-zalacznik-nr-2-2.pdf\" target=\"_blank\" rel=\"noreferrer noopener\">Zgoda na przetwarzanie danych &#8211; za\u0142\u0105cznik nr 2<\/a><\/div>\n\n\n\n<p><\/p>\n\n\n\n<p class=\"has-medium-font-size\"><strong>Lista rankingowa kandydat\u00f3w projektu Erasmus+<\/strong> <strong>w roku szkolnym 2025\/2026<\/strong><\/p>\n\n\n<div class=\"wp-block-image\">\n<figure class=\"aligncenter size-large is-resized\"><img loading=\"lazy\" decoding=\"async\" width=\"724\" height=\"1024\" src=\"https:\/\/spboguchwala.pl\/wp-content\/uploads\/2026\/01\/kl.-6-724x1024.jpg\" alt=\"\" class=\"wp-image-43971\" style=\"width:480px;height:auto\" srcset=\"https:\/\/spboguchwala.pl\/wp-content\/uploads\/2026\/01\/kl.-6-724x1024.jpg 724w, https:\/\/spboguchwala.pl\/wp-content\/uploads\/2026\/01\/kl.-6-212x300.jpg 212w, https:\/\/spboguchwala.pl\/wp-content\/uploads\/2026\/01\/kl.-6-768x1086.jpg 768w, https:\/\/spboguchwala.pl\/wp-content\/uploads\/2026\/01\/kl.-6-1087x1536.jpg 1087w, https:\/\/spboguchwala.pl\/wp-content\/uploads\/2026\/01\/kl.-6.jpg 1240w\" sizes=\"auto, (max-width: 724px) 100vw, 724px\" \/><\/figure><\/div>\n\n<div class=\"wp-block-image\">\n<figure class=\"aligncenter size-large is-resized\"><img loading=\"lazy\" decoding=\"async\" width=\"724\" height=\"1024\" src=\"https:\/\/spboguchwala.pl\/wp-content\/uploads\/2026\/01\/kl.-7-724x1024.jpg\" alt=\"\" class=\"wp-image-43972\" style=\"width:480px;height:auto\" srcset=\"https:\/\/spboguchwala.pl\/wp-content\/uploads\/2026\/01\/kl.-7-724x1024.jpg 724w, https:\/\/spboguchwala.pl\/wp-content\/uploads\/2026\/01\/kl.-7-212x300.jpg 212w, https:\/\/spboguchwala.pl\/wp-content\/uploads\/2026\/01\/kl.-7-768x1086.jpg 768w, https:\/\/spboguchwala.pl\/wp-content\/uploads\/2026\/01\/kl.-7-1087x1536.jpg 1087w, https:\/\/spboguchwala.pl\/wp-content\/uploads\/2026\/01\/kl.-7.jpg 1240w\" sizes=\"auto, (max-width: 724px) 100vw, 724px\" \/><\/figure><\/div>\n\n\n<p class=\"has-medium-font-size\"><strong>Wyniki rekrutacji w ramach akredytacji Erasmus+ w roku szkolnym 2025\/2026<\/strong><\/p>\n\n\n<div class=\"wp-block-image\">\n<figure class=\"aligncenter size-large is-resized\"><img loading=\"lazy\" decoding=\"async\" width=\"725\" height=\"1024\" src=\"https:\/\/spboguchwala.pl\/wp-content\/uploads\/2026\/02\/7f222954073e45bce7a741b04fa8585b7gz8hi80SKZAV6Rj-0-725x1024.jpg\" alt=\"\" class=\"wp-image-44147\" style=\"width:485px;height:auto\" srcset=\"https:\/\/spboguchwala.pl\/wp-content\/uploads\/2026\/02\/7f222954073e45bce7a741b04fa8585b7gz8hi80SKZAV6Rj-0-725x1024.jpg 725w, https:\/\/spboguchwala.pl\/wp-content\/uploads\/2026\/02\/7f222954073e45bce7a741b04fa8585b7gz8hi80SKZAV6Rj-0-212x300.jpg 212w, https:\/\/spboguchwala.pl\/wp-content\/uploads\/2026\/02\/7f222954073e45bce7a741b04fa8585b7gz8hi80SKZAV6Rj-0-768x1085.jpg 768w, https:\/\/spboguchwala.pl\/wp-content\/uploads\/2026\/02\/7f222954073e45bce7a741b04fa8585b7gz8hi80SKZAV6Rj-0-1087x1536.jpg 1087w, https:\/\/spboguchwala.pl\/wp-content\/uploads\/2026\/02\/7f222954073e45bce7a741b04fa8585b7gz8hi80SKZAV6Rj-0-1449x2048.jpg 1449w, https:\/\/spboguchwala.pl\/wp-content\/uploads\/2026\/02\/7f222954073e45bce7a741b04fa8585b7gz8hi80SKZAV6Rj-0.jpg 1653w\" sizes=\"auto, (max-width: 725px) 100vw, 725px\" \/><\/figure><\/div>\n\n<div class=\"wp-block-image\">\n<figure class=\"aligncenter size-large is-resized\"><img loading=\"lazy\" decoding=\"async\" width=\"725\" height=\"1024\" src=\"https:\/\/spboguchwala.pl\/wp-content\/uploads\/2026\/02\/7f222954073e45bce7a741b04fa8585b7gz8hi80SKZAV6Rj-1-725x1024.jpg\" alt=\"\" class=\"wp-image-44148\" style=\"width:491px;height:auto\" srcset=\"https:\/\/spboguchwala.pl\/wp-content\/uploads\/2026\/02\/7f222954073e45bce7a741b04fa8585b7gz8hi80SKZAV6Rj-1-725x1024.jpg 725w, https:\/\/spboguchwala.pl\/wp-content\/uploads\/2026\/02\/7f222954073e45bce7a741b04fa8585b7gz8hi80SKZAV6Rj-1-212x300.jpg 212w, https:\/\/spboguchwala.pl\/wp-content\/uploads\/2026\/02\/7f222954073e45bce7a741b04fa8585b7gz8hi80SKZAV6Rj-1-768x1085.jpg 768w, https:\/\/spboguchwala.pl\/wp-content\/uploads\/2026\/02\/7f222954073e45bce7a741b04fa8585b7gz8hi80SKZAV6Rj-1-1087x1536.jpg 1087w, https:\/\/spboguchwala.pl\/wp-content\/uploads\/2026\/02\/7f222954073e45bce7a741b04fa8585b7gz8hi80SKZAV6Rj-1-1449x2048.jpg 1449w, https:\/\/spboguchwala.pl\/wp-content\/uploads\/2026\/02\/7f222954073e45bce7a741b04fa8585b7gz8hi80SKZAV6Rj-1.jpg 1653w\" sizes=\"auto, (max-width: 725px) 100vw, 725px\" \/><\/figure><\/div>","protected":false},"excerpt":{"rendered":"<p>Pierwsza mobilno\u015b\u0107 uczniowska w ramach akredytacji Erasmus+ w roku szkolnym 2024\/2025 rozpocz\u0119ta W dniu 10.11.2024 grupa 14 uczni\u00f3w z 3 nauczycielkami \u2013 p. Agat\u0105 R\u0105pa\u0142\u0105, p. Ann\u0105 Chru\u015bciel i p. Monik\u0105 Mla\u015b-Bieniasz, wyjecha\u0142a do Esparreguery w Hiszpanii, gdzie mie\u015bci si\u0119 partnerska szko\u0142a Institut El Castell.Pierwszy dzie\u0144 w szkole (11.11) rozpocz\u0105\u0142 si\u0119 od integracji grupy. Chc\u0105c&#8230;<\/p>\n","protected":false},"author":2,"featured_media":35997,"parent":0,"menu_order":0,"comment_status":"closed","ping_status":"closed","template":"","meta":{"ngg_post_thumbnail":0,"footnotes":""},"class_list":["post-37820","page","type-page","status-publish","has-post-thumbnail","hentry"],"_links":{"self":[{"href":"https:\/\/spboguchwala.pl\/index.php?rest_route=\/wp\/v2\/pages\/37820","targetHints":{"allow":["GET"]}}],"collection":[{"href":"https:\/\/spboguchwala.pl\/index.php?rest_route=\/wp\/v2\/pages"}],"about":[{"href":"https:\/\/spboguchwala.pl\/index.php?rest_route=\/wp\/v2\/types\/page"}],"author":[{"embeddable":true,"href":"https:\/\/spboguchwala.pl\/index.php?rest_route=\/wp\/v2\/users\/2"}],"replies":[{"embeddable":true,"href":"https:\/\/spboguchwala.pl\/index.php?rest_route=%2Fwp%2Fv2%2Fcomments&post=37820"}],"version-history":[{"count":17,"href":"https:\/\/spboguchwala.pl\/index.php?rest_route=\/wp\/v2\/pages\/37820\/revisions"}],"predecessor-version":[{"id":44149,"href":"https:\/\/spboguchwala.pl\/index.php?rest_route=\/wp\/v2\/pages\/37820\/revisions\/44149"}],"wp:featuredmedia":[{"embeddable":true,"href":"https:\/\/spboguchwala.pl\/index.php?rest_route=\/wp\/v2\/media\/35997"}],"wp:attachment":[{"href":"https:\/\/spboguchwala.pl\/index.php?rest_route=%2Fwp%2Fv2%2Fmedia&parent=37820"}],"curies":[{"name":"wp","href":"https:\/\/api.w.org\/{rel}","templated":true}]}}