{"id":41033,"date":"2025-09-18T18:42:08","date_gmt":"2025-09-18T18:42:08","guid":{"rendered":"https:\/\/spboguchwala.pl\/?page_id=41033"},"modified":"2026-04-26T16:43:24","modified_gmt":"2026-04-26T16:43:24","slug":"2025-2026-2","status":"publish","type":"page","link":"https:\/\/spboguchwala.pl\/?page_id=41033","title":{"rendered":"2025\/2026"},"content":{"rendered":"\n<p class=\"has-medium-font-size\"><strong><mark style=\"background-color:rgba(0, 0, 0, 0);color:#f1062e\" class=\"has-inline-color\">Powiatowe Indywidualne Igrzyska Dzieci w Lekkoatletyce \u2013 Strzy\u017c\u00f3w, 15.09.2025<\/mark><\/strong><\/p>\n\n\n\n<p>Z dum\u0105 informujemy, \u017ce nasi uczniowie wspaniale zaprezentowali si\u0119 podczas zawod\u00f3w lekkoatletycznych na szczeblu powiatowym!<br>Zofia Majer&nbsp;zdoby\u0142a&nbsp;z\u0142oty medal&nbsp;w biegu na 60 metr\u00f3w, uzyskuj\u0105c tym samym kwalifikacj\u0119 do zawod\u00f3w wojew\u00f3dzkich.<br>Liwia Karczmarska&nbsp;wywalczy\u0142a&nbsp;br\u0105zowy medal&nbsp;w tej samej konkurencji!<br>\u015awietne wyniki uzyskali r\u00f3wnie\u017c: &nbsp;Aleksander Wi\u0119ch&nbsp;\u2013 rzut pi\u0142eczk\u0105 palantow\u0105 &nbsp;Maciej Moroz&nbsp;\u2013 bieg na 1000 m &nbsp;Alicja Pustelny&nbsp;\u2013 bieg na 600 m &nbsp;Jan Angowski&nbsp;\u2013 bieg na 1000 m &nbsp;Filip Wi\u0105cek&nbsp;\u2013 bieg na 60 m &nbsp;Julia Stankiewicz&nbsp;\u2013 skok w dal<br>Wszystkim naszym reprezentantom serdecznie gratulujemy i dzi\u0119kujemy za zaanga\u017cowanie, sportow\u0105 postaw\u0119 i godne reprezentowanie szko\u0142y!<\/p>\n\n\n\nngg_shortcode_0_placeholder\n\n\n\n<p class=\"has-medium-font-size\"><strong><mark style=\"background-color:rgba(0, 0, 0, 0);color:#f1062e\" class=\"has-inline-color\">IGRZYSKA M\u0141ODZIE\u017bY SZKOLNEJ \u2013 FINA\u0141 POWIATU INDYWIDUALNE LA<\/mark><\/strong><\/p>\n\n\n\n<p>Stadion lekkoatletyczny w Strzy\u017cowie 19.09.2025 w pi\u0105tek by\u0142 miejscem gdzie rozegrany zosta\u0142 fina\u0142 indywidualnych mistrzostw w lekkiej atletyce. Ka\u017cdy zawodnik m\u00f3g\u0142 wystartowa\u0107 tylko w jednej konkurencji. Najlepszy wyst\u0119p i medal br\u0105zowy przypad\u0142 Annie Moroz za bieg na 300 metr\u00f3w dziewcz\u0105t. Pozostali nasi lekkoatleci spisali si\u0119 bardzo dobrze i niewiele zabrak\u0142o do medalowych miejsc.<\/p>\n\n\n\n<p>Udane wyst\u0119py w zawodach zaliczyli: Wiktoria Pustelny \u2013 bieg na 300 metr\u00f3w, Alicja Kawa i Amelia Stolarska \u2013 bieg na 100 metr\u00f3w, Dawid Bojda \u2013 bieg na 1000 metr\u00f3w, Pawe\u0142 Garbowski \u2013 bieg na 100 metr\u00f3w, Rafa\u0142 Cie\u015blicki \u2013 skok w dal, Patryk Tobiasz \u2013 pchniecie kul\u0105.<\/p>\n\n\n\n<p>Gratulacje dla uczni\u00f3w klas VIII za walk\u0119, sportow\u0105 rywalizacj\u0119 i godne reprezentowanie naszej szko\u0142y.<\/p>\n\n\n\nngg_shortcode_1_placeholder\n\n\n\n<p><strong><mark style=\"background-color:rgba(0, 0, 0, 0);color:#f1062e\" class=\"has-inline-color\">Sztafetowe biegi prze\u0142ajowe \u2013 fina\u0142 powiatu rzeszowskiego<\/mark><\/strong><\/p>\n\n\n\n<p>W <a><\/a>dniu 07.10.2025 w Parku Wodzickich w Tyczynie rozegrany zosta\u0142 Fina\u0142 Powiatowy Igrzysk M\u0142odzie\u017cy Szkolnej w sztafetowych biegach prze\u0142ajowych. Dystans do pokonania to ok. 800 metr\u00f3w przez ka\u017cdego biegacza z 6-osobowej sztafety. W trudnych terenowych warunkach nasza sztafeta dziewcz\u0105t zaj\u0119\u0142a 5 miejsce, a sztafeta ch\u0142opc\u00f3w 6.<\/p>\n\n\n\n<p>Szko\u0142\u0119 reprezentowali: dziewcz\u0119ta: Anna Moroz, Jagoda Dyl\u0105g, Alicja Kawa, Agnieszka R\u0119dziniak, Amelia Stolarska i Natalia Telesz; ch\u0142opcy: Pawe\u0142 Garbowski, Rafa\u0142 Cie\u015blicki, Bart\u0142omiej Kopiec, Dawid Bojda, Szymon Balawender, Bartosz Borowiec i Dawid Pie\u0144kosz.<\/p>\n\n\n\n<p>Wszystkim zawodnikom nale\u017c\u0105 si\u0119 gratulacje za ogromny wysi\u0142ek i po\u015bwi\u0119cenie potrzebny do pokonania wymagaj\u0105cej trasy.<\/p>\n\n\n\nngg_shortcode_2_placeholder\n\n\n\n<p class=\"has-medium-font-size\"><strong><mark style=\"background-color:rgba(0, 0, 0, 0);color:#f1062e\" class=\"has-inline-color\">Mi\u0119dzynarodowe Zawody Lekkoatletyczne w Czechach<\/mark><\/strong><\/p>\n\n\n\n<p>W dniach 01-03.10.2025 sportowcy ze Szk\u00f3\u0142 Gminy Boguchwa\u0142a brali udzia\u0142 w Mi\u0119dzynarodowych Zawodach Lekkoatletycznych o Puchar Starosty miasta Bystrice nad Pernstejnem. By\u0142a to 25 edycja tych zawod\u00f3w.<br>W tegorocznych zawodach wyst\u0105pi\u0142o 8 dru\u017cyn: ze S\u0142owacji, z Czech, z W\u0119gier i z Polski. Nasz\u0105 szko\u0142\u0119 reprezentowali: Anna Moroz (bieg 600 mi \u2013 6 miejsce, skok wzwy\u017c \u2013 10 miejsce oraz sztafeta 4\u00d7150 metr\u00f3w \u2013 2 miejsce), Patryk Tobiasz (pchni\u0119cie kul\u0105 \u2013 4 miejsce, skok w dal \u2013 9 miejsce, skok wzwy\u017c \u2013 4 miejsce), Rafa\u0142 Cie\u015blicki (pchni\u0119cie kul\u0105 \u2013 6 miejsce), Dawid Bojda (bieg na 800 mi \u2013 8 miejsce). Nasi sportowcy do\u0142o\u017cyli konkretn\u0105 cegie\u0142k\u0119 do zaj\u0119cia czwartego miejsce w generalnej klasyfikacji dru\u017cynowej. Wyjazd do Czech przyni\u00f3s\u0142 nie tylko sportowe osi\u0105gni\u0119cia, w czasie pobytu zawi\u0105za\u0142y si\u0119 nowe znajomo\u015bci, a uczniowie mieli okazj\u0119 pozna\u0107 miasteczko Bystrzyc\u0119. Wszystkim naszym zawodnikom gratulujemy i \u017cyczymy dalszych sukces\u00f3w.<\/p>\n\n\n\n<p>Dzi\u0119kujemy opiekunom: P. Ma\u0142gosi, P. Paw\u0142owi i P. Arturowi za wsparcie, wskaz\u00f3wki i wiar\u0119 oraz kole\u017cankom i kolegom ze szk\u00f3\u0142 Rac\u0142aw\u00f3wki, Niechobrza nr 1 i Woli Zg\u0142obie\u0144skiej za wsp\u00f3ln\u0105 rywalizacj\u0119, kibicowanie i wsparcie.<\/p>\n\n\n\nngg_shortcode_3_placeholder\n\n\n\n<p class=\"has-medium-font-size\"><strong><mark style=\"background-color:rgba(0, 0, 0, 0);color:#f1062e\" class=\"has-inline-color\">1 miejsce M. Marcinkowskiego z kl. IVc w judo<\/mark><\/strong><\/p>\n\n\n\n<p>W dniu 25.10.25. odby\u0142 si\u0119 35 \u015awi\u0119tokrzyski Turniej Judo w Hali Sportowej Liceum Sportowego we wsi Nowiny, zorganizowany przez klub UKS JUDO NOKO. Ucze\u0144 klasy 4c Miko\u0142aj Marcinkowski trenuj\u0105cy w Fun Fight Judo zaj\u0105\u0142 1 miejsce w kategorii waga 30 kg. Serdecznie gratulujemy!!<\/p>\n\n\n<div class=\"wp-block-image\">\n<figure class=\"aligncenter size-large is-resized\"><img loading=\"lazy\" decoding=\"async\" width=\"1024\" height=\"724\" src=\"https:\/\/spboguchwala.pl\/wp-content\/uploads\/2025\/11\/stronka-1024x724.jpg\" alt=\"\" class=\"wp-image-42142\" style=\"width:826px;height:auto\" srcset=\"https:\/\/spboguchwala.pl\/wp-content\/uploads\/2025\/11\/stronka-1024x724.jpg 1024w, https:\/\/spboguchwala.pl\/wp-content\/uploads\/2025\/11\/stronka-300x212.jpg 300w, https:\/\/spboguchwala.pl\/wp-content\/uploads\/2025\/11\/stronka-768x543.jpg 768w, https:\/\/spboguchwala.pl\/wp-content\/uploads\/2025\/11\/stronka-1536x1086.jpg 1536w, https:\/\/spboguchwala.pl\/wp-content\/uploads\/2025\/11\/stronka.jpg 1920w\" sizes=\"auto, (max-width: 1024px) 100vw, 1024px\" \/><\/figure><\/div>\n\n\n<p class=\"has-medium-font-size\"><strong><mark style=\"background-color:rgba(0, 0, 0, 0);color:#f1062e\" class=\"has-inline-color\">FINA\u0141 GMINNEJ KOSZYK\u00d3WKI CH\u0141OPC\u00d3W IGRZYSKA M\u0141ODZIE\u017bY SZKOLNEJ<\/mark><\/strong><\/p>\n\n\n\n<p class=\"has-small-font-size\">W <a><\/a>dniu 19 listopada rozegrany zosta\u0142 fina\u0142 gminnych igrzysk m\u0142odzie\u017cy szkolnej klas 7 i 8 ch\u0142opc\u00f3w. Zwyci\u0119stwo i pewne pierwsze miejsce wywalczy\u0142a dru\u017cyna ze Szko\u0142y Podstawowej w Boguchwale. Nasi zawodnicy tym samym zapewnili sobie awans do zawod\u00f3w powiatowych, kt\u00f3re rozegrane zostan\u0105 3 grudnia w B\u0142a\u017cowej.<\/p>\n\n\n\n<p class=\"has-small-font-size\">Trenerowi i zespo\u0142owi w sk\u0142adzie: Patryk Tobiasz, Aleksander Fularz, Pawe\u0142 Garbowski, Dawid Bojda, Bart\u0142omiej Kopiec, Stefan Jaworski, Rafa\u0142 Cie\u015blicki, Krystian Czernicki, Wojciech Gajdek, Dawid Pie\u0144kosz, Franciszek \u017bar\u00f3w i Mateusz Dziedzic, serdecznie gratulujemy zwyci\u0119stwa i \u017cyczymy sukces\u00f3w w dalszej rywalizacji.<\/p>\n\n\n\nngg_shortcode_4_placeholder\n\n\n\n<p class=\"has-medium-font-size\"><strong><mark style=\"background-color:rgba(0, 0, 0, 0);color:#f1062e\" class=\"has-inline-color\">Sukces naszych uczennic na Turnieju Miko\u0142ajkowym w Akrobatyce Sportowej w Ropczycach<\/mark><\/strong><\/p>\n\n\n\n<p>Mi\u0142o nam poinformowa\u0107, \u017ce uczennice naszej szko\u0142y \u2013 Lena Dragan, Julia Rzepka i Milena Waloch, zdoby\u0142y 2 miejsce podczas Turnieju Miko\u0142ajkowego w&nbsp;Akrobatyce Sportowej, kt\u00f3ry odby\u0142 si\u0119 30 listopada 2025 r. w&nbsp;Ropczycach. Turniej by\u0142 okazj\u0105 do&nbsp;zaprezentowania umiej\u0119tno\u015bci m\u0142odych sportowc\u00f3w z&nbsp;ca\u0142ego regionu.&nbsp;Gratulujemy wspania\u0142ego wyst\u0119pu i pasji oraz \u017cyczymy dalszych sukces\u00f3w.<\/p>\n\n\n<div class=\"wp-block-image\">\n<figure class=\"aligncenter size-large is-resized\"><img loading=\"lazy\" decoding=\"async\" width=\"1024\" height=\"724\" src=\"https:\/\/spboguchwala.pl\/wp-content\/uploads\/2025\/12\/1-1024x724.jpg\" alt=\"\" class=\"wp-image-43346\" style=\"width:606px;height:auto\" srcset=\"https:\/\/spboguchwala.pl\/wp-content\/uploads\/2025\/12\/1-1024x724.jpg 1024w, https:\/\/spboguchwala.pl\/wp-content\/uploads\/2025\/12\/1-300x212.jpg 300w, https:\/\/spboguchwala.pl\/wp-content\/uploads\/2025\/12\/1-768x543.jpg 768w, https:\/\/spboguchwala.pl\/wp-content\/uploads\/2025\/12\/1-1536x1086.jpg 1536w, https:\/\/spboguchwala.pl\/wp-content\/uploads\/2025\/12\/1.jpg 1920w\" sizes=\"auto, (max-width: 1024px) 100vw, 1024px\" \/><\/figure><\/div>\n\n\n<p class=\"has-medium-font-size\"><strong><mark style=\"background-color:rgba(0, 0, 0, 0);color:#f1062e\" class=\"has-inline-color\">Z\u0142oto dla Boguchwa\u0142y \u2013 fina\u0142 Gminnych Igrzysk w tenisie sto\u0142owym<\/mark><\/strong><\/p>\n\n\n\n<p>Dru\u017cynowe, gminne zawody Igrzysk M\u0142odzie\u017cy Szkolnej w tenisie sto\u0142owym ch\u0142opc\u00f3w i dziewcz\u0105t odby\u0142y si\u0119 5 grudnia w Szkole Podstawowej w Kielan\u00f3wce. W turnieju startowa\u0142o 5 dru\u017cyn ch\u0142opc\u00f3w i 2 dru\u017cyny dziewcz\u0105t. Mecze rozegrane systemem ka\u017cdy z ka\u017cdym. Zesp\u00f3\u0142 ze Szko\u0142y Podstawowej w Boguchwale w sk\u0142adzie: Hubert Witek, Bart\u0142omiej Kopiec i Gabriel Madera okaza\u0142 si\u0119 nie do pokonania, wygrywaj\u0105c zdecydowanie wszystkie swoje mecze i zdobywaj\u0105c komplet 12 punkt\u00f3w. Dru\u017cyna tym samym awansowa\u0142a do fina\u0142u powiatowego, kt\u00f3ry rozegrany zostanie 16 grudnia w B\u0142a\u017cowej. Gratulacje dla zawodnik\u00f3w i \u017cyczymy powodzenia w dalszych rozgrywkach.<\/p>\n\n\n\nngg_shortcode_5_placeholder\n\n\n\n<p class=\"has-medium-font-size\"><strong><mark style=\"background-color:rgba(0, 0, 0, 0);color:#f1062e\" class=\"has-inline-color\">Gminny fina\u0142 w tenisie sto\u0142owym<\/mark><\/strong><\/p>\n\n\n\n<p>W dniu 11 grudnia odby\u0142 si\u0119 gminny fina\u0142 w tenisie sto\u0142owym dziewcz\u0105t i ch\u0142opc\u00f3w, w kt\u00f3rym wzi\u0119\u0142o udzia\u0142 pi\u0119\u0107 szk\u00f3\u0142: Boguchwa\u0142a, Niechobrz nr 1, Niechobrz nr 2, Lutory\u017c oraz Kielan\u00f3wka. Nasz\u0105 szko\u0142\u0119 reprezentowa\u0142a dru\u017cyna w sk\u0142adzie: Marcel Sobu\u015b, Aleksander Wi\u0119ch, Rados\u0142aw Wanat oraz Filip Wi\u0105cek. Ch\u0142opcy spisali si\u0119 znakomicie \u2014 przegrali tylko jeden mecz, i to z p\u00f3\u017aniejszymi zwyci\u0119zcami turnieju, dzi\u0119ki czemu wywalczyli \u015bwietne II miejsce!<\/p>\n\n\n\n<p>Serdecznie gratulujemy naszym zawodnikom za wol\u0119 walki, sportow\u0105 postaw\u0119 i doskona\u0142y wynik!<\/p>\n\n\n\nngg_shortcode_6_placeholder\n\n\n\n<p class=\"has-medium-font-size\"><strong><mark style=\"background-color:rgba(0, 0, 0, 0);color:#f1062e\" class=\"has-inline-color\">TENIS STO\u0141OWY \u2013 FINA\u0141 POWIATU \u2013 IGRZYSKA M\u0141ODZIE\u017bY SZKOLNEJ<\/mark><\/strong><\/p>\n\n\n\n<p>16 grudnia na hali ZS w B\u0142a\u017cowej rozegrany zosta\u0142 fina\u0142 powiatowych zawod\u00f3w dziewcz\u0105t i ch\u0142opc\u00f3w w tenisie sto\u0142owym. Z 26 dru\u017cyn z naszego powiatu do fina\u0142u awansowa\u0142o 9 zespo\u0142\u00f3w w kategorii ch\u0142opc\u00f3w i 6 dru\u017cyn dziewcz\u0105t klas 7 i 8. Zawody rozegrano systemem drabinkowym. Nasza dru\u017cyna w sk\u0142adzie: Hubert Witek, Bart\u0142omiej Kopiec i Gabriel Madera zaj\u0119\u0142a ostatecznie 6 nagradzane miejsce.<br>Gratulacje dla zawodnik\u00f3w za trud i wysi\u0142ek w\u0142o\u017cony w sportow\u0105 rywalizacj\u0119. Opiekun p. Mariusz Mi\u0105sik<\/p>\n\n\n\nngg_shortcode_7_placeholder\n\n\n\n<p class=\"has-medium-font-size\"><strong><mark style=\"background-color:rgba(0, 0, 0, 0);color:#f1062e\" class=\"has-inline-color\">Sukces naszych uczni\u00f3w w Gminnym Finale Igrzysk Dzieci w Koszyk\u00f3wce<\/mark><\/strong><\/p>\n\n\n\n<p>W dniu 08.01 w Niechobrzu odby\u0142 si\u0119 Gminny Fina\u0142 Igrzysk Dzieci w koszyk\u00f3wce dziewcz\u0105t i ch\u0142opc\u00f3w. Nasza szko\u0142a zaprezentowa\u0142a si\u0119 z rewelacyjnej strony, odnosz\u0105c zwyci\u0119stwo w obu kategoriach!<br>Dziewcz\u0119ta rozegra\u0142y dwa spotkania \u2013 ze Szko\u0142\u0105 Podstawow\u0105 w Nos\u00f3wce oraz SP w Niechobrzu. Oba mecze zako\u0144czy\u0142y si\u0119 zdecydowanymi zwyci\u0119stwami naszych zawodniczek, kt\u00f3re od pocz\u0105tku do ko\u0144ca kontrolowa\u0142y przebieg gry.<br>Sk\u0142ad dru\u017cyny dziewcz\u0105t: Tamara Ku\u0142ak, Patrycja Lubas, Maja Wo\u017aniak, Nina Dyl\u0105g, Zofia Majer, Weronika Tarsa\u0142a, Hanna Cwynar, Liwia Kaczmarska, Alicja Pustelny, Zofia Gawron, Daria Pi\u0119ciak<br>Ch\u0142opcy zmierzyli si\u0119 z dru\u017cyn\u0105 SP w Niechobrzu w niezwykle emocjonuj\u0105cym i wyr\u00f3wnanym meczu. Nasi zawodnicy wykazali si\u0119 ogromn\u0105 odporno\u015bci\u0105 psychiczn\u0105 i wol\u0105 walki, wygrywaj\u0105c spotkanie r\u00f3\u017cnic\u0105 dw\u00f3ch punkt\u00f3w!<br>Sk\u0142ad dru\u017cyny ch\u0142opc\u00f3w: Maciej Moroz, Filip Wi\u0105cek, Marcel Sobu\u015b, Aleksander Wi\u0119ch, Jan Kowalik, Jan Angowski, Mi\u0142osz Borowiec, Kacper Laskowski, Dawid Waloch, Filip \u015awieca<br>Obie dru\u017cyny awansowa\u0142y do zawod\u00f3w powiatowych, gdzie b\u0119d\u0105 reprezentowa\u0107 nasz\u0105 szko\u0142\u0119 na kolejnym etapie rozgrywek.<br>Gratulujemy zawodnikom i \u017cyczymy powodzenia w dalszych zmaganiach! Opiekunami dru\u017cyn byli Pani Natalia Rokosz oraz Pan Mariusz Mi\u0105sik.<\/p>\n\n\n\nngg_shortcode_8_placeholder\n\n\n\n<p class=\"has-medium-font-size\"><strong><mark style=\"background-color:rgba(0, 0, 0, 0);color:#f1062e\" class=\"has-inline-color\">Powiatowe Igrzyska Dzieci w koszyk\u00f3wce<\/mark><\/strong><\/p>\n\n\n\n<p>W dniach 20.01 oraz 22.01 w B\u0142a\u017cowej odby\u0142y si\u0119 Powiatowe Igrzyska Dzieci w koszyk\u00f3wce dziewcz\u0105t i ch\u0142opc\u00f3w. W zawodach wyst\u0105pi\u0142y nasze szkolne reprezentacje, rywalizuj\u0105c z dru\u017cynami ze szk\u00f3\u0142 w B\u0142a\u017cowej, G\u0142ogowie Ma\u0142opolskim oraz Zaczerniu.<br>Ch\u0142opcy po emocjonuj\u0105cych meczach wywalczyli \u015bwietne II miejsce.<br>Sk\u0142ad dru\u017cyny: Maciej Moroz, Filip Wi\u0105cek, Rados\u0142aw Wanat, Marcel Sobu\u015b, Aleksander Wi\u0119ch, Jan Angowski, Kacper Laskowski, Dawid Waloch, Mi\u0142osz Borowiec, Filip \u015awieca.<br>Dziewcz\u0119ta po ambitnej i zaci\u0119tej walce zaj\u0119\u0142y IV miejsce.<br>Sk\u0142ad dru\u017cyny: Tamara Ku\u0142ak, Nina Dyl\u0105g, Maja Wo\u017aniak, Zofia Majer, Weronika Tarsa\u0142a, Zofia Gawron, Alicja Pustelny, Magdalena W\u00f3dz, Hanna Cwynar, Liwia Kaczmarska, Daria Pi\u0119ciak.<\/p>\n\n\n\n<p>Serdecznie gratulujemy wszystkim zawodniczkom i zawodnikom oraz \u017cyczymy dalszych sportowych sukces\u00f3w!<\/p>\n\n\n\nngg_shortcode_9_placeholder\n\n\n\n<p><strong><mark style=\"background-color:rgba(0, 0, 0, 0);color:#f1062e\" class=\"has-inline-color\">Fina\u0142y gminne Igrzysk Dzieci w siatk\u00f3wce<\/mark><\/strong><\/p>\n\n\n\n<p>W dniach 12 i 13 lutego odby\u0142y si\u0119 fina\u0142y gminne&nbsp;Igrzysk Dzieci w siatk\u00f3wce ch\u0142opc\u00f3w i dziewcz\u0105t.<br>Nasze dru\u017cyny zaprezentowa\u0142y si\u0119 znakomicie! Dziewcz\u0119ta&nbsp;pewnie wywalczy\u0142y&nbsp;I miejsce, pokazuj\u0105c \u015bwietn\u0105 form\u0119, zaanga\u017cowanie i ducha zespo\u0142u! Tym samym b\u0119d\u0105 reprezentowa\u0142y nasz\u0105 gmin\u0119 w zawodach powiatowych. Trzymamy kciuki za kolejne sukcesy!<br>Sk\u0142ad dru\u017cyny dziewcz\u0105t: Zofia Majer, Weronika Tarsa\u0142a, Maja Wo\u017aniak, Tamara Ku\u0142ak, Liwia Kaczmarska, Zofia Gawron, Magdalena W\u00f3dz, Emilia Michalik, Daria Pi\u0119ciak.<br>Ch\u0142opcy&nbsp;po bardzo wyr\u00f3wnanych i emocjonuj\u0105cych meczach ulegli w tie-breaku dru\u017cynie ze&nbsp;Szko\u0142y Podstawowej w Niechobrzu, ostatecznie zajmuj\u0105c&nbsp;II miejsce. Walka by\u0142a zaci\u0119ta do ostatnich pi\u0142ek!<br>Sk\u0142ad dru\u017cyny ch\u0142opc\u00f3w: Filip Wi\u0105cek, Marcel Sobu\u015b, Aleksander Wi\u0119ch, Jan Angowski, Mi\u0142osz Borowiec, Kacper Laskowski, Dawid Waloch, Filip \u015awieca, Maciej Tr\u0105d.<\/p>\n\n\n\n<p>Serdeczne&nbsp;gratulacje dla wszystkich zawodnik\u00f3w oraz trener\u00f3w&nbsp;za wspania\u0142\u0105 postaw\u0119, sportow\u0105 rywalizacj\u0119 i godne reprezentowanie szko\u0142y! Brawo!<\/p>\n\n\n\nngg_shortcode_10_placeholder\n\n\n\n<p><strong><mark style=\"background-color:rgba(0, 0, 0, 0);color:#f1062e\" class=\"has-inline-color\">ZAWODY POWIATOWE W PI\u0141CE SIATKOWEJ DZIEWCZ\u0104T IGRZYSKA DZIECI<\/mark><\/strong><\/p>\n\n\n\n<p>Na hali sportowej 5 marca w Tyczynie rozegrany zosta\u0142 P\u00f3\u0142fina\u0142 Powiatowy Igrzysk Dzieci w pi\u0142ce siatkowej dziewcz\u0105t. W turnieju tzw. \u201eczw\u00f3rek\u201d zapewniony awans mia\u0142y tylko dru\u017cyny, kt\u00f3re wygra\u0142y swoje fina\u0142y gminne. Do zawod\u00f3w w Tyczynie przyst\u0105pi\u0142y szko\u0142y z Siedlisk, Nowego Borku, Boguchwa\u0142y i gospodarze. Mecze rozegrano systemem ka\u017cdy z ka\u017cdym do 2 wygranych set\u00f3w, ewentualnie w przypadku remisu tie-break do 15. Siatkarki z naszej szko\u0142y w sk\u0142adzie: Zofia Majer, Weronika Tarsa\u0142a, Liwia Kaczmarska, Magdalena W\u00f3dz, Zofia Gawron, Emilia Michalik, Maja Wo\u017aniak, Daria Pi\u0119ciak, Alicja Pustelny, Tamara Ku\u0142ak ostatecznie zaj\u0119\u0142y 3 miejsce w turnieju. Ca\u0142a dru\u017cyna zas\u0142uguje na pochwa\u0142\u0119, wyr\u00f3\u017cnienie i gratulacje za wspania\u0142\u0105 wyr\u00f3wnan\u0105 walk\u0119 i rywalizacj\u0119 we wszystkich dzisiejszych meczach.<\/p>\n\n\n\nngg_shortcode_11_placeholder\n\n\n\n<p><strong><mark style=\"background-color:rgba(0, 0, 0, 0);color:#f1062e\" class=\"has-inline-color\">Sukces uczennicy klasy 1a w zawodach p\u0142ywackich<\/mark><\/strong><\/p>\n\n\n\n<p>Z rado\u015bci\u0105 informujemy o wspania\u0142ym sukcesie Nikoli Grandy, uczennicy klasy 1a, kt\u00f3ra wzi\u0119\u0142a udzia\u0142 w zawodach p\u0142ywackich \u201eOd debiutu do mistrza\u201d, kt\u00f3re odby\u0142y si\u0119 14 lutego na Krytej P\u0142ywalni \u201eFregata\u201d w Kolbuszowej.<br>Nasza uczennica zaprezentowa\u0142a si\u0119 znakomicie, zdobywaj\u0105c a\u017c trzy miejsca na podium: dwa z\u0142ote medale za zaj\u0119cie 1 miejsca oraz jeden br\u0105zowy za zdobycie trzeciego.<br>Serdecznie gratulujemy wspania\u0142ych wynik\u00f3w, wytrwa\u0142o\u015bci oraz sportowej pasji. \u017byczymy dalszych sukces\u00f3w i rado\u015bci z rozwijania swoich talent\u00f3w. Brawo!<\/p>\n\n\n<div class=\"wp-block-image\">\n<figure class=\"aligncenter size-large is-resized\"><img loading=\"lazy\" decoding=\"async\" width=\"1024\" height=\"724\" src=\"https:\/\/spboguchwala.pl\/wp-content\/uploads\/2026\/03\/stronka-1024x724.jpg\" alt=\"\" class=\"wp-image-44640\" style=\"width:792px;height:auto\" srcset=\"https:\/\/spboguchwala.pl\/wp-content\/uploads\/2026\/03\/stronka-1024x724.jpg 1024w, https:\/\/spboguchwala.pl\/wp-content\/uploads\/2026\/03\/stronka-300x212.jpg 300w, https:\/\/spboguchwala.pl\/wp-content\/uploads\/2026\/03\/stronka-768x543.jpg 768w, https:\/\/spboguchwala.pl\/wp-content\/uploads\/2026\/03\/stronka-1536x1086.jpg 1536w, https:\/\/spboguchwala.pl\/wp-content\/uploads\/2026\/03\/stronka.jpg 1920w\" sizes=\"auto, (max-width: 1024px) 100vw, 1024px\" \/><\/figure><\/div>\n\n\n<p class=\"has-medium-font-size\"><strong><mark style=\"background-color:rgba(0, 0, 0, 0);color:#f1062e\" class=\"has-inline-color\">FINA\u0141 WOJEW\u00d3DZKI W \u0141Y\u017bWIARSTWIE IGRZYSKA M\u0141ODZIE\u017bY SZKOLNEJ<\/mark><\/strong><\/p>\n\n\n\n<p>Lodowisko Arena Sanok to miejsce gdzie 12 marca przeprowadzono fina\u0142 wojew\u00f3dzki Igrzysk M\u0142odzie\u017cy Szkolnej w \u0142y\u017cwiarstwie dziewcz\u0105t i ch\u0142opc\u00f3w. W sztafetach na dystansie 2 okr\u0105\u017cenia lodowiska udzia\u0142 wzi\u0119\u0142o 19 dru\u017cyn dziewcz\u0105t i 17 dru\u017cyn ch\u0142opc\u00f3w. Ostatecznie reprezentacja naszej szko\u0142y zaj\u0119\u0142a w rywalizacji dziewcz\u0105t 12 miejsce, a ch\u0142opc\u00f3w 14. Fina\u0142 rozegra\u0142 si\u0119 mi\u0119dzy szko\u0142ami z Sanoka i D\u0119bicy. Gratulacje za walk\u0119 i sportow\u0105 rywalizacj\u0119 na lodowisku dla naszych \u0142y\u017cwiarzy w sk\u0142adzie: Roksana Porczak-Prokop, Blanka Wierzbicka, Lena \u017byradzka, Oliwia Ostrowska, Martyna Marcinkowska; Wojciech Gajdek, Bartosz Birut, Aleksander Boczar. Opiekunem zespo\u0142u by\u0142 pan Mariusz Mi\u0105sik.<\/p>\n\n\n\nngg_shortcode_12_placeholder\n\n\n\n<p class=\"has-medium-font-size\"><strong><mark style=\"background-color:rgba(0, 0, 0, 0);color:#f1062e\" class=\"has-inline-color\">III miejsce w pi\u0142karskich eliminacjach gminnych w turnieju o Puchar Tymbarku w kategorii U-10<\/mark><\/strong><\/p>\n\n\n\n<p>Dru\u017cyna pokaza\u0142a du\u017ce zaanga\u017cowanie i sportowego ducha, rywalizuj\u0105c z r\u00f3wie\u015bnikami na wysokim poziomie.<br>Sk\u0142ad dru\u017cyny: Jakub Borowiec, Stanis\u0142aw Migut, Piotr Krach, Filip Pondo, Ignacy W\u00f3jtowicz, Szymon Madera, Aleksander Wrona, Oliwier Mo\u0142o\u0144, Jan W\u00f3dz.<br>Gratulacje!!!<\/p>\n\n\n\n<p><strong>ngg_shortcode_13_placeholder<\/strong><\/p>\n\n\n\n<p class=\"has-medium-font-size\"><strong><mark style=\"background-color:rgba(0, 0, 0, 0);color:#f1062e\" class=\"has-inline-color\">III miejsce w rozgrywkach powiatowych o puchar Tymbarku<\/mark><\/strong><\/p>\n\n\n\n<p>Na boisku Crasnowi zosta\u0142 rozegrany powiatowy etap rozgrywek o puchar Tymbarku. Nasi zawodnicy w kategorii U12 po zwyci\u0119stwie eliminacji gminnych, gdzie wygrali wszystkie mecze, zameldowali si\u0119 w rozgrywkach powiatowych. R\u00f3wnie\u017c na tym etapie naszym zawodnikom posz\u0142o bardzo dobrze \u2013 wygrali wszystkie mecze w swojej grupie. W p\u00f3\u0142finale niestety przegrali ze Szko\u0142\u0105 Podstawow\u0105 z Krasnego 1:0, zajmuj\u0105c ostatecznie trzecie miejsce w rozgrywkach powiatowych.<br>Wielkie gratulacje dla zawodnik\u00f3w i ich trener\u00f3w \u2013 dla Pani Natalii Rokosz i Pana Artura Bilskiego.<br>Reprezentanci U12: Mateusz Zdun, Ksawery Ba\u0142chan, Julian Lis, Kacper Laskowski, Nikodem Laskowski, Arkadiusz Wojtu\u0144, Filip \u015awieca, Dawid Waloch, Mi\u0142osz Borowiec.<\/p>\n\n\n\nngg_shortcode_14_placeholder\n","protected":false},"excerpt":{"rendered":"<p>Powiatowe Indywidualne Igrzyska Dzieci w Lekkoatletyce \u2013 Strzy\u017c\u00f3w, 15.09.2025 Z dum\u0105 informujemy, \u017ce nasi uczniowie wspaniale zaprezentowali si\u0119 podczas zawod\u00f3w lekkoatletycznych na szczeblu powiatowym!Zofia Majer&nbsp;zdoby\u0142a&nbsp;z\u0142oty medal&nbsp;w biegu na 60 metr\u00f3w, uzyskuj\u0105c tym samym kwalifikacj\u0119 do zawod\u00f3w wojew\u00f3dzkich.Liwia Karczmarska&nbsp;wywalczy\u0142a&nbsp;br\u0105zowy medal&nbsp;w tej samej konkurencji!\u015awietne wyniki uzyskali r\u00f3wnie\u017c: &nbsp;Aleksander Wi\u0119ch&nbsp;\u2013 rzut pi\u0142eczk\u0105 palantow\u0105 &nbsp;Maciej Moroz&nbsp;\u2013 bieg na 1000&#8230;<\/p>\n","protected":false},"author":2,"featured_media":20993,"parent":0,"menu_order":0,"comment_status":"closed","ping_status":"closed","template":"","meta":{"ngg_post_thumbnail":0,"footnotes":""},"class_list":["post-41033","page","type-page","status-publish","has-post-thumbnail","hentry"],"_links":{"self":[{"href":"https:\/\/spboguchwala.pl\/index.php?rest_route=\/wp\/v2\/pages\/41033","targetHints":{"allow":["GET"]}}],"collection":[{"href":"https:\/\/spboguchwala.pl\/index.php?rest_route=\/wp\/v2\/pages"}],"about":[{"href":"https:\/\/spboguchwala.pl\/index.php?rest_route=\/wp\/v2\/types\/page"}],"author":[{"embeddable":true,"href":"https:\/\/spboguchwala.pl\/index.php?rest_route=\/wp\/v2\/users\/2"}],"replies":[{"embeddable":true,"href":"https:\/\/spboguchwala.pl\/index.php?rest_route=%2Fwp%2Fv2%2Fcomments&post=41033"}],"version-history":[{"count":24,"href":"https:\/\/spboguchwala.pl\/index.php?rest_route=\/wp\/v2\/pages\/41033\/revisions"}],"predecessor-version":[{"id":45747,"href":"https:\/\/spboguchwala.pl\/index.php?rest_route=\/wp\/v2\/pages\/41033\/revisions\/45747"}],"wp:featuredmedia":[{"embeddable":true,"href":"https:\/\/spboguchwala.pl\/index.php?rest_route=\/wp\/v2\/media\/20993"}],"wp:attachment":[{"href":"https:\/\/spboguchwala.pl\/index.php?rest_route=%2Fwp%2Fv2%2Fmedia&parent=41033"}],"curies":[{"name":"wp","href":"https:\/\/api.w.org\/{rel}","templated":true}]}}