{"id":43188,"date":"2025-12-12T20:17:12","date_gmt":"2025-12-12T20:17:12","guid":{"rendered":"https:\/\/spboguchwala.pl\/?page_id=43188"},"modified":"2026-04-08T12:21:46","modified_gmt":"2026-04-08T12:21:46","slug":"2025-2026-3","status":"publish","type":"page","link":"https:\/\/spboguchwala.pl\/?page_id=43188","title":{"rendered":"2025\/2026"},"content":{"rendered":"\n<p class=\"has-medium-font-size\"><strong><mark style=\"background-color:rgba(0, 0, 0, 0);color:#d81a1a\" class=\"has-inline-color\">Konkursy z okazji Dnia Patrona<\/mark><\/strong><\/p>\n\n\n\n<p>Z <a><\/a>okazji Dnia Patrona Szko\u0142y w bie\u017c\u0105cym roku zorganizowano dla m\u0142odszych i starszych klas konkursy okoliczno\u015bciowe: dla klas najm\u0142odszych konkurs plastyczny, natomiast dla klas starszych konkurs fotograficzny oraz konkurs wiedzy.<\/p>\n\n\n\n<p>Przedstawiamy poni\u017cej wyniki:<br>Konkurs plastyczny dla klas 1-3 pt. \u201eGen. Stanis\u0142aw Maczek \u2013 bohater w mojej wyobra\u017ani\u201d:<br>I miejsce: Wojciech \u0141agoda \u2013 kl. 1c, Jakub Koczela \u2013 kl. 2d<br>II miejsce: Hanna Zajdel \u2013 kl. 2b, Dorota Wetoszka- kl. 1a<br>III miejsce: Nikodem Cozac \u2013 kl. 2b, Jakub Midura \u2013 kl. 1a<br>Wyr\u00f3\u017cnienia: Ignacy W\u00f3jtowicz \u2013 kl. 3c, Szymon Sanocki \u2013 kl. 1b, Laura Lipi\u0144ska \u2013 kl. 2d, Wojciech Paku\u0142a \u2013 kl. 1c<\/p>\n\n\n\n<p>Konkurs fotograficzny &#8222;My od Maczka&#8221; dla klas 4 \u2013 8:<br>3 nagrody Ex aequo otrzymali: Zuzanna Gajdek z kl. 4a, Zofia Majer z kl. 6b, Wojciech Gajdek z kl. 7c.<\/p>\n\n\n\n<p>Konkurs wiedzy o Patronie Szko\u0142y Generale Stanis\u0142awie Maczku:<br>I miejsce Martyna Marcinkowska z kl. 7a,<br>II miejsce Jan Pastwa kl. 4a,<br>III miejsce Oliwia K\u0105kol kl. 8b.<br>Wyr\u00f3\u017cnienia: Aleksandra Malec z kl. 6a, Miko\u0142aj Bu\u017c z kl. 7c, Ksawery Ba\u0142chan z kl. 4b.<\/p>\n\n\n\n<p>Konkursy by\u0142y organizowane pod patronatem Rady Rodzic\u00f3w przy Szkole Podstawowej im. gen. St. Maczka w Boguchwale.<\/p>\n\n\n\n<p>Wszystkim uczestnikom i zwyci\u0119zcom serdecznie gratulujemy i \u017cyczymy dalszych sukces\u00f3w.<\/p>\n\n\n\nngg_shortcode_0_placeholder\n\n\n\n<p class=\"has-medium-font-size\"><strong><mark style=\"background-color:rgba(0, 0, 0, 0);color:#d81a1a\" class=\"has-inline-color\">Konkurs Pi\u0119knego Czytania<\/mark><\/strong><\/p>\n\n\n\n<p>Tegoroczny konkurs obfitowa\u0142 w pi\u0119kne i poruszaj\u0105ce interpretacje tekst\u00f3w. Uczniowie wykazali si\u0119 niezwyk\u0142\u0105 wra\u017cliwo\u015bci\u0105 oraz dojrza\u0142o\u015bci\u0105 w odbiorze literatury, co \u2013 bior\u0105c pod uwag\u0119 ich m\u0142ody wiek \u2013 zas\u0142uguje na szczeg\u00f3lne uznanie. Konkurs, kt\u00f3rego celem by\u0142o piel\u0119gnowanie zami\u0142owania do czytania, zgromadzi\u0142 wielu utalentowanych uczestnik\u00f3w, spo\u015br\u00f3d kt\u00f3rych jury wy\u0142oni\u0142o laureat\u00f3w.<br>I miejsca zaj\u0119\u0142y uczennice: Amelia Ziobro, Zuzanna Cyran (kl. 2a) oraz Yuliia Sotnikova (kl. 2c).<br>II miejsca zdobyli: Aleksander Ba\u0142chan (kl. 1b), Jakub Kudzia (kl. 3a) oraz Ignacy W\u00f3jtowicz (kl. 3c).<br>III miejsca uzyskali: Jakub Midura (kl. 1a), Patrycja Wrzosek (kl. 2b) oraz Hanna Toto\u0144 (kl. 3b).<br>Z przyjemno\u015bci\u0105 wr\u0119czyli\u015bmy m\u0142odym czytelnikom dyplomy oraz nagrody, doceniaj\u0105c ich zaanga\u017cowanie i w\u0142o\u017cony wysi\u0142ek.<br>Serdecznie gratulujemy wszystkim uczestnikom konkursu i \u017cyczymy dalszych sukces\u00f3w oraz nieustaj\u0105cej pasji do odkrywania \u015bwiata literatury.<\/p>\n\n\n\nngg_shortcode_1_placeholder\n\n\n\n<p class=\"has-medium-font-size\"><strong><mark style=\"background-color:rgba(0, 0, 0, 0);color:#d81a1a\" class=\"has-inline-color\">Wyniki Konkursu &#8222;Ozdoba Wielkanocna 2026&#8221;<\/mark><\/strong><\/p>\n\n\n<div class=\"wp-block-image\">\n<figure class=\"aligncenter size-large is-resized\"><img loading=\"lazy\" decoding=\"async\" width=\"724\" height=\"1024\" src=\"https:\/\/spboguchwala.pl\/wp-content\/uploads\/2026\/04\/Wyniki-Konkursu_page-0001-724x1024.jpg\" alt=\"\" class=\"wp-image-45335\" style=\"width:522px;height:auto\" srcset=\"https:\/\/spboguchwala.pl\/wp-content\/uploads\/2026\/04\/Wyniki-Konkursu_page-0001-724x1024.jpg 724w, https:\/\/spboguchwala.pl\/wp-content\/uploads\/2026\/04\/Wyniki-Konkursu_page-0001-212x300.jpg 212w, https:\/\/spboguchwala.pl\/wp-content\/uploads\/2026\/04\/Wyniki-Konkursu_page-0001-768x1086.jpg 768w, https:\/\/spboguchwala.pl\/wp-content\/uploads\/2026\/04\/Wyniki-Konkursu_page-0001-1086x1536.jpg 1086w, https:\/\/spboguchwala.pl\/wp-content\/uploads\/2026\/04\/Wyniki-Konkursu_page-0001.jpg 1241w\" sizes=\"auto, (max-width: 724px) 100vw, 724px\" \/><\/figure><\/div>\n\n\nngg_shortcode_2_placeholder\n","protected":false},"excerpt":{"rendered":"<p>Konkursy z okazji Dnia Patrona Z okazji Dnia Patrona Szko\u0142y w bie\u017c\u0105cym roku zorganizowano dla m\u0142odszych i starszych klas konkursy okoliczno\u015bciowe: dla klas najm\u0142odszych konkurs plastyczny, natomiast dla klas starszych konkurs fotograficzny oraz konkurs wiedzy. Przedstawiamy poni\u017cej wyniki:Konkurs plastyczny dla klas 1-3 pt. \u201eGen. Stanis\u0142aw Maczek \u2013 bohater w mojej wyobra\u017ani\u201d:I miejsce: Wojciech \u0141agoda \u2013&#8230;<\/p>\n","protected":false},"author":2,"featured_media":20990,"parent":0,"menu_order":0,"comment_status":"closed","ping_status":"closed","template":"","meta":{"ngg_post_thumbnail":0,"footnotes":""},"class_list":["post-43188","page","type-page","status-publish","has-post-thumbnail","hentry"],"_links":{"self":[{"href":"https:\/\/spboguchwala.pl\/index.php?rest_route=\/wp\/v2\/pages\/43188","targetHints":{"allow":["GET"]}}],"collection":[{"href":"https:\/\/spboguchwala.pl\/index.php?rest_route=\/wp\/v2\/pages"}],"about":[{"href":"https:\/\/spboguchwala.pl\/index.php?rest_route=\/wp\/v2\/types\/page"}],"author":[{"embeddable":true,"href":"https:\/\/spboguchwala.pl\/index.php?rest_route=\/wp\/v2\/users\/2"}],"replies":[{"embeddable":true,"href":"https:\/\/spboguchwala.pl\/index.php?rest_route=%2Fwp%2Fv2%2Fcomments&post=43188"}],"version-history":[{"count":8,"href":"https:\/\/spboguchwala.pl\/index.php?rest_route=\/wp\/v2\/pages\/43188\/revisions"}],"predecessor-version":[{"id":45397,"href":"https:\/\/spboguchwala.pl\/index.php?rest_route=\/wp\/v2\/pages\/43188\/revisions\/45397"}],"wp:featuredmedia":[{"embeddable":true,"href":"https:\/\/spboguchwala.pl\/index.php?rest_route=\/wp\/v2\/media\/20990"}],"wp:attachment":[{"href":"https:\/\/spboguchwala.pl\/index.php?rest_route=%2Fwp%2Fv2%2Fmedia&parent=43188"}],"curies":[{"name":"wp","href":"https:\/\/api.w.org\/{rel}","templated":true}]}}