{"id":44926,"date":"2026-03-20T19:20:21","date_gmt":"2026-03-20T19:20:21","guid":{"rendered":"https:\/\/spboguchwala.pl\/?page_id=44926"},"modified":"2026-04-16T18:36:53","modified_gmt":"2026-04-16T18:36:53","slug":"2025-2026-4","status":"publish","type":"page","link":"https:\/\/spboguchwala.pl\/?page_id=44926","title":{"rendered":"2025\/2026"},"content":{"rendered":"\n<p class=\"has-medium-font-size\"><strong><mark style=\"background-color:rgba(0, 0, 0, 0);color:#c71313\" class=\"has-inline-color\">X Gminny Konkurs z j. angielskiego \u201eThe English Challenge\u201d<\/mark><\/strong><\/p>\n\n\n\n<p>Ucze\u0144 klasy 6B, Rados\u0142aw Wanat, w wyniku szkolnych eliminacji zakwalifikowa\u0142 si\u0119 do X Gminnego Konkursu z j. angielskiego dla klas VI \u201eThe English Challenge\u201d 2026. Gratulacje.<\/p>\n\n\n\nngg_shortcode_0_placeholder\n\n\n\n<p class=\"has-medium-font-size\"><strong><mark style=\"background-color:rgba(0, 0, 0, 0);color:#c71313\" class=\"has-inline-color\">Gminny Konkurs \u201eTu, gdzie si\u0119 urodzi\u0142em i mieszkam od lat\u201d<\/mark><\/strong><\/p>\n\n\n\n<p>13 kwietnia 2026r. w Szkole Podstawowej im. gen. Stanis\u0142awa Maczka w Boguchwale odby\u0142 si\u0119 Gminny Konkurs Wiedzy o Boguchwale \u201dTu, gdzie si\u0119 urodzi\u0142em i mieszkam od lat.\u201d Wydarzenie zosta\u0142o zorganizowane przez szko\u0142\u0119 i mia\u0142o na celu popularyzacj\u0119 wiedzy o historii, kulturze oraz wsp\u00f3\u0142czesnym \u017cyciu naszej gminy.<br>W konkursie wzi\u0119li udzia\u0142 uczniowie z kilku szk\u00f3\u0142 z terenu gminy. Ka\u017cd\u0105 plac\u00f3wk\u0119 reprezentowa\u0142y dwuosobowe dru\u017cyny. Poziom przygotowania uczestnik\u00f3w by\u0142 bardzo wysoki, co \u015bwiadczy o du\u017cym zaanga\u017cowaniu zar\u00f3wno uczni\u00f3w, jak i nauczycieli.<br>Uczestnicy odpowiadali na pytania testowe oraz rozpoznawali miejsca i zabytki zwi\u0105zane z Gmin\u0105 Boguchwa\u0142a. Pytania dotyczy\u0142y m.in. historii miejscowo\u015bci, wa\u017cnych postaci, a tak\u017ce lokalnych instytucji.<br>Jury wy\u0142oni\u0142o zwyci\u0119zc\u00f3w:<br>I miejsce \u2013 Wiktor Surowiec ze Szko\u0142y Podstawowej w Nos\u00f3wce<br>II miejsce \u2013 Bartosz Kawa ze Szko\u0142y Podstawowej nr 1 w Niechobrzu<br>III miejsce \u2013 Aleksandra Malec ze Szko\u0142y Podstawowej w Boguchwale<br>Wyr\u00f3\u017cnienia otrzymali uczniowie:<br>\u2022 Nadia Cie\u015bla \u2013 Szko\u0142a Podstawowa w Nos\u00f3wce<br>\u2022 Lena Ostrowska \u2013 Szko\u0142a Podstawowa nr 1 w Niechobrzu<br>\u2022 Miko\u0142aj Bu\u017c \u2013 Szko\u0142a Podstawowa w Boguchwale<br>W dniu konkursu wiedzy og\u0142oszono wyniki konkursu plastycznego po\u015bwi\u0119conego Gminie Boguchwa\u0142a, kt\u00f3ry zosta\u0142 zorganizowany w celu rozwijania zainteresowa\u0144 artystycznych dzieci i m\u0142odzie\u017cy oraz pog\u0142\u0119biania wiedzy na temat lokalnego \u015brodowiska, tradycji i dziedzictwa kulturowego regionu.<br>I miejsce w kategorii klas I-III zaj\u0119\u0142a Anna Zacios ze Szko\u0142y Podstawowej w Nos\u00f3wce<br>W kategorii klas IV \u2013 VI:<br>I miejsce zaj\u0119\u0142a Hanna Mazur ze Szko\u0142y Podstawowej w Kielan\u00f3wce<br>II miejsce \u2013 Karol Materna ze Szko\u0142y Podstawowej w Nos\u00f3wce<br>III miejsce \u2013 Weronika Tarsa\u0142a ze Szko\u0142y Podstawowej w Boguchwale<br>Laureaci otrzymali dyplomy oraz nagrody rzeczowe ufundowane przez Rad\u0119 Rodzic\u00f3w Szko\u0142y Podstawowej w Boguchwale oraz Bibliotek\u0119 Publiczn\u0105 w Boguchwale. Konkurs przebiega\u0142 w mi\u0142ej i przyjaznej atmosferze, sprzyjaj\u0105cej zdrowej rywalizacji i integracji m\u0142odzie\u017cy.<br>Gminny Konkurs Wiedzy o Boguchwale by\u0142 doskona\u0142\u0105 okazj\u0105 do pog\u0142\u0119bienia wiedzy o \u201ema\u0142ej ojczy\u017anie\u201d oraz rozwijania zainteresowa\u0144 historycznych i regionalnych w\u015br\u00f3d uczni\u00f3w. Serdecznie gratulujemy nagrodzonym.<\/p>\n\n\n\nngg_shortcode_1_placeholder\n\n\n\n<p class=\"has-medium-font-size\"><strong><mark style=\"background-color:rgba(0, 0, 0, 0);color:#c71313\" class=\"has-inline-color\">II MIEJSCE W TURNIEJU\u00a0 INFORMATYCZNO \u2013 SPORTOWYM<\/mark><\/strong><\/p>\n\n\n\n<p>Podczas Dni Otwartych ZST w Rzeszowie w dniu 16.04.2026 odby\u0142 si\u0119, jak co roku, Turniej Informatyczno-Sportowy. Nasi uczniowie w rozgrywkach pi\u0142ki halowej po bardzo solidnej i skutecznej grze zaj\u0119li 2 miejsce. W turnieju bra\u0142o udzia\u0142 5 szk\u00f3\u0142 z Rzeszowa, a mecze rozegrano systemem ka\u017cdy z ka\u017cdym.<br>Ch\u0142opcy wyst\u0105pili w nast\u0119puj\u0105cym sk\u0142adzie: Dawid Bojda, Bart\u0142omiej Kopiec, Pawe\u0142 Garbowski, Gabriel Madera, Bartosz Borowiec, Dawid Pie\u0144kosz, Wojciech Gajdek, Hubert Witek, Patryk Tobiasz.<br>W zmaganiach informatycznych podczas testu i zada\u0144 na komputerze nasz\u0105 szko\u0142\u0119 reprezentowa\u0142 Adam Krawiec.<br>Gratulacje dla ca\u0142ego zespo\u0142u za wspania\u0142y wynik, wysi\u0142ek i wol\u0119 walki.<br>Opiekun pan Mariusz Mi\u0105sik.<\/p>\n\n\n\nngg_shortcode_2_placeholder\n","protected":false},"excerpt":{"rendered":"<p>X Gminny Konkurs z j. angielskiego \u201eThe English Challenge\u201d Ucze\u0144 klasy 6B, Rados\u0142aw Wanat, w wyniku szkolnych eliminacji zakwalifikowa\u0142 si\u0119 do X Gminnego Konkursu z j. angielskiego dla klas VI \u201eThe English Challenge\u201d 2026. Gratulacje. Gminny Konkurs \u201eTu, gdzie si\u0119 urodzi\u0142em i mieszkam od lat\u201d 13 kwietnia 2026r. w Szkole Podstawowej im. gen. Stanis\u0142awa Maczka&#8230;<\/p>\n","protected":false},"author":2,"featured_media":20991,"parent":0,"menu_order":0,"comment_status":"closed","ping_status":"closed","template":"","meta":{"ngg_post_thumbnail":0,"footnotes":""},"class_list":["post-44926","page","type-page","status-publish","has-post-thumbnail","hentry"],"_links":{"self":[{"href":"https:\/\/spboguchwala.pl\/index.php?rest_route=\/wp\/v2\/pages\/44926","targetHints":{"allow":["GET"]}}],"collection":[{"href":"https:\/\/spboguchwala.pl\/index.php?rest_route=\/wp\/v2\/pages"}],"about":[{"href":"https:\/\/spboguchwala.pl\/index.php?rest_route=\/wp\/v2\/types\/page"}],"author":[{"embeddable":true,"href":"https:\/\/spboguchwala.pl\/index.php?rest_route=\/wp\/v2\/users\/2"}],"replies":[{"embeddable":true,"href":"https:\/\/spboguchwala.pl\/index.php?rest_route=%2Fwp%2Fv2%2Fcomments&post=44926"}],"version-history":[{"count":5,"href":"https:\/\/spboguchwala.pl\/index.php?rest_route=\/wp\/v2\/pages\/44926\/revisions"}],"predecessor-version":[{"id":45548,"href":"https:\/\/spboguchwala.pl\/index.php?rest_route=\/wp\/v2\/pages\/44926\/revisions\/45548"}],"wp:featuredmedia":[{"embeddable":true,"href":"https:\/\/spboguchwala.pl\/index.php?rest_route=\/wp\/v2\/media\/20991"}],"wp:attachment":[{"href":"https:\/\/spboguchwala.pl\/index.php?rest_route=%2Fwp%2Fv2%2Fmedia&parent=44926"}],"curies":[{"name":"wp","href":"https:\/\/api.w.org\/{rel}","templated":true}]}}