{"id":9450,"date":"2019-11-07T20:12:05","date_gmt":"2019-11-07T20:12:05","guid":{"rendered":"http:\/\/spboguchwala.pl\/?page_id=9450"},"modified":"2025-12-03T18:58:54","modified_gmt":"2025-12-03T18:58:54","slug":"rodo","status":"publish","type":"page","link":"https:\/\/spboguchwala.pl\/?page_id=9450","title":{"rendered":"RODO"},"content":{"rendered":"\n<div class=\"wp-block-file\"><a id=\"wp-block-file--media-555a25ab-c107-45c2-b096-c87f0c3775c6\" href=\"https:\/\/spboguchwala.pl\/wp-content\/uploads\/2025\/12\/Ogolna-polityka-informacyjna.docx\" target=\"_blank\" rel=\"noreferrer noopener\">Og\u00f3lna polityka informacyjna<\/a><\/div>\n\n\n\n<div class=\"wp-block-file\"><a id=\"wp-block-file--media-d0dea7d2-d023-4cc5-b005-5af41549f1ce\" href=\"https:\/\/spboguchwala.pl\/wp-content\/uploads\/2025\/12\/Klauzula-informacyjna.docx\" target=\"_blank\" rel=\"noreferrer noopener\">Klauzula informacyjna<\/a><\/div>\n\n\n\n<div class=\"wp-block-file\"><a id=\"wp-block-file--media-5c59833d-cb82-461f-8820-fa1e05829abd\" href=\"https:\/\/spboguchwala.pl\/wp-content\/uploads\/2025\/12\/Klauzula-dla-pracownikow-oswiaty.docx\" target=\"_blank\" rel=\"noreferrer noopener\">Klauzula dla pracownik\u00f3w o\u015bwiaty<\/a><\/div>\n","protected":false},"excerpt":{"rendered":"Og\u00f3lna polityka informacyjna Klauzula informacyjna Klauzula dla pracownik\u00f3w o\u015bwiaty","protected":false},"author":2,"featured_media":9503,"parent":0,"menu_order":0,"comment_status":"closed","ping_status":"closed","template":"","meta":{"ngg_post_thumbnail":0,"footnotes":""},"class_list":["post-9450","page","type-page","status-publish","has-post-thumbnail","hentry"],"_links":{"self":[{"href":"https:\/\/spboguchwala.pl\/index.php?rest_route=\/wp\/v2\/pages\/9450","targetHints":{"allow":["GET"]}}],"collection":[{"href":"https:\/\/spboguchwala.pl\/index.php?rest_route=\/wp\/v2\/pages"}],"about":[{"href":"https:\/\/spboguchwala.pl\/index.php?rest_route=\/wp\/v2\/types\/page"}],"author":[{"embeddable":true,"href":"https:\/\/spboguchwala.pl\/index.php?rest_route=\/wp\/v2\/users\/2"}],"replies":[{"embeddable":true,"href":"https:\/\/spboguchwala.pl\/index.php?rest_route=%2Fwp%2Fv2%2Fcomments&post=9450"}],"version-history":[{"count":2,"href":"https:\/\/spboguchwala.pl\/index.php?rest_route=\/wp\/v2\/pages\/9450\/revisions"}],"predecessor-version":[{"id":42687,"href":"https:\/\/spboguchwala.pl\/index.php?rest_route=\/wp\/v2\/pages\/9450\/revisions\/42687"}],"wp:featuredmedia":[{"embeddable":true,"href":"https:\/\/spboguchwala.pl\/index.php?rest_route=\/wp\/v2\/media\/9503"}],"wp:attachment":[{"href":"https:\/\/spboguchwala.pl\/index.php?rest_route=%2Fwp%2Fv2%2Fmedia&parent=9450"}],"curies":[{"name":"wp","href":"https:\/\/api.w.org\/{rel}","templated":true}]}}